{"id":1181,"date":"2018-09-28T16:24:31","date_gmt":"2018-09-28T16:24:31","guid":{"rendered":"http:\/\/testzone-2018.rontool.de\/?page_id=1181"},"modified":"2022-05-05T18:40:37","modified_gmt":"2022-05-05T18:40:37","slug":"ueberuns","status":"publish","type":"page","link":"https:\/\/www.rontool.de\/en\/ueberuns\/","title":{"rendered":"About us"},"content":{"rendered":"<section class=\"section\" id=\"section_1632270700\">\n\t\t<div class=\"section-bg fill\" >\n\t\t\t\t\t\t\t\t\t\n\t\t\t\n\n\t\t<\/div>\n\n\t\t\n\n\t\t<div class=\"section-content relative\">\n\t\t\t\n\n<div class=\"row\"  id=\"row-2048360085\">\n\n\n\t<div id=\"col-1652678270\" class=\"col small-12 large-12\"  >\n\t\t\t\t<div class=\"col-inner\"  >\n\t\t\t\n\t\t\t\n\n\t<div class=\"img has-hover x md-x lg-x y md-y lg-y\" id=\"image_912266667\">\n\t\t\t\t\t\t\t\t<div class=\"img-inner dark\" >\n\t\t\t<img loading=\"lazy\" decoding=\"async\" width=\"2560\" height=\"694\" src=\"https:\/\/www.rontool.de\/wp-content\/uploads\/2019\/11\/P1110236-Kopie_ii.png\" class=\"attachment-original size-original\" alt=\"\" srcset=\"https:\/\/www.rontool.de\/wp-content\/uploads\/2019\/11\/P1110236-Kopie_ii.png 2560w, https:\/\/www.rontool.de\/wp-content\/uploads\/2019\/11\/P1110236-Kopie_ii-1000x271.png 1000w, https:\/\/www.rontool.de\/wp-content\/uploads\/2019\/11\/P1110236-Kopie_ii-300x81.png 300w, https:\/\/www.rontool.de\/wp-content\/uploads\/2019\/11\/P1110236-Kopie_ii-768x208.png 768w, https:\/\/www.rontool.de\/wp-content\/uploads\/2019\/11\/P1110236-Kopie_ii-1024x278.png 1024w, https:\/\/www.rontool.de\/wp-content\/uploads\/2019\/11\/P1110236-Kopie_ii-1536x417.png 1536w, https:\/\/www.rontool.de\/wp-content\/uploads\/2019\/11\/P1110236-Kopie_ii-2048x555.png 2048w\" sizes=\"auto, (max-width: 2560px) 100vw, 2560px\" \/>\t\t\t\t\t\t\n\t\t\t\t\t<\/div>\n\t\t\t\t\t\t\t\t\n<style>\n#image_912266667 {\n  width: 100%;\n}\n<\/style>\n\t<\/div>\n\t\n\n\t<div id=\"gap-1602563754\" class=\"gap-element clearfix\" style=\"display:block; height:auto;\">\n\t\t\n<style>\n#gap-1602563754 {\n  padding-top: 20px;\n}\n@media (min-width:550px) {\n  #gap-1602563754 {\n    padding-top: 40px;\n  }\n}\n<\/style>\n\t<\/div>\n\t\n\n<h1>The background of RONTOOL - wooden toys<\/h1>\n<p>Find out more about us here. Why we manufacture the rontools and what philosophy is behind it. We want to help children and adults with the rontools to play even more motor and imaginative role-playing games.<\/p>\n<h2 style=\"margin-bottom: 10px\">What are rontools?<\/h2>\n<p>Rontools are robust and lovingly designed wooden game witnesses. They are made for heroes big and small, racing drivers, adventurers, cooks, diggers, craftsmen and magical fairies. They invite to creative role play and to imitate in all possible places. For example in:<\/p>\n<ul>\n<li>Children's room<\/li>\n<li>Nursery<\/li>\n<li>Stroller<\/li>\n<li>Garden<\/li>\n<li>Wood<\/li>\n<li>Car, ... and on<\/li>\n<li>Playgrounds or<\/li>\n<li>Swing<\/li>\n<\/ul>\n<p>Ropes, chain saws, steering wheels &amp; Co. make the game an experience. Rontools are not to be cuddled with, but to be taken with pleasure.<\/p>\n<p class=\"translation-block\">Children <strong> from three years <\/strong> learn how to use tools in a playful way.<\/p>\n\n  <div class=\"banner has-hover\" id=\"banner-902538685\">\n          <div class=\"banner-inner fill\">\n        <div class=\"banner-bg fill\" >\n            <img loading=\"lazy\" decoding=\"async\" width=\"1536\" height=\"2048\" src=\"https:\/\/www.rontool.de\/wp-content\/uploads\/2019\/11\/P1080145.jpg\" class=\"bg attachment-original size-original\" alt=\"\" \/>                                    \n                    <\/div>\n\t\t\n        <div class=\"banner-layers container\">\n            <div class=\"fill banner-link\"><\/div>            \n\n   <div id=\"text-box-893891671\" class=\"text-box banner-layer x50 md-x50 lg-x50 y50 md-y50 lg-y50 res-text\">\n                                <div class=\"text-box-content text dark\">\n              \n              <div class=\"text-inner text-center\">\n                  \n\n\n              <\/div>\n           <\/div>\n                            \n<style>\n#text-box-893891671 {\n  width: 60%;\n}\n#text-box-893891671 .text-box-content {\n  font-size: 100%;\n}\n@media (min-width:550px) {\n  #text-box-893891671 {\n    width: 60%;\n  }\n}\n<\/style>\n    <\/div>\n \n\n        <\/div>\n      <\/div>\n\n            \n<style>\n#banner-902538685 {\n  padding-top: 56.25%;\n  background-color: rgb(255, 255, 255);\n}\n#banner-902538685 .banner-bg img {\n  object-position: 76% 21%;\n}\n<\/style>\n  <\/div>\n\n\n\n\t\t<\/div>\n\t\t\t\t\t<\/div>\n\n\t\n\n<\/div>\n<div class=\"row\"  id=\"row-1798114312\">\n\n\n\t<div id=\"col-672234561\" class=\"col small-12 large-12\"  >\n\t\t\t\t<div class=\"col-inner\"  >\n\t\t\t\n\t\t\t\n\n<h2 style=\"margin-bottom: 10px;\">What's the idea behind it?<\/h2>\n<ul>\n<li>Knife<\/li>\n<li>Fork<\/li>\n<li>Scissors<\/li>\n<li>Light ... do not belong in children's hands !!!<\/li>\n<\/ul>\n<p>But the children are simply fascinated by these everyday things of adults!<\/p>\n<p class=\"translation-block\"><strong> The origin <\/strong> and also the main background of the rontools was back when I was \"allowed\" to watch a forest worker \"making wood\" for at least 2 hours with my 3-year-old son. After that he wanted <strong> his own <\/strong> chainsaw. The idea for the first rontool was born. <strong> A noisy plastic toy was out of the question for me <\/strong>. The wish was to give the children an almost <strong> real, but safe access <\/strong> to the tools.<\/p>\n<p class=\"translation-block\">As a designer, I also wanted to create elegant <strong> tools <\/strong>. As an industrial engineer, I wanted to build sturdy and durable wooden toys. Other people thought that was good too. So it eventually turned into a small business. Later came the <a href=\"\/en\/adventure\/\" target=\"_self\"> adventure toys <\/a> and some other fun things for the <a href=\"\/en\/praktisches\/\" target=\"_self\"> household <\/a>, such as <a href=\"\/en\/shop\/elch-garderobe\/\" target=\"_self\"> elk wardrobes <\/a> and bottle openers in pipe wrench shape. The whole thing is rounded off by the only truly functioning colored <a href=\"\/en\/shop\/zauberstab-pink\/\" target=\"_self\"> magic wand <\/a> with glitter.<\/p>\n\n  <div class=\"banner has-hover\" id=\"banner-602301981\">\n          <div class=\"banner-inner fill\">\n        <div class=\"banner-bg fill\" >\n            <img loading=\"lazy\" decoding=\"async\" width=\"1592\" height=\"1600\" src=\"https:\/\/www.rontool.de\/wp-content\/uploads\/2019\/11\/Zauberstab-Roxi.jpg\" class=\"bg attachment-original size-original\" alt=\"\" \/>                                    \n                    <\/div>\n\t\t\n        <div class=\"banner-layers container\">\n            <div class=\"fill banner-link\"><\/div>            \n\n   <div id=\"text-box-1568622067\" class=\"text-box banner-layer x50 md-x50 lg-x50 y50 md-y50 lg-y50 res-text\">\n                                <div class=\"text-box-content text dark\">\n              \n              <div class=\"text-inner text-center\">\n                  \n\n\n              <\/div>\n           <\/div>\n                            \n<style>\n#text-box-1568622067 {\n  width: 60%;\n}\n#text-box-1568622067 .text-box-content {\n  font-size: 100%;\n}\n@media (min-width:550px) {\n  #text-box-1568622067 {\n    width: 60%;\n  }\n}\n<\/style>\n    <\/div>\n \n\n        <\/div>\n      <\/div>\n\n            \n<style>\n#banner-602301981 {\n  padding-top: 56.25%;\n  background-color: rgb(255, 255, 255);\n}\n#banner-602301981 .banner-bg img {\n  object-position: 57% 36%;\n}\n<\/style>\n  <\/div>\n\n\n\n\t\t<\/div>\n\t\t\t\t\t<\/div>\n\n\t\n\n<\/div>\n<div class=\"row\"  id=\"row-894253743\">\n\n\n\t<div id=\"col-1586388918\" class=\"col small-12 large-12\"  >\n\t\t\t\t<div class=\"col-inner\"  >\n\t\t\t\n\t\t\t\n\n<h2 style=\"margin-bottom: 10px;\">How are rontools made?<\/h2>\n<p class=\"translation-block\">A rontool is created for the first time as a <strong> hand sketch <\/strong> on a sheet of paper or a napkin. Or on a piece of birch bark. If the idea is good, it goes to the computer and the <strong> design <\/strong> is created in a 3D program. The first rontools were <strong> lovingly handcrafted <\/strong> with a jigsaw and file. We now have so much experience that we can skip this step. The shape is clearly defined on the computer and the construction (multi-part components) is developed. The next step is very technical.<\/p>\n<p class=\"translation-block\">The blanks are milled out on a <strong> computer-controlled milling machine <\/strong> (CNC technology). These blanks come to a <strong> handicapped workshop <\/strong> in Berlin. There they are rounded, sanded, branded and assembled with a lot of love and dedication. The surface is nicely finished. You can buy the finished products here in our shop.<\/p>\n\n  <div class=\"banner has-hover\" id=\"banner-1438958373\">\n          <div class=\"banner-inner fill\">\n        <div class=\"banner-bg fill\" >\n            <img loading=\"lazy\" decoding=\"async\" width=\"781\" height=\"394\" src=\"https:\/\/www.rontool.de\/wp-content\/uploads\/2019\/11\/Zeichnung-Platte.jpg\" class=\"bg attachment-original size-original\" alt=\"\" \/>                                    \n                    <\/div>\n\t\t\n        <div class=\"banner-layers container\">\n            <div class=\"fill banner-link\"><\/div>            \n\n   <div id=\"text-box-1901404446\" class=\"text-box banner-layer x50 md-x50 lg-x50 y50 md-y50 lg-y50 res-text\">\n                                <div class=\"text-box-content text dark\">\n              \n              <div class=\"text-inner text-center\">\n                  \n\n\n              <\/div>\n           <\/div>\n                            \n<style>\n#text-box-1901404446 {\n  width: 60%;\n}\n#text-box-1901404446 .text-box-content {\n  font-size: 100%;\n}\n@media (min-width:550px) {\n  #text-box-1901404446 {\n    width: 60%;\n  }\n}\n<\/style>\n    <\/div>\n \n\n        <\/div>\n      <\/div>\n\n            \n<style>\n#banner-1438958373 {\n  padding-top: 56.25%;\n  background-color: rgb(255, 255, 255);\n}\n#banner-1438958373 .banner-bg img {\n  object-position: 57% 36%;\n}\n<\/style>\n  <\/div>\n\n\n\n\t\t<\/div>\n\t\t\t\t\t<\/div>\n\n\t\n\n<\/div>\n<div class=\"row\"  id=\"row-1954544904\">\n\n\n\t<div id=\"col-26875454\" class=\"col small-12 large-12\"  >\n\t\t\t\t<div class=\"col-inner\"  >\n\t\t\t\n\t\t\t\n\n<h2 style=\"margin-bottom: 10px;\">What are rontools made of?<\/h2>\n<p class=\"translation-block\">The basic material for our rontools is <strong> wood <\/strong>. In the special case, it is <strong> birch multiplex <\/strong>, so-called <a href=\"https:\/\/de.wikipedia.org\/wiki\/Furnier\" target=\"_self\"> veneer wood panels <\/a>. The panels consist of individual thin layers of wood. These are very robust due to their <strong> crosswise gluing in the direction of the fibers <\/strong>. The multiplex can hardly crack or splinter and is relatively insensitive to moisture or mechanical influences. It is not for nothing that similar panels are also used for concrete formwork construction. The upper surface has a <strong> beautiful wood structure, <\/strong> and the edges with their <strong> layered look <\/strong> create an exciting picture. The surface is sealed with a <strong> natural hard wax oil <\/strong>. Of course, the oil complies with all approvals and regulations for the manufacture of toys.<\/p>\n<p class=\"translation-block\">Since wood is a <strong> natural raw material <\/strong>, irregularities in the structure of the surface can occur. The coloring of the material can vary from time to time. The material darkens over time.<\/p>\n<p class=\"translation-block\"><strong> Rontools can be repaired <\/strong>. The children can and should really hit it with the rontools. For example with the <a href=\"https:\/\/www.rontool.de\/en\/shop\/grosser-hammer\/\" target=\"_self\"> big hammer <\/a>. With such heavy use, a splinter can come off here and there. Sometimes the <a href=\"https:\/\/www.rontool.de\/en\/werkzeuge\/\" target=\"_self\"> ax <\/a> gets a little blunt when you chop wood intensively in the garden. Then take some sandpaper and a wooden file and get your tools back in shape. Then simply use an oil from the kitchen and seal the reworked surfaces.<\/p>\n\n  <div class=\"banner has-hover\" id=\"banner-1276954909\">\n          <div class=\"banner-inner fill\">\n        <div class=\"banner-bg fill\" >\n            <img loading=\"lazy\" decoding=\"async\" width=\"1500\" height=\"702\" src=\"https:\/\/www.rontool.de\/wp-content\/uploads\/2019\/11\/Fr\u00e4splatteii-1.jpg\" class=\"bg attachment-original size-original\" alt=\"\" \/>                                    \n                    <\/div>\n\t\t\n        <div class=\"banner-layers container\">\n            <div class=\"fill banner-link\"><\/div>            \n\n   <div id=\"text-box-1477166876\" class=\"text-box banner-layer x50 md-x50 lg-x50 y50 md-y50 lg-y50 res-text\">\n                                <div class=\"text-box-content text dark\">\n              \n              <div class=\"text-inner text-center\">\n                  \n\n\n              <\/div>\n           <\/div>\n                            \n<style>\n#text-box-1477166876 {\n  width: 60%;\n}\n#text-box-1477166876 .text-box-content {\n  font-size: 100%;\n}\n@media (min-width:550px) {\n  #text-box-1477166876 {\n    width: 60%;\n  }\n}\n<\/style>\n    <\/div>\n \n\n        <\/div>\n      <\/div>\n\n            \n<style>\n#banner-1276954909 {\n  padding-top: 56.25%;\n  background-color: rgb(255, 255, 255);\n}\n#banner-1276954909 .banner-bg img {\n  object-position: 57% 36%;\n}\n<\/style>\n  <\/div>\n\n\n\n\t\t<\/div>\n\t\t\t\t\t<\/div>\n\n\t\n\n<\/div>\n<div class=\"row\"  id=\"row-319099216\">\n\n\n\t<div id=\"col-897841196\" class=\"col small-12 large-12\"  >\n\t\t\t\t<div class=\"col-inner\"  >\n\t\t\t\n\t\t\t\n\n<h2 style=\"margin-bottom: 10px;\">Who is behind it?<\/h2>\n<p class=\"translation-block\">The name <strong> rontools <\/strong> arises from the composition of their developer Ronny and from the English translation for the word \"tools\".<\/p>\n<p class=\"translation-block\">Ronny is a <strong> mechanical engineer, industrial designer, product developer <\/strong> and a big child. He turns his own and other people's ideas into products, devices, aids, machine parts and transport trolleys. You can find more about his work at <strong> <a href=\"http:\/\/www.ronronron.de\" target=\"_self\" rel=\"noopener noreferrer\"> www.ronronron.de <\/a> <\/strong><\/p>\n<p class=\"translation-block\">Maxi is <strong> business economist <\/strong>. She takes care of the processing of your orders and billing. In addition, she paints the wands with loving devotion.<\/p>\n<p class=\"translation-block\">We are both parents of 3 <strong> children. <\/strong> Anton, Roxanna and Bellatrix are the <strong> source of inspiration <\/strong> for many ideas. Of course, they are always the first <strong> product testers <\/strong>. But simple everyday things and household items are also inspiration for <strong> funny practical things <\/strong> that are also useful for adults. We also have a small network of lovable and absolutely competent partners. Without them, we couldn't easily pass the rontools on to you. A big thank you for our cooperation, your advice and your action:<\/p>\n<ul>\n<li class=\"translation-block\"><a href=\"https:\/\/www.fck-partner.de\/cnc-commando\/\" target=\"_self\"> <strong> CNC-Commando <\/strong> <\/a> (milling work)<\/li>\n<li class=\"translation-block\"><a href=\"https:\/\/blumenfisch-berlin.de\/standorte\/berlin-weissensee\/#start\" target=\"_self\"> <strong> Via workshops <\/strong> <\/a> (assembly and finish)<\/li>\n<li class=\"translation-block\"><a href=\"https:\/\/final-page.de\/\" target=\"_self\"> <strong> Final Page <\/strong> <\/a> (webshop development)<\/li>\n<li class=\"translation-block\"><a href=\"https:\/\/www.bubblyberlin.de\/\" target=\"_self\"> <strong> Bubby Berlin <\/strong> <\/a> (creative department store in the heart of Berlin and online shop for handmade, design and Fabrics)<\/li>\n<li><a href=\"https:\/\/www.aetschi.com\"><strong>\u00c4tschi<\/strong><\/a> (Kooperation mit Metropol chocolatiers)<\/li>\n<\/ul>\n<p>\u00a0<\/p>\n<p class=\"translation-block\">... and of course the <strong> extremely valuable feedback from you, our customers. <\/strong> It is imperative to keep getting better. So write to us at any time with your suggestions, wishes and criticism ...<\/p>\n<h2><strong>Thanks for your support!!!<\/strong><\/h2>\n\n  <div class=\"banner has-hover\" id=\"banner-404702626\">\n          <div class=\"banner-inner fill\">\n        <div class=\"banner-bg fill\" >\n            <img loading=\"lazy\" decoding=\"async\" width=\"750\" height=\"502\" src=\"https:\/\/www.rontool.de\/wp-content\/uploads\/2019\/11\/Schaukelmotorrad-Ronny-maxi.jpg\" class=\"bg attachment-original size-original\" alt=\"\" \/>                                    \n                    <\/div>\n\t\t\n        <div class=\"banner-layers container\">\n            <div class=\"fill banner-link\"><\/div>            \n\n   <div id=\"text-box-1936479670\" class=\"text-box banner-layer x50 md-x50 lg-x50 y50 md-y50 lg-y50 res-text\">\n                                <div class=\"text-box-content text dark\">\n              \n              <div class=\"text-inner text-center\">\n                  \n\n\n              <\/div>\n           <\/div>\n                            \n<style>\n#text-box-1936479670 {\n  width: 60%;\n}\n#text-box-1936479670 .text-box-content {\n  font-size: 100%;\n}\n@media (min-width:550px) {\n  #text-box-1936479670 {\n    width: 60%;\n  }\n}\n<\/style>\n    <\/div>\n \n\n        <\/div>\n      <\/div>\n\n            \n<style>\n#banner-404702626 {\n  padding-top: 56.25%;\n  background-color: rgb(255, 255, 255);\n}\n#banner-404702626 .banner-bg img {\n  object-position: 64% 0%;\n}\n<\/style>\n  <\/div>\n\n\n\n\t\t<\/div>\n\t\t\t\t\t<\/div>\n\n\t\n\n<\/div>\n\n\t\t<\/div>\n\n\t\t\n<style>\n#section_1632270700 {\n  padding-top: 30px;\n  padding-bottom: 30px;\n}\n<\/style>\n\t<\/section>","protected":false},"excerpt":{"rendered":"","protected":false},"author":8,"featured_media":0,"parent":0,"menu_order":0,"comment_status":"closed","ping_status":"closed","template":"","meta":{"footnotes":""},"class_list":["post-1181","page","type-page","status-publish","hentry"],"yoast_head":"<!-- This site is optimized with the Yoast SEO plugin v27.2 - https:\/\/yoast.com\/product\/yoast-seo-wordpress\/ -->\n<title>\u00dcber uns - Hintergr\u00fcnde vom RONTOOL Holzspielzeug<\/title>\n<meta name=\"description\" content=\"Erfahre mehr \u00fcber uns, die Hintergr\u00fcnde vom rontool Holzspielzeug, die Geschichte, was uns wichtig ist, wer wir sind und wer uns unterst\u00fctzt.\" \/>\n<meta name=\"robots\" content=\"index, follow, max-snippet:-1, max-image-preview:large, max-video-preview:-1\" \/>\n<link rel=\"canonical\" href=\"https:\/\/www.rontool.de\/en\/ueberuns\/\" \/>\n<meta property=\"og:locale\" content=\"en_GB\" \/>\n<meta property=\"og:type\" content=\"article\" \/>\n<meta property=\"og:title\" content=\"\u00dcber uns - Hintergr\u00fcnde vom RONTOOL Holzspielzeug\" \/>\n<meta property=\"og:description\" content=\"Erfahre mehr \u00fcber uns, die Hintergr\u00fcnde vom rontool Holzspielzeug, die Geschichte, was uns wichtig ist, wer wir sind und wer uns unterst\u00fctzt.\" \/>\n<meta property=\"og:url\" content=\"https:\/\/www.rontool.de\/en\/ueberuns\/\" \/>\n<meta property=\"og:site_name\" content=\"RONTOOL\" \/>\n<meta property=\"article:modified_time\" content=\"2022-05-05T18:40:37+00:00\" \/>\n<meta name=\"twitter:card\" content=\"summary_large_image\" \/>\n<meta name=\"twitter:label1\" content=\"Estimated reading time\" \/>\n\t<meta name=\"twitter:data1\" content=\"5 minutes\" \/>\n<script type=\"application\/ld+json\" class=\"yoast-schema-graph\">{\"@context\":\"https:\/\/schema.org\",\"@graph\":[{\"@type\":\"WebPage\",\"@id\":\"https:\/\/www.rontool.de\/ueberuns\/\",\"url\":\"https:\/\/www.rontool.de\/ueberuns\/\",\"name\":\"\u00dcber uns - Hintergr\u00fcnde vom RONTOOL Holzspielzeug\",\"isPartOf\":{\"@id\":\"https:\/\/rontool.de\/#website\"},\"datePublished\":\"2018-09-28T16:24:31+00:00\",\"dateModified\":\"2022-05-05T18:40:37+00:00\",\"description\":\"Erfahre mehr \u00fcber uns, die Hintergr\u00fcnde vom rontool Holzspielzeug, die Geschichte, was uns wichtig ist, wer wir sind und wer uns unterst\u00fctzt.\",\"inLanguage\":\"en-GB\",\"potentialAction\":[{\"@type\":\"ReadAction\",\"target\":[\"https:\/\/www.rontool.de\/ueberuns\/\"]}]},{\"@type\":\"WebSite\",\"@id\":\"https:\/\/rontool.de\/#website\",\"url\":\"https:\/\/rontool.de\/\",\"name\":\"RONTOOL\",\"description\":\"Holzspielzeug aus Berlin f\u00fcr Kinder und Erwachsene\",\"potentialAction\":[{\"@type\":\"SearchAction\",\"target\":{\"@type\":\"EntryPoint\",\"urlTemplate\":\"https:\/\/rontool.de\/?s={search_term_string}\"},\"query-input\":{\"@type\":\"PropertyValueSpecification\",\"valueRequired\":true,\"valueName\":\"search_term_string\"}}],\"inLanguage\":\"en-GB\"}]}<\/script>\n<!-- \/ Yoast SEO plugin. -->","yoast_head_json":{"title":"\u00dcber uns - Hintergr\u00fcnde vom RONTOOL Holzspielzeug","description":"Erfahre mehr \u00fcber uns, die Hintergr\u00fcnde vom rontool Holzspielzeug, die Geschichte, was uns wichtig ist, wer wir sind und wer uns unterst\u00fctzt.","robots":{"index":"index","follow":"follow","max-snippet":"max-snippet:-1","max-image-preview":"max-image-preview:large","max-video-preview":"max-video-preview:-1"},"canonical":"https:\/\/www.rontool.de\/en\/ueberuns\/","og_locale":"en_GB","og_type":"article","og_title":"\u00dcber uns - Hintergr\u00fcnde vom RONTOOL Holzspielzeug","og_description":"Erfahre mehr \u00fcber uns, die Hintergr\u00fcnde vom rontool Holzspielzeug, die Geschichte, was uns wichtig ist, wer wir sind und wer uns unterst\u00fctzt.","og_url":"https:\/\/www.rontool.de\/en\/ueberuns\/","og_site_name":"RONTOOL","article_modified_time":"2022-05-05T18:40:37+00:00","twitter_card":"summary_large_image","twitter_misc":{"Estimated reading time":"5 minutes"},"schema":{"@context":"https:\/\/schema.org","@graph":[{"@type":"WebPage","@id":"https:\/\/www.rontool.de\/ueberuns\/","url":"https:\/\/www.rontool.de\/ueberuns\/","name":"\u00dcber uns - Hintergr\u00fcnde vom RONTOOL Holzspielzeug","isPartOf":{"@id":"https:\/\/rontool.de\/#website"},"datePublished":"2018-09-28T16:24:31+00:00","dateModified":"2022-05-05T18:40:37+00:00","description":"Erfahre mehr \u00fcber uns, die Hintergr\u00fcnde vom rontool Holzspielzeug, die Geschichte, was uns wichtig ist, wer wir sind und wer uns unterst\u00fctzt.","inLanguage":"en-GB","potentialAction":[{"@type":"ReadAction","target":["https:\/\/www.rontool.de\/ueberuns\/"]}]},{"@type":"WebSite","@id":"https:\/\/rontool.de\/#website","url":"https:\/\/rontool.de\/","name":"RONTOOL","description":"Holzspielzeug aus Berlin f\u00fcr Kinder und Erwachsene","potentialAction":[{"@type":"SearchAction","target":{"@type":"EntryPoint","urlTemplate":"https:\/\/rontool.de\/?s={search_term_string}"},"query-input":{"@type":"PropertyValueSpecification","valueRequired":true,"valueName":"search_term_string"}}],"inLanguage":"en-GB"}]}},"_links":{"self":[{"href":"https:\/\/www.rontool.de\/en\/wp-json\/wp\/v2\/pages\/1181","targetHints":{"allow":["GET"]}}],"collection":[{"href":"https:\/\/www.rontool.de\/en\/wp-json\/wp\/v2\/pages"}],"about":[{"href":"https:\/\/www.rontool.de\/en\/wp-json\/wp\/v2\/types\/page"}],"author":[{"embeddable":true,"href":"https:\/\/www.rontool.de\/en\/wp-json\/wp\/v2\/users\/8"}],"replies":[{"embeddable":true,"href":"https:\/\/www.rontool.de\/en\/wp-json\/wp\/v2\/comments?post=1181"}],"version-history":[{"count":83,"href":"https:\/\/www.rontool.de\/en\/wp-json\/wp\/v2\/pages\/1181\/revisions"}],"predecessor-version":[{"id":9141,"href":"https:\/\/www.rontool.de\/en\/wp-json\/wp\/v2\/pages\/1181\/revisions\/9141"}],"wp:attachment":[{"href":"https:\/\/www.rontool.de\/en\/wp-json\/wp\/v2\/media?parent=1181"}],"curies":[{"name":"wp","href":"https:\/\/api.w.org\/{rel}","templated":true}]}}