{"id":1001,"date":"2018-09-14T17:27:19","date_gmt":"2018-09-14T17:27:19","guid":{"rendered":"http:\/\/testzone-2018.rontool.de\/?post_type=product&#038;p=1001"},"modified":"2021-06-17T12:00:28","modified_gmt":"2021-06-17T12:00:28","slug":"kamera","status":"publish","type":"product","link":"https:\/\/www.rontool.de\/en\/shop\/kamera\/","title":{"rendered":"camera"},"content":{"rendered":"<p>The small rontool wooden toy CAMERA works! The bigger the imagination, the better the pictures;)<\/p>\n<p>In any case, it lies great in the hand and many a photo-loving adult has already torn it out of our hands.<\/p>\n<p class=\"translation-block\"><strong> Technical data: <br>\n<\/strong> Stable multiplex (plywood) <br>\nHard wax oil suitable for toys<\/p>\n<p class=\"translation-block\"><span style=\"color: inherit;font-size: 1em\"> L \/ W 10cm x 10cm <br>\n<\/span> Height - 8cm <br>\nWeight - 220g<\/p>","protected":false},"excerpt":{"rendered":"<p>Das kleine rontool Holzspielzeug KAMERA funktioniert! Je gr\u00f6\u00dfer die Fantasie, desto besser die Bilder;) Auf jeden Fall liegt sie prima in der Hand und so manch fotoliebhabender Erwachsener hat sie uns schon aus den H\u00e4nden gerissen. Technische Daten: Stabiles Multiplex (Schichtholz) f\u00fcr Spielzeug geeignetes Hartwachs\u00f6l L\/B 10cm x 10cm H\u00f6he &#8211; 8cm Gewicht &#8211; 220g<\/p>","protected":false},"featured_media":8924,"template":"","meta":[],"product_brand":[],"product_cat":[34],"product_tag":[83,59,68,66],"class_list":{"0":"post-1001","1":"product","2":"type-product","3":"status-publish","4":"has-post-thumbnail","6":"product_cat-abenteuer","7":"product_tag-dekorieren","8":"product_tag-fantasiespielzeug","9":"product_tag-hochzeitsgeschenke","10":"product_tag-kreativspielzeug","12":"first","13":"instock","14":"taxable","15":"shipping-taxable","16":"purchasable","17":"product-type-simple"},"yoast_head":"<!-- This site is optimized with the Yoast SEO plugin v27.2 - https:\/\/yoast.com\/product\/yoast-seo-wordpress\/ -->\n<title>Kamera - RONTOOL<\/title>\n<meta name=\"robots\" content=\"index, follow, max-snippet:-1, max-image-preview:large, max-video-preview:-1\" \/>\n<link rel=\"canonical\" href=\"https:\/\/www.rontool.de\/en\/shop\/kamera\/\" \/>\n<meta property=\"og:locale\" content=\"en_GB\" \/>\n<meta property=\"og:type\" content=\"article\" \/>\n<meta property=\"og:title\" content=\"Kamera - RONTOOL\" \/>\n<meta property=\"og:description\" content=\"Das kleine rontool Holzspielzeug KAMERA funktioniert! Je gr\u00f6\u00dfer die Fantasie, desto besser die Bilder;) Auf jeden Fall liegt sie prima in der Hand und so manch fotoliebhabender Erwachsener hat sie uns schon aus den H\u00e4nden gerissen. Technische Daten: Stabiles Multiplex (Schichtholz) f\u00fcr Spielzeug geeignetes Hartwachs\u00f6l L\/B 10cm x 10cm H\u00f6he &#8211; 8cm Gewicht &#8211; 220g\" \/>\n<meta property=\"og:url\" content=\"https:\/\/www.rontool.de\/en\/shop\/kamera\/\" \/>\n<meta property=\"og:site_name\" content=\"RONTOOL\" \/>\n<meta property=\"article:modified_time\" content=\"2021-06-17T12:00:28+00:00\" \/>\n<meta property=\"og:image\" content=\"https:\/\/www.rontool.de\/wp-content\/uploads\/2021\/06\/rontool-spielzeug-aus-holz-holzspielzeug-deutschland-abenteuer-kamera.jpg\" \/>\n\t<meta property=\"og:image:width\" content=\"1000\" \/>\n\t<meta property=\"og:image:height\" content=\"1000\" \/>\n\t<meta property=\"og:image:type\" content=\"image\/jpeg\" \/>\n<meta name=\"twitter:card\" content=\"summary_large_image\" \/>\n<meta name=\"twitter:label1\" content=\"Estimated reading time\" \/>\n\t<meta name=\"twitter:data1\" content=\"1 minute\" \/>\n<script type=\"application\/ld+json\" class=\"yoast-schema-graph\">{\"@context\":\"https:\/\/schema.org\",\"@graph\":[{\"@type\":\"WebPage\",\"@id\":\"https:\/\/www.rontool.de\/shop\/kamera\/\",\"url\":\"https:\/\/www.rontool.de\/shop\/kamera\/\",\"name\":\"Kamera - RONTOOL\",\"isPartOf\":{\"@id\":\"https:\/\/rontool.de\/#website\"},\"primaryImageOfPage\":{\"@id\":\"https:\/\/www.rontool.de\/shop\/kamera\/#primaryimage\"},\"image\":{\"@id\":\"https:\/\/www.rontool.de\/shop\/kamera\/#primaryimage\"},\"thumbnailUrl\":\"https:\/\/www.rontool.de\/wp-content\/uploads\/2021\/06\/rontool-spielzeug-aus-holz-holzspielzeug-deutschland-abenteuer-kamera.jpg\",\"datePublished\":\"2018-09-14T17:27:19+00:00\",\"dateModified\":\"2021-06-17T12:00:28+00:00\",\"breadcrumb\":{\"@id\":\"https:\/\/www.rontool.de\/shop\/kamera\/#breadcrumb\"},\"inLanguage\":\"en-GB\",\"potentialAction\":[{\"@type\":\"ReadAction\",\"target\":[\"https:\/\/www.rontool.de\/shop\/kamera\/\"]}]},{\"@type\":\"ImageObject\",\"inLanguage\":\"en-GB\",\"@id\":\"https:\/\/www.rontool.de\/shop\/kamera\/#primaryimage\",\"url\":\"https:\/\/www.rontool.de\/wp-content\/uploads\/2021\/06\/rontool-spielzeug-aus-holz-holzspielzeug-deutschland-abenteuer-kamera.jpg\",\"contentUrl\":\"https:\/\/www.rontool.de\/wp-content\/uploads\/2021\/06\/rontool-spielzeug-aus-holz-holzspielzeug-deutschland-abenteuer-kamera.jpg\",\"width\":1000,\"height\":1000,\"caption\":\"Rontool - Spielzeug aus Holz - Holzspielzeug Kamera Holzspielzeug fuer Kinder und Erwachsene M\u00e4nner und Frauen Spielzeug aus Holz robust sicher\"},{\"@type\":\"BreadcrumbList\",\"@id\":\"https:\/\/www.rontool.de\/shop\/kamera\/#breadcrumb\",\"itemListElement\":[{\"@type\":\"ListItem\",\"position\":1,\"name\":\"Shop\",\"item\":\"https:\/\/www.rontool.de\/shop\/\"},{\"@type\":\"ListItem\",\"position\":2,\"name\":\"Kamera\"}]},{\"@type\":\"WebSite\",\"@id\":\"https:\/\/rontool.de\/#website\",\"url\":\"https:\/\/rontool.de\/\",\"name\":\"RONTOOL\",\"description\":\"Holzspielzeug aus Berlin f\u00fcr Kinder und Erwachsene\",\"potentialAction\":[{\"@type\":\"SearchAction\",\"target\":{\"@type\":\"EntryPoint\",\"urlTemplate\":\"https:\/\/rontool.de\/?s={search_term_string}\"},\"query-input\":{\"@type\":\"PropertyValueSpecification\",\"valueRequired\":true,\"valueName\":\"search_term_string\"}}],\"inLanguage\":\"en-GB\"}]}<\/script>\n<!-- \/ Yoast SEO plugin. -->","yoast_head_json":{"title":"Kamera - RONTOOL","robots":{"index":"index","follow":"follow","max-snippet":"max-snippet:-1","max-image-preview":"max-image-preview:large","max-video-preview":"max-video-preview:-1"},"canonical":"https:\/\/www.rontool.de\/en\/shop\/kamera\/","og_locale":"en_GB","og_type":"article","og_title":"Kamera - RONTOOL","og_description":"Das kleine rontool Holzspielzeug KAMERA funktioniert! Je gr\u00f6\u00dfer die Fantasie, desto besser die Bilder;) Auf jeden Fall liegt sie prima in der Hand und so manch fotoliebhabender Erwachsener hat sie uns schon aus den H\u00e4nden gerissen. Technische Daten: Stabiles Multiplex (Schichtholz) f\u00fcr Spielzeug geeignetes Hartwachs\u00f6l L\/B 10cm x 10cm H\u00f6he &#8211; 8cm Gewicht &#8211; 220g","og_url":"https:\/\/www.rontool.de\/en\/shop\/kamera\/","og_site_name":"RONTOOL","article_modified_time":"2021-06-17T12:00:28+00:00","og_image":[{"width":1000,"height":1000,"url":"https:\/\/www.rontool.de\/wp-content\/uploads\/2021\/06\/rontool-spielzeug-aus-holz-holzspielzeug-deutschland-abenteuer-kamera.jpg","type":"image\/jpeg"}],"twitter_card":"summary_large_image","twitter_misc":{"Estimated reading time":"1 minute"},"schema":{"@context":"https:\/\/schema.org","@graph":[{"@type":"WebPage","@id":"https:\/\/www.rontool.de\/shop\/kamera\/","url":"https:\/\/www.rontool.de\/shop\/kamera\/","name":"Kamera - RONTOOL","isPartOf":{"@id":"https:\/\/rontool.de\/#website"},"primaryImageOfPage":{"@id":"https:\/\/www.rontool.de\/shop\/kamera\/#primaryimage"},"image":{"@id":"https:\/\/www.rontool.de\/shop\/kamera\/#primaryimage"},"thumbnailUrl":"https:\/\/www.rontool.de\/wp-content\/uploads\/2021\/06\/rontool-spielzeug-aus-holz-holzspielzeug-deutschland-abenteuer-kamera.jpg","datePublished":"2018-09-14T17:27:19+00:00","dateModified":"2021-06-17T12:00:28+00:00","breadcrumb":{"@id":"https:\/\/www.rontool.de\/shop\/kamera\/#breadcrumb"},"inLanguage":"en-GB","potentialAction":[{"@type":"ReadAction","target":["https:\/\/www.rontool.de\/shop\/kamera\/"]}]},{"@type":"ImageObject","inLanguage":"en-GB","@id":"https:\/\/www.rontool.de\/shop\/kamera\/#primaryimage","url":"https:\/\/www.rontool.de\/wp-content\/uploads\/2021\/06\/rontool-spielzeug-aus-holz-holzspielzeug-deutschland-abenteuer-kamera.jpg","contentUrl":"https:\/\/www.rontool.de\/wp-content\/uploads\/2021\/06\/rontool-spielzeug-aus-holz-holzspielzeug-deutschland-abenteuer-kamera.jpg","width":1000,"height":1000,"caption":"Rontool - Spielzeug aus Holz - Holzspielzeug Kamera Holzspielzeug fuer Kinder und Erwachsene M\u00e4nner und Frauen Spielzeug aus Holz robust sicher"},{"@type":"BreadcrumbList","@id":"https:\/\/www.rontool.de\/shop\/kamera\/#breadcrumb","itemListElement":[{"@type":"ListItem","position":1,"name":"Shop","item":"https:\/\/www.rontool.de\/shop\/"},{"@type":"ListItem","position":2,"name":"Kamera"}]},{"@type":"WebSite","@id":"https:\/\/rontool.de\/#website","url":"https:\/\/rontool.de\/","name":"RONTOOL","description":"Holzspielzeug aus Berlin f\u00fcr Kinder und Erwachsene","potentialAction":[{"@type":"SearchAction","target":{"@type":"EntryPoint","urlTemplate":"https:\/\/rontool.de\/?s={search_term_string}"},"query-input":{"@type":"PropertyValueSpecification","valueRequired":true,"valueName":"search_term_string"}}],"inLanguage":"en-GB"}]}},"_links":{"self":[{"href":"https:\/\/www.rontool.de\/en\/wp-json\/wp\/v2\/product\/1001","targetHints":{"allow":["GET"]}}],"collection":[{"href":"https:\/\/www.rontool.de\/en\/wp-json\/wp\/v2\/product"}],"about":[{"href":"https:\/\/www.rontool.de\/en\/wp-json\/wp\/v2\/types\/product"}],"wp:featuredmedia":[{"embeddable":true,"href":"https:\/\/www.rontool.de\/en\/wp-json\/wp\/v2\/media\/8924"}],"wp:attachment":[{"href":"https:\/\/www.rontool.de\/en\/wp-json\/wp\/v2\/media?parent=1001"}],"wp:term":[{"taxonomy":"product_brand","embeddable":true,"href":"https:\/\/www.rontool.de\/en\/wp-json\/wp\/v2\/product_brand?post=1001"},{"taxonomy":"product_cat","embeddable":true,"href":"https:\/\/www.rontool.de\/en\/wp-json\/wp\/v2\/product_cat?post=1001"},{"taxonomy":"product_tag","embeddable":true,"href":"https:\/\/www.rontool.de\/en\/wp-json\/wp\/v2\/product_tag?post=1001"}],"curies":[{"name":"wp","href":"https:\/\/api.w.org\/{rel}","templated":true}]}}