{"id":1022,"date":"2018-09-14T18:48:14","date_gmt":"2018-09-14T18:48:14","guid":{"rendered":"http:\/\/testzone-2018.rontool.de\/?post_type=product&#038;p=1022"},"modified":"2025-04-22T13:52:36","modified_gmt":"2025-04-22T13:52:36","slug":"hexenstab","status":"publish","type":"product","link":"https:\/\/www.rontool.de\/en\/shop\/hexenstab\/","title":{"rendered":"Magic wand \"There is still room for cats and dogs\""},"content":{"rendered":"<h2>Magic wand \"There is still room for cats and dogs\"<\/h2>\n<p>This is a repurposed wand. The sympathetic good witch from the story \u201cThere's still room for cats and dogs\u201d has her wand exactly like this: a yellow star with a white handle with a blue spiral.<\/p>\n<p>We lovingly paint it by hand for you little lovers of the witch story by Julia Donaldson &amp; Axel Scheffler (Gr\u00fcffelo &amp; Co.)<\/p>\n<p>NOTE: NOT SUITABLE FOR CHILDREN UNDER 3 YEARS<\/p>\n<p class=\"translation-block\"><strong> Materials used <\/strong> <br>\n- Stable multiplex (plywood) <br>\n- Colorful, water-based wood varnish<\/p>\n<p class=\"translation-block\">Many little fairies would like to have their name or another favorite word engraved on their very own wand. Of course we are also happy to do it for you! Please simply select the <strong> variant with engraving <\/strong> and write us your desired text in the comment field in the shopping cart. We are also happy to engrave the lower part of the star.<\/p>\n<p class=\"translation-block\">For our little magic fairies we of course also have the classic wands with lots of glitter, <a href=\"https:\/\/www.rontool.de\/en\/shop\/zauberstab-gelb\/\" target=\"_self\" rel=\"noopener noreferrer\"> here <\/a> for example in yellow:<\/p>\n<p>Here is some more information about the story:<\/p>\n<p>A trip on the witch's broom is fun, especially when there is still space for cats and dogs and frogs and birds. But life is also full of dangers for witches. Especially when the witch falls at the feet of a voracious dragon. So it's good to have friends who can help you out of a mess. A picture book to read aloud by the creator of the world-famous Gruffalo.<\/p>\n<p class=\"translation-block\">You can buy it as a book at <a href=\"https:\/\/www.thalia.de\/shop\/home\/artikeldetails\/ID18823778.html\" target=\"_self\" rel=\"noopener noreferrer\"> Thalia <\/a> or watch and listen on <a href=\"https:\/\/www.youtube.com\/watch?v=QZK25EdsPmQ\" target=\"_self\" rel=\"noopener noreferrer\"> Youtube <\/a><\/p>","protected":false},"excerpt":{"rendered":"<p>Hexenstab &#8222;F\u00fcr Hund und Katz ist auch noch Platz&#8220; Dies ist ein umfunktionierter Zauberstab. Die sympatische gute Hexe aus der Geschichte &#8222;F\u00fcr Hund und Katz ist auch noch Platz&#8220; hat ihren Hexenstab genau so: ein gelber Stern mit einem wei\u00dfen Stiel mit blauer Spirale. Wir bemalen ihn liebevoll von Hand f\u00fcr euch kleine LiebhaberInnen der [&#8230;]\n","protected":false},"featured_media":1154,"template":"","meta":[],"product_brand":[],"product_cat":[36],"product_tag":[83,59,77,84],"class_list":{"0":"post-1022","1":"product","2":"type-product","3":"status-publish","4":"has-post-thumbnail","6":"product_cat-zauber","7":"product_tag-dekorieren","8":"product_tag-fantasiespielzeug","9":"product_tag-maedchenspielzeug","10":"product_tag-weihnachten","12":"first","13":"instock","14":"taxable","15":"shipping-taxable","16":"purchasable","17":"product-type-simple"},"yoast_head":"<!-- This site is optimized with the Yoast SEO plugin v27.2 - https:\/\/yoast.com\/product\/yoast-seo-wordpress\/ -->\n<title>Hexenstab &quot;F\u00fcr Hund und Katz ist auch noch Platz&quot; -<\/title>\n<meta name=\"description\" content=\"Der Hexenstab f\u00fcr kleine LiebhaberInnen der bekannten Geschichte &quot;F\u00fcr Hund und Katz ist auch noch Platz&quot; von Julia Donaldson &amp; Axel Scheffler\" \/>\n<meta name=\"robots\" content=\"index, follow, max-snippet:-1, max-image-preview:large, max-video-preview:-1\" \/>\n<link rel=\"canonical\" href=\"https:\/\/www.rontool.de\/en\/shop\/hexenstab\/\" \/>\n<meta property=\"og:locale\" content=\"en_GB\" \/>\n<meta property=\"og:type\" content=\"article\" \/>\n<meta property=\"og:title\" content=\"Hexenstab &quot;F\u00fcr Hund und Katz ist auch noch Platz&quot; -\" \/>\n<meta property=\"og:description\" content=\"Der Hexenstab f\u00fcr kleine LiebhaberInnen der bekannten Geschichte &quot;F\u00fcr Hund und Katz ist auch noch Platz&quot; von Julia Donaldson &amp; Axel Scheffler\" \/>\n<meta property=\"og:url\" content=\"https:\/\/www.rontool.de\/en\/shop\/hexenstab\/\" \/>\n<meta property=\"og:site_name\" content=\"RONTOOL\" \/>\n<meta property=\"article:modified_time\" content=\"2025-04-22T13:52:36+00:00\" \/>\n<meta property=\"og:image\" content=\"https:\/\/www.rontool.de\/wp-content\/uploads\/2018\/09\/zauber-streifen.jpg\" \/>\n\t<meta property=\"og:image:width\" content=\"1500\" \/>\n\t<meta property=\"og:image:height\" content=\"1500\" \/>\n\t<meta property=\"og:image:type\" content=\"image\/jpeg\" \/>\n<meta name=\"twitter:card\" content=\"summary_large_image\" \/>\n<meta name=\"twitter:label1\" content=\"Estimated reading time\" \/>\n\t<meta name=\"twitter:data1\" content=\"2 minutes\" \/>\n<script type=\"application\/ld+json\" class=\"yoast-schema-graph\">{\"@context\":\"https:\/\/schema.org\",\"@graph\":[{\"@type\":\"WebPage\",\"@id\":\"https:\/\/www.rontool.de\/shop\/hexenstab\/\",\"url\":\"https:\/\/www.rontool.de\/shop\/hexenstab\/\",\"name\":\"Hexenstab \\\"F\u00fcr Hund und Katz ist auch noch Platz\\\" -\",\"isPartOf\":{\"@id\":\"https:\/\/rontool.de\/#website\"},\"primaryImageOfPage\":{\"@id\":\"https:\/\/www.rontool.de\/shop\/hexenstab\/#primaryimage\"},\"image\":{\"@id\":\"https:\/\/www.rontool.de\/shop\/hexenstab\/#primaryimage\"},\"thumbnailUrl\":\"https:\/\/www.rontool.de\/wp-content\/uploads\/2018\/09\/zauber-streifen.jpg\",\"datePublished\":\"2018-09-14T18:48:14+00:00\",\"dateModified\":\"2025-04-22T13:52:36+00:00\",\"description\":\"Der Hexenstab f\u00fcr kleine LiebhaberInnen der bekannten Geschichte \\\"F\u00fcr Hund und Katz ist auch noch Platz\\\" von Julia Donaldson & Axel Scheffler\",\"breadcrumb\":{\"@id\":\"https:\/\/www.rontool.de\/shop\/hexenstab\/#breadcrumb\"},\"inLanguage\":\"en-GB\",\"potentialAction\":[{\"@type\":\"ReadAction\",\"target\":[\"https:\/\/www.rontool.de\/shop\/hexenstab\/\"]}]},{\"@type\":\"ImageObject\",\"inLanguage\":\"en-GB\",\"@id\":\"https:\/\/www.rontool.de\/shop\/hexenstab\/#primaryimage\",\"url\":\"https:\/\/www.rontool.de\/wp-content\/uploads\/2018\/09\/zauber-streifen.jpg\",\"contentUrl\":\"https:\/\/www.rontool.de\/wp-content\/uploads\/2018\/09\/zauber-streifen.jpg\",\"width\":1500,\"height\":1500},{\"@type\":\"BreadcrumbList\",\"@id\":\"https:\/\/www.rontool.de\/shop\/hexenstab\/#breadcrumb\",\"itemListElement\":[{\"@type\":\"ListItem\",\"position\":1,\"name\":\"Shop\",\"item\":\"https:\/\/www.rontool.de\/shop\/\"},{\"@type\":\"ListItem\",\"position\":2,\"name\":\"Hexenstab &#8222;F\u00fcr Hund und Katz ist auch noch Platz&#8220;\"}]},{\"@type\":\"WebSite\",\"@id\":\"https:\/\/rontool.de\/#website\",\"url\":\"https:\/\/rontool.de\/\",\"name\":\"RONTOOL\",\"description\":\"Holzspielzeug aus Berlin f\u00fcr Kinder und Erwachsene\",\"potentialAction\":[{\"@type\":\"SearchAction\",\"target\":{\"@type\":\"EntryPoint\",\"urlTemplate\":\"https:\/\/rontool.de\/?s={search_term_string}\"},\"query-input\":{\"@type\":\"PropertyValueSpecification\",\"valueRequired\":true,\"valueName\":\"search_term_string\"}}],\"inLanguage\":\"en-GB\"}]}<\/script>\n<!-- \/ Yoast SEO plugin. -->","yoast_head_json":{"title":"Hexenstab \"F\u00fcr Hund und Katz ist auch noch Platz\" -","description":"Der Hexenstab f\u00fcr kleine LiebhaberInnen der bekannten Geschichte \"F\u00fcr Hund und Katz ist auch noch Platz\" von Julia Donaldson & Axel Scheffler","robots":{"index":"index","follow":"follow","max-snippet":"max-snippet:-1","max-image-preview":"max-image-preview:large","max-video-preview":"max-video-preview:-1"},"canonical":"https:\/\/www.rontool.de\/en\/shop\/hexenstab\/","og_locale":"en_GB","og_type":"article","og_title":"Hexenstab \"F\u00fcr Hund und Katz ist auch noch Platz\" -","og_description":"Der Hexenstab f\u00fcr kleine LiebhaberInnen der bekannten Geschichte \"F\u00fcr Hund und Katz ist auch noch Platz\" von Julia Donaldson & Axel Scheffler","og_url":"https:\/\/www.rontool.de\/en\/shop\/hexenstab\/","og_site_name":"RONTOOL","article_modified_time":"2025-04-22T13:52:36+00:00","og_image":[{"width":1500,"height":1500,"url":"https:\/\/www.rontool.de\/wp-content\/uploads\/2018\/09\/zauber-streifen.jpg","type":"image\/jpeg"}],"twitter_card":"summary_large_image","twitter_misc":{"Estimated reading time":"2 minutes"},"schema":{"@context":"https:\/\/schema.org","@graph":[{"@type":"WebPage","@id":"https:\/\/www.rontool.de\/shop\/hexenstab\/","url":"https:\/\/www.rontool.de\/shop\/hexenstab\/","name":"Hexenstab \"F\u00fcr Hund und Katz ist auch noch Platz\" -","isPartOf":{"@id":"https:\/\/rontool.de\/#website"},"primaryImageOfPage":{"@id":"https:\/\/www.rontool.de\/shop\/hexenstab\/#primaryimage"},"image":{"@id":"https:\/\/www.rontool.de\/shop\/hexenstab\/#primaryimage"},"thumbnailUrl":"https:\/\/www.rontool.de\/wp-content\/uploads\/2018\/09\/zauber-streifen.jpg","datePublished":"2018-09-14T18:48:14+00:00","dateModified":"2025-04-22T13:52:36+00:00","description":"Der Hexenstab f\u00fcr kleine LiebhaberInnen der bekannten Geschichte \"F\u00fcr Hund und Katz ist auch noch Platz\" von Julia Donaldson & Axel Scheffler","breadcrumb":{"@id":"https:\/\/www.rontool.de\/shop\/hexenstab\/#breadcrumb"},"inLanguage":"en-GB","potentialAction":[{"@type":"ReadAction","target":["https:\/\/www.rontool.de\/shop\/hexenstab\/"]}]},{"@type":"ImageObject","inLanguage":"en-GB","@id":"https:\/\/www.rontool.de\/shop\/hexenstab\/#primaryimage","url":"https:\/\/www.rontool.de\/wp-content\/uploads\/2018\/09\/zauber-streifen.jpg","contentUrl":"https:\/\/www.rontool.de\/wp-content\/uploads\/2018\/09\/zauber-streifen.jpg","width":1500,"height":1500},{"@type":"BreadcrumbList","@id":"https:\/\/www.rontool.de\/shop\/hexenstab\/#breadcrumb","itemListElement":[{"@type":"ListItem","position":1,"name":"Shop","item":"https:\/\/www.rontool.de\/shop\/"},{"@type":"ListItem","position":2,"name":"Hexenstab &#8222;F\u00fcr Hund und Katz ist auch noch Platz&#8220;"}]},{"@type":"WebSite","@id":"https:\/\/rontool.de\/#website","url":"https:\/\/rontool.de\/","name":"RONTOOL","description":"Holzspielzeug aus Berlin f\u00fcr Kinder und Erwachsene","potentialAction":[{"@type":"SearchAction","target":{"@type":"EntryPoint","urlTemplate":"https:\/\/rontool.de\/?s={search_term_string}"},"query-input":{"@type":"PropertyValueSpecification","valueRequired":true,"valueName":"search_term_string"}}],"inLanguage":"en-GB"}]}},"_links":{"self":[{"href":"https:\/\/www.rontool.de\/en\/wp-json\/wp\/v2\/product\/1022","targetHints":{"allow":["GET"]}}],"collection":[{"href":"https:\/\/www.rontool.de\/en\/wp-json\/wp\/v2\/product"}],"about":[{"href":"https:\/\/www.rontool.de\/en\/wp-json\/wp\/v2\/types\/product"}],"wp:featuredmedia":[{"embeddable":true,"href":"https:\/\/www.rontool.de\/en\/wp-json\/wp\/v2\/media\/1154"}],"wp:attachment":[{"href":"https:\/\/www.rontool.de\/en\/wp-json\/wp\/v2\/media?parent=1022"}],"wp:term":[{"taxonomy":"product_brand","embeddable":true,"href":"https:\/\/www.rontool.de\/en\/wp-json\/wp\/v2\/product_brand?post=1022"},{"taxonomy":"product_cat","embeddable":true,"href":"https:\/\/www.rontool.de\/en\/wp-json\/wp\/v2\/product_cat?post=1022"},{"taxonomy":"product_tag","embeddable":true,"href":"https:\/\/www.rontool.de\/en\/wp-json\/wp\/v2\/product_tag?post=1022"}],"curies":[{"name":"wp","href":"https:\/\/api.w.org\/{rel}","templated":true}]}}