{"id":1023,"date":"2018-09-14T18:49:02","date_gmt":"2018-09-14T18:49:02","guid":{"rendered":"http:\/\/testzone-2018.rontool.de\/?post_type=product&#038;p=1023"},"modified":"2025-04-22T13:50:17","modified_gmt":"2025-04-22T13:50:17","slug":"zauberstab-pink","status":"publish","type":"product","link":"https:\/\/www.rontool.de\/en\/shop\/zauberstab-pink\/","title":{"rendered":"Magic wand pink"},"content":{"rendered":"<p>A star wand belongs in every princess, sorceress and fairy equipment.<\/p>\n<p class=\"translation-block\">Actually just a star on a stick, but with a little imagination it conjures up with wonderfully glittering stardust and makes miracles come true. <br>\nWe offer you many brightly colored magic wands in beautiful, bright colors (water-based wood varnish suitable for toys) and with glitter.<\/p>\n<p>Here the bestseller PINK !!!!<\/p>\n<p>NOTE: NOT SUITABLE FOR CHILDREN UNDER 3 YEARS<\/p>\n<p class=\"translation-block\"><strong> Materials used <\/strong> <br>\n- Stable multiplex (plywood) <br>\n- Colorful wood varnish and water-based clear varnish <br>\n- glitter dust<\/p>\n<p class=\"translation-block\">Many little fairies would like to have their name or another favorite word engraved on their very own wand. Of course we are also happy to do it for you! Please simply select the <strong> variant with engraving <\/strong> and write us your desired text in the comment field in the shopping cart. We are also happy to engrave the lower part of the star.<\/p>","protected":false},"excerpt":{"rendered":"<p>Ein Sternenstab geh\u00f6rt in jede Prinzessinnen-, Zauberinnen- und Feen-Ausr\u00fcstung. Eigentlich nur ein Stern am Stiel,\u00a0aber mit ein bisschen Fantasie zaubert er mit herrlich glitzerndem Sternenstaub und l\u00e4sst Wunder war werden. Wir bieten euch viele bunte Zauber-St\u00e4be in sch\u00f6nen leuchtend bunten Farben ( f\u00fcr Spielzeug geeigneter Holz-Lack auf Wasserbasis) und mit Glitzer. Hier der Bestseller PINK!!!! [&#8230;]\n","protected":false},"featured_media":1152,"template":"","meta":[],"product_brand":[],"product_cat":[36],"product_tag":[83,59,77,84],"class_list":{"0":"post-1023","1":"product","2":"type-product","3":"status-publish","4":"has-post-thumbnail","6":"product_cat-zauber","7":"product_tag-dekorieren","8":"product_tag-fantasiespielzeug","9":"product_tag-maedchenspielzeug","10":"product_tag-weihnachten","12":"first","13":"instock","14":"taxable","15":"shipping-taxable","16":"purchasable","17":"product-type-simple"},"yoast_head":"<!-- This site is optimized with the Yoast SEO plugin v27.2 - https:\/\/yoast.com\/product\/yoast-seo-wordpress\/ -->\n<title>Zauberstab Pink - RONTOOL<\/title>\n<meta name=\"robots\" content=\"index, follow, max-snippet:-1, max-image-preview:large, max-video-preview:-1\" \/>\n<link rel=\"canonical\" href=\"https:\/\/www.rontool.de\/en\/shop\/zauberstab-pink\/\" \/>\n<meta property=\"og:locale\" content=\"en_GB\" \/>\n<meta property=\"og:type\" content=\"article\" \/>\n<meta property=\"og:title\" content=\"Zauberstab Pink - RONTOOL\" \/>\n<meta property=\"og:description\" content=\"Ein Sternenstab geh\u00f6rt in jede Prinzessinnen-, Zauberinnen- und Feen-Ausr\u00fcstung. Eigentlich nur ein Stern am Stiel,\u00a0aber mit ein bisschen Fantasie zaubert er mit herrlich glitzerndem Sternenstaub und l\u00e4sst Wunder war werden. Wir bieten euch viele bunte Zauber-St\u00e4be in sch\u00f6nen leuchtend bunten Farben ( f\u00fcr Spielzeug geeigneter Holz-Lack auf Wasserbasis) und mit Glitzer. Hier der Bestseller PINK!!!! [...]\" \/>\n<meta property=\"og:url\" content=\"https:\/\/www.rontool.de\/en\/shop\/zauberstab-pink\/\" \/>\n<meta property=\"og:site_name\" content=\"RONTOOL\" \/>\n<meta property=\"article:modified_time\" content=\"2025-04-22T13:50:17+00:00\" \/>\n<meta property=\"og:image\" content=\"https:\/\/www.rontool.de\/wp-content\/uploads\/2018\/09\/zauber-pink.jpg\" \/>\n\t<meta property=\"og:image:width\" content=\"1500\" \/>\n\t<meta property=\"og:image:height\" content=\"1500\" \/>\n\t<meta property=\"og:image:type\" content=\"image\/jpeg\" \/>\n<meta name=\"twitter:card\" content=\"summary_large_image\" \/>\n<meta name=\"twitter:label1\" content=\"Estimated reading time\" \/>\n\t<meta name=\"twitter:data1\" content=\"1 minute\" \/>\n<script type=\"application\/ld+json\" class=\"yoast-schema-graph\">{\"@context\":\"https:\/\/schema.org\",\"@graph\":[{\"@type\":\"WebPage\",\"@id\":\"https:\/\/www.rontool.de\/shop\/zauberstab-pink\/\",\"url\":\"https:\/\/www.rontool.de\/shop\/zauberstab-pink\/\",\"name\":\"Zauberstab Pink - RONTOOL\",\"isPartOf\":{\"@id\":\"https:\/\/rontool.de\/#website\"},\"primaryImageOfPage\":{\"@id\":\"https:\/\/www.rontool.de\/shop\/zauberstab-pink\/#primaryimage\"},\"image\":{\"@id\":\"https:\/\/www.rontool.de\/shop\/zauberstab-pink\/#primaryimage\"},\"thumbnailUrl\":\"https:\/\/www.rontool.de\/wp-content\/uploads\/2018\/09\/zauber-pink.jpg\",\"datePublished\":\"2018-09-14T18:49:02+00:00\",\"dateModified\":\"2025-04-22T13:50:17+00:00\",\"breadcrumb\":{\"@id\":\"https:\/\/www.rontool.de\/shop\/zauberstab-pink\/#breadcrumb\"},\"inLanguage\":\"en-GB\",\"potentialAction\":[{\"@type\":\"ReadAction\",\"target\":[\"https:\/\/www.rontool.de\/shop\/zauberstab-pink\/\"]}]},{\"@type\":\"ImageObject\",\"inLanguage\":\"en-GB\",\"@id\":\"https:\/\/www.rontool.de\/shop\/zauberstab-pink\/#primaryimage\",\"url\":\"https:\/\/www.rontool.de\/wp-content\/uploads\/2018\/09\/zauber-pink.jpg\",\"contentUrl\":\"https:\/\/www.rontool.de\/wp-content\/uploads\/2018\/09\/zauber-pink.jpg\",\"width\":1500,\"height\":1500},{\"@type\":\"BreadcrumbList\",\"@id\":\"https:\/\/www.rontool.de\/shop\/zauberstab-pink\/#breadcrumb\",\"itemListElement\":[{\"@type\":\"ListItem\",\"position\":1,\"name\":\"Shop\",\"item\":\"https:\/\/www.rontool.de\/shop\/\"},{\"@type\":\"ListItem\",\"position\":2,\"name\":\"Zauberstab Pink\"}]},{\"@type\":\"WebSite\",\"@id\":\"https:\/\/rontool.de\/#website\",\"url\":\"https:\/\/rontool.de\/\",\"name\":\"RONTOOL\",\"description\":\"Holzspielzeug aus Berlin f\u00fcr Kinder und Erwachsene\",\"potentialAction\":[{\"@type\":\"SearchAction\",\"target\":{\"@type\":\"EntryPoint\",\"urlTemplate\":\"https:\/\/rontool.de\/?s={search_term_string}\"},\"query-input\":{\"@type\":\"PropertyValueSpecification\",\"valueRequired\":true,\"valueName\":\"search_term_string\"}}],\"inLanguage\":\"en-GB\"}]}<\/script>\n<!-- \/ Yoast SEO plugin. -->","yoast_head_json":{"title":"Zauberstab Pink - RONTOOL","robots":{"index":"index","follow":"follow","max-snippet":"max-snippet:-1","max-image-preview":"max-image-preview:large","max-video-preview":"max-video-preview:-1"},"canonical":"https:\/\/www.rontool.de\/en\/shop\/zauberstab-pink\/","og_locale":"en_GB","og_type":"article","og_title":"Zauberstab Pink - RONTOOL","og_description":"Ein Sternenstab geh\u00f6rt in jede Prinzessinnen-, Zauberinnen- und Feen-Ausr\u00fcstung. Eigentlich nur ein Stern am Stiel,\u00a0aber mit ein bisschen Fantasie zaubert er mit herrlich glitzerndem Sternenstaub und l\u00e4sst Wunder war werden. Wir bieten euch viele bunte Zauber-St\u00e4be in sch\u00f6nen leuchtend bunten Farben ( f\u00fcr Spielzeug geeigneter Holz-Lack auf Wasserbasis) und mit Glitzer. Hier der Bestseller PINK!!!! [...]","og_url":"https:\/\/www.rontool.de\/en\/shop\/zauberstab-pink\/","og_site_name":"RONTOOL","article_modified_time":"2025-04-22T13:50:17+00:00","og_image":[{"width":1500,"height":1500,"url":"https:\/\/www.rontool.de\/wp-content\/uploads\/2018\/09\/zauber-pink.jpg","type":"image\/jpeg"}],"twitter_card":"summary_large_image","twitter_misc":{"Estimated reading time":"1 minute"},"schema":{"@context":"https:\/\/schema.org","@graph":[{"@type":"WebPage","@id":"https:\/\/www.rontool.de\/shop\/zauberstab-pink\/","url":"https:\/\/www.rontool.de\/shop\/zauberstab-pink\/","name":"Zauberstab Pink - RONTOOL","isPartOf":{"@id":"https:\/\/rontool.de\/#website"},"primaryImageOfPage":{"@id":"https:\/\/www.rontool.de\/shop\/zauberstab-pink\/#primaryimage"},"image":{"@id":"https:\/\/www.rontool.de\/shop\/zauberstab-pink\/#primaryimage"},"thumbnailUrl":"https:\/\/www.rontool.de\/wp-content\/uploads\/2018\/09\/zauber-pink.jpg","datePublished":"2018-09-14T18:49:02+00:00","dateModified":"2025-04-22T13:50:17+00:00","breadcrumb":{"@id":"https:\/\/www.rontool.de\/shop\/zauberstab-pink\/#breadcrumb"},"inLanguage":"en-GB","potentialAction":[{"@type":"ReadAction","target":["https:\/\/www.rontool.de\/shop\/zauberstab-pink\/"]}]},{"@type":"ImageObject","inLanguage":"en-GB","@id":"https:\/\/www.rontool.de\/shop\/zauberstab-pink\/#primaryimage","url":"https:\/\/www.rontool.de\/wp-content\/uploads\/2018\/09\/zauber-pink.jpg","contentUrl":"https:\/\/www.rontool.de\/wp-content\/uploads\/2018\/09\/zauber-pink.jpg","width":1500,"height":1500},{"@type":"BreadcrumbList","@id":"https:\/\/www.rontool.de\/shop\/zauberstab-pink\/#breadcrumb","itemListElement":[{"@type":"ListItem","position":1,"name":"Shop","item":"https:\/\/www.rontool.de\/shop\/"},{"@type":"ListItem","position":2,"name":"Zauberstab Pink"}]},{"@type":"WebSite","@id":"https:\/\/rontool.de\/#website","url":"https:\/\/rontool.de\/","name":"RONTOOL","description":"Holzspielzeug aus Berlin f\u00fcr Kinder und Erwachsene","potentialAction":[{"@type":"SearchAction","target":{"@type":"EntryPoint","urlTemplate":"https:\/\/rontool.de\/?s={search_term_string}"},"query-input":{"@type":"PropertyValueSpecification","valueRequired":true,"valueName":"search_term_string"}}],"inLanguage":"en-GB"}]}},"_links":{"self":[{"href":"https:\/\/www.rontool.de\/en\/wp-json\/wp\/v2\/product\/1023","targetHints":{"allow":["GET"]}}],"collection":[{"href":"https:\/\/www.rontool.de\/en\/wp-json\/wp\/v2\/product"}],"about":[{"href":"https:\/\/www.rontool.de\/en\/wp-json\/wp\/v2\/types\/product"}],"wp:featuredmedia":[{"embeddable":true,"href":"https:\/\/www.rontool.de\/en\/wp-json\/wp\/v2\/media\/1152"}],"wp:attachment":[{"href":"https:\/\/www.rontool.de\/en\/wp-json\/wp\/v2\/media?parent=1023"}],"wp:term":[{"taxonomy":"product_brand","embeddable":true,"href":"https:\/\/www.rontool.de\/en\/wp-json\/wp\/v2\/product_brand?post=1023"},{"taxonomy":"product_cat","embeddable":true,"href":"https:\/\/www.rontool.de\/en\/wp-json\/wp\/v2\/product_cat?post=1023"},{"taxonomy":"product_tag","embeddable":true,"href":"https:\/\/www.rontool.de\/en\/wp-json\/wp\/v2\/product_tag?post=1023"}],"curies":[{"name":"wp","href":"https:\/\/api.w.org\/{rel}","templated":true}]}}