{"id":1025,"date":"2018-09-14T18:51:05","date_gmt":"2018-09-14T18:51:05","guid":{"rendered":"http:\/\/testzone-2018.rontool.de\/?post_type=product&#038;p=1025"},"modified":"2025-04-22T13:48:56","modified_gmt":"2025-04-22T13:48:56","slug":"zauberstab-natur","status":"publish","type":"product","link":"https:\/\/www.rontool.de\/en\/shop\/zauberstab-natur\/","title":{"rendered":"Magic wand nature"},"content":{"rendered":"<p>A star wand belongs in every princess, sorceress and fairy equipment.<\/p>\n<p>Actually just a star on a stick unpainted and still beautiful. You can leave it as it is or you can paint it yourself, stick it on, print or embroider it as you like ...<\/p>\n<p>NOTE: NOT SUITABLE FOR CHILDREN UNDER 3 YEARS<\/p>\n<p class=\"translation-block\">Many little fairies would like to have their name or another favorite word engraved on their very own wand. Of course we are also happy to do it for you! Please simply select the <strong> variant with engraving <\/strong> and write us your desired text in the comment field in the shopping cart. We are also happy to engrave the lower part of the star.<\/p>","protected":false},"excerpt":{"rendered":"<p>Ein Sternenstab geh\u00f6rt in jede Prinzessinnen-, Zauberinnen- und Feen-Ausr\u00fcstung. Eigentlich nur ein Stern am Stiel unlackiert und trotzdem wundersch\u00f6n. Du kannst ihn so lassen oder selbst bemalen, bekleben, bedrucken, umsticken, wie es dir beliebt&#8230; HINWEIS: NICHT F\u00dcR KINDER UNTER 3 JAHREN GEEIGNET! Viele kleine Feen m\u00f6chten Ihren Namen oder ein anderes Lieblingswort in ihren ganz [&#8230;]\n","protected":false},"featured_media":8946,"template":"","meta":[],"product_brand":[],"product_cat":[36],"product_tag":[83,59,77,84],"class_list":{"0":"post-1025","1":"product","2":"type-product","3":"status-publish","4":"has-post-thumbnail","6":"product_cat-zauber","7":"product_tag-dekorieren","8":"product_tag-fantasiespielzeug","9":"product_tag-maedchenspielzeug","10":"product_tag-weihnachten","12":"first","13":"instock","14":"taxable","15":"shipping-taxable","16":"purchasable","17":"product-type-simple"},"yoast_head":"<!-- This site is optimized with the Yoast SEO plugin v27.2 - https:\/\/yoast.com\/product\/yoast-seo-wordpress\/ -->\n<title>Zauberstab Natur - RONTOOL<\/title>\n<meta name=\"robots\" content=\"index, follow, max-snippet:-1, max-image-preview:large, max-video-preview:-1\" \/>\n<link rel=\"canonical\" href=\"https:\/\/www.rontool.de\/en\/shop\/zauberstab-natur\/\" \/>\n<meta property=\"og:locale\" content=\"en_GB\" \/>\n<meta property=\"og:type\" content=\"article\" \/>\n<meta property=\"og:title\" content=\"Zauberstab Natur - RONTOOL\" \/>\n<meta property=\"og:description\" content=\"Ein Sternenstab geh\u00f6rt in jede Prinzessinnen-, Zauberinnen- und Feen-Ausr\u00fcstung. Eigentlich nur ein Stern am Stiel unlackiert und trotzdem wundersch\u00f6n. Du kannst ihn so lassen oder selbst bemalen, bekleben, bedrucken, umsticken, wie es dir beliebt&#8230; HINWEIS: NICHT F\u00dcR KINDER UNTER 3 JAHREN GEEIGNET! Viele kleine Feen m\u00f6chten Ihren Namen oder ein anderes Lieblingswort in ihren ganz [...]\" \/>\n<meta property=\"og:url\" content=\"https:\/\/www.rontool.de\/en\/shop\/zauberstab-natur\/\" \/>\n<meta property=\"og:site_name\" content=\"RONTOOL\" \/>\n<meta property=\"article:modified_time\" content=\"2025-04-22T13:48:56+00:00\" \/>\n<meta property=\"og:image\" content=\"https:\/\/www.rontool.de\/wp-content\/uploads\/2021\/06\/rontool-spielzeug-aus-holz-holzspielzeug-deutschland-zauber-zauberstab-natur.jpg\" \/>\n\t<meta property=\"og:image:width\" content=\"1000\" \/>\n\t<meta property=\"og:image:height\" content=\"1000\" \/>\n\t<meta property=\"og:image:type\" content=\"image\/jpeg\" \/>\n<meta name=\"twitter:card\" content=\"summary_large_image\" \/>\n<meta name=\"twitter:label1\" content=\"Estimated reading time\" \/>\n\t<meta name=\"twitter:data1\" content=\"1 minute\" \/>\n<script type=\"application\/ld+json\" class=\"yoast-schema-graph\">{\"@context\":\"https:\/\/schema.org\",\"@graph\":[{\"@type\":\"WebPage\",\"@id\":\"https:\/\/www.rontool.de\/shop\/zauberstab-natur\/\",\"url\":\"https:\/\/www.rontool.de\/shop\/zauberstab-natur\/\",\"name\":\"Zauberstab Natur - RONTOOL\",\"isPartOf\":{\"@id\":\"https:\/\/rontool.de\/#website\"},\"primaryImageOfPage\":{\"@id\":\"https:\/\/www.rontool.de\/shop\/zauberstab-natur\/#primaryimage\"},\"image\":{\"@id\":\"https:\/\/www.rontool.de\/shop\/zauberstab-natur\/#primaryimage\"},\"thumbnailUrl\":\"https:\/\/www.rontool.de\/wp-content\/uploads\/2021\/06\/rontool-spielzeug-aus-holz-holzspielzeug-deutschland-zauber-zauberstab-natur.jpg\",\"datePublished\":\"2018-09-14T18:51:05+00:00\",\"dateModified\":\"2025-04-22T13:48:56+00:00\",\"breadcrumb\":{\"@id\":\"https:\/\/www.rontool.de\/shop\/zauberstab-natur\/#breadcrumb\"},\"inLanguage\":\"en-GB\",\"potentialAction\":[{\"@type\":\"ReadAction\",\"target\":[\"https:\/\/www.rontool.de\/shop\/zauberstab-natur\/\"]}]},{\"@type\":\"ImageObject\",\"inLanguage\":\"en-GB\",\"@id\":\"https:\/\/www.rontool.de\/shop\/zauberstab-natur\/#primaryimage\",\"url\":\"https:\/\/www.rontool.de\/wp-content\/uploads\/2021\/06\/rontool-spielzeug-aus-holz-holzspielzeug-deutschland-zauber-zauberstab-natur.jpg\",\"contentUrl\":\"https:\/\/www.rontool.de\/wp-content\/uploads\/2021\/06\/rontool-spielzeug-aus-holz-holzspielzeug-deutschland-zauber-zauberstab-natur.jpg\",\"width\":1000,\"height\":1000,\"caption\":\"Rontool - Spielzeug aus Holz - Holzspielzeug Zauberstab Zauberstaebe f\u00fcr Natur-Hexen fuer Kinder robust toll sicher aus Deutschland\"},{\"@type\":\"BreadcrumbList\",\"@id\":\"https:\/\/www.rontool.de\/shop\/zauberstab-natur\/#breadcrumb\",\"itemListElement\":[{\"@type\":\"ListItem\",\"position\":1,\"name\":\"Shop\",\"item\":\"https:\/\/www.rontool.de\/shop\/\"},{\"@type\":\"ListItem\",\"position\":2,\"name\":\"Zauberstab Natur\"}]},{\"@type\":\"WebSite\",\"@id\":\"https:\/\/rontool.de\/#website\",\"url\":\"https:\/\/rontool.de\/\",\"name\":\"RONTOOL\",\"description\":\"Holzspielzeug aus Berlin f\u00fcr Kinder und Erwachsene\",\"potentialAction\":[{\"@type\":\"SearchAction\",\"target\":{\"@type\":\"EntryPoint\",\"urlTemplate\":\"https:\/\/rontool.de\/?s={search_term_string}\"},\"query-input\":{\"@type\":\"PropertyValueSpecification\",\"valueRequired\":true,\"valueName\":\"search_term_string\"}}],\"inLanguage\":\"en-GB\"}]}<\/script>\n<!-- \/ Yoast SEO plugin. -->","yoast_head_json":{"title":"Zauberstab Natur - RONTOOL","robots":{"index":"index","follow":"follow","max-snippet":"max-snippet:-1","max-image-preview":"max-image-preview:large","max-video-preview":"max-video-preview:-1"},"canonical":"https:\/\/www.rontool.de\/en\/shop\/zauberstab-natur\/","og_locale":"en_GB","og_type":"article","og_title":"Zauberstab Natur - RONTOOL","og_description":"Ein Sternenstab geh\u00f6rt in jede Prinzessinnen-, Zauberinnen- und Feen-Ausr\u00fcstung. Eigentlich nur ein Stern am Stiel unlackiert und trotzdem wundersch\u00f6n. Du kannst ihn so lassen oder selbst bemalen, bekleben, bedrucken, umsticken, wie es dir beliebt&#8230; HINWEIS: NICHT F\u00dcR KINDER UNTER 3 JAHREN GEEIGNET! Viele kleine Feen m\u00f6chten Ihren Namen oder ein anderes Lieblingswort in ihren ganz [...]","og_url":"https:\/\/www.rontool.de\/en\/shop\/zauberstab-natur\/","og_site_name":"RONTOOL","article_modified_time":"2025-04-22T13:48:56+00:00","og_image":[{"width":1000,"height":1000,"url":"https:\/\/www.rontool.de\/wp-content\/uploads\/2021\/06\/rontool-spielzeug-aus-holz-holzspielzeug-deutschland-zauber-zauberstab-natur.jpg","type":"image\/jpeg"}],"twitter_card":"summary_large_image","twitter_misc":{"Estimated reading time":"1 minute"},"schema":{"@context":"https:\/\/schema.org","@graph":[{"@type":"WebPage","@id":"https:\/\/www.rontool.de\/shop\/zauberstab-natur\/","url":"https:\/\/www.rontool.de\/shop\/zauberstab-natur\/","name":"Zauberstab Natur - RONTOOL","isPartOf":{"@id":"https:\/\/rontool.de\/#website"},"primaryImageOfPage":{"@id":"https:\/\/www.rontool.de\/shop\/zauberstab-natur\/#primaryimage"},"image":{"@id":"https:\/\/www.rontool.de\/shop\/zauberstab-natur\/#primaryimage"},"thumbnailUrl":"https:\/\/www.rontool.de\/wp-content\/uploads\/2021\/06\/rontool-spielzeug-aus-holz-holzspielzeug-deutschland-zauber-zauberstab-natur.jpg","datePublished":"2018-09-14T18:51:05+00:00","dateModified":"2025-04-22T13:48:56+00:00","breadcrumb":{"@id":"https:\/\/www.rontool.de\/shop\/zauberstab-natur\/#breadcrumb"},"inLanguage":"en-GB","potentialAction":[{"@type":"ReadAction","target":["https:\/\/www.rontool.de\/shop\/zauberstab-natur\/"]}]},{"@type":"ImageObject","inLanguage":"en-GB","@id":"https:\/\/www.rontool.de\/shop\/zauberstab-natur\/#primaryimage","url":"https:\/\/www.rontool.de\/wp-content\/uploads\/2021\/06\/rontool-spielzeug-aus-holz-holzspielzeug-deutschland-zauber-zauberstab-natur.jpg","contentUrl":"https:\/\/www.rontool.de\/wp-content\/uploads\/2021\/06\/rontool-spielzeug-aus-holz-holzspielzeug-deutschland-zauber-zauberstab-natur.jpg","width":1000,"height":1000,"caption":"Rontool - Spielzeug aus Holz - Holzspielzeug Zauberstab Zauberstaebe f\u00fcr Natur-Hexen fuer Kinder robust toll sicher aus Deutschland"},{"@type":"BreadcrumbList","@id":"https:\/\/www.rontool.de\/shop\/zauberstab-natur\/#breadcrumb","itemListElement":[{"@type":"ListItem","position":1,"name":"Shop","item":"https:\/\/www.rontool.de\/shop\/"},{"@type":"ListItem","position":2,"name":"Zauberstab Natur"}]},{"@type":"WebSite","@id":"https:\/\/rontool.de\/#website","url":"https:\/\/rontool.de\/","name":"RONTOOL","description":"Holzspielzeug aus Berlin f\u00fcr Kinder und Erwachsene","potentialAction":[{"@type":"SearchAction","target":{"@type":"EntryPoint","urlTemplate":"https:\/\/rontool.de\/?s={search_term_string}"},"query-input":{"@type":"PropertyValueSpecification","valueRequired":true,"valueName":"search_term_string"}}],"inLanguage":"en-GB"}]}},"_links":{"self":[{"href":"https:\/\/www.rontool.de\/en\/wp-json\/wp\/v2\/product\/1025","targetHints":{"allow":["GET"]}}],"collection":[{"href":"https:\/\/www.rontool.de\/en\/wp-json\/wp\/v2\/product"}],"about":[{"href":"https:\/\/www.rontool.de\/en\/wp-json\/wp\/v2\/types\/product"}],"wp:featuredmedia":[{"embeddable":true,"href":"https:\/\/www.rontool.de\/en\/wp-json\/wp\/v2\/media\/8946"}],"wp:attachment":[{"href":"https:\/\/www.rontool.de\/en\/wp-json\/wp\/v2\/media?parent=1025"}],"wp:term":[{"taxonomy":"product_brand","embeddable":true,"href":"https:\/\/www.rontool.de\/en\/wp-json\/wp\/v2\/product_brand?post=1025"},{"taxonomy":"product_cat","embeddable":true,"href":"https:\/\/www.rontool.de\/en\/wp-json\/wp\/v2\/product_cat?post=1025"},{"taxonomy":"product_tag","embeddable":true,"href":"https:\/\/www.rontool.de\/en\/wp-json\/wp\/v2\/product_tag?post=1025"}],"curies":[{"name":"wp","href":"https:\/\/api.w.org\/{rel}","templated":true}]}}