{"id":1115,"date":"2018-09-15T09:23:40","date_gmt":"2018-09-15T09:23:40","guid":{"rendered":"http:\/\/testzone-2018.rontool.de\/?post_type=product&#038;p=1115"},"modified":"2023-11-26T21:02:47","modified_gmt":"2023-11-26T21:02:47","slug":"motorsaege","status":"publish","type":"product","link":"https:\/\/www.rontool.de\/en\/shop\/motorsaege\/","title":{"rendered":"Chainsaw \/ chainsaw"},"content":{"rendered":"<p>Inspired by my son, I designed this handy and stable children's chainsaw for ambitious little forest workers.<\/p>\n<p>The extremely robust wooden toy is ideal for outdoor use in the garden or sandpit. The 1.5kg can also be easily held by small children thanks to the 2 handles and the impression of a real tool lets the children's imagination shine. The little foxtail goes well with it.<\/p>","protected":false},"excerpt":{"rendered":"<p>Inspiriert durch meinen Sohnemann entwarf ich diese handliche und stabile Kinderkettens\u00e4ge, f\u00fcr ambitionierte kleine Waldarbeiter. Das \u00e4u\u00dferst robuste Holzspielzeug eignet sich hervorragend f\u00fcr den Au\u00dfeneinsatz im Garten oder Sandkasten. Die 1,5kg lassen sich auch von kleinen Kindern durch die 2 Griffe ganz einfach festhalten und der Eindruck eines echten Werkzeugs l\u00e4sst die Fantasie der Kinder [&#8230;]\n","protected":false},"featured_media":8974,"template":"","meta":[],"product_brand":[],"product_cat":[37],"product_tag":[123,69,72,80],"class_list":{"0":"post-1115","1":"product","2":"type-product","3":"status-publish","4":"has-post-thumbnail","6":"product_cat-werkzeuge","7":"product_tag-dedraufhauen","8":"product_tag-motorikspielzeug","9":"product_tag-outdoorspielzeug","10":"product_tag-zersplittern-und-zersaegen","12":"first","13":"instock","14":"taxable","15":"shipping-taxable","16":"purchasable","17":"product-type-simple"},"yoast_head":"<!-- This site is optimized with the Yoast SEO plugin v27.2 - https:\/\/yoast.com\/product\/yoast-seo-wordpress\/ -->\n<title>Motors\u00e4ge \/ Kettens\u00e4ge - RONTOOL<\/title>\n<meta name=\"robots\" content=\"index, follow, max-snippet:-1, max-image-preview:large, max-video-preview:-1\" \/>\n<link rel=\"canonical\" href=\"https:\/\/www.rontool.de\/en\/shop\/motorsaege\/\" \/>\n<meta property=\"og:locale\" content=\"en_GB\" \/>\n<meta property=\"og:type\" content=\"article\" \/>\n<meta property=\"og:title\" content=\"Motors\u00e4ge \/ Kettens\u00e4ge - RONTOOL\" \/>\n<meta property=\"og:description\" content=\"Inspiriert durch meinen Sohnemann entwarf ich diese handliche und stabile Kinderkettens\u00e4ge, f\u00fcr ambitionierte kleine Waldarbeiter. Das \u00e4u\u00dferst robuste Holzspielzeug eignet sich hervorragend f\u00fcr den Au\u00dfeneinsatz im Garten oder Sandkasten. Die 1,5kg lassen sich auch von kleinen Kindern durch die 2 Griffe ganz einfach festhalten und der Eindruck eines echten Werkzeugs l\u00e4sst die Fantasie der Kinder [...]\" \/>\n<meta property=\"og:url\" content=\"https:\/\/www.rontool.de\/en\/shop\/motorsaege\/\" \/>\n<meta property=\"og:site_name\" content=\"RONTOOL\" \/>\n<meta property=\"article:modified_time\" content=\"2023-11-26T21:02:47+00:00\" \/>\n<meta property=\"og:image\" content=\"https:\/\/www.rontool.de\/wp-content\/uploads\/2018\/09\/rontool-spielzeug-aus-holz-holzspielzeug-deutschland-werkzeuge-kettensaege.jpg\" \/>\n\t<meta property=\"og:image:width\" content=\"1000\" \/>\n\t<meta property=\"og:image:height\" content=\"1000\" \/>\n\t<meta property=\"og:image:type\" content=\"image\/jpeg\" \/>\n<meta name=\"twitter:card\" content=\"summary_large_image\" \/>\n<meta name=\"twitter:label1\" content=\"Estimated reading time\" \/>\n\t<meta name=\"twitter:data1\" content=\"1 minute\" \/>\n<script type=\"application\/ld+json\" class=\"yoast-schema-graph\">{\"@context\":\"https:\/\/schema.org\",\"@graph\":[{\"@type\":\"WebPage\",\"@id\":\"https:\/\/www.rontool.de\/shop\/motorsaege\/\",\"url\":\"https:\/\/www.rontool.de\/shop\/motorsaege\/\",\"name\":\"Motors\u00e4ge \/ Kettens\u00e4ge - RONTOOL\",\"isPartOf\":{\"@id\":\"https:\/\/rontool.de\/#website\"},\"primaryImageOfPage\":{\"@id\":\"https:\/\/www.rontool.de\/shop\/motorsaege\/#primaryimage\"},\"image\":{\"@id\":\"https:\/\/www.rontool.de\/shop\/motorsaege\/#primaryimage\"},\"thumbnailUrl\":\"https:\/\/www.rontool.de\/wp-content\/uploads\/2018\/09\/rontool-spielzeug-aus-holz-holzspielzeug-deutschland-werkzeuge-kettensaege.jpg\",\"datePublished\":\"2018-09-15T09:23:40+00:00\",\"dateModified\":\"2023-11-26T21:02:47+00:00\",\"breadcrumb\":{\"@id\":\"https:\/\/www.rontool.de\/shop\/motorsaege\/#breadcrumb\"},\"inLanguage\":\"en-GB\",\"potentialAction\":[{\"@type\":\"ReadAction\",\"target\":[\"https:\/\/www.rontool.de\/shop\/motorsaege\/\"]}]},{\"@type\":\"ImageObject\",\"inLanguage\":\"en-GB\",\"@id\":\"https:\/\/www.rontool.de\/shop\/motorsaege\/#primaryimage\",\"url\":\"https:\/\/www.rontool.de\/wp-content\/uploads\/2018\/09\/rontool-spielzeug-aus-holz-holzspielzeug-deutschland-werkzeuge-kettensaege.jpg\",\"contentUrl\":\"https:\/\/www.rontool.de\/wp-content\/uploads\/2018\/09\/rontool-spielzeug-aus-holz-holzspielzeug-deutschland-werkzeuge-kettensaege.jpg\",\"width\":1000,\"height\":1000,\"caption\":\"Rontool - Spielzeug aus Holz - spielen - Holzspielzeug - Werkzeug Werkzeuge - Motorsaege Kettensaege\"},{\"@type\":\"BreadcrumbList\",\"@id\":\"https:\/\/www.rontool.de\/shop\/motorsaege\/#breadcrumb\",\"itemListElement\":[{\"@type\":\"ListItem\",\"position\":1,\"name\":\"Shop\",\"item\":\"https:\/\/www.rontool.de\/shop\/\"},{\"@type\":\"ListItem\",\"position\":2,\"name\":\"Motors\u00e4ge \/ Kettens\u00e4ge\"}]},{\"@type\":\"WebSite\",\"@id\":\"https:\/\/rontool.de\/#website\",\"url\":\"https:\/\/rontool.de\/\",\"name\":\"RONTOOL\",\"description\":\"Holzspielzeug aus Berlin f\u00fcr Kinder und Erwachsene\",\"potentialAction\":[{\"@type\":\"SearchAction\",\"target\":{\"@type\":\"EntryPoint\",\"urlTemplate\":\"https:\/\/rontool.de\/?s={search_term_string}\"},\"query-input\":{\"@type\":\"PropertyValueSpecification\",\"valueRequired\":true,\"valueName\":\"search_term_string\"}}],\"inLanguage\":\"en-GB\"}]}<\/script>\n<!-- \/ Yoast SEO plugin. -->","yoast_head_json":{"title":"Motors\u00e4ge \/ Kettens\u00e4ge - RONTOOL","robots":{"index":"index","follow":"follow","max-snippet":"max-snippet:-1","max-image-preview":"max-image-preview:large","max-video-preview":"max-video-preview:-1"},"canonical":"https:\/\/www.rontool.de\/en\/shop\/motorsaege\/","og_locale":"en_GB","og_type":"article","og_title":"Motors\u00e4ge \/ Kettens\u00e4ge - RONTOOL","og_description":"Inspiriert durch meinen Sohnemann entwarf ich diese handliche und stabile Kinderkettens\u00e4ge, f\u00fcr ambitionierte kleine Waldarbeiter. Das \u00e4u\u00dferst robuste Holzspielzeug eignet sich hervorragend f\u00fcr den Au\u00dfeneinsatz im Garten oder Sandkasten. Die 1,5kg lassen sich auch von kleinen Kindern durch die 2 Griffe ganz einfach festhalten und der Eindruck eines echten Werkzeugs l\u00e4sst die Fantasie der Kinder [...]","og_url":"https:\/\/www.rontool.de\/en\/shop\/motorsaege\/","og_site_name":"RONTOOL","article_modified_time":"2023-11-26T21:02:47+00:00","og_image":[{"width":1000,"height":1000,"url":"https:\/\/www.rontool.de\/wp-content\/uploads\/2018\/09\/rontool-spielzeug-aus-holz-holzspielzeug-deutschland-werkzeuge-kettensaege.jpg","type":"image\/jpeg"}],"twitter_card":"summary_large_image","twitter_misc":{"Estimated reading time":"1 minute"},"schema":{"@context":"https:\/\/schema.org","@graph":[{"@type":"WebPage","@id":"https:\/\/www.rontool.de\/shop\/motorsaege\/","url":"https:\/\/www.rontool.de\/shop\/motorsaege\/","name":"Motors\u00e4ge \/ Kettens\u00e4ge - RONTOOL","isPartOf":{"@id":"https:\/\/rontool.de\/#website"},"primaryImageOfPage":{"@id":"https:\/\/www.rontool.de\/shop\/motorsaege\/#primaryimage"},"image":{"@id":"https:\/\/www.rontool.de\/shop\/motorsaege\/#primaryimage"},"thumbnailUrl":"https:\/\/www.rontool.de\/wp-content\/uploads\/2018\/09\/rontool-spielzeug-aus-holz-holzspielzeug-deutschland-werkzeuge-kettensaege.jpg","datePublished":"2018-09-15T09:23:40+00:00","dateModified":"2023-11-26T21:02:47+00:00","breadcrumb":{"@id":"https:\/\/www.rontool.de\/shop\/motorsaege\/#breadcrumb"},"inLanguage":"en-GB","potentialAction":[{"@type":"ReadAction","target":["https:\/\/www.rontool.de\/shop\/motorsaege\/"]}]},{"@type":"ImageObject","inLanguage":"en-GB","@id":"https:\/\/www.rontool.de\/shop\/motorsaege\/#primaryimage","url":"https:\/\/www.rontool.de\/wp-content\/uploads\/2018\/09\/rontool-spielzeug-aus-holz-holzspielzeug-deutschland-werkzeuge-kettensaege.jpg","contentUrl":"https:\/\/www.rontool.de\/wp-content\/uploads\/2018\/09\/rontool-spielzeug-aus-holz-holzspielzeug-deutschland-werkzeuge-kettensaege.jpg","width":1000,"height":1000,"caption":"Rontool - Spielzeug aus Holz - spielen - Holzspielzeug - Werkzeug Werkzeuge - Motorsaege Kettensaege"},{"@type":"BreadcrumbList","@id":"https:\/\/www.rontool.de\/shop\/motorsaege\/#breadcrumb","itemListElement":[{"@type":"ListItem","position":1,"name":"Shop","item":"https:\/\/www.rontool.de\/shop\/"},{"@type":"ListItem","position":2,"name":"Motors\u00e4ge \/ Kettens\u00e4ge"}]},{"@type":"WebSite","@id":"https:\/\/rontool.de\/#website","url":"https:\/\/rontool.de\/","name":"RONTOOL","description":"Holzspielzeug aus Berlin f\u00fcr Kinder und Erwachsene","potentialAction":[{"@type":"SearchAction","target":{"@type":"EntryPoint","urlTemplate":"https:\/\/rontool.de\/?s={search_term_string}"},"query-input":{"@type":"PropertyValueSpecification","valueRequired":true,"valueName":"search_term_string"}}],"inLanguage":"en-GB"}]}},"_links":{"self":[{"href":"https:\/\/www.rontool.de\/en\/wp-json\/wp\/v2\/product\/1115","targetHints":{"allow":["GET"]}}],"collection":[{"href":"https:\/\/www.rontool.de\/en\/wp-json\/wp\/v2\/product"}],"about":[{"href":"https:\/\/www.rontool.de\/en\/wp-json\/wp\/v2\/types\/product"}],"wp:featuredmedia":[{"embeddable":true,"href":"https:\/\/www.rontool.de\/en\/wp-json\/wp\/v2\/media\/8974"}],"wp:attachment":[{"href":"https:\/\/www.rontool.de\/en\/wp-json\/wp\/v2\/media?parent=1115"}],"wp:term":[{"taxonomy":"product_brand","embeddable":true,"href":"https:\/\/www.rontool.de\/en\/wp-json\/wp\/v2\/product_brand?post=1115"},{"taxonomy":"product_cat","embeddable":true,"href":"https:\/\/www.rontool.de\/en\/wp-json\/wp\/v2\/product_cat?post=1115"},{"taxonomy":"product_tag","embeddable":true,"href":"https:\/\/www.rontool.de\/en\/wp-json\/wp\/v2\/product_tag?post=1115"}],"curies":[{"name":"wp","href":"https:\/\/api.w.org\/{rel}","templated":true}]}}