{"id":1117,"date":"2018-09-15T09:28:04","date_gmt":"2018-09-15T09:28:04","guid":{"rendered":"http:\/\/testzone-2018.rontool.de\/?post_type=product&#038;p=1117"},"modified":"2023-11-26T21:19:01","modified_gmt":"2023-11-26T21:19:01","slug":"handyhalter","status":"publish","type":"product","link":"https:\/\/www.rontool.de\/en\/shop\/handyhalter\/","title":{"rendered":"Mobile phone holder \/ smartphone stand"},"content":{"rendered":"<h2>Mobile phone holder<\/h2>\n<p>The mobile phone holder is great for setting up all common smartphones. It is also suitable for photos, pictures, remote controls, postcards or whatever else you have lying around.<\/p>\n<p>It is balanced in such a way that it beautifully displays devices or sheet music as well as books up to 180 pages and presentation folders. In portrait or landscape format.<\/p>\n<p>It consists of 2 side parts, which are connected with 2 round pieces of wood.<\/p>\n<p class=\"translation-block\">It is available <a href=\"https:\/\/www.rontool.de\/en\/shop\/tablethalter\/\" target=\"_self\" rel=\"noopener noreferrer\"> here <\/a> also in larger sizes for tablets.<\/p>\n<p>F\u00fcr Tastaturen, B\u00fccher und Notebooks haben wir auch einen sch\u00f6nen verstellbaren St\u00e4nder <a href=\"https:\/\/www.rontool.de\/en\/shop\/verstellbare-tastaturerhoehung\/\">here<\/a>.<\/p>","protected":false},"excerpt":{"rendered":"<p>Handyhalter Der Handyhalter eignet sich super zum Aufstellen von allen g\u00e4ngigen Smartphones. Er ist auch f\u00fcr Fotos, Bilder, Fernbedienungen, Postkarten oder was du sonst noch so herumliegen hast, geeignet. Er ist so austariert, dass er Ger\u00e4te oder auch Noten sowie B\u00fccher bis zu 180 Seiten und Pr\u00e4sentationsmappen sch\u00f6n ausstellt. Im Hoch- oder Querformat. Er besteht [&#8230;]\n","protected":false},"featured_media":9014,"template":"","meta":[],"product_brand":[],"product_cat":[39],"product_tag":[82,75],"class_list":{"0":"post-1117","1":"product","2":"type-product","3":"status-publish","4":"has-post-thumbnail","6":"product_cat-erwachsene","7":"product_tag-business","8":"product_tag-haushalt","10":"first","11":"instock","12":"taxable","13":"shipping-taxable","14":"purchasable","15":"product-type-simple"},"yoast_head":"<!-- This site is optimized with the Yoast SEO plugin v27.2 - https:\/\/yoast.com\/product\/yoast-seo-wordpress\/ -->\n<title>Handyhalter und Smartphonest\u00e4nder aus Holz, hoch und quer<\/title>\n<meta name=\"description\" content=\"Dieser kleine leichte Handyhalter nimmt auch deine Postkarten, Briefe, Bilder, Tablets oder \u00e4hnliches auf.\" \/>\n<meta name=\"robots\" content=\"index, follow, max-snippet:-1, max-image-preview:large, max-video-preview:-1\" \/>\n<link rel=\"canonical\" href=\"https:\/\/www.rontool.de\/en\/shop\/handyhalter\/\" \/>\n<meta property=\"og:locale\" content=\"en_GB\" \/>\n<meta property=\"og:type\" content=\"article\" \/>\n<meta property=\"og:title\" content=\"Handyhalter und Smartphonest\u00e4nder aus Holz, hoch und quer\" \/>\n<meta property=\"og:description\" content=\"Dieser kleine leichte Handyhalter nimmt auch deine Postkarten, Briefe, Bilder, Tablets oder \u00e4hnliches auf.\" \/>\n<meta property=\"og:url\" content=\"https:\/\/www.rontool.de\/en\/shop\/handyhalter\/\" \/>\n<meta property=\"og:site_name\" content=\"RONTOOL\" \/>\n<meta property=\"article:modified_time\" content=\"2023-11-26T21:19:01+00:00\" \/>\n<meta property=\"og:image\" content=\"https:\/\/www.rontool.de\/wp-content\/uploads\/2021\/06\/rontool-spielzeug-aus-holz-holzspielzeug-aus-deutschland-erwachsene-handyhalter-smartphone-staender.jpg\" \/>\n\t<meta property=\"og:image:width\" content=\"1000\" \/>\n\t<meta property=\"og:image:height\" content=\"1000\" \/>\n\t<meta property=\"og:image:type\" content=\"image\/jpeg\" \/>\n<meta name=\"twitter:card\" content=\"summary_large_image\" \/>\n<meta name=\"twitter:label1\" content=\"Estimated reading time\" \/>\n\t<meta name=\"twitter:data1\" content=\"1 minute\" \/>\n<script type=\"application\/ld+json\" class=\"yoast-schema-graph\">{\"@context\":\"https:\/\/schema.org\",\"@graph\":[{\"@type\":\"WebPage\",\"@id\":\"https:\/\/www.rontool.de\/shop\/handyhalter\/\",\"url\":\"https:\/\/www.rontool.de\/shop\/handyhalter\/\",\"name\":\"Handyhalter und Smartphonest\u00e4nder aus Holz, hoch und quer\",\"isPartOf\":{\"@id\":\"https:\/\/rontool.de\/#website\"},\"primaryImageOfPage\":{\"@id\":\"https:\/\/www.rontool.de\/shop\/handyhalter\/#primaryimage\"},\"image\":{\"@id\":\"https:\/\/www.rontool.de\/shop\/handyhalter\/#primaryimage\"},\"thumbnailUrl\":\"https:\/\/www.rontool.de\/wp-content\/uploads\/2021\/06\/rontool-spielzeug-aus-holz-holzspielzeug-aus-deutschland-erwachsene-handyhalter-smartphone-staender.jpg\",\"datePublished\":\"2018-09-15T09:28:04+00:00\",\"dateModified\":\"2023-11-26T21:19:01+00:00\",\"description\":\"Dieser kleine leichte Handyhalter nimmt auch deine Postkarten, Briefe, Bilder, Tablets oder \u00e4hnliches auf.\",\"breadcrumb\":{\"@id\":\"https:\/\/www.rontool.de\/shop\/handyhalter\/#breadcrumb\"},\"inLanguage\":\"en-GB\",\"potentialAction\":[{\"@type\":\"ReadAction\",\"target\":[\"https:\/\/www.rontool.de\/shop\/handyhalter\/\"]}]},{\"@type\":\"ImageObject\",\"inLanguage\":\"en-GB\",\"@id\":\"https:\/\/www.rontool.de\/shop\/handyhalter\/#primaryimage\",\"url\":\"https:\/\/www.rontool.de\/wp-content\/uploads\/2021\/06\/rontool-spielzeug-aus-holz-holzspielzeug-aus-deutschland-erwachsene-handyhalter-smartphone-staender.jpg\",\"contentUrl\":\"https:\/\/www.rontool.de\/wp-content\/uploads\/2021\/06\/rontool-spielzeug-aus-holz-holzspielzeug-aus-deutschland-erwachsene-handyhalter-smartphone-staender.jpg\",\"width\":1000,\"height\":1000,\"caption\":\"Rontool - Holzspielzeug - Spielzeug aus Holz fuer Erwachsene - Halter fuer Handy Smartphone Postkarte\"},{\"@type\":\"BreadcrumbList\",\"@id\":\"https:\/\/www.rontool.de\/shop\/handyhalter\/#breadcrumb\",\"itemListElement\":[{\"@type\":\"ListItem\",\"position\":1,\"name\":\"Shop\",\"item\":\"https:\/\/www.rontool.de\/shop\/\"},{\"@type\":\"ListItem\",\"position\":2,\"name\":\"Handyhalter \/ Smartphonest\u00e4nder\"}]},{\"@type\":\"WebSite\",\"@id\":\"https:\/\/rontool.de\/#website\",\"url\":\"https:\/\/rontool.de\/\",\"name\":\"RONTOOL\",\"description\":\"Holzspielzeug aus Berlin f\u00fcr Kinder und Erwachsene\",\"potentialAction\":[{\"@type\":\"SearchAction\",\"target\":{\"@type\":\"EntryPoint\",\"urlTemplate\":\"https:\/\/rontool.de\/?s={search_term_string}\"},\"query-input\":{\"@type\":\"PropertyValueSpecification\",\"valueRequired\":true,\"valueName\":\"search_term_string\"}}],\"inLanguage\":\"en-GB\"}]}<\/script>\n<!-- \/ Yoast SEO plugin. -->","yoast_head_json":{"title":"Handyhalter und Smartphonest\u00e4nder aus Holz, hoch und quer","description":"Dieser kleine leichte Handyhalter nimmt auch deine Postkarten, Briefe, Bilder, Tablets oder \u00e4hnliches auf.","robots":{"index":"index","follow":"follow","max-snippet":"max-snippet:-1","max-image-preview":"max-image-preview:large","max-video-preview":"max-video-preview:-1"},"canonical":"https:\/\/www.rontool.de\/en\/shop\/handyhalter\/","og_locale":"en_GB","og_type":"article","og_title":"Handyhalter und Smartphonest\u00e4nder aus Holz, hoch und quer","og_description":"Dieser kleine leichte Handyhalter nimmt auch deine Postkarten, Briefe, Bilder, Tablets oder \u00e4hnliches auf.","og_url":"https:\/\/www.rontool.de\/en\/shop\/handyhalter\/","og_site_name":"RONTOOL","article_modified_time":"2023-11-26T21:19:01+00:00","og_image":[{"width":1000,"height":1000,"url":"https:\/\/www.rontool.de\/wp-content\/uploads\/2021\/06\/rontool-spielzeug-aus-holz-holzspielzeug-aus-deutschland-erwachsene-handyhalter-smartphone-staender.jpg","type":"image\/jpeg"}],"twitter_card":"summary_large_image","twitter_misc":{"Estimated reading time":"1 minute"},"schema":{"@context":"https:\/\/schema.org","@graph":[{"@type":"WebPage","@id":"https:\/\/www.rontool.de\/shop\/handyhalter\/","url":"https:\/\/www.rontool.de\/shop\/handyhalter\/","name":"Handyhalter und Smartphonest\u00e4nder aus Holz, hoch und quer","isPartOf":{"@id":"https:\/\/rontool.de\/#website"},"primaryImageOfPage":{"@id":"https:\/\/www.rontool.de\/shop\/handyhalter\/#primaryimage"},"image":{"@id":"https:\/\/www.rontool.de\/shop\/handyhalter\/#primaryimage"},"thumbnailUrl":"https:\/\/www.rontool.de\/wp-content\/uploads\/2021\/06\/rontool-spielzeug-aus-holz-holzspielzeug-aus-deutschland-erwachsene-handyhalter-smartphone-staender.jpg","datePublished":"2018-09-15T09:28:04+00:00","dateModified":"2023-11-26T21:19:01+00:00","description":"Dieser kleine leichte Handyhalter nimmt auch deine Postkarten, Briefe, Bilder, Tablets oder \u00e4hnliches auf.","breadcrumb":{"@id":"https:\/\/www.rontool.de\/shop\/handyhalter\/#breadcrumb"},"inLanguage":"en-GB","potentialAction":[{"@type":"ReadAction","target":["https:\/\/www.rontool.de\/shop\/handyhalter\/"]}]},{"@type":"ImageObject","inLanguage":"en-GB","@id":"https:\/\/www.rontool.de\/shop\/handyhalter\/#primaryimage","url":"https:\/\/www.rontool.de\/wp-content\/uploads\/2021\/06\/rontool-spielzeug-aus-holz-holzspielzeug-aus-deutschland-erwachsene-handyhalter-smartphone-staender.jpg","contentUrl":"https:\/\/www.rontool.de\/wp-content\/uploads\/2021\/06\/rontool-spielzeug-aus-holz-holzspielzeug-aus-deutschland-erwachsene-handyhalter-smartphone-staender.jpg","width":1000,"height":1000,"caption":"Rontool - Holzspielzeug - Spielzeug aus Holz fuer Erwachsene - Halter fuer Handy Smartphone Postkarte"},{"@type":"BreadcrumbList","@id":"https:\/\/www.rontool.de\/shop\/handyhalter\/#breadcrumb","itemListElement":[{"@type":"ListItem","position":1,"name":"Shop","item":"https:\/\/www.rontool.de\/shop\/"},{"@type":"ListItem","position":2,"name":"Handyhalter \/ Smartphonest\u00e4nder"}]},{"@type":"WebSite","@id":"https:\/\/rontool.de\/#website","url":"https:\/\/rontool.de\/","name":"RONTOOL","description":"Holzspielzeug aus Berlin f\u00fcr Kinder und Erwachsene","potentialAction":[{"@type":"SearchAction","target":{"@type":"EntryPoint","urlTemplate":"https:\/\/rontool.de\/?s={search_term_string}"},"query-input":{"@type":"PropertyValueSpecification","valueRequired":true,"valueName":"search_term_string"}}],"inLanguage":"en-GB"}]}},"_links":{"self":[{"href":"https:\/\/www.rontool.de\/en\/wp-json\/wp\/v2\/product\/1117","targetHints":{"allow":["GET"]}}],"collection":[{"href":"https:\/\/www.rontool.de\/en\/wp-json\/wp\/v2\/product"}],"about":[{"href":"https:\/\/www.rontool.de\/en\/wp-json\/wp\/v2\/types\/product"}],"wp:featuredmedia":[{"embeddable":true,"href":"https:\/\/www.rontool.de\/en\/wp-json\/wp\/v2\/media\/9014"}],"wp:attachment":[{"href":"https:\/\/www.rontool.de\/en\/wp-json\/wp\/v2\/media?parent=1117"}],"wp:term":[{"taxonomy":"product_brand","embeddable":true,"href":"https:\/\/www.rontool.de\/en\/wp-json\/wp\/v2\/product_brand?post=1117"},{"taxonomy":"product_cat","embeddable":true,"href":"https:\/\/www.rontool.de\/en\/wp-json\/wp\/v2\/product_cat?post=1117"},{"taxonomy":"product_tag","embeddable":true,"href":"https:\/\/www.rontool.de\/en\/wp-json\/wp\/v2\/product_tag?post=1117"}],"curies":[{"name":"wp","href":"https:\/\/api.w.org\/{rel}","templated":true}]}}