{"id":1119,"date":"2018-09-15T09:32:36","date_gmt":"2018-09-15T09:32:36","guid":{"rendered":"http:\/\/testzone-2018.rontool.de\/?post_type=product&#038;p=1119"},"modified":"2023-11-26T21:18:09","modified_gmt":"2023-11-26T21:18:09","slug":"tablethalter","status":"publish","type":"product","link":"https:\/\/www.rontool.de\/en\/shop\/tablethalter\/","title":{"rendered":"Tablet holder"},"content":{"rendered":"<h2>Tablet holder<\/h2>\n<p class=\"translation-block\">The tablet holder is great for setting up all common tablets. So you have your hands free for your films and video conferences. <br>\nThe stand is also great to put your photos, pictures or postcards in the limelight or as a storage place for your remote control or letters.<\/p>\n<p>It is balanced in such a way that it beautifully displays devices or sheet music as well as books up to 180 pages and presentation folders. In portrait or landscape format.<\/p>\n<p>The small stand consists of 2 side parts, which are connected with 2 round pieces of wood.<\/p>\n<p><strong>Dimensions:<\/strong><\/p>\n<p>Length: 17cm<br \/>\nWidth: 10cm<br \/>\nHeight: 4cm<\/p>\n<p>Weight - 100g<\/p>\n<p>&nbsp;<\/p>\n<p>You will find the same stand for smaller tablets and smartphones, but with shorter round pieces of wood <a href=\"https:\/\/www.rontool.de\/en\/shop\/handyhalter\/\" target=\"_blank\" rel=\"noopener noreferrer\">here<\/a>.<\/p>\n<p>Es gibt auch noch einen platzsparenden klappbaren Aufsteller f\u00fcr Tastaturen oder Notebooks von rontools <a href=\"https:\/\/www.rontool.de\/en\/shop\/verstellbare-tastaturerhoehung\/\">here<\/a>.<\/p>","protected":false},"excerpt":{"rendered":"<p>Tablethalter Der Tablethalter eignet sich super zum Aufstellen f\u00fcr alle g\u00e4ngigen Tablets. So hast du bei deinen Filmen und Videokonferenzen die H\u00e4nde frei. Der Aufsteller ist auch super, um deine Fotos, Bilder oder Postkarten in Szene zu setzen oder als Aufbewahrungsort f\u00fcr deine Fernbedienung oder Briefe. Er ist so austariert, dass er Ger\u00e4te oder auch [&#8230;]\n","protected":false},"featured_media":9022,"template":"","meta":[],"product_brand":[],"product_cat":[39],"product_tag":[82,75],"class_list":{"0":"post-1119","1":"product","2":"type-product","3":"status-publish","4":"has-post-thumbnail","6":"product_cat-erwachsene","7":"product_tag-business","8":"product_tag-haushalt","10":"first","11":"instock","12":"taxable","13":"shipping-taxable","14":"purchasable","15":"product-type-simple"},"yoast_head":"<!-- This site is optimized with the Yoast SEO plugin v27.2 - https:\/\/yoast.com\/product\/yoast-seo-wordpress\/ -->\n<title>Tablethalter im Hoch- und Querformat aus Birken-Holz<\/title>\n<meta name=\"description\" content=\"Dieser schlichte und s\u00fc\u00dfe Tablethalter eignet sich super, um \u00fcber das Tablet an Videokonferenzen teilzunehmen oder Filme zu schauen\" \/>\n<meta name=\"robots\" content=\"index, follow, max-snippet:-1, max-image-preview:large, max-video-preview:-1\" \/>\n<link rel=\"canonical\" href=\"https:\/\/www.rontool.de\/en\/shop\/tablethalter\/\" \/>\n<meta property=\"og:locale\" content=\"en_GB\" \/>\n<meta property=\"og:type\" content=\"article\" \/>\n<meta property=\"og:title\" content=\"Tablethalter im Hoch- und Querformat aus Birken-Holz\" \/>\n<meta property=\"og:description\" content=\"Dieser schlichte und s\u00fc\u00dfe Tablethalter eignet sich super, um \u00fcber das Tablet an Videokonferenzen teilzunehmen oder Filme zu schauen\" \/>\n<meta property=\"og:url\" content=\"https:\/\/www.rontool.de\/en\/shop\/tablethalter\/\" \/>\n<meta property=\"og:site_name\" content=\"RONTOOL\" \/>\n<meta property=\"article:modified_time\" content=\"2023-11-26T21:18:09+00:00\" \/>\n<meta property=\"og:image\" content=\"https:\/\/www.rontool.de\/wp-content\/uploads\/2018\/09\/rontool-spielzeug-aus-holz-holzspielzeug-aus-deutschland-erwachsene-tablet-halter.jpg\" \/>\n\t<meta property=\"og:image:width\" content=\"1000\" \/>\n\t<meta property=\"og:image:height\" content=\"1000\" \/>\n\t<meta property=\"og:image:type\" content=\"image\/jpeg\" \/>\n<meta name=\"twitter:card\" content=\"summary_large_image\" \/>\n<meta name=\"twitter:label1\" content=\"Estimated reading time\" \/>\n\t<meta name=\"twitter:data1\" content=\"1 minute\" \/>\n<script type=\"application\/ld+json\" class=\"yoast-schema-graph\">{\"@context\":\"https:\/\/schema.org\",\"@graph\":[{\"@type\":\"WebPage\",\"@id\":\"https:\/\/www.rontool.de\/shop\/tablethalter\/\",\"url\":\"https:\/\/www.rontool.de\/shop\/tablethalter\/\",\"name\":\"Tablethalter im Hoch- und Querformat aus Birken-Holz\",\"isPartOf\":{\"@id\":\"https:\/\/rontool.de\/#website\"},\"primaryImageOfPage\":{\"@id\":\"https:\/\/www.rontool.de\/shop\/tablethalter\/#primaryimage\"},\"image\":{\"@id\":\"https:\/\/www.rontool.de\/shop\/tablethalter\/#primaryimage\"},\"thumbnailUrl\":\"https:\/\/www.rontool.de\/wp-content\/uploads\/2018\/09\/rontool-spielzeug-aus-holz-holzspielzeug-aus-deutschland-erwachsene-tablet-halter.jpg\",\"datePublished\":\"2018-09-15T09:32:36+00:00\",\"dateModified\":\"2023-11-26T21:18:09+00:00\",\"description\":\"Dieser schlichte und s\u00fc\u00dfe Tablethalter eignet sich super, um \u00fcber das Tablet an Videokonferenzen teilzunehmen oder Filme zu schauen\",\"breadcrumb\":{\"@id\":\"https:\/\/www.rontool.de\/shop\/tablethalter\/#breadcrumb\"},\"inLanguage\":\"en-GB\",\"potentialAction\":[{\"@type\":\"ReadAction\",\"target\":[\"https:\/\/www.rontool.de\/shop\/tablethalter\/\"]}]},{\"@type\":\"ImageObject\",\"inLanguage\":\"en-GB\",\"@id\":\"https:\/\/www.rontool.de\/shop\/tablethalter\/#primaryimage\",\"url\":\"https:\/\/www.rontool.de\/wp-content\/uploads\/2018\/09\/rontool-spielzeug-aus-holz-holzspielzeug-aus-deutschland-erwachsene-tablet-halter.jpg\",\"contentUrl\":\"https:\/\/www.rontool.de\/wp-content\/uploads\/2018\/09\/rontool-spielzeug-aus-holz-holzspielzeug-aus-deutschland-erwachsene-tablet-halter.jpg\",\"width\":1000,\"height\":1000,\"caption\":\"Rontool - Holzspielzeug - Spielzeug aus Holz fuer Erwachsene Tablet-Halter Smartphone-Halter Halterung Staender\"},{\"@type\":\"BreadcrumbList\",\"@id\":\"https:\/\/www.rontool.de\/shop\/tablethalter\/#breadcrumb\",\"itemListElement\":[{\"@type\":\"ListItem\",\"position\":1,\"name\":\"Shop\",\"item\":\"https:\/\/www.rontool.de\/shop\/\"},{\"@type\":\"ListItem\",\"position\":2,\"name\":\"Tablethalter\"}]},{\"@type\":\"WebSite\",\"@id\":\"https:\/\/rontool.de\/#website\",\"url\":\"https:\/\/rontool.de\/\",\"name\":\"RONTOOL\",\"description\":\"Holzspielzeug aus Berlin f\u00fcr Kinder und Erwachsene\",\"potentialAction\":[{\"@type\":\"SearchAction\",\"target\":{\"@type\":\"EntryPoint\",\"urlTemplate\":\"https:\/\/rontool.de\/?s={search_term_string}\"},\"query-input\":{\"@type\":\"PropertyValueSpecification\",\"valueRequired\":true,\"valueName\":\"search_term_string\"}}],\"inLanguage\":\"en-GB\"}]}<\/script>\n<!-- \/ Yoast SEO plugin. -->","yoast_head_json":{"title":"Tablethalter im Hoch- und Querformat aus Birken-Holz","description":"Dieser schlichte und s\u00fc\u00dfe Tablethalter eignet sich super, um \u00fcber das Tablet an Videokonferenzen teilzunehmen oder Filme zu schauen","robots":{"index":"index","follow":"follow","max-snippet":"max-snippet:-1","max-image-preview":"max-image-preview:large","max-video-preview":"max-video-preview:-1"},"canonical":"https:\/\/www.rontool.de\/en\/shop\/tablethalter\/","og_locale":"en_GB","og_type":"article","og_title":"Tablethalter im Hoch- und Querformat aus Birken-Holz","og_description":"Dieser schlichte und s\u00fc\u00dfe Tablethalter eignet sich super, um \u00fcber das Tablet an Videokonferenzen teilzunehmen oder Filme zu schauen","og_url":"https:\/\/www.rontool.de\/en\/shop\/tablethalter\/","og_site_name":"RONTOOL","article_modified_time":"2023-11-26T21:18:09+00:00","og_image":[{"width":1000,"height":1000,"url":"https:\/\/www.rontool.de\/wp-content\/uploads\/2018\/09\/rontool-spielzeug-aus-holz-holzspielzeug-aus-deutschland-erwachsene-tablet-halter.jpg","type":"image\/jpeg"}],"twitter_card":"summary_large_image","twitter_misc":{"Estimated reading time":"1 minute"},"schema":{"@context":"https:\/\/schema.org","@graph":[{"@type":"WebPage","@id":"https:\/\/www.rontool.de\/shop\/tablethalter\/","url":"https:\/\/www.rontool.de\/shop\/tablethalter\/","name":"Tablethalter im Hoch- und Querformat aus Birken-Holz","isPartOf":{"@id":"https:\/\/rontool.de\/#website"},"primaryImageOfPage":{"@id":"https:\/\/www.rontool.de\/shop\/tablethalter\/#primaryimage"},"image":{"@id":"https:\/\/www.rontool.de\/shop\/tablethalter\/#primaryimage"},"thumbnailUrl":"https:\/\/www.rontool.de\/wp-content\/uploads\/2018\/09\/rontool-spielzeug-aus-holz-holzspielzeug-aus-deutschland-erwachsene-tablet-halter.jpg","datePublished":"2018-09-15T09:32:36+00:00","dateModified":"2023-11-26T21:18:09+00:00","description":"Dieser schlichte und s\u00fc\u00dfe Tablethalter eignet sich super, um \u00fcber das Tablet an Videokonferenzen teilzunehmen oder Filme zu schauen","breadcrumb":{"@id":"https:\/\/www.rontool.de\/shop\/tablethalter\/#breadcrumb"},"inLanguage":"en-GB","potentialAction":[{"@type":"ReadAction","target":["https:\/\/www.rontool.de\/shop\/tablethalter\/"]}]},{"@type":"ImageObject","inLanguage":"en-GB","@id":"https:\/\/www.rontool.de\/shop\/tablethalter\/#primaryimage","url":"https:\/\/www.rontool.de\/wp-content\/uploads\/2018\/09\/rontool-spielzeug-aus-holz-holzspielzeug-aus-deutschland-erwachsene-tablet-halter.jpg","contentUrl":"https:\/\/www.rontool.de\/wp-content\/uploads\/2018\/09\/rontool-spielzeug-aus-holz-holzspielzeug-aus-deutschland-erwachsene-tablet-halter.jpg","width":1000,"height":1000,"caption":"Rontool - Holzspielzeug - Spielzeug aus Holz fuer Erwachsene Tablet-Halter Smartphone-Halter Halterung Staender"},{"@type":"BreadcrumbList","@id":"https:\/\/www.rontool.de\/shop\/tablethalter\/#breadcrumb","itemListElement":[{"@type":"ListItem","position":1,"name":"Shop","item":"https:\/\/www.rontool.de\/shop\/"},{"@type":"ListItem","position":2,"name":"Tablethalter"}]},{"@type":"WebSite","@id":"https:\/\/rontool.de\/#website","url":"https:\/\/rontool.de\/","name":"RONTOOL","description":"Holzspielzeug aus Berlin f\u00fcr Kinder und Erwachsene","potentialAction":[{"@type":"SearchAction","target":{"@type":"EntryPoint","urlTemplate":"https:\/\/rontool.de\/?s={search_term_string}"},"query-input":{"@type":"PropertyValueSpecification","valueRequired":true,"valueName":"search_term_string"}}],"inLanguage":"en-GB"}]}},"_links":{"self":[{"href":"https:\/\/www.rontool.de\/en\/wp-json\/wp\/v2\/product\/1119","targetHints":{"allow":["GET"]}}],"collection":[{"href":"https:\/\/www.rontool.de\/en\/wp-json\/wp\/v2\/product"}],"about":[{"href":"https:\/\/www.rontool.de\/en\/wp-json\/wp\/v2\/types\/product"}],"wp:featuredmedia":[{"embeddable":true,"href":"https:\/\/www.rontool.de\/en\/wp-json\/wp\/v2\/media\/9022"}],"wp:attachment":[{"href":"https:\/\/www.rontool.de\/en\/wp-json\/wp\/v2\/media?parent=1119"}],"wp:term":[{"taxonomy":"product_brand","embeddable":true,"href":"https:\/\/www.rontool.de\/en\/wp-json\/wp\/v2\/product_brand?post=1119"},{"taxonomy":"product_cat","embeddable":true,"href":"https:\/\/www.rontool.de\/en\/wp-json\/wp\/v2\/product_cat?post=1119"},{"taxonomy":"product_tag","embeddable":true,"href":"https:\/\/www.rontool.de\/en\/wp-json\/wp\/v2\/product_tag?post=1119"}],"curies":[{"name":"wp","href":"https:\/\/api.w.org\/{rel}","templated":true}]}}