{"id":1131,"date":"2018-09-15T09:47:21","date_gmt":"2018-09-15T09:47:21","guid":{"rendered":"http:\/\/testzone-2018.rontool.de\/?post_type=product&#038;p=1131"},"modified":"2023-11-26T21:08:01","modified_gmt":"2023-11-26T21:08:01","slug":"nussknacker","status":"publish","type":"product","link":"https:\/\/www.rontool.de\/en\/shop\/nussknacker\/","title":{"rendered":"Nutcracker"},"content":{"rendered":"<p>The \"Nutcracker\" wooden toy tool is particularly easy to grip. Nuts of all kinds can be broken open with the right amount of force. The nuts and the shell pieces stay in the shell and do not fly around. When not in use, simply put the hammer upright in the bowl.<\/p>\n<p>This is healthy fun for young and old.<\/p>\n<p>A nice gift for men !!!<\/p>","protected":false},"excerpt":{"rendered":"<p>Das Holzspielzeugwerkzeug &#8222;Nussknacker&#8220; liegt besonders griffig in der Hand. N\u00fcsse aller Art lassen sich mit wohldosierter Kraft aufbrechen. Die N\u00fcsse samt Schalenst\u00fccke bleiben in der Schale und fliegen nicht umher. Bei Nichtgebrauch stellt man den Hammer einfach hochkant in die Schale rein. Das ist gesunder Spa\u00df f\u00fcr Kleine und Gro\u00dfe. Ein sch\u00f6nes M\u00e4nnergeschenk!!!<\/p>","protected":false},"featured_media":9017,"template":"","meta":[],"product_brand":[],"product_cat":[39,37],"product_tag":[123,75,84,80],"class_list":{"0":"post-1131","1":"product","2":"type-product","3":"status-publish","4":"has-post-thumbnail","6":"product_cat-erwachsene","7":"product_cat-werkzeuge","8":"product_tag-dedraufhauen","9":"product_tag-haushalt","10":"product_tag-weihnachten","11":"product_tag-zersplittern-und-zersaegen","13":"first","14":"instock","15":"taxable","16":"shipping-taxable","17":"purchasable","18":"product-type-simple"},"yoast_head":"<!-- This site is optimized with the Yoast SEO plugin v27.2 - https:\/\/yoast.com\/product\/yoast-seo-wordpress\/ -->\n<title>Nussknacker - RONTOOL<\/title>\n<meta name=\"robots\" content=\"index, follow, max-snippet:-1, max-image-preview:large, max-video-preview:-1\" \/>\n<link rel=\"canonical\" href=\"https:\/\/www.rontool.de\/en\/shop\/nussknacker\/\" \/>\n<meta property=\"og:locale\" content=\"en_GB\" \/>\n<meta property=\"og:type\" content=\"article\" \/>\n<meta property=\"og:title\" content=\"Nussknacker - RONTOOL\" \/>\n<meta property=\"og:description\" content=\"Das Holzspielzeugwerkzeug &#8222;Nussknacker&#8220; liegt besonders griffig in der Hand. N\u00fcsse aller Art lassen sich mit wohldosierter Kraft aufbrechen. Die N\u00fcsse samt Schalenst\u00fccke bleiben in der Schale und fliegen nicht umher. Bei Nichtgebrauch stellt man den Hammer einfach hochkant in die Schale rein. Das ist gesunder Spa\u00df f\u00fcr Kleine und Gro\u00dfe. Ein sch\u00f6nes M\u00e4nnergeschenk!!!\" \/>\n<meta property=\"og:url\" content=\"https:\/\/www.rontool.de\/en\/shop\/nussknacker\/\" \/>\n<meta property=\"og:site_name\" content=\"RONTOOL\" \/>\n<meta property=\"article:modified_time\" content=\"2023-11-26T21:08:01+00:00\" \/>\n<meta property=\"og:image\" content=\"https:\/\/www.rontool.de\/wp-content\/uploads\/2021\/06\/rontool-spielzeug-aus-holz-holzspielzeug-aus-deutschland-erwachsene-nussknacker.jpg\" \/>\n\t<meta property=\"og:image:width\" content=\"1000\" \/>\n\t<meta property=\"og:image:height\" content=\"1000\" \/>\n\t<meta property=\"og:image:type\" content=\"image\/jpeg\" \/>\n<meta name=\"twitter:card\" content=\"summary_large_image\" \/>\n<meta name=\"twitter:label1\" content=\"Estimated reading time\" \/>\n\t<meta name=\"twitter:data1\" content=\"1 minute\" \/>\n<script type=\"application\/ld+json\" class=\"yoast-schema-graph\">{\"@context\":\"https:\/\/schema.org\",\"@graph\":[{\"@type\":\"WebPage\",\"@id\":\"https:\/\/www.rontool.de\/shop\/nussknacker\/\",\"url\":\"https:\/\/www.rontool.de\/shop\/nussknacker\/\",\"name\":\"Nussknacker - RONTOOL\",\"isPartOf\":{\"@id\":\"https:\/\/rontool.de\/#website\"},\"primaryImageOfPage\":{\"@id\":\"https:\/\/www.rontool.de\/shop\/nussknacker\/#primaryimage\"},\"image\":{\"@id\":\"https:\/\/www.rontool.de\/shop\/nussknacker\/#primaryimage\"},\"thumbnailUrl\":\"https:\/\/www.rontool.de\/wp-content\/uploads\/2021\/06\/rontool-spielzeug-aus-holz-holzspielzeug-aus-deutschland-erwachsene-nussknacker.jpg\",\"datePublished\":\"2018-09-15T09:47:21+00:00\",\"dateModified\":\"2023-11-26T21:08:01+00:00\",\"breadcrumb\":{\"@id\":\"https:\/\/www.rontool.de\/shop\/nussknacker\/#breadcrumb\"},\"inLanguage\":\"en-GB\",\"potentialAction\":[{\"@type\":\"ReadAction\",\"target\":[\"https:\/\/www.rontool.de\/shop\/nussknacker\/\"]}]},{\"@type\":\"ImageObject\",\"inLanguage\":\"en-GB\",\"@id\":\"https:\/\/www.rontool.de\/shop\/nussknacker\/#primaryimage\",\"url\":\"https:\/\/www.rontool.de\/wp-content\/uploads\/2021\/06\/rontool-spielzeug-aus-holz-holzspielzeug-aus-deutschland-erwachsene-nussknacker.jpg\",\"contentUrl\":\"https:\/\/www.rontool.de\/wp-content\/uploads\/2021\/06\/rontool-spielzeug-aus-holz-holzspielzeug-aus-deutschland-erwachsene-nussknacker.jpg\",\"width\":1000,\"height\":1000,\"caption\":\"Rontool - Holzspielzeug - Spielzeug aus Holz fuer Erwachsene grosser Hammer Nuss Nuesse knacken robust beste Qualit\u00e4t\"},{\"@type\":\"BreadcrumbList\",\"@id\":\"https:\/\/www.rontool.de\/shop\/nussknacker\/#breadcrumb\",\"itemListElement\":[{\"@type\":\"ListItem\",\"position\":1,\"name\":\"Shop\",\"item\":\"https:\/\/www.rontool.de\/shop\/\"},{\"@type\":\"ListItem\",\"position\":2,\"name\":\"Nussknacker\"}]},{\"@type\":\"WebSite\",\"@id\":\"https:\/\/rontool.de\/#website\",\"url\":\"https:\/\/rontool.de\/\",\"name\":\"RONTOOL\",\"description\":\"Holzspielzeug aus Berlin f\u00fcr Kinder und Erwachsene\",\"potentialAction\":[{\"@type\":\"SearchAction\",\"target\":{\"@type\":\"EntryPoint\",\"urlTemplate\":\"https:\/\/rontool.de\/?s={search_term_string}\"},\"query-input\":{\"@type\":\"PropertyValueSpecification\",\"valueRequired\":true,\"valueName\":\"search_term_string\"}}],\"inLanguage\":\"en-GB\"}]}<\/script>\n<!-- \/ Yoast SEO plugin. -->","yoast_head_json":{"title":"Nussknacker - RONTOOL","robots":{"index":"index","follow":"follow","max-snippet":"max-snippet:-1","max-image-preview":"max-image-preview:large","max-video-preview":"max-video-preview:-1"},"canonical":"https:\/\/www.rontool.de\/en\/shop\/nussknacker\/","og_locale":"en_GB","og_type":"article","og_title":"Nussknacker - RONTOOL","og_description":"Das Holzspielzeugwerkzeug &#8222;Nussknacker&#8220; liegt besonders griffig in der Hand. N\u00fcsse aller Art lassen sich mit wohldosierter Kraft aufbrechen. Die N\u00fcsse samt Schalenst\u00fccke bleiben in der Schale und fliegen nicht umher. Bei Nichtgebrauch stellt man den Hammer einfach hochkant in die Schale rein. Das ist gesunder Spa\u00df f\u00fcr Kleine und Gro\u00dfe. Ein sch\u00f6nes M\u00e4nnergeschenk!!!","og_url":"https:\/\/www.rontool.de\/en\/shop\/nussknacker\/","og_site_name":"RONTOOL","article_modified_time":"2023-11-26T21:08:01+00:00","og_image":[{"width":1000,"height":1000,"url":"https:\/\/www.rontool.de\/wp-content\/uploads\/2021\/06\/rontool-spielzeug-aus-holz-holzspielzeug-aus-deutschland-erwachsene-nussknacker.jpg","type":"image\/jpeg"}],"twitter_card":"summary_large_image","twitter_misc":{"Estimated reading time":"1 minute"},"schema":{"@context":"https:\/\/schema.org","@graph":[{"@type":"WebPage","@id":"https:\/\/www.rontool.de\/shop\/nussknacker\/","url":"https:\/\/www.rontool.de\/shop\/nussknacker\/","name":"Nussknacker - RONTOOL","isPartOf":{"@id":"https:\/\/rontool.de\/#website"},"primaryImageOfPage":{"@id":"https:\/\/www.rontool.de\/shop\/nussknacker\/#primaryimage"},"image":{"@id":"https:\/\/www.rontool.de\/shop\/nussknacker\/#primaryimage"},"thumbnailUrl":"https:\/\/www.rontool.de\/wp-content\/uploads\/2021\/06\/rontool-spielzeug-aus-holz-holzspielzeug-aus-deutschland-erwachsene-nussknacker.jpg","datePublished":"2018-09-15T09:47:21+00:00","dateModified":"2023-11-26T21:08:01+00:00","breadcrumb":{"@id":"https:\/\/www.rontool.de\/shop\/nussknacker\/#breadcrumb"},"inLanguage":"en-GB","potentialAction":[{"@type":"ReadAction","target":["https:\/\/www.rontool.de\/shop\/nussknacker\/"]}]},{"@type":"ImageObject","inLanguage":"en-GB","@id":"https:\/\/www.rontool.de\/shop\/nussknacker\/#primaryimage","url":"https:\/\/www.rontool.de\/wp-content\/uploads\/2021\/06\/rontool-spielzeug-aus-holz-holzspielzeug-aus-deutschland-erwachsene-nussknacker.jpg","contentUrl":"https:\/\/www.rontool.de\/wp-content\/uploads\/2021\/06\/rontool-spielzeug-aus-holz-holzspielzeug-aus-deutschland-erwachsene-nussknacker.jpg","width":1000,"height":1000,"caption":"Rontool - Holzspielzeug - Spielzeug aus Holz fuer Erwachsene grosser Hammer Nuss Nuesse knacken robust beste Qualit\u00e4t"},{"@type":"BreadcrumbList","@id":"https:\/\/www.rontool.de\/shop\/nussknacker\/#breadcrumb","itemListElement":[{"@type":"ListItem","position":1,"name":"Shop","item":"https:\/\/www.rontool.de\/shop\/"},{"@type":"ListItem","position":2,"name":"Nussknacker"}]},{"@type":"WebSite","@id":"https:\/\/rontool.de\/#website","url":"https:\/\/rontool.de\/","name":"RONTOOL","description":"Holzspielzeug aus Berlin f\u00fcr Kinder und Erwachsene","potentialAction":[{"@type":"SearchAction","target":{"@type":"EntryPoint","urlTemplate":"https:\/\/rontool.de\/?s={search_term_string}"},"query-input":{"@type":"PropertyValueSpecification","valueRequired":true,"valueName":"search_term_string"}}],"inLanguage":"en-GB"}]}},"_links":{"self":[{"href":"https:\/\/www.rontool.de\/en\/wp-json\/wp\/v2\/product\/1131","targetHints":{"allow":["GET"]}}],"collection":[{"href":"https:\/\/www.rontool.de\/en\/wp-json\/wp\/v2\/product"}],"about":[{"href":"https:\/\/www.rontool.de\/en\/wp-json\/wp\/v2\/types\/product"}],"wp:featuredmedia":[{"embeddable":true,"href":"https:\/\/www.rontool.de\/en\/wp-json\/wp\/v2\/media\/9017"}],"wp:attachment":[{"href":"https:\/\/www.rontool.de\/en\/wp-json\/wp\/v2\/media?parent=1131"}],"wp:term":[{"taxonomy":"product_brand","embeddable":true,"href":"https:\/\/www.rontool.de\/en\/wp-json\/wp\/v2\/product_brand?post=1131"},{"taxonomy":"product_cat","embeddable":true,"href":"https:\/\/www.rontool.de\/en\/wp-json\/wp\/v2\/product_cat?post=1131"},{"taxonomy":"product_tag","embeddable":true,"href":"https:\/\/www.rontool.de\/en\/wp-json\/wp\/v2\/product_tag?post=1131"}],"curies":[{"name":"wp","href":"https:\/\/api.w.org\/{rel}","templated":true}]}}