{"id":1146,"date":"2018-09-15T10:00:41","date_gmt":"2018-09-15T10:00:41","guid":{"rendered":"http:\/\/testzone-2018.rontool.de\/?post_type=product&#038;p=1146"},"modified":"2023-11-26T18:27:34","modified_gmt":"2023-11-26T18:27:34","slug":"harke","status":"publish","type":"product","link":"https:\/\/www.rontool.de\/en\/shop\/harke\/","title":{"rendered":"Rake"},"content":{"rendered":"<h2>Rake<\/h2>\n<p class=\"translation-block\">The small rake wooden toy has a nice handle with a protruding end so that the little hand of a child does not slip away. <br>\nThe robust material and the sealing of the wood with hard wax oil enable long fun in the sandpit. The hole in the handle allows it to be easily stowed away on wall hooks.<\/p>\n<p><strong>Dimensions:<\/strong><br \/>\nLength: 23.5cm<br \/>\nHeight: 7cm<br \/>\nWeight: 111g<\/p>\n<p class=\"translation-block\">For real gardeners and diggers, we also have the <a href=\"https:\/\/www.rontool.de\/en\/shop\/schippe\/\" target=\"_self\" rel=\"noopener\"> little shovel <\/a> and the <a href=\"https:\/\/www.rontool.de\/en\/shop\/spaten\/\" target=\"_ self\" rel=\"noopener\"> big spade <\/a>.<\/p>","protected":false},"excerpt":{"rendered":"<p>Harke Das Holzspielzeug kleine Harke hat einen sch\u00f6nen Griff mit ausladendem Abschluss, sodass die kleine Kinderhand nicht wegrutscht. Das robuste Material und die Versiegelung des Holzes mit Hartwachs\u00f6l erm\u00f6glichen einen langen Spielspa\u00df im Sandkasten. Das Loch im Griff erm\u00f6glicht ein gutes Verstauen an Wandhaken. Ma\u00dfe: L\u00e4nge: 23,5cm H\u00f6he: 7cm Gewicht: 111g F\u00fcr echte G\u00e4rtner und [&#8230;]\n","protected":false},"featured_media":9003,"template":"","meta":[],"product_brand":[],"product_cat":[38,37],"product_tag":[123,75,60,80],"class_list":{"0":"post-1146","1":"product","2":"type-product","3":"status-publish","4":"has-post-thumbnail","6":"product_cat-sandkasten","7":"product_cat-werkzeuge","8":"product_tag-dedraufhauen","9":"product_tag-haushalt","10":"product_tag-sandspielzeug","11":"product_tag-zersplittern-und-zersaegen","13":"first","14":"instock","15":"taxable","16":"shipping-taxable","17":"purchasable","18":"product-type-simple"},"yoast_head":"<!-- This site is optimized with the Yoast SEO plugin v27.2 - https:\/\/yoast.com\/product\/yoast-seo-wordpress\/ -->\n<title>Harke Sandspielzeug aus Holz zum Buddeln und Linien ziehen<\/title>\n<meta name=\"description\" content=\"Die Harke geh\u00f6rt zum Sandspielzeugset der rontools. Sie besteht aus zwei verschraubten Holzteilen und ist super langlebig.\" \/>\n<meta name=\"robots\" content=\"index, follow, max-snippet:-1, max-image-preview:large, max-video-preview:-1\" \/>\n<link rel=\"canonical\" href=\"https:\/\/www.rontool.de\/en\/shop\/harke\/\" \/>\n<meta property=\"og:locale\" content=\"en_GB\" \/>\n<meta property=\"og:type\" content=\"article\" \/>\n<meta property=\"og:title\" content=\"Harke Sandspielzeug aus Holz zum Buddeln und Linien ziehen\" \/>\n<meta property=\"og:description\" content=\"Die Harke geh\u00f6rt zum Sandspielzeugset der rontools. Sie besteht aus zwei verschraubten Holzteilen und ist super langlebig.\" \/>\n<meta property=\"og:url\" content=\"https:\/\/www.rontool.de\/en\/shop\/harke\/\" \/>\n<meta property=\"og:site_name\" content=\"RONTOOL\" \/>\n<meta property=\"article:modified_time\" content=\"2023-11-26T18:27:34+00:00\" \/>\n<meta property=\"og:image\" content=\"https:\/\/www.rontool.de\/wp-content\/uploads\/2021\/06\/rontool-spielzeug-aus-holz-holzspielzeug-deutschland-werkzeuge-harke.jpg\" \/>\n\t<meta property=\"og:image:width\" content=\"1000\" \/>\n\t<meta property=\"og:image:height\" content=\"1000\" \/>\n\t<meta property=\"og:image:type\" content=\"image\/jpeg\" \/>\n<meta name=\"twitter:card\" content=\"summary_large_image\" \/>\n<meta name=\"twitter:label1\" content=\"Estimated reading time\" \/>\n\t<meta name=\"twitter:data1\" content=\"1 minute\" \/>\n<script type=\"application\/ld+json\" class=\"yoast-schema-graph\">{\"@context\":\"https:\/\/schema.org\",\"@graph\":[{\"@type\":\"WebPage\",\"@id\":\"https:\/\/www.rontool.de\/shop\/harke\/\",\"url\":\"https:\/\/www.rontool.de\/shop\/harke\/\",\"name\":\"Harke Sandspielzeug aus Holz zum Buddeln und Linien ziehen\",\"isPartOf\":{\"@id\":\"https:\/\/rontool.de\/#website\"},\"primaryImageOfPage\":{\"@id\":\"https:\/\/www.rontool.de\/shop\/harke\/#primaryimage\"},\"image\":{\"@id\":\"https:\/\/www.rontool.de\/shop\/harke\/#primaryimage\"},\"thumbnailUrl\":\"https:\/\/www.rontool.de\/wp-content\/uploads\/2021\/06\/rontool-spielzeug-aus-holz-holzspielzeug-deutschland-werkzeuge-harke.jpg\",\"datePublished\":\"2018-09-15T10:00:41+00:00\",\"dateModified\":\"2023-11-26T18:27:34+00:00\",\"description\":\"Die Harke geh\u00f6rt zum Sandspielzeugset der rontools. Sie besteht aus zwei verschraubten Holzteilen und ist super langlebig.\",\"breadcrumb\":{\"@id\":\"https:\/\/www.rontool.de\/shop\/harke\/#breadcrumb\"},\"inLanguage\":\"en-GB\",\"potentialAction\":[{\"@type\":\"ReadAction\",\"target\":[\"https:\/\/www.rontool.de\/shop\/harke\/\"]}]},{\"@type\":\"ImageObject\",\"inLanguage\":\"en-GB\",\"@id\":\"https:\/\/www.rontool.de\/shop\/harke\/#primaryimage\",\"url\":\"https:\/\/www.rontool.de\/wp-content\/uploads\/2021\/06\/rontool-spielzeug-aus-holz-holzspielzeug-deutschland-werkzeuge-harke.jpg\",\"contentUrl\":\"https:\/\/www.rontool.de\/wp-content\/uploads\/2021\/06\/rontool-spielzeug-aus-holz-holzspielzeug-deutschland-werkzeuge-harke.jpg\",\"width\":1000,\"height\":1000,\"caption\":\"Rontool - Holzspielzeug - spielen im Sandkasten kleine Harke\"},{\"@type\":\"BreadcrumbList\",\"@id\":\"https:\/\/www.rontool.de\/shop\/harke\/#breadcrumb\",\"itemListElement\":[{\"@type\":\"ListItem\",\"position\":1,\"name\":\"Shop\",\"item\":\"https:\/\/www.rontool.de\/shop\/\"},{\"@type\":\"ListItem\",\"position\":2,\"name\":\"Harke\"}]},{\"@type\":\"WebSite\",\"@id\":\"https:\/\/rontool.de\/#website\",\"url\":\"https:\/\/rontool.de\/\",\"name\":\"RONTOOL\",\"description\":\"Holzspielzeug aus Berlin f\u00fcr Kinder und Erwachsene\",\"potentialAction\":[{\"@type\":\"SearchAction\",\"target\":{\"@type\":\"EntryPoint\",\"urlTemplate\":\"https:\/\/rontool.de\/?s={search_term_string}\"},\"query-input\":{\"@type\":\"PropertyValueSpecification\",\"valueRequired\":true,\"valueName\":\"search_term_string\"}}],\"inLanguage\":\"en-GB\"}]}<\/script>\n<!-- \/ Yoast SEO plugin. -->","yoast_head_json":{"title":"Harke Sandspielzeug aus Holz zum Buddeln und Linien ziehen","description":"Die Harke geh\u00f6rt zum Sandspielzeugset der rontools. Sie besteht aus zwei verschraubten Holzteilen und ist super langlebig.","robots":{"index":"index","follow":"follow","max-snippet":"max-snippet:-1","max-image-preview":"max-image-preview:large","max-video-preview":"max-video-preview:-1"},"canonical":"https:\/\/www.rontool.de\/en\/shop\/harke\/","og_locale":"en_GB","og_type":"article","og_title":"Harke Sandspielzeug aus Holz zum Buddeln und Linien ziehen","og_description":"Die Harke geh\u00f6rt zum Sandspielzeugset der rontools. Sie besteht aus zwei verschraubten Holzteilen und ist super langlebig.","og_url":"https:\/\/www.rontool.de\/en\/shop\/harke\/","og_site_name":"RONTOOL","article_modified_time":"2023-11-26T18:27:34+00:00","og_image":[{"width":1000,"height":1000,"url":"https:\/\/www.rontool.de\/wp-content\/uploads\/2021\/06\/rontool-spielzeug-aus-holz-holzspielzeug-deutschland-werkzeuge-harke.jpg","type":"image\/jpeg"}],"twitter_card":"summary_large_image","twitter_misc":{"Estimated reading time":"1 minute"},"schema":{"@context":"https:\/\/schema.org","@graph":[{"@type":"WebPage","@id":"https:\/\/www.rontool.de\/shop\/harke\/","url":"https:\/\/www.rontool.de\/shop\/harke\/","name":"Harke Sandspielzeug aus Holz zum Buddeln und Linien ziehen","isPartOf":{"@id":"https:\/\/rontool.de\/#website"},"primaryImageOfPage":{"@id":"https:\/\/www.rontool.de\/shop\/harke\/#primaryimage"},"image":{"@id":"https:\/\/www.rontool.de\/shop\/harke\/#primaryimage"},"thumbnailUrl":"https:\/\/www.rontool.de\/wp-content\/uploads\/2021\/06\/rontool-spielzeug-aus-holz-holzspielzeug-deutschland-werkzeuge-harke.jpg","datePublished":"2018-09-15T10:00:41+00:00","dateModified":"2023-11-26T18:27:34+00:00","description":"Die Harke geh\u00f6rt zum Sandspielzeugset der rontools. Sie besteht aus zwei verschraubten Holzteilen und ist super langlebig.","breadcrumb":{"@id":"https:\/\/www.rontool.de\/shop\/harke\/#breadcrumb"},"inLanguage":"en-GB","potentialAction":[{"@type":"ReadAction","target":["https:\/\/www.rontool.de\/shop\/harke\/"]}]},{"@type":"ImageObject","inLanguage":"en-GB","@id":"https:\/\/www.rontool.de\/shop\/harke\/#primaryimage","url":"https:\/\/www.rontool.de\/wp-content\/uploads\/2021\/06\/rontool-spielzeug-aus-holz-holzspielzeug-deutschland-werkzeuge-harke.jpg","contentUrl":"https:\/\/www.rontool.de\/wp-content\/uploads\/2021\/06\/rontool-spielzeug-aus-holz-holzspielzeug-deutschland-werkzeuge-harke.jpg","width":1000,"height":1000,"caption":"Rontool - Holzspielzeug - spielen im Sandkasten kleine Harke"},{"@type":"BreadcrumbList","@id":"https:\/\/www.rontool.de\/shop\/harke\/#breadcrumb","itemListElement":[{"@type":"ListItem","position":1,"name":"Shop","item":"https:\/\/www.rontool.de\/shop\/"},{"@type":"ListItem","position":2,"name":"Harke"}]},{"@type":"WebSite","@id":"https:\/\/rontool.de\/#website","url":"https:\/\/rontool.de\/","name":"RONTOOL","description":"Holzspielzeug aus Berlin f\u00fcr Kinder und Erwachsene","potentialAction":[{"@type":"SearchAction","target":{"@type":"EntryPoint","urlTemplate":"https:\/\/rontool.de\/?s={search_term_string}"},"query-input":{"@type":"PropertyValueSpecification","valueRequired":true,"valueName":"search_term_string"}}],"inLanguage":"en-GB"}]}},"_links":{"self":[{"href":"https:\/\/www.rontool.de\/en\/wp-json\/wp\/v2\/product\/1146","targetHints":{"allow":["GET"]}}],"collection":[{"href":"https:\/\/www.rontool.de\/en\/wp-json\/wp\/v2\/product"}],"about":[{"href":"https:\/\/www.rontool.de\/en\/wp-json\/wp\/v2\/types\/product"}],"wp:featuredmedia":[{"embeddable":true,"href":"https:\/\/www.rontool.de\/en\/wp-json\/wp\/v2\/media\/9003"}],"wp:attachment":[{"href":"https:\/\/www.rontool.de\/en\/wp-json\/wp\/v2\/media?parent=1146"}],"wp:term":[{"taxonomy":"product_brand","embeddable":true,"href":"https:\/\/www.rontool.de\/en\/wp-json\/wp\/v2\/product_brand?post=1146"},{"taxonomy":"product_cat","embeddable":true,"href":"https:\/\/www.rontool.de\/en\/wp-json\/wp\/v2\/product_cat?post=1146"},{"taxonomy":"product_tag","embeddable":true,"href":"https:\/\/www.rontool.de\/en\/wp-json\/wp\/v2\/product_tag?post=1146"}],"curies":[{"name":"wp","href":"https:\/\/api.w.org\/{rel}","templated":true}]}}