{"id":1156,"date":"2018-09-15T10:14:49","date_gmt":"2018-09-15T10:14:49","guid":{"rendered":"http:\/\/testzone-2018.rontool.de\/?post_type=product&#038;p=1156"},"modified":"2024-03-23T10:04:01","modified_gmt":"2024-03-23T10:04:01","slug":"hocker","status":"publish","type":"product","link":"https:\/\/www.rontool.de\/en\/shop\/hocker\/","title":{"rendered":"stool"},"content":{"rendered":"<p>Ein kleiner aber hochstabiler Hocker f\u00fcr viele Generationen und vielf\u00e4ltige Zwecke.<\/p>\n<p>Besonders Kinder freuen sich \u00fcber die stabile Fu\u00dfbank, den bequemen Sitz, den Puppentisch.<br \/>\nErwachsene nutzen ihn als Pflanzenst\u00e4nder, Meditationshocker oder Yoga-Sitz.<br \/>\nHaustiere haben etwas zum Klettern, verstecken und f\u00fcr den \u00dcberblick.<\/p>\n<p>&nbsp;<\/p>\n<p>Wenn man ihn erstmal hat, er\u00f6ffnen sich die verschiedensten M\u00f6glichkeiten.<\/p>\n<p>Creative people can paint the seat beautifully. The stool is stackable.<\/p>\n<div><\/div>\n<div>H\u00f6he: 15cm<\/div>\n<div>Durchmesser Sitzfl\u00e4che: 27cm<\/div>\n<div>weitester Abstand der F\u00fc\u00dfe: 34cm<\/div>\n<p>The idea and design of the stool come from Anna Niederbremer, an artist friend who lives with her family in Holland. We look forward to more from her ...<\/p>\n<p>&nbsp;<\/p>\n<p>F\u00fcr Kantenfans haben wir noch die <a href=\"https:\/\/www.rontool.de\/en\/shop\/fussbank\/\">footstool<\/a><\/p>","protected":false},"excerpt":{"rendered":"<p>Ein kleiner aber hochstabiler Hocker f\u00fcr viele Generationen und vielf\u00e4ltige Zwecke. Besonders Kinder freuen sich \u00fcber die stabile Fu\u00dfbank, den bequemen Sitz, den Puppentisch. Erwachsene nutzen ihn als Pflanzenst\u00e4nder, Meditationshocker oder Yoga-Sitz. Haustiere haben etwas zum Klettern, verstecken und f\u00fcr den \u00dcberblick. &nbsp; Wenn man ihn erstmal hat, er\u00f6ffnen sich die verschiedensten M\u00f6glichkeiten. Kreative k\u00f6nnen [&#8230;]\n","protected":false},"featured_media":9013,"template":"","meta":[],"product_brand":[],"product_cat":[39],"product_tag":[75,81,70],"class_list":{"0":"post-1156","1":"product","2":"type-product","3":"status-publish","4":"has-post-thumbnail","6":"product_cat-erwachsene","7":"product_tag-haushalt","8":"product_tag-klettern","9":"product_tag-wohnen-leben","11":"first","12":"instock","13":"taxable","14":"shipping-taxable","15":"purchasable","16":"product-type-simple"},"yoast_head":"<!-- This site is optimized with the Yoast SEO plugin v27.2 - https:\/\/yoast.com\/product\/yoast-seo-wordpress\/ -->\n<title>Hocker - RONTOOL<\/title>\n<meta name=\"description\" content=\"Ein niedlicher Hocker aus Holz f\u00fcr Kinder und Erwachsende, Puppen und Teddys, Yogis und Rankommer, Haustiere und Pflanzen\" \/>\n<meta name=\"robots\" content=\"index, follow, max-snippet:-1, max-image-preview:large, max-video-preview:-1\" \/>\n<link rel=\"canonical\" href=\"https:\/\/www.rontool.de\/en\/shop\/hocker\/\" \/>\n<meta property=\"og:locale\" content=\"en_GB\" \/>\n<meta property=\"og:type\" content=\"article\" \/>\n<meta property=\"og:title\" content=\"Hocker - RONTOOL\" \/>\n<meta property=\"og:description\" content=\"Ein niedlicher Hocker aus Holz f\u00fcr Kinder und Erwachsende, Puppen und Teddys, Yogis und Rankommer, Haustiere und Pflanzen\" \/>\n<meta property=\"og:url\" content=\"https:\/\/www.rontool.de\/en\/shop\/hocker\/\" \/>\n<meta property=\"og:site_name\" content=\"RONTOOL\" \/>\n<meta property=\"article:modified_time\" content=\"2024-03-23T10:04:01+00:00\" \/>\n<meta property=\"og:image\" content=\"https:\/\/www.rontool.de\/wp-content\/uploads\/2021\/06\/rontool-spielzeug-aus-holz-holzspielzeug-aus-deutschland-erwachsene-grosser-hocker.jpg\" \/>\n\t<meta property=\"og:image:width\" content=\"1000\" \/>\n\t<meta property=\"og:image:height\" content=\"1000\" \/>\n\t<meta property=\"og:image:type\" content=\"image\/jpeg\" \/>\n<meta name=\"twitter:card\" content=\"summary_large_image\" \/>\n<meta name=\"twitter:label1\" content=\"Estimated reading time\" \/>\n\t<meta name=\"twitter:data1\" content=\"1 minute\" \/>\n<script type=\"application\/ld+json\" class=\"yoast-schema-graph\">{\"@context\":\"https:\/\/schema.org\",\"@graph\":[{\"@type\":\"WebPage\",\"@id\":\"https:\/\/www.rontool.de\/shop\/hocker\/\",\"url\":\"https:\/\/www.rontool.de\/shop\/hocker\/\",\"name\":\"Hocker - RONTOOL\",\"isPartOf\":{\"@id\":\"https:\/\/rontool.de\/#website\"},\"primaryImageOfPage\":{\"@id\":\"https:\/\/www.rontool.de\/shop\/hocker\/#primaryimage\"},\"image\":{\"@id\":\"https:\/\/www.rontool.de\/shop\/hocker\/#primaryimage\"},\"thumbnailUrl\":\"https:\/\/www.rontool.de\/wp-content\/uploads\/2021\/06\/rontool-spielzeug-aus-holz-holzspielzeug-aus-deutschland-erwachsene-grosser-hocker.jpg\",\"datePublished\":\"2018-09-15T10:14:49+00:00\",\"dateModified\":\"2024-03-23T10:04:01+00:00\",\"description\":\"Ein niedlicher Hocker aus Holz f\u00fcr Kinder und Erwachsende, Puppen und Teddys, Yogis und Rankommer, Haustiere und Pflanzen\",\"breadcrumb\":{\"@id\":\"https:\/\/www.rontool.de\/shop\/hocker\/#breadcrumb\"},\"inLanguage\":\"en-GB\",\"potentialAction\":[{\"@type\":\"ReadAction\",\"target\":[\"https:\/\/www.rontool.de\/shop\/hocker\/\"]}]},{\"@type\":\"ImageObject\",\"inLanguage\":\"en-GB\",\"@id\":\"https:\/\/www.rontool.de\/shop\/hocker\/#primaryimage\",\"url\":\"https:\/\/www.rontool.de\/wp-content\/uploads\/2021\/06\/rontool-spielzeug-aus-holz-holzspielzeug-aus-deutschland-erwachsene-grosser-hocker.jpg\",\"contentUrl\":\"https:\/\/www.rontool.de\/wp-content\/uploads\/2021\/06\/rontool-spielzeug-aus-holz-holzspielzeug-aus-deutschland-erwachsene-grosser-hocker.jpg\",\"width\":1000,\"height\":1000,\"caption\":\"Rontool - Holzspielzeug - Spielzeug aus Holz fuer Erwachsene - grosser Hocker- Holzhocker Abstellen\"},{\"@type\":\"BreadcrumbList\",\"@id\":\"https:\/\/www.rontool.de\/shop\/hocker\/#breadcrumb\",\"itemListElement\":[{\"@type\":\"ListItem\",\"position\":1,\"name\":\"Shop\",\"item\":\"https:\/\/www.rontool.de\/shop\/\"},{\"@type\":\"ListItem\",\"position\":2,\"name\":\"Hocker\"}]},{\"@type\":\"WebSite\",\"@id\":\"https:\/\/rontool.de\/#website\",\"url\":\"https:\/\/rontool.de\/\",\"name\":\"RONTOOL\",\"description\":\"Holzspielzeug aus Berlin f\u00fcr Kinder und Erwachsene\",\"potentialAction\":[{\"@type\":\"SearchAction\",\"target\":{\"@type\":\"EntryPoint\",\"urlTemplate\":\"https:\/\/rontool.de\/?s={search_term_string}\"},\"query-input\":{\"@type\":\"PropertyValueSpecification\",\"valueRequired\":true,\"valueName\":\"search_term_string\"}}],\"inLanguage\":\"en-GB\"}]}<\/script>\n<!-- \/ Yoast SEO plugin. -->","yoast_head_json":{"title":"Hocker - RONTOOL","description":"Ein niedlicher Hocker aus Holz f\u00fcr Kinder und Erwachsende, Puppen und Teddys, Yogis und Rankommer, Haustiere und Pflanzen","robots":{"index":"index","follow":"follow","max-snippet":"max-snippet:-1","max-image-preview":"max-image-preview:large","max-video-preview":"max-video-preview:-1"},"canonical":"https:\/\/www.rontool.de\/en\/shop\/hocker\/","og_locale":"en_GB","og_type":"article","og_title":"Hocker - RONTOOL","og_description":"Ein niedlicher Hocker aus Holz f\u00fcr Kinder und Erwachsende, Puppen und Teddys, Yogis und Rankommer, Haustiere und Pflanzen","og_url":"https:\/\/www.rontool.de\/en\/shop\/hocker\/","og_site_name":"RONTOOL","article_modified_time":"2024-03-23T10:04:01+00:00","og_image":[{"width":1000,"height":1000,"url":"https:\/\/www.rontool.de\/wp-content\/uploads\/2021\/06\/rontool-spielzeug-aus-holz-holzspielzeug-aus-deutschland-erwachsene-grosser-hocker.jpg","type":"image\/jpeg"}],"twitter_card":"summary_large_image","twitter_misc":{"Estimated reading time":"1 minute"},"schema":{"@context":"https:\/\/schema.org","@graph":[{"@type":"WebPage","@id":"https:\/\/www.rontool.de\/shop\/hocker\/","url":"https:\/\/www.rontool.de\/shop\/hocker\/","name":"Hocker - RONTOOL","isPartOf":{"@id":"https:\/\/rontool.de\/#website"},"primaryImageOfPage":{"@id":"https:\/\/www.rontool.de\/shop\/hocker\/#primaryimage"},"image":{"@id":"https:\/\/www.rontool.de\/shop\/hocker\/#primaryimage"},"thumbnailUrl":"https:\/\/www.rontool.de\/wp-content\/uploads\/2021\/06\/rontool-spielzeug-aus-holz-holzspielzeug-aus-deutschland-erwachsene-grosser-hocker.jpg","datePublished":"2018-09-15T10:14:49+00:00","dateModified":"2024-03-23T10:04:01+00:00","description":"Ein niedlicher Hocker aus Holz f\u00fcr Kinder und Erwachsende, Puppen und Teddys, Yogis und Rankommer, Haustiere und Pflanzen","breadcrumb":{"@id":"https:\/\/www.rontool.de\/shop\/hocker\/#breadcrumb"},"inLanguage":"en-GB","potentialAction":[{"@type":"ReadAction","target":["https:\/\/www.rontool.de\/shop\/hocker\/"]}]},{"@type":"ImageObject","inLanguage":"en-GB","@id":"https:\/\/www.rontool.de\/shop\/hocker\/#primaryimage","url":"https:\/\/www.rontool.de\/wp-content\/uploads\/2021\/06\/rontool-spielzeug-aus-holz-holzspielzeug-aus-deutschland-erwachsene-grosser-hocker.jpg","contentUrl":"https:\/\/www.rontool.de\/wp-content\/uploads\/2021\/06\/rontool-spielzeug-aus-holz-holzspielzeug-aus-deutschland-erwachsene-grosser-hocker.jpg","width":1000,"height":1000,"caption":"Rontool - Holzspielzeug - Spielzeug aus Holz fuer Erwachsene - grosser Hocker- Holzhocker Abstellen"},{"@type":"BreadcrumbList","@id":"https:\/\/www.rontool.de\/shop\/hocker\/#breadcrumb","itemListElement":[{"@type":"ListItem","position":1,"name":"Shop","item":"https:\/\/www.rontool.de\/shop\/"},{"@type":"ListItem","position":2,"name":"Hocker"}]},{"@type":"WebSite","@id":"https:\/\/rontool.de\/#website","url":"https:\/\/rontool.de\/","name":"RONTOOL","description":"Holzspielzeug aus Berlin f\u00fcr Kinder und Erwachsene","potentialAction":[{"@type":"SearchAction","target":{"@type":"EntryPoint","urlTemplate":"https:\/\/rontool.de\/?s={search_term_string}"},"query-input":{"@type":"PropertyValueSpecification","valueRequired":true,"valueName":"search_term_string"}}],"inLanguage":"en-GB"}]}},"_links":{"self":[{"href":"https:\/\/www.rontool.de\/en\/wp-json\/wp\/v2\/product\/1156","targetHints":{"allow":["GET"]}}],"collection":[{"href":"https:\/\/www.rontool.de\/en\/wp-json\/wp\/v2\/product"}],"about":[{"href":"https:\/\/www.rontool.de\/en\/wp-json\/wp\/v2\/types\/product"}],"wp:featuredmedia":[{"embeddable":true,"href":"https:\/\/www.rontool.de\/en\/wp-json\/wp\/v2\/media\/9013"}],"wp:attachment":[{"href":"https:\/\/www.rontool.de\/en\/wp-json\/wp\/v2\/media?parent=1156"}],"wp:term":[{"taxonomy":"product_brand","embeddable":true,"href":"https:\/\/www.rontool.de\/en\/wp-json\/wp\/v2\/product_brand?post=1156"},{"taxonomy":"product_cat","embeddable":true,"href":"https:\/\/www.rontool.de\/en\/wp-json\/wp\/v2\/product_cat?post=1156"},{"taxonomy":"product_tag","embeddable":true,"href":"https:\/\/www.rontool.de\/en\/wp-json\/wp\/v2\/product_tag?post=1156"}],"curies":[{"name":"wp","href":"https:\/\/api.w.org\/{rel}","templated":true}]}}