{"id":1157,"date":"2018-09-15T10:20:16","date_gmt":"2018-09-15T10:20:16","guid":{"rendered":"http:\/\/testzone-2018.rontool.de\/?post_type=product&#038;p=1157"},"modified":"2023-11-01T12:58:02","modified_gmt":"2023-11-01T12:58:02","slug":"fussbank","status":"publish","type":"product","link":"https:\/\/www.rontool.de\/en\/shop\/fussbank\/","title":{"rendered":"footstool"},"content":{"rendered":"<h2>Footstool<\/h2>\n<p>A very stable little footstool for many generations and a variety of purposes.<\/p>\n<p>Children in particular are happy about the small, stable bench with the side handles. Even two-year-olds can easily carry them from one place to another. Other kicks are often awkwardly dragged across the floor. Under certain circumstances, they leave very ugly scratches in the floor or make unpleasant noises for the neighbors. The legs of the rontool bench protrude slightly beyond the seat. This ensures that the bench does not tip over, even if you are not standing on it in the middle.<\/p>\n<p><strong>Dimensions:<\/strong><\/p>\n<p>Length of step surface: 35cm<br \/>\nWidth of step: 17.4 cm<br \/>\nHeight: 14.5cm<br \/>\nDistance between legs: 36.5cm<br \/>\nWeight: 1 kg<\/p>\n<p>The small step stool can also be used very well as a doll table or plant stand, for example.<\/p>\n<p>If you briefly sand the smooth surface, you can paint the bench yourself and create your own practical work of art.<\/p>\n<p class=\"translation-block\">Alternatively there is the small round <a href=\"https:\/\/www.rontool.de\/en\/shop\/hocker\/\" target=\"_self\"> little stool <\/a>.<\/p>\n<p class=\"translation-block\">We recommend the colorful Sporthocker from our Berlin friends to older children <a href=\"https:\/\/www.sporthocker.com\/\" target=\"_self\" rel=\"noopener noreferrer\"> SALTY <\/a>! With you you are guaranteed to keep moving!<\/p>","protected":false},"excerpt":{"rendered":"<p>Die Fu\u00dfbank Eine sehr stabile kleine Fu\u00dfbank f\u00fcr viele Generationen und vielf\u00e4ltige Zwecke. Besonders Kinder freuen sich \u00fcber die kleine stabile Bank mit den seitlichen Griffen. Selbst\u00a0 Zwei-J\u00e4hrige k\u00f6nnen sie ganz bequem von einem Ort zum anderen tragen. Andere Fu\u00dftritte werden oft umst\u00e4ndlich \u00fcber den Boden gezogen. Unter Umst\u00e4nden hinterlassen sie sehr h\u00e4ssliche Kratzer im [&#8230;]\n","protected":false},"featured_media":9015,"template":"","meta":[],"product_brand":[],"product_cat":[39],"product_tag":[75,81,70],"class_list":{"0":"post-1157","1":"product","2":"type-product","3":"status-publish","4":"has-post-thumbnail","6":"product_cat-erwachsene","7":"product_tag-haushalt","8":"product_tag-klettern","9":"product_tag-wohnen-leben","11":"first","12":"outofstock","13":"taxable","14":"shipping-taxable","15":"purchasable","16":"product-type-simple"},"yoast_head":"<!-- This site is optimized with the Yoast SEO plugin v27.2 - https:\/\/yoast.com\/product\/yoast-seo-wordpress\/ -->\n<title>Fu\u00dfbank, stabil aus Holz f\u00fcr Kinder mit gro\u00dfen Griffen<\/title>\n<meta name=\"description\" content=\"Die Fu\u00dfbank ist f\u00fcr jedes Kind unerl\u00e4sslich, um ein bisschen gr\u00f6\u00dfer zu werden. Jetzt ist die gro\u00dfe weite Welt etwas leichter zu erreichen\" \/>\n<meta name=\"robots\" content=\"index, follow, max-snippet:-1, max-image-preview:large, max-video-preview:-1\" \/>\n<link rel=\"canonical\" href=\"https:\/\/www.rontool.de\/en\/shop\/fussbank\/\" \/>\n<meta property=\"og:locale\" content=\"en_GB\" \/>\n<meta property=\"og:type\" content=\"article\" \/>\n<meta property=\"og:title\" content=\"Fu\u00dfbank, stabil aus Holz f\u00fcr Kinder mit gro\u00dfen Griffen\" \/>\n<meta property=\"og:description\" content=\"Die Fu\u00dfbank ist f\u00fcr jedes Kind unerl\u00e4sslich, um ein bisschen gr\u00f6\u00dfer zu werden. Jetzt ist die gro\u00dfe weite Welt etwas leichter zu erreichen\" \/>\n<meta property=\"og:url\" content=\"https:\/\/www.rontool.de\/en\/shop\/fussbank\/\" \/>\n<meta property=\"og:site_name\" content=\"RONTOOL\" \/>\n<meta property=\"article:modified_time\" content=\"2023-11-01T12:58:02+00:00\" \/>\n<meta property=\"og:image\" content=\"https:\/\/www.rontool.de\/wp-content\/uploads\/2021\/06\/rontool-spielzeug-aus-holz-holzspielzeug-aus-deutschland-erwachsene-hocker.jpg\" \/>\n\t<meta property=\"og:image:width\" content=\"1000\" \/>\n\t<meta property=\"og:image:height\" content=\"1000\" \/>\n\t<meta property=\"og:image:type\" content=\"image\/jpeg\" \/>\n<meta name=\"twitter:card\" content=\"summary_large_image\" \/>\n<meta name=\"twitter:label1\" content=\"Estimated reading time\" \/>\n\t<meta name=\"twitter:data1\" content=\"1 minute\" \/>\n<script type=\"application\/ld+json\" class=\"yoast-schema-graph\">{\"@context\":\"https:\/\/schema.org\",\"@graph\":[{\"@type\":\"WebPage\",\"@id\":\"https:\/\/www.rontool.de\/shop\/fussbank\/\",\"url\":\"https:\/\/www.rontool.de\/shop\/fussbank\/\",\"name\":\"Fu\u00dfbank, stabil aus Holz f\u00fcr Kinder mit gro\u00dfen Griffen\",\"isPartOf\":{\"@id\":\"https:\/\/rontool.de\/#website\"},\"primaryImageOfPage\":{\"@id\":\"https:\/\/www.rontool.de\/shop\/fussbank\/#primaryimage\"},\"image\":{\"@id\":\"https:\/\/www.rontool.de\/shop\/fussbank\/#primaryimage\"},\"thumbnailUrl\":\"https:\/\/www.rontool.de\/wp-content\/uploads\/2021\/06\/rontool-spielzeug-aus-holz-holzspielzeug-aus-deutschland-erwachsene-hocker.jpg\",\"datePublished\":\"2018-09-15T10:20:16+00:00\",\"dateModified\":\"2023-11-01T12:58:02+00:00\",\"description\":\"Die Fu\u00dfbank ist f\u00fcr jedes Kind unerl\u00e4sslich, um ein bisschen gr\u00f6\u00dfer zu werden. Jetzt ist die gro\u00dfe weite Welt etwas leichter zu erreichen\",\"breadcrumb\":{\"@id\":\"https:\/\/www.rontool.de\/shop\/fussbank\/#breadcrumb\"},\"inLanguage\":\"en-GB\",\"potentialAction\":[{\"@type\":\"ReadAction\",\"target\":[\"https:\/\/www.rontool.de\/shop\/fussbank\/\"]}]},{\"@type\":\"ImageObject\",\"inLanguage\":\"en-GB\",\"@id\":\"https:\/\/www.rontool.de\/shop\/fussbank\/#primaryimage\",\"url\":\"https:\/\/www.rontool.de\/wp-content\/uploads\/2021\/06\/rontool-spielzeug-aus-holz-holzspielzeug-aus-deutschland-erwachsene-hocker.jpg\",\"contentUrl\":\"https:\/\/www.rontool.de\/wp-content\/uploads\/2021\/06\/rontool-spielzeug-aus-holz-holzspielzeug-aus-deutschland-erwachsene-hocker.jpg\",\"width\":1000,\"height\":1000,\"caption\":\"Rontool - Holzspielzeug - Spielzeug aus Holz fuer Erwachsene - Pritsche kleiner Hocker Holzhocker Hocker aus Holz\"},{\"@type\":\"BreadcrumbList\",\"@id\":\"https:\/\/www.rontool.de\/shop\/fussbank\/#breadcrumb\",\"itemListElement\":[{\"@type\":\"ListItem\",\"position\":1,\"name\":\"Shop\",\"item\":\"https:\/\/www.rontool.de\/shop\/\"},{\"@type\":\"ListItem\",\"position\":2,\"name\":\"Fu\u00dfbank\"}]},{\"@type\":\"WebSite\",\"@id\":\"https:\/\/rontool.de\/#website\",\"url\":\"https:\/\/rontool.de\/\",\"name\":\"RONTOOL\",\"description\":\"Holzspielzeug aus Berlin f\u00fcr Kinder und Erwachsene\",\"potentialAction\":[{\"@type\":\"SearchAction\",\"target\":{\"@type\":\"EntryPoint\",\"urlTemplate\":\"https:\/\/rontool.de\/?s={search_term_string}\"},\"query-input\":{\"@type\":\"PropertyValueSpecification\",\"valueRequired\":true,\"valueName\":\"search_term_string\"}}],\"inLanguage\":\"en-GB\"}]}<\/script>\n<!-- \/ Yoast SEO plugin. -->","yoast_head_json":{"title":"Fu\u00dfbank, stabil aus Holz f\u00fcr Kinder mit gro\u00dfen Griffen","description":"Die Fu\u00dfbank ist f\u00fcr jedes Kind unerl\u00e4sslich, um ein bisschen gr\u00f6\u00dfer zu werden. Jetzt ist die gro\u00dfe weite Welt etwas leichter zu erreichen","robots":{"index":"index","follow":"follow","max-snippet":"max-snippet:-1","max-image-preview":"max-image-preview:large","max-video-preview":"max-video-preview:-1"},"canonical":"https:\/\/www.rontool.de\/en\/shop\/fussbank\/","og_locale":"en_GB","og_type":"article","og_title":"Fu\u00dfbank, stabil aus Holz f\u00fcr Kinder mit gro\u00dfen Griffen","og_description":"Die Fu\u00dfbank ist f\u00fcr jedes Kind unerl\u00e4sslich, um ein bisschen gr\u00f6\u00dfer zu werden. Jetzt ist die gro\u00dfe weite Welt etwas leichter zu erreichen","og_url":"https:\/\/www.rontool.de\/en\/shop\/fussbank\/","og_site_name":"RONTOOL","article_modified_time":"2023-11-01T12:58:02+00:00","og_image":[{"width":1000,"height":1000,"url":"https:\/\/www.rontool.de\/wp-content\/uploads\/2021\/06\/rontool-spielzeug-aus-holz-holzspielzeug-aus-deutschland-erwachsene-hocker.jpg","type":"image\/jpeg"}],"twitter_card":"summary_large_image","twitter_misc":{"Estimated reading time":"1 minute"},"schema":{"@context":"https:\/\/schema.org","@graph":[{"@type":"WebPage","@id":"https:\/\/www.rontool.de\/shop\/fussbank\/","url":"https:\/\/www.rontool.de\/shop\/fussbank\/","name":"Fu\u00dfbank, stabil aus Holz f\u00fcr Kinder mit gro\u00dfen Griffen","isPartOf":{"@id":"https:\/\/rontool.de\/#website"},"primaryImageOfPage":{"@id":"https:\/\/www.rontool.de\/shop\/fussbank\/#primaryimage"},"image":{"@id":"https:\/\/www.rontool.de\/shop\/fussbank\/#primaryimage"},"thumbnailUrl":"https:\/\/www.rontool.de\/wp-content\/uploads\/2021\/06\/rontool-spielzeug-aus-holz-holzspielzeug-aus-deutschland-erwachsene-hocker.jpg","datePublished":"2018-09-15T10:20:16+00:00","dateModified":"2023-11-01T12:58:02+00:00","description":"Die Fu\u00dfbank ist f\u00fcr jedes Kind unerl\u00e4sslich, um ein bisschen gr\u00f6\u00dfer zu werden. Jetzt ist die gro\u00dfe weite Welt etwas leichter zu erreichen","breadcrumb":{"@id":"https:\/\/www.rontool.de\/shop\/fussbank\/#breadcrumb"},"inLanguage":"en-GB","potentialAction":[{"@type":"ReadAction","target":["https:\/\/www.rontool.de\/shop\/fussbank\/"]}]},{"@type":"ImageObject","inLanguage":"en-GB","@id":"https:\/\/www.rontool.de\/shop\/fussbank\/#primaryimage","url":"https:\/\/www.rontool.de\/wp-content\/uploads\/2021\/06\/rontool-spielzeug-aus-holz-holzspielzeug-aus-deutschland-erwachsene-hocker.jpg","contentUrl":"https:\/\/www.rontool.de\/wp-content\/uploads\/2021\/06\/rontool-spielzeug-aus-holz-holzspielzeug-aus-deutschland-erwachsene-hocker.jpg","width":1000,"height":1000,"caption":"Rontool - Holzspielzeug - Spielzeug aus Holz fuer Erwachsene - Pritsche kleiner Hocker Holzhocker Hocker aus Holz"},{"@type":"BreadcrumbList","@id":"https:\/\/www.rontool.de\/shop\/fussbank\/#breadcrumb","itemListElement":[{"@type":"ListItem","position":1,"name":"Shop","item":"https:\/\/www.rontool.de\/shop\/"},{"@type":"ListItem","position":2,"name":"Fu\u00dfbank"}]},{"@type":"WebSite","@id":"https:\/\/rontool.de\/#website","url":"https:\/\/rontool.de\/","name":"RONTOOL","description":"Holzspielzeug aus Berlin f\u00fcr Kinder und Erwachsene","potentialAction":[{"@type":"SearchAction","target":{"@type":"EntryPoint","urlTemplate":"https:\/\/rontool.de\/?s={search_term_string}"},"query-input":{"@type":"PropertyValueSpecification","valueRequired":true,"valueName":"search_term_string"}}],"inLanguage":"en-GB"}]}},"_links":{"self":[{"href":"https:\/\/www.rontool.de\/en\/wp-json\/wp\/v2\/product\/1157","targetHints":{"allow":["GET"]}}],"collection":[{"href":"https:\/\/www.rontool.de\/en\/wp-json\/wp\/v2\/product"}],"about":[{"href":"https:\/\/www.rontool.de\/en\/wp-json\/wp\/v2\/types\/product"}],"wp:featuredmedia":[{"embeddable":true,"href":"https:\/\/www.rontool.de\/en\/wp-json\/wp\/v2\/media\/9015"}],"wp:attachment":[{"href":"https:\/\/www.rontool.de\/en\/wp-json\/wp\/v2\/media?parent=1157"}],"wp:term":[{"taxonomy":"product_brand","embeddable":true,"href":"https:\/\/www.rontool.de\/en\/wp-json\/wp\/v2\/product_brand?post=1157"},{"taxonomy":"product_cat","embeddable":true,"href":"https:\/\/www.rontool.de\/en\/wp-json\/wp\/v2\/product_cat?post=1157"},{"taxonomy":"product_tag","embeddable":true,"href":"https:\/\/www.rontool.de\/en\/wp-json\/wp\/v2\/product_tag?post=1157"}],"curies":[{"name":"wp","href":"https:\/\/api.w.org\/{rel}","templated":true}]}}