{"id":1162,"date":"2018-09-15T10:27:14","date_gmt":"2018-09-15T10:27:14","guid":{"rendered":"http:\/\/testzone-2018.rontool.de\/?post_type=product&#038;p=1162"},"modified":"2024-03-18T11:39:53","modified_gmt":"2024-03-18T11:39:53","slug":"spaten","status":"publish","type":"product","link":"https:\/\/www.rontool.de\/en\/shop\/spaten\/","title":{"rendered":"spade"},"content":{"rendered":"<h2>Spade<\/h2>\n<p class=\"translation-block\">Time with toys in the sandpit is a great adventure for young children with toys in the sandpit. In addition to \u201cbaking and baking cakes\u201d, there is also building and digging. The incredibly stable rontool spade has a long, stable shaft and a large handle. It is so heavy that the children can pick it up easily, but also have the feeling that they are holding a \u201creal\u201d tool in their hands. <br>\nSo the children can work really well with both hands, shovel away a lot of sand and earth and discover the law of levers.<\/p>\n<p>The shovel itself tapers to an extra point at the front. So it can also dig itself into harder sand or earth. Who knows, maybe the little Sandman will turn into a gardener who will help dig up at home\u2026.<\/p>\n<p class=\"translation-block\">The sturdy material and the sealing of the wood with hard wax oil allow a long game of fun. <br>\nFor precise work in the sand, we <a href=\"https:\/\/www.rontool.de\/en\/shop\/schippe\/\" target=\"_self\"> here <\/a> also have a small shovel. With this matching duo you can dig out great sand castles, valleys and river banks. You should definitely have the two helpers with you on your next vacation, for example by the sea.<\/p>\n<p><strong>Dimensions:<\/strong><\/p>\n<p>Length: 50 cm<br \/>\nWidth: 12.5 cm at the handle, 13.8 cm at the shovel<br \/>\nThickness: 1.8 cm<\/p>\n<p>Weight: 265 grams<\/p>\n<p class=\"translation-block\"><a href=\"http:\/\/www.sandkasten-ratgeber.de\/sandkasten-ab-welchem-alter.html#:~:text=LebensjahrknnenkleineKinderin,immereine% 20 Supervisor% 20 against% 20. \" target=\"_ self\" rel=\"noopener noreferrer\"> Here <\/a> you can find a great article about playing in the sandpit.<\/p>\n<p><strong>Wichtig: bei einer Nutzung dauerhaft drau\u00dfen muss das Holz noch unbedingt entsprechend lackiert werden.\u00a0<\/strong><\/p>","protected":false},"excerpt":{"rendered":"<p>Der Spaten Die Zeit mit Spielzeug im Sandkasten ist f\u00fcr kleine Kinder mit Spielzeug im Sandkasten ein gro\u00dfartiges Abenteuer. Neben &#8222;Backe-Backe-Kuchen&#8220; wird vor allem auch gebaut und gebuddelt.\u00a0Der unglaublich stabile rontool Spaten hat einen langen stabilen Schaft und einen gro\u00dfen Griff. Er ist so schwer, dass die Kinder ihn gut hochheben k\u00f6nnen, aber auch das [&#8230;]\n","protected":false},"featured_media":9006,"template":"","meta":[],"product_brand":[],"product_cat":[38,37],"product_tag":[57,60,70],"class_list":{"0":"post-1162","1":"product","2":"type-product","3":"status-publish","4":"has-post-thumbnail","6":"product_cat-sandkasten","7":"product_cat-werkzeuge","8":"product_tag-robustes-spielzeug","9":"product_tag-sandspielzeug","10":"product_tag-wohnen-leben","12":"first","13":"instock","14":"taxable","15":"shipping-taxable","16":"purchasable","17":"product-type-simple"},"yoast_head":"<!-- This site is optimized with the Yoast SEO plugin v27.2 - https:\/\/yoast.com\/product\/yoast-seo-wordpress\/ -->\n<title>Gro\u00dfer Spaten aus Holz f\u00fcr den Sandkasten f\u00fcr kleine Schaufler<\/title>\n<meta name=\"description\" content=\"Mit dem Rontool Spaten k\u00f6nnen die Kinder mal so richtig viel Sand wegschaufeln. Es gibt zur Schaufel auch noch eine kleine Schippe sowie Sandkastenfahrzeuge\" \/>\n<meta name=\"robots\" content=\"index, follow, max-snippet:-1, max-image-preview:large, max-video-preview:-1\" \/>\n<link rel=\"canonical\" href=\"https:\/\/www.rontool.de\/en\/shop\/spaten\/\" \/>\n<meta property=\"og:locale\" content=\"en_GB\" \/>\n<meta property=\"og:type\" content=\"article\" \/>\n<meta property=\"og:title\" content=\"Gro\u00dfer Spaten aus Holz f\u00fcr den Sandkasten f\u00fcr kleine Schaufler\" \/>\n<meta property=\"og:description\" content=\"Mit dem Rontool Spaten k\u00f6nnen die Kinder mal so richtig viel Sand wegschaufeln. Es gibt zur Schaufel auch noch eine kleine Schippe sowie Sandkastenfahrzeuge\" \/>\n<meta property=\"og:url\" content=\"https:\/\/www.rontool.de\/en\/shop\/spaten\/\" \/>\n<meta property=\"og:site_name\" content=\"RONTOOL\" \/>\n<meta property=\"article:modified_time\" content=\"2024-03-18T11:39:53+00:00\" \/>\n<meta property=\"og:image\" content=\"https:\/\/www.rontool.de\/wp-content\/uploads\/2021\/06\/rontool-spielzeug-aus-holz-holzspielzeug-made-in-deutschland-sandkasten-schaufel.jpg\" \/>\n\t<meta property=\"og:image:width\" content=\"1000\" \/>\n\t<meta property=\"og:image:height\" content=\"1000\" \/>\n\t<meta property=\"og:image:type\" content=\"image\/jpeg\" \/>\n<meta name=\"twitter:card\" content=\"summary_large_image\" \/>\n<meta name=\"twitter:label1\" content=\"Estimated reading time\" \/>\n\t<meta name=\"twitter:data1\" content=\"2 minutes\" \/>\n<script type=\"application\/ld+json\" class=\"yoast-schema-graph\">{\"@context\":\"https:\/\/schema.org\",\"@graph\":[{\"@type\":\"WebPage\",\"@id\":\"https:\/\/www.rontool.de\/shop\/spaten\/\",\"url\":\"https:\/\/www.rontool.de\/shop\/spaten\/\",\"name\":\"Gro\u00dfer Spaten aus Holz f\u00fcr den Sandkasten f\u00fcr kleine Schaufler\",\"isPartOf\":{\"@id\":\"https:\/\/rontool.de\/#website\"},\"primaryImageOfPage\":{\"@id\":\"https:\/\/www.rontool.de\/shop\/spaten\/#primaryimage\"},\"image\":{\"@id\":\"https:\/\/www.rontool.de\/shop\/spaten\/#primaryimage\"},\"thumbnailUrl\":\"https:\/\/www.rontool.de\/wp-content\/uploads\/2021\/06\/rontool-spielzeug-aus-holz-holzspielzeug-made-in-deutschland-sandkasten-schaufel.jpg\",\"datePublished\":\"2018-09-15T10:27:14+00:00\",\"dateModified\":\"2024-03-18T11:39:53+00:00\",\"description\":\"Mit dem Rontool Spaten k\u00f6nnen die Kinder mal so richtig viel Sand wegschaufeln. Es gibt zur Schaufel auch noch eine kleine Schippe sowie Sandkastenfahrzeuge\",\"breadcrumb\":{\"@id\":\"https:\/\/www.rontool.de\/shop\/spaten\/#breadcrumb\"},\"inLanguage\":\"en-GB\",\"potentialAction\":[{\"@type\":\"ReadAction\",\"target\":[\"https:\/\/www.rontool.de\/shop\/spaten\/\"]}]},{\"@type\":\"ImageObject\",\"inLanguage\":\"en-GB\",\"@id\":\"https:\/\/www.rontool.de\/shop\/spaten\/#primaryimage\",\"url\":\"https:\/\/www.rontool.de\/wp-content\/uploads\/2021\/06\/rontool-spielzeug-aus-holz-holzspielzeug-made-in-deutschland-sandkasten-schaufel.jpg\",\"contentUrl\":\"https:\/\/www.rontool.de\/wp-content\/uploads\/2021\/06\/rontool-spielzeug-aus-holz-holzspielzeug-made-in-deutschland-sandkasten-schaufel.jpg\",\"width\":1000,\"height\":1000,\"caption\":\"Rontool - Holzspielzeug - spielen im Sandkasten und Buddeln mit dem Spaten\"},{\"@type\":\"BreadcrumbList\",\"@id\":\"https:\/\/www.rontool.de\/shop\/spaten\/#breadcrumb\",\"itemListElement\":[{\"@type\":\"ListItem\",\"position\":1,\"name\":\"Shop\",\"item\":\"https:\/\/www.rontool.de\/shop\/\"},{\"@type\":\"ListItem\",\"position\":2,\"name\":\"Spaten\"}]},{\"@type\":\"WebSite\",\"@id\":\"https:\/\/rontool.de\/#website\",\"url\":\"https:\/\/rontool.de\/\",\"name\":\"RONTOOL\",\"description\":\"Holzspielzeug aus Berlin f\u00fcr Kinder und Erwachsene\",\"potentialAction\":[{\"@type\":\"SearchAction\",\"target\":{\"@type\":\"EntryPoint\",\"urlTemplate\":\"https:\/\/rontool.de\/?s={search_term_string}\"},\"query-input\":{\"@type\":\"PropertyValueSpecification\",\"valueRequired\":true,\"valueName\":\"search_term_string\"}}],\"inLanguage\":\"en-GB\"}]}<\/script>\n<!-- \/ Yoast SEO plugin. -->","yoast_head_json":{"title":"Gro\u00dfer Spaten aus Holz f\u00fcr den Sandkasten f\u00fcr kleine Schaufler","description":"Mit dem Rontool Spaten k\u00f6nnen die Kinder mal so richtig viel Sand wegschaufeln. Es gibt zur Schaufel auch noch eine kleine Schippe sowie Sandkastenfahrzeuge","robots":{"index":"index","follow":"follow","max-snippet":"max-snippet:-1","max-image-preview":"max-image-preview:large","max-video-preview":"max-video-preview:-1"},"canonical":"https:\/\/www.rontool.de\/en\/shop\/spaten\/","og_locale":"en_GB","og_type":"article","og_title":"Gro\u00dfer Spaten aus Holz f\u00fcr den Sandkasten f\u00fcr kleine Schaufler","og_description":"Mit dem Rontool Spaten k\u00f6nnen die Kinder mal so richtig viel Sand wegschaufeln. Es gibt zur Schaufel auch noch eine kleine Schippe sowie Sandkastenfahrzeuge","og_url":"https:\/\/www.rontool.de\/en\/shop\/spaten\/","og_site_name":"RONTOOL","article_modified_time":"2024-03-18T11:39:53+00:00","og_image":[{"width":1000,"height":1000,"url":"https:\/\/www.rontool.de\/wp-content\/uploads\/2021\/06\/rontool-spielzeug-aus-holz-holzspielzeug-made-in-deutschland-sandkasten-schaufel.jpg","type":"image\/jpeg"}],"twitter_card":"summary_large_image","twitter_misc":{"Estimated reading time":"2 minutes"},"schema":{"@context":"https:\/\/schema.org","@graph":[{"@type":"WebPage","@id":"https:\/\/www.rontool.de\/shop\/spaten\/","url":"https:\/\/www.rontool.de\/shop\/spaten\/","name":"Gro\u00dfer Spaten aus Holz f\u00fcr den Sandkasten f\u00fcr kleine Schaufler","isPartOf":{"@id":"https:\/\/rontool.de\/#website"},"primaryImageOfPage":{"@id":"https:\/\/www.rontool.de\/shop\/spaten\/#primaryimage"},"image":{"@id":"https:\/\/www.rontool.de\/shop\/spaten\/#primaryimage"},"thumbnailUrl":"https:\/\/www.rontool.de\/wp-content\/uploads\/2021\/06\/rontool-spielzeug-aus-holz-holzspielzeug-made-in-deutschland-sandkasten-schaufel.jpg","datePublished":"2018-09-15T10:27:14+00:00","dateModified":"2024-03-18T11:39:53+00:00","description":"Mit dem Rontool Spaten k\u00f6nnen die Kinder mal so richtig viel Sand wegschaufeln. Es gibt zur Schaufel auch noch eine kleine Schippe sowie Sandkastenfahrzeuge","breadcrumb":{"@id":"https:\/\/www.rontool.de\/shop\/spaten\/#breadcrumb"},"inLanguage":"en-GB","potentialAction":[{"@type":"ReadAction","target":["https:\/\/www.rontool.de\/shop\/spaten\/"]}]},{"@type":"ImageObject","inLanguage":"en-GB","@id":"https:\/\/www.rontool.de\/shop\/spaten\/#primaryimage","url":"https:\/\/www.rontool.de\/wp-content\/uploads\/2021\/06\/rontool-spielzeug-aus-holz-holzspielzeug-made-in-deutschland-sandkasten-schaufel.jpg","contentUrl":"https:\/\/www.rontool.de\/wp-content\/uploads\/2021\/06\/rontool-spielzeug-aus-holz-holzspielzeug-made-in-deutschland-sandkasten-schaufel.jpg","width":1000,"height":1000,"caption":"Rontool - Holzspielzeug - spielen im Sandkasten und Buddeln mit dem Spaten"},{"@type":"BreadcrumbList","@id":"https:\/\/www.rontool.de\/shop\/spaten\/#breadcrumb","itemListElement":[{"@type":"ListItem","position":1,"name":"Shop","item":"https:\/\/www.rontool.de\/shop\/"},{"@type":"ListItem","position":2,"name":"Spaten"}]},{"@type":"WebSite","@id":"https:\/\/rontool.de\/#website","url":"https:\/\/rontool.de\/","name":"RONTOOL","description":"Holzspielzeug aus Berlin f\u00fcr Kinder und Erwachsene","potentialAction":[{"@type":"SearchAction","target":{"@type":"EntryPoint","urlTemplate":"https:\/\/rontool.de\/?s={search_term_string}"},"query-input":{"@type":"PropertyValueSpecification","valueRequired":true,"valueName":"search_term_string"}}],"inLanguage":"en-GB"}]}},"_links":{"self":[{"href":"https:\/\/www.rontool.de\/en\/wp-json\/wp\/v2\/product\/1162","targetHints":{"allow":["GET"]}}],"collection":[{"href":"https:\/\/www.rontool.de\/en\/wp-json\/wp\/v2\/product"}],"about":[{"href":"https:\/\/www.rontool.de\/en\/wp-json\/wp\/v2\/types\/product"}],"wp:featuredmedia":[{"embeddable":true,"href":"https:\/\/www.rontool.de\/en\/wp-json\/wp\/v2\/media\/9006"}],"wp:attachment":[{"href":"https:\/\/www.rontool.de\/en\/wp-json\/wp\/v2\/media?parent=1162"}],"wp:term":[{"taxonomy":"product_brand","embeddable":true,"href":"https:\/\/www.rontool.de\/en\/wp-json\/wp\/v2\/product_brand?post=1162"},{"taxonomy":"product_cat","embeddable":true,"href":"https:\/\/www.rontool.de\/en\/wp-json\/wp\/v2\/product_cat?post=1162"},{"taxonomy":"product_tag","embeddable":true,"href":"https:\/\/www.rontool.de\/en\/wp-json\/wp\/v2\/product_tag?post=1162"}],"curies":[{"name":"wp","href":"https:\/\/api.w.org\/{rel}","templated":true}]}}