{"id":1164,"date":"2018-09-15T10:32:05","date_gmt":"2018-09-15T10:32:05","guid":{"rendered":"http:\/\/testzone-2018.rontool.de\/?post_type=product&#038;p=1164"},"modified":"2023-11-26T18:23:18","modified_gmt":"2023-11-26T18:23:18","slug":"zimmermann","status":"publish","type":"product","link":"https:\/\/www.rontool.de\/en\/shop\/zimmermann\/","title":{"rendered":"little hammer"},"content":{"rendered":"<h2>Little hammer<\/h2>\n<p>The small hammer wooden toy tool has a long handle with a rounded end. This way, the small child's hand does not slip away when the enthusiastic child tests his or her skills.<\/p>\n<p class=\"translation-block\">The hole in the handle allows it to be easily stowed away on hooks. <br>\nFor the daredevils we also have the <a href=\"https:\/\/www.rontool.de\/en\/shop\/grosser-hammer\/\" target=\"_self\" rel=\"noopener\"> large_Hammer <\/a>.<\/p>\n<p>Hammerhart \ud83d\ude09<\/p>\n<p class=\"translation-block\"><a href=\"https:\/\/youtu.be\/UV3LcMNOuzI\" target=\"_self\" rel=\"noopener\"> Here is a video <\/a> that we made in 2014 at a market with the children. There you can see the hammer in action.<\/p>\n<p>Dimensions:<\/p>\n<p>Length: 25cm<br \/>\nWidth: 11.5 cm<br \/>\nHeight: 1.5cm<\/p>\n<p>Weight: 100 g<\/p>\n<p>Material: birch plywood<\/p>","protected":false},"excerpt":{"rendered":"<p>Kleiner Hammer Das Holzspielzeugwerkzeug kleiner Hammer hat einen langen Griff mit gerundetem Abschluss. So rutscht die kleine Kinderhand nicht weg, wenn das begeisterte Kind seine Fertigkeiten erprobt. Das Loch im Griff erm\u00f6glich ein gutes Verstauen an Haken. F\u00fcr die Draufg\u00e4nger haben wir auch noch den gro\u00dfen_Hammer. Hammerhart \ud83d\ude09 Hier ist ein Video, dass wir 2014 [&#8230;]\n","protected":false},"featured_media":8979,"template":"","meta":[],"product_brand":[],"product_cat":[37],"product_tag":[123,56,72,57,80],"class_list":{"0":"post-1164","1":"product","2":"type-product","3":"status-publish","4":"has-post-thumbnail","6":"product_cat-werkzeuge","7":"product_tag-dedraufhauen","8":"product_tag-jungsspielzeug","9":"product_tag-outdoorspielzeug","10":"product_tag-robustes-spielzeug","11":"product_tag-zersplittern-und-zersaegen","13":"first","14":"instock","15":"taxable","16":"shipping-taxable","17":"purchasable","18":"product-type-simple"},"yoast_head":"<!-- This site is optimized with the Yoast SEO plugin v27.2 - https:\/\/yoast.com\/product\/yoast-seo-wordpress\/ -->\n<title>kleiner Hammer f\u00fcr Mini - Zimmerm\u00e4nner aus Holz<\/title>\n<meta name=\"description\" content=\"Dieser kleine Holzhammmer eignet sich prima als Einstieg in eine gro\u00dfe Karriere als Handwerker und Handwerkerin. Hammer braucht man immer\" \/>\n<meta name=\"robots\" content=\"index, follow, max-snippet:-1, max-image-preview:large, max-video-preview:-1\" \/>\n<link rel=\"canonical\" href=\"https:\/\/www.rontool.de\/en\/shop\/zimmermann\/\" \/>\n<meta property=\"og:locale\" content=\"en_GB\" \/>\n<meta property=\"og:type\" content=\"article\" \/>\n<meta property=\"og:title\" content=\"kleiner Hammer f\u00fcr Mini - Zimmerm\u00e4nner aus Holz\" \/>\n<meta property=\"og:description\" content=\"Dieser kleine Holzhammmer eignet sich prima als Einstieg in eine gro\u00dfe Karriere als Handwerker und Handwerkerin. Hammer braucht man immer\" \/>\n<meta property=\"og:url\" content=\"https:\/\/www.rontool.de\/en\/shop\/zimmermann\/\" \/>\n<meta property=\"og:site_name\" content=\"RONTOOL\" \/>\n<meta property=\"article:modified_time\" content=\"2023-11-26T18:23:18+00:00\" \/>\n<meta property=\"og:image\" content=\"https:\/\/www.rontool.de\/wp-content\/uploads\/2018\/09\/rontool-spielzeug-aus-holz-holzspielzeug-deutschland-werkzeuge-zimmermann-kleiner-hammer.jpg\" \/>\n\t<meta property=\"og:image:width\" content=\"1000\" \/>\n\t<meta property=\"og:image:height\" content=\"1000\" \/>\n\t<meta property=\"og:image:type\" content=\"image\/jpeg\" \/>\n<meta name=\"twitter:card\" content=\"summary_large_image\" \/>\n<meta name=\"twitter:label1\" content=\"Estimated reading time\" \/>\n\t<meta name=\"twitter:data1\" content=\"1 minute\" \/>\n<script type=\"application\/ld+json\" class=\"yoast-schema-graph\">{\"@context\":\"https:\/\/schema.org\",\"@graph\":[{\"@type\":\"WebPage\",\"@id\":\"https:\/\/www.rontool.de\/shop\/zimmermann\/\",\"url\":\"https:\/\/www.rontool.de\/shop\/zimmermann\/\",\"name\":\"kleiner Hammer f\u00fcr Mini - Zimmerm\u00e4nner aus Holz\",\"isPartOf\":{\"@id\":\"https:\/\/rontool.de\/#website\"},\"primaryImageOfPage\":{\"@id\":\"https:\/\/www.rontool.de\/shop\/zimmermann\/#primaryimage\"},\"image\":{\"@id\":\"https:\/\/www.rontool.de\/shop\/zimmermann\/#primaryimage\"},\"thumbnailUrl\":\"https:\/\/www.rontool.de\/wp-content\/uploads\/2018\/09\/rontool-spielzeug-aus-holz-holzspielzeug-deutschland-werkzeuge-zimmermann-kleiner-hammer.jpg\",\"datePublished\":\"2018-09-15T10:32:05+00:00\",\"dateModified\":\"2023-11-26T18:23:18+00:00\",\"description\":\"Dieser kleine Holzhammmer eignet sich prima als Einstieg in eine gro\u00dfe Karriere als Handwerker und Handwerkerin. Hammer braucht man immer\",\"breadcrumb\":{\"@id\":\"https:\/\/www.rontool.de\/shop\/zimmermann\/#breadcrumb\"},\"inLanguage\":\"en-GB\",\"potentialAction\":[{\"@type\":\"ReadAction\",\"target\":[\"https:\/\/www.rontool.de\/shop\/zimmermann\/\"]}]},{\"@type\":\"ImageObject\",\"inLanguage\":\"en-GB\",\"@id\":\"https:\/\/www.rontool.de\/shop\/zimmermann\/#primaryimage\",\"url\":\"https:\/\/www.rontool.de\/wp-content\/uploads\/2018\/09\/rontool-spielzeug-aus-holz-holzspielzeug-deutschland-werkzeuge-zimmermann-kleiner-hammer.jpg\",\"contentUrl\":\"https:\/\/www.rontool.de\/wp-content\/uploads\/2018\/09\/rontool-spielzeug-aus-holz-holzspielzeug-deutschland-werkzeuge-zimmermann-kleiner-hammer.jpg\",\"width\":1000,\"height\":1000,\"caption\":\"Rontool - Spielzeug aus Holz - spielen - Holzspielzeug - Werkzeug Werkzeuge - Zimmermann Hammer\"},{\"@type\":\"BreadcrumbList\",\"@id\":\"https:\/\/www.rontool.de\/shop\/zimmermann\/#breadcrumb\",\"itemListElement\":[{\"@type\":\"ListItem\",\"position\":1,\"name\":\"Shop\",\"item\":\"https:\/\/www.rontool.de\/shop\/\"},{\"@type\":\"ListItem\",\"position\":2,\"name\":\"kleiner Hammer\"}]},{\"@type\":\"WebSite\",\"@id\":\"https:\/\/rontool.de\/#website\",\"url\":\"https:\/\/rontool.de\/\",\"name\":\"RONTOOL\",\"description\":\"Holzspielzeug aus Berlin f\u00fcr Kinder und Erwachsene\",\"potentialAction\":[{\"@type\":\"SearchAction\",\"target\":{\"@type\":\"EntryPoint\",\"urlTemplate\":\"https:\/\/rontool.de\/?s={search_term_string}\"},\"query-input\":{\"@type\":\"PropertyValueSpecification\",\"valueRequired\":true,\"valueName\":\"search_term_string\"}}],\"inLanguage\":\"en-GB\"}]}<\/script>\n<!-- \/ Yoast SEO plugin. -->","yoast_head_json":{"title":"kleiner Hammer f\u00fcr Mini - Zimmerm\u00e4nner aus Holz","description":"Dieser kleine Holzhammmer eignet sich prima als Einstieg in eine gro\u00dfe Karriere als Handwerker und Handwerkerin. Hammer braucht man immer","robots":{"index":"index","follow":"follow","max-snippet":"max-snippet:-1","max-image-preview":"max-image-preview:large","max-video-preview":"max-video-preview:-1"},"canonical":"https:\/\/www.rontool.de\/en\/shop\/zimmermann\/","og_locale":"en_GB","og_type":"article","og_title":"kleiner Hammer f\u00fcr Mini - Zimmerm\u00e4nner aus Holz","og_description":"Dieser kleine Holzhammmer eignet sich prima als Einstieg in eine gro\u00dfe Karriere als Handwerker und Handwerkerin. Hammer braucht man immer","og_url":"https:\/\/www.rontool.de\/en\/shop\/zimmermann\/","og_site_name":"RONTOOL","article_modified_time":"2023-11-26T18:23:18+00:00","og_image":[{"width":1000,"height":1000,"url":"https:\/\/www.rontool.de\/wp-content\/uploads\/2018\/09\/rontool-spielzeug-aus-holz-holzspielzeug-deutschland-werkzeuge-zimmermann-kleiner-hammer.jpg","type":"image\/jpeg"}],"twitter_card":"summary_large_image","twitter_misc":{"Estimated reading time":"1 minute"},"schema":{"@context":"https:\/\/schema.org","@graph":[{"@type":"WebPage","@id":"https:\/\/www.rontool.de\/shop\/zimmermann\/","url":"https:\/\/www.rontool.de\/shop\/zimmermann\/","name":"kleiner Hammer f\u00fcr Mini - Zimmerm\u00e4nner aus Holz","isPartOf":{"@id":"https:\/\/rontool.de\/#website"},"primaryImageOfPage":{"@id":"https:\/\/www.rontool.de\/shop\/zimmermann\/#primaryimage"},"image":{"@id":"https:\/\/www.rontool.de\/shop\/zimmermann\/#primaryimage"},"thumbnailUrl":"https:\/\/www.rontool.de\/wp-content\/uploads\/2018\/09\/rontool-spielzeug-aus-holz-holzspielzeug-deutschland-werkzeuge-zimmermann-kleiner-hammer.jpg","datePublished":"2018-09-15T10:32:05+00:00","dateModified":"2023-11-26T18:23:18+00:00","description":"Dieser kleine Holzhammmer eignet sich prima als Einstieg in eine gro\u00dfe Karriere als Handwerker und Handwerkerin. Hammer braucht man immer","breadcrumb":{"@id":"https:\/\/www.rontool.de\/shop\/zimmermann\/#breadcrumb"},"inLanguage":"en-GB","potentialAction":[{"@type":"ReadAction","target":["https:\/\/www.rontool.de\/shop\/zimmermann\/"]}]},{"@type":"ImageObject","inLanguage":"en-GB","@id":"https:\/\/www.rontool.de\/shop\/zimmermann\/#primaryimage","url":"https:\/\/www.rontool.de\/wp-content\/uploads\/2018\/09\/rontool-spielzeug-aus-holz-holzspielzeug-deutschland-werkzeuge-zimmermann-kleiner-hammer.jpg","contentUrl":"https:\/\/www.rontool.de\/wp-content\/uploads\/2018\/09\/rontool-spielzeug-aus-holz-holzspielzeug-deutschland-werkzeuge-zimmermann-kleiner-hammer.jpg","width":1000,"height":1000,"caption":"Rontool - Spielzeug aus Holz - spielen - Holzspielzeug - Werkzeug Werkzeuge - Zimmermann Hammer"},{"@type":"BreadcrumbList","@id":"https:\/\/www.rontool.de\/shop\/zimmermann\/#breadcrumb","itemListElement":[{"@type":"ListItem","position":1,"name":"Shop","item":"https:\/\/www.rontool.de\/shop\/"},{"@type":"ListItem","position":2,"name":"kleiner Hammer"}]},{"@type":"WebSite","@id":"https:\/\/rontool.de\/#website","url":"https:\/\/rontool.de\/","name":"RONTOOL","description":"Holzspielzeug aus Berlin f\u00fcr Kinder und Erwachsene","potentialAction":[{"@type":"SearchAction","target":{"@type":"EntryPoint","urlTemplate":"https:\/\/rontool.de\/?s={search_term_string}"},"query-input":{"@type":"PropertyValueSpecification","valueRequired":true,"valueName":"search_term_string"}}],"inLanguage":"en-GB"}]}},"_links":{"self":[{"href":"https:\/\/www.rontool.de\/en\/wp-json\/wp\/v2\/product\/1164","targetHints":{"allow":["GET"]}}],"collection":[{"href":"https:\/\/www.rontool.de\/en\/wp-json\/wp\/v2\/product"}],"about":[{"href":"https:\/\/www.rontool.de\/en\/wp-json\/wp\/v2\/types\/product"}],"wp:featuredmedia":[{"embeddable":true,"href":"https:\/\/www.rontool.de\/en\/wp-json\/wp\/v2\/media\/8979"}],"wp:attachment":[{"href":"https:\/\/www.rontool.de\/en\/wp-json\/wp\/v2\/media?parent=1164"}],"wp:term":[{"taxonomy":"product_brand","embeddable":true,"href":"https:\/\/www.rontool.de\/en\/wp-json\/wp\/v2\/product_brand?post=1164"},{"taxonomy":"product_cat","embeddable":true,"href":"https:\/\/www.rontool.de\/en\/wp-json\/wp\/v2\/product_cat?post=1164"},{"taxonomy":"product_tag","embeddable":true,"href":"https:\/\/www.rontool.de\/en\/wp-json\/wp\/v2\/product_tag?post=1164"}],"curies":[{"name":"wp","href":"https:\/\/api.w.org\/{rel}","templated":true}]}}