{"id":1180,"date":"2018-09-28T15:52:28","date_gmt":"2018-09-28T15:52:28","guid":{"rendered":"http:\/\/testzone-2018.rontool.de\/?post_type=product&#038;p=1180"},"modified":"2021-06-21T13:36:28","modified_gmt":"2021-06-21T13:36:28","slug":"flaschenoeffner","status":"publish","type":"product","link":"https:\/\/www.rontool.de\/en\/shop\/flaschenoeffner\/","title":{"rendered":"Pipe wrenches - bottle openers"},"content":{"rendered":"<p>The wooden toy tool \"pipe wrench\" is particularly easy to grip. With the stainless steel hook, beer bottles can be opened differently and it is guaranteed not to get lost ...<\/p>\n<p>A nice gift for men !!!<\/p>","protected":false},"excerpt":{"rendered":"<p>Das Holzspielzeugwerkzeug &#8222;Rohrzange&#8220; liegt besonders griffig in der Hand. Mit dem Edelstahlhaken lassen sich Bierflaschen mal anders \u00f6ffnen und er geht garantiert nicht verloren&#8230; Ein sch\u00f6nes M\u00e4nnergeschenk!!!<\/p>","protected":false},"featured_media":9011,"template":"","meta":[],"product_brand":[],"product_cat":[39,37],"product_tag":[76,68,78],"class_list":{"0":"post-1180","1":"product","2":"type-product","3":"status-publish","4":"has-post-thumbnail","6":"product_cat-erwachsene","7":"product_cat-werkzeuge","8":"product_tag-geburtstagsgeschenke","9":"product_tag-hochzeitsgeschenke","10":"product_tag-oeffnen-und-schliessen","12":"first","13":"instock","14":"taxable","15":"shipping-taxable","16":"purchasable","17":"product-type-simple"},"yoast_head":"<!-- This site is optimized with the Yoast SEO plugin v27.2 - https:\/\/yoast.com\/product\/yoast-seo-wordpress\/ -->\n<title>Rohrzangen - Flaschen\u00f6ffner - RONTOOL<\/title>\n<meta name=\"robots\" content=\"index, follow, max-snippet:-1, max-image-preview:large, max-video-preview:-1\" \/>\n<link rel=\"canonical\" href=\"https:\/\/www.rontool.de\/en\/shop\/flaschenoeffner\/\" \/>\n<meta property=\"og:locale\" content=\"en_GB\" \/>\n<meta property=\"og:type\" content=\"article\" \/>\n<meta property=\"og:title\" content=\"Rohrzangen - Flaschen\u00f6ffner - RONTOOL\" \/>\n<meta property=\"og:description\" content=\"Das Holzspielzeugwerkzeug &#8222;Rohrzange&#8220; liegt besonders griffig in der Hand. Mit dem Edelstahlhaken lassen sich Bierflaschen mal anders \u00f6ffnen und er geht garantiert nicht verloren&#8230; Ein sch\u00f6nes M\u00e4nnergeschenk!!!\" \/>\n<meta property=\"og:url\" content=\"https:\/\/www.rontool.de\/en\/shop\/flaschenoeffner\/\" \/>\n<meta property=\"og:site_name\" content=\"RONTOOL\" \/>\n<meta property=\"article:modified_time\" content=\"2021-06-21T13:36:28+00:00\" \/>\n<meta property=\"og:image\" content=\"https:\/\/www.rontool.de\/wp-content\/uploads\/2021\/06\/rontool-spielzeug-aus-holz-holzspielzeug-aus-deutschland-erwachsene-flaschenoeffner.jpg\" \/>\n\t<meta property=\"og:image:width\" content=\"1000\" \/>\n\t<meta property=\"og:image:height\" content=\"1000\" \/>\n\t<meta property=\"og:image:type\" content=\"image\/jpeg\" \/>\n<meta name=\"twitter:card\" content=\"summary_large_image\" \/>\n<meta name=\"twitter:label1\" content=\"Estimated reading time\" \/>\n\t<meta name=\"twitter:data1\" content=\"1 minute\" \/>\n<script type=\"application\/ld+json\" class=\"yoast-schema-graph\">{\"@context\":\"https:\/\/schema.org\",\"@graph\":[{\"@type\":\"WebPage\",\"@id\":\"https:\/\/www.rontool.de\/shop\/flaschenoeffner\/\",\"url\":\"https:\/\/www.rontool.de\/shop\/flaschenoeffner\/\",\"name\":\"Rohrzangen - Flaschen\u00f6ffner - RONTOOL\",\"isPartOf\":{\"@id\":\"https:\/\/rontool.de\/#website\"},\"primaryImageOfPage\":{\"@id\":\"https:\/\/www.rontool.de\/shop\/flaschenoeffner\/#primaryimage\"},\"image\":{\"@id\":\"https:\/\/www.rontool.de\/shop\/flaschenoeffner\/#primaryimage\"},\"thumbnailUrl\":\"https:\/\/www.rontool.de\/wp-content\/uploads\/2021\/06\/rontool-spielzeug-aus-holz-holzspielzeug-aus-deutschland-erwachsene-flaschenoeffner.jpg\",\"datePublished\":\"2018-09-28T15:52:28+00:00\",\"dateModified\":\"2021-06-21T13:36:28+00:00\",\"breadcrumb\":{\"@id\":\"https:\/\/www.rontool.de\/shop\/flaschenoeffner\/#breadcrumb\"},\"inLanguage\":\"en-GB\",\"potentialAction\":[{\"@type\":\"ReadAction\",\"target\":[\"https:\/\/www.rontool.de\/shop\/flaschenoeffner\/\"]}]},{\"@type\":\"ImageObject\",\"inLanguage\":\"en-GB\",\"@id\":\"https:\/\/www.rontool.de\/shop\/flaschenoeffner\/#primaryimage\",\"url\":\"https:\/\/www.rontool.de\/wp-content\/uploads\/2021\/06\/rontool-spielzeug-aus-holz-holzspielzeug-aus-deutschland-erwachsene-flaschenoeffner.jpg\",\"contentUrl\":\"https:\/\/www.rontool.de\/wp-content\/uploads\/2021\/06\/rontool-spielzeug-aus-holz-holzspielzeug-aus-deutschland-erwachsene-flaschenoeffner.jpg\",\"width\":1000,\"height\":1000,\"caption\":\"Rontool - Holzspielzeug - Spielzeug aus Holz - Flaschenoeffner oeffnen von Flaschen Schraubschluessel Werkzeug robust sicher Geschenkidee fuer Maenner\"},{\"@type\":\"BreadcrumbList\",\"@id\":\"https:\/\/www.rontool.de\/shop\/flaschenoeffner\/#breadcrumb\",\"itemListElement\":[{\"@type\":\"ListItem\",\"position\":1,\"name\":\"Shop\",\"item\":\"https:\/\/www.rontool.de\/shop\/\"},{\"@type\":\"ListItem\",\"position\":2,\"name\":\"Rohrzangen &#8211; Flaschen\u00f6ffner\"}]},{\"@type\":\"WebSite\",\"@id\":\"https:\/\/rontool.de\/#website\",\"url\":\"https:\/\/rontool.de\/\",\"name\":\"RONTOOL\",\"description\":\"Holzspielzeug aus Berlin f\u00fcr Kinder und Erwachsene\",\"potentialAction\":[{\"@type\":\"SearchAction\",\"target\":{\"@type\":\"EntryPoint\",\"urlTemplate\":\"https:\/\/rontool.de\/?s={search_term_string}\"},\"query-input\":{\"@type\":\"PropertyValueSpecification\",\"valueRequired\":true,\"valueName\":\"search_term_string\"}}],\"inLanguage\":\"en-GB\"}]}<\/script>\n<!-- \/ Yoast SEO plugin. -->","yoast_head_json":{"title":"Rohrzangen - Flaschen\u00f6ffner - RONTOOL","robots":{"index":"index","follow":"follow","max-snippet":"max-snippet:-1","max-image-preview":"max-image-preview:large","max-video-preview":"max-video-preview:-1"},"canonical":"https:\/\/www.rontool.de\/en\/shop\/flaschenoeffner\/","og_locale":"en_GB","og_type":"article","og_title":"Rohrzangen - Flaschen\u00f6ffner - RONTOOL","og_description":"Das Holzspielzeugwerkzeug &#8222;Rohrzange&#8220; liegt besonders griffig in der Hand. Mit dem Edelstahlhaken lassen sich Bierflaschen mal anders \u00f6ffnen und er geht garantiert nicht verloren&#8230; Ein sch\u00f6nes M\u00e4nnergeschenk!!!","og_url":"https:\/\/www.rontool.de\/en\/shop\/flaschenoeffner\/","og_site_name":"RONTOOL","article_modified_time":"2021-06-21T13:36:28+00:00","og_image":[{"width":1000,"height":1000,"url":"https:\/\/www.rontool.de\/wp-content\/uploads\/2021\/06\/rontool-spielzeug-aus-holz-holzspielzeug-aus-deutschland-erwachsene-flaschenoeffner.jpg","type":"image\/jpeg"}],"twitter_card":"summary_large_image","twitter_misc":{"Estimated reading time":"1 minute"},"schema":{"@context":"https:\/\/schema.org","@graph":[{"@type":"WebPage","@id":"https:\/\/www.rontool.de\/shop\/flaschenoeffner\/","url":"https:\/\/www.rontool.de\/shop\/flaschenoeffner\/","name":"Rohrzangen - Flaschen\u00f6ffner - RONTOOL","isPartOf":{"@id":"https:\/\/rontool.de\/#website"},"primaryImageOfPage":{"@id":"https:\/\/www.rontool.de\/shop\/flaschenoeffner\/#primaryimage"},"image":{"@id":"https:\/\/www.rontool.de\/shop\/flaschenoeffner\/#primaryimage"},"thumbnailUrl":"https:\/\/www.rontool.de\/wp-content\/uploads\/2021\/06\/rontool-spielzeug-aus-holz-holzspielzeug-aus-deutschland-erwachsene-flaschenoeffner.jpg","datePublished":"2018-09-28T15:52:28+00:00","dateModified":"2021-06-21T13:36:28+00:00","breadcrumb":{"@id":"https:\/\/www.rontool.de\/shop\/flaschenoeffner\/#breadcrumb"},"inLanguage":"en-GB","potentialAction":[{"@type":"ReadAction","target":["https:\/\/www.rontool.de\/shop\/flaschenoeffner\/"]}]},{"@type":"ImageObject","inLanguage":"en-GB","@id":"https:\/\/www.rontool.de\/shop\/flaschenoeffner\/#primaryimage","url":"https:\/\/www.rontool.de\/wp-content\/uploads\/2021\/06\/rontool-spielzeug-aus-holz-holzspielzeug-aus-deutschland-erwachsene-flaschenoeffner.jpg","contentUrl":"https:\/\/www.rontool.de\/wp-content\/uploads\/2021\/06\/rontool-spielzeug-aus-holz-holzspielzeug-aus-deutschland-erwachsene-flaschenoeffner.jpg","width":1000,"height":1000,"caption":"Rontool - Holzspielzeug - Spielzeug aus Holz - Flaschenoeffner oeffnen von Flaschen Schraubschluessel Werkzeug robust sicher Geschenkidee fuer Maenner"},{"@type":"BreadcrumbList","@id":"https:\/\/www.rontool.de\/shop\/flaschenoeffner\/#breadcrumb","itemListElement":[{"@type":"ListItem","position":1,"name":"Shop","item":"https:\/\/www.rontool.de\/shop\/"},{"@type":"ListItem","position":2,"name":"Rohrzangen &#8211; Flaschen\u00f6ffner"}]},{"@type":"WebSite","@id":"https:\/\/rontool.de\/#website","url":"https:\/\/rontool.de\/","name":"RONTOOL","description":"Holzspielzeug aus Berlin f\u00fcr Kinder und Erwachsene","potentialAction":[{"@type":"SearchAction","target":{"@type":"EntryPoint","urlTemplate":"https:\/\/rontool.de\/?s={search_term_string}"},"query-input":{"@type":"PropertyValueSpecification","valueRequired":true,"valueName":"search_term_string"}}],"inLanguage":"en-GB"}]}},"_links":{"self":[{"href":"https:\/\/www.rontool.de\/en\/wp-json\/wp\/v2\/product\/1180","targetHints":{"allow":["GET"]}}],"collection":[{"href":"https:\/\/www.rontool.de\/en\/wp-json\/wp\/v2\/product"}],"about":[{"href":"https:\/\/www.rontool.de\/en\/wp-json\/wp\/v2\/types\/product"}],"wp:featuredmedia":[{"embeddable":true,"href":"https:\/\/www.rontool.de\/en\/wp-json\/wp\/v2\/media\/9011"}],"wp:attachment":[{"href":"https:\/\/www.rontool.de\/en\/wp-json\/wp\/v2\/media?parent=1180"}],"wp:term":[{"taxonomy":"product_brand","embeddable":true,"href":"https:\/\/www.rontool.de\/en\/wp-json\/wp\/v2\/product_brand?post=1180"},{"taxonomy":"product_cat","embeddable":true,"href":"https:\/\/www.rontool.de\/en\/wp-json\/wp\/v2\/product_cat?post=1180"},{"taxonomy":"product_tag","embeddable":true,"href":"https:\/\/www.rontool.de\/en\/wp-json\/wp\/v2\/product_tag?post=1180"}],"curies":[{"name":"wp","href":"https:\/\/api.w.org\/{rel}","templated":true}]}}