{"id":1216,"date":"2018-10-07T19:30:50","date_gmt":"2018-10-07T19:30:50","guid":{"rendered":"http:\/\/testzone-2018.rontool.de\/?post_type=product&#038;p=1216"},"modified":"2021-06-21T13:36:44","modified_gmt":"2021-06-21T13:36:44","slug":"minnitisch","status":"publish","type":"product","link":"https:\/\/www.rontool.de\/en\/shop\/minnitisch\/","title":{"rendered":"Mini-Tisch \/ Puppentisch \/ Serviertisch"},"content":{"rendered":"<p class=\"translation-block\">The mini table presents many objects and is also suitable as a doll table or barbie table. <br>\nIt has a small and a large tabletop, depending on what you want to present, just turn it over. <br>\nAlso highly recommended for serving a small birthday cake!<\/p>\n<p>Auf unseren M\u00e4rkten hat sich der kleine Halter sehr bewehrt, die Kamera mag ihn am Liebsten \ud83d\ude09<\/p>","protected":false},"excerpt":{"rendered":"<p>Der Mini-Tisch pr\u00e4sentiert so manchen Gegenstand und eignet sich auch als Puppentisch oder Barbietisch. Er hat eine kleine und eine gro\u00dfe Tischplatte, je nachdem, was man pr\u00e4sentieren m\u00f6chte, einfach umdrehen. Auch zum Servieren eines kleinen Geburtstagskuchens sehr zu empfehlen! Auf unseren M\u00e4rkten hat sich der kleine Halter sehr bewehrt, die Kamera mag ihn am Liebsten [&#8230;]\n","protected":false},"featured_media":9023,"template":"","meta":[],"product_brand":[],"product_cat":[39],"product_tag":[68,66,77,70],"class_list":{"0":"post-1216","1":"product","2":"type-product","3":"status-publish","4":"has-post-thumbnail","6":"product_cat-erwachsene","7":"product_tag-hochzeitsgeschenke","8":"product_tag-kreativspielzeug","9":"product_tag-maedchenspielzeug","10":"product_tag-wohnen-leben","12":"first","13":"instock","14":"taxable","15":"shipping-taxable","16":"purchasable","17":"product-type-simple"},"yoast_head":"<!-- This site is optimized with the Yoast SEO plugin v27.2 - https:\/\/yoast.com\/product\/yoast-seo-wordpress\/ -->\n<title>Mini-Tisch \/ Puppentisch \/ Serviertisch - RONTOOL<\/title>\n<meta name=\"robots\" content=\"index, follow, max-snippet:-1, max-image-preview:large, max-video-preview:-1\" \/>\n<link rel=\"canonical\" href=\"https:\/\/www.rontool.de\/en\/shop\/minnitisch\/\" \/>\n<meta property=\"og:locale\" content=\"en_GB\" \/>\n<meta property=\"og:type\" content=\"article\" \/>\n<meta property=\"og:title\" content=\"Mini-Tisch \/ Puppentisch \/ Serviertisch - RONTOOL\" \/>\n<meta property=\"og:description\" content=\"Der Mini-Tisch pr\u00e4sentiert so manchen Gegenstand und eignet sich auch als Puppentisch oder Barbietisch. Er hat eine kleine und eine gro\u00dfe Tischplatte, je nachdem, was man pr\u00e4sentieren m\u00f6chte, einfach umdrehen. Auch zum Servieren eines kleinen Geburtstagskuchens sehr zu empfehlen! Auf unseren M\u00e4rkten hat sich der kleine Halter sehr bewehrt, die Kamera mag ihn am Liebsten [...]\" \/>\n<meta property=\"og:url\" content=\"https:\/\/www.rontool.de\/en\/shop\/minnitisch\/\" \/>\n<meta property=\"og:site_name\" content=\"RONTOOL\" \/>\n<meta property=\"article:modified_time\" content=\"2021-06-21T13:36:44+00:00\" \/>\n<meta property=\"og:image\" content=\"https:\/\/www.rontool.de\/wp-content\/uploads\/2018\/09\/rontool-spielzeug-aus-holz-holzspielzeug-aus-deutschland-erwachsene-kleiner-tisch.jpg\" \/>\n\t<meta property=\"og:image:width\" content=\"1000\" \/>\n\t<meta property=\"og:image:height\" content=\"1000\" \/>\n\t<meta property=\"og:image:type\" content=\"image\/jpeg\" \/>\n<meta name=\"twitter:card\" content=\"summary_large_image\" \/>\n<meta name=\"twitter:label1\" content=\"Estimated reading time\" \/>\n\t<meta name=\"twitter:data1\" content=\"1 minute\" \/>\n<script type=\"application\/ld+json\" class=\"yoast-schema-graph\">{\"@context\":\"https:\/\/schema.org\",\"@graph\":[{\"@type\":\"WebPage\",\"@id\":\"https:\/\/www.rontool.de\/shop\/minnitisch\/\",\"url\":\"https:\/\/www.rontool.de\/shop\/minnitisch\/\",\"name\":\"Mini-Tisch \/ Puppentisch \/ Serviertisch - RONTOOL\",\"isPartOf\":{\"@id\":\"https:\/\/rontool.de\/#website\"},\"primaryImageOfPage\":{\"@id\":\"https:\/\/www.rontool.de\/shop\/minnitisch\/#primaryimage\"},\"image\":{\"@id\":\"https:\/\/www.rontool.de\/shop\/minnitisch\/#primaryimage\"},\"thumbnailUrl\":\"https:\/\/www.rontool.de\/wp-content\/uploads\/2018\/09\/rontool-spielzeug-aus-holz-holzspielzeug-aus-deutschland-erwachsene-kleiner-tisch.jpg\",\"datePublished\":\"2018-10-07T19:30:50+00:00\",\"dateModified\":\"2021-06-21T13:36:44+00:00\",\"breadcrumb\":{\"@id\":\"https:\/\/www.rontool.de\/shop\/minnitisch\/#breadcrumb\"},\"inLanguage\":\"en-GB\",\"potentialAction\":[{\"@type\":\"ReadAction\",\"target\":[\"https:\/\/www.rontool.de\/shop\/minnitisch\/\"]}]},{\"@type\":\"ImageObject\",\"inLanguage\":\"en-GB\",\"@id\":\"https:\/\/www.rontool.de\/shop\/minnitisch\/#primaryimage\",\"url\":\"https:\/\/www.rontool.de\/wp-content\/uploads\/2018\/09\/rontool-spielzeug-aus-holz-holzspielzeug-aus-deutschland-erwachsene-kleiner-tisch.jpg\",\"contentUrl\":\"https:\/\/www.rontool.de\/wp-content\/uploads\/2018\/09\/rontool-spielzeug-aus-holz-holzspielzeug-aus-deutschland-erwachsene-kleiner-tisch.jpg\",\"width\":1000,\"height\":1000,\"caption\":\"Rontool - Holzspielzeug - Spielzeug aus Holz fuer Erwachsene kleiner Hocker Holzhocker Sitzgelegenheit Sitz\"},{\"@type\":\"BreadcrumbList\",\"@id\":\"https:\/\/www.rontool.de\/shop\/minnitisch\/#breadcrumb\",\"itemListElement\":[{\"@type\":\"ListItem\",\"position\":1,\"name\":\"Shop\",\"item\":\"https:\/\/www.rontool.de\/shop\/\"},{\"@type\":\"ListItem\",\"position\":2,\"name\":\"Mini-Tisch \/ Puppentisch \/ Serviertisch\"}]},{\"@type\":\"WebSite\",\"@id\":\"https:\/\/rontool.de\/#website\",\"url\":\"https:\/\/rontool.de\/\",\"name\":\"RONTOOL\",\"description\":\"Holzspielzeug aus Berlin f\u00fcr Kinder und Erwachsene\",\"potentialAction\":[{\"@type\":\"SearchAction\",\"target\":{\"@type\":\"EntryPoint\",\"urlTemplate\":\"https:\/\/rontool.de\/?s={search_term_string}\"},\"query-input\":{\"@type\":\"PropertyValueSpecification\",\"valueRequired\":true,\"valueName\":\"search_term_string\"}}],\"inLanguage\":\"en-GB\"}]}<\/script>\n<!-- \/ Yoast SEO plugin. -->","yoast_head_json":{"title":"Mini-Tisch \/ Puppentisch \/ Serviertisch - RONTOOL","robots":{"index":"index","follow":"follow","max-snippet":"max-snippet:-1","max-image-preview":"max-image-preview:large","max-video-preview":"max-video-preview:-1"},"canonical":"https:\/\/www.rontool.de\/en\/shop\/minnitisch\/","og_locale":"en_GB","og_type":"article","og_title":"Mini-Tisch \/ Puppentisch \/ Serviertisch - RONTOOL","og_description":"Der Mini-Tisch pr\u00e4sentiert so manchen Gegenstand und eignet sich auch als Puppentisch oder Barbietisch. Er hat eine kleine und eine gro\u00dfe Tischplatte, je nachdem, was man pr\u00e4sentieren m\u00f6chte, einfach umdrehen. Auch zum Servieren eines kleinen Geburtstagskuchens sehr zu empfehlen! Auf unseren M\u00e4rkten hat sich der kleine Halter sehr bewehrt, die Kamera mag ihn am Liebsten [...]","og_url":"https:\/\/www.rontool.de\/en\/shop\/minnitisch\/","og_site_name":"RONTOOL","article_modified_time":"2021-06-21T13:36:44+00:00","og_image":[{"width":1000,"height":1000,"url":"https:\/\/www.rontool.de\/wp-content\/uploads\/2018\/09\/rontool-spielzeug-aus-holz-holzspielzeug-aus-deutschland-erwachsene-kleiner-tisch.jpg","type":"image\/jpeg"}],"twitter_card":"summary_large_image","twitter_misc":{"Estimated reading time":"1 minute"},"schema":{"@context":"https:\/\/schema.org","@graph":[{"@type":"WebPage","@id":"https:\/\/www.rontool.de\/shop\/minnitisch\/","url":"https:\/\/www.rontool.de\/shop\/minnitisch\/","name":"Mini-Tisch \/ Puppentisch \/ Serviertisch - RONTOOL","isPartOf":{"@id":"https:\/\/rontool.de\/#website"},"primaryImageOfPage":{"@id":"https:\/\/www.rontool.de\/shop\/minnitisch\/#primaryimage"},"image":{"@id":"https:\/\/www.rontool.de\/shop\/minnitisch\/#primaryimage"},"thumbnailUrl":"https:\/\/www.rontool.de\/wp-content\/uploads\/2018\/09\/rontool-spielzeug-aus-holz-holzspielzeug-aus-deutschland-erwachsene-kleiner-tisch.jpg","datePublished":"2018-10-07T19:30:50+00:00","dateModified":"2021-06-21T13:36:44+00:00","breadcrumb":{"@id":"https:\/\/www.rontool.de\/shop\/minnitisch\/#breadcrumb"},"inLanguage":"en-GB","potentialAction":[{"@type":"ReadAction","target":["https:\/\/www.rontool.de\/shop\/minnitisch\/"]}]},{"@type":"ImageObject","inLanguage":"en-GB","@id":"https:\/\/www.rontool.de\/shop\/minnitisch\/#primaryimage","url":"https:\/\/www.rontool.de\/wp-content\/uploads\/2018\/09\/rontool-spielzeug-aus-holz-holzspielzeug-aus-deutschland-erwachsene-kleiner-tisch.jpg","contentUrl":"https:\/\/www.rontool.de\/wp-content\/uploads\/2018\/09\/rontool-spielzeug-aus-holz-holzspielzeug-aus-deutschland-erwachsene-kleiner-tisch.jpg","width":1000,"height":1000,"caption":"Rontool - Holzspielzeug - Spielzeug aus Holz fuer Erwachsene kleiner Hocker Holzhocker Sitzgelegenheit Sitz"},{"@type":"BreadcrumbList","@id":"https:\/\/www.rontool.de\/shop\/minnitisch\/#breadcrumb","itemListElement":[{"@type":"ListItem","position":1,"name":"Shop","item":"https:\/\/www.rontool.de\/shop\/"},{"@type":"ListItem","position":2,"name":"Mini-Tisch \/ Puppentisch \/ Serviertisch"}]},{"@type":"WebSite","@id":"https:\/\/rontool.de\/#website","url":"https:\/\/rontool.de\/","name":"RONTOOL","description":"Holzspielzeug aus Berlin f\u00fcr Kinder und Erwachsene","potentialAction":[{"@type":"SearchAction","target":{"@type":"EntryPoint","urlTemplate":"https:\/\/rontool.de\/?s={search_term_string}"},"query-input":{"@type":"PropertyValueSpecification","valueRequired":true,"valueName":"search_term_string"}}],"inLanguage":"en-GB"}]}},"_links":{"self":[{"href":"https:\/\/www.rontool.de\/en\/wp-json\/wp\/v2\/product\/1216","targetHints":{"allow":["GET"]}}],"collection":[{"href":"https:\/\/www.rontool.de\/en\/wp-json\/wp\/v2\/product"}],"about":[{"href":"https:\/\/www.rontool.de\/en\/wp-json\/wp\/v2\/types\/product"}],"wp:featuredmedia":[{"embeddable":true,"href":"https:\/\/www.rontool.de\/en\/wp-json\/wp\/v2\/media\/9023"}],"wp:attachment":[{"href":"https:\/\/www.rontool.de\/en\/wp-json\/wp\/v2\/media?parent=1216"}],"wp:term":[{"taxonomy":"product_brand","embeddable":true,"href":"https:\/\/www.rontool.de\/en\/wp-json\/wp\/v2\/product_brand?post=1216"},{"taxonomy":"product_cat","embeddable":true,"href":"https:\/\/www.rontool.de\/en\/wp-json\/wp\/v2\/product_cat?post=1216"},{"taxonomy":"product_tag","embeddable":true,"href":"https:\/\/www.rontool.de\/en\/wp-json\/wp\/v2\/product_tag?post=1216"}],"curies":[{"name":"wp","href":"https:\/\/api.w.org\/{rel}","templated":true}]}}