{"id":1233,"date":"2018-10-07T20:33:41","date_gmt":"2018-10-07T20:33:41","guid":{"rendered":"http:\/\/testzone-2018.rontool.de\/?post_type=product&#038;p=1233"},"modified":"2023-11-26T18:26:00","modified_gmt":"2023-11-26T18:26:00","slug":"grosser-hammer","status":"publish","type":"product","link":"https:\/\/www.rontool.de\/en\/shop\/grosser-hammer\/","title":{"rendered":"Big hammer"},"content":{"rendered":"<h2>Big hammer<\/h2>\n<p>The large hammer has a long handle with a rounded end. Small, strong children's hands won't slip away like this. The hole in the handle allows it to be easily stowed away on hooks.<\/p>\n<p>From experience, many a real dowel has already disappeared into the wood with a hammer.<\/p>\n<p>Note: this is not a baby toy. The hammer is relatively heavy and requires a bit of skill. You can \u201cwork\u201d properly with this. The children finally feel they are being taken seriously, like the great craftsmen\u2026.<\/p>\n<p>But for us, too, it has often been a good alternative to real tools. When we were camping we had him with us to put the pegs in.<\/p>\n<p><strong>Dimensions:<\/strong><\/p>\n<p class=\"translation-block\">Length: 28cm <br>\nWidth: 12cm <br>\nThickness of the hammer head: 5.5cm <br>\nWeight: 216g<\/p>\n<p class=\"translation-block\">For the little craft apprentices we also have the <a href=\"https:\/\/www.rontool.de\/en\/shop\/zimmermann\/\" target=\"_self\"> small hammer <\/a>. You can see <a href=\"https:\/\/www.youtube.com\/watch?v=UV3LcMNOuzI\" target=\"_self\"> here <\/a> how our children hammered at one of the first Rontool market stalls in 2014<\/p>\n<p>hammerhart \ud83d\ude09<\/p>","protected":false},"excerpt":{"rendered":"<p>Gro\u00dfer Hammer Der gro\u00dfe Hammer hat einen langen Griff mit gerundetem Abschluss. So rutscht kleine kr\u00e4ftige Kinderhand nicht weg. Das Loch im Griff erm\u00f6glich ein gutes Verstauen an Haken. Aus Erfahrung ist so manch echter D\u00fcbel ist mit dem Hammer auch schon im Holz verschwunden. Hinweis: Dies ist kein Babyspielzeug. Der Hammer ist relativ schwer [&#8230;]\n","protected":false},"featured_media":8981,"template":"","meta":[],"product_brand":[],"product_cat":[34,37],"product_tag":[123,64,72,57,70,80],"class_list":{"0":"post-1233","1":"product","2":"type-product","3":"status-publish","4":"has-post-thumbnail","6":"product_cat-abenteuer","7":"product_cat-werkzeuge","8":"product_tag-dedraufhauen","9":"product_tag-jungenspielzeug","10":"product_tag-outdoorspielzeug","11":"product_tag-robustes-spielzeug","12":"product_tag-wohnen-leben","13":"product_tag-zersplittern-und-zersaegen","15":"first","16":"instock","17":"taxable","18":"shipping-taxable","19":"purchasable","20":"product-type-simple"},"yoast_head":"<!-- This site is optimized with the Yoast SEO plugin v27.2 - https:\/\/yoast.com\/product\/yoast-seo-wordpress\/ -->\n<title>Gro\u00dfer Hammer, Holzspielzeug f\u00fcr kleine Handwerker<\/title>\n<meta name=\"description\" content=\"Der gro\u00dfe Hammer aus stabilem Birkenholz ist fast so stark wie ein echter Hammer von Papa aus der Werkzeugkiste.\" \/>\n<meta name=\"robots\" content=\"index, follow, max-snippet:-1, max-image-preview:large, max-video-preview:-1\" \/>\n<link rel=\"canonical\" href=\"https:\/\/www.rontool.de\/en\/shop\/grosser-hammer\/\" \/>\n<meta property=\"og:locale\" content=\"en_GB\" \/>\n<meta property=\"og:type\" content=\"article\" \/>\n<meta property=\"og:title\" content=\"Gro\u00dfer Hammer, Holzspielzeug f\u00fcr kleine Handwerker\" \/>\n<meta property=\"og:description\" content=\"Der gro\u00dfe Hammer aus stabilem Birkenholz ist fast so stark wie ein echter Hammer von Papa aus der Werkzeugkiste.\" \/>\n<meta property=\"og:url\" content=\"https:\/\/www.rontool.de\/en\/shop\/grosser-hammer\/\" \/>\n<meta property=\"og:site_name\" content=\"RONTOOL\" \/>\n<meta property=\"article:modified_time\" content=\"2023-11-26T18:26:00+00:00\" \/>\n<meta property=\"og:image\" content=\"https:\/\/www.rontool.de\/wp-content\/uploads\/2018\/09\/rontool-spielzeug-aus-holz-holzspielzeug-deutschland-werkzeug-grosser-hammer.jpg\" \/>\n\t<meta property=\"og:image:width\" content=\"1000\" \/>\n\t<meta property=\"og:image:height\" content=\"1000\" \/>\n\t<meta property=\"og:image:type\" content=\"image\/jpeg\" \/>\n<meta name=\"twitter:card\" content=\"summary_large_image\" \/>\n<meta name=\"twitter:label1\" content=\"Estimated reading time\" \/>\n\t<meta name=\"twitter:data1\" content=\"1 minute\" \/>\n<script type=\"application\/ld+json\" class=\"yoast-schema-graph\">{\"@context\":\"https:\/\/schema.org\",\"@graph\":[{\"@type\":\"WebPage\",\"@id\":\"https:\/\/www.rontool.de\/shop\/grosser-hammer\/\",\"url\":\"https:\/\/www.rontool.de\/shop\/grosser-hammer\/\",\"name\":\"Gro\u00dfer Hammer, Holzspielzeug f\u00fcr kleine Handwerker\",\"isPartOf\":{\"@id\":\"https:\/\/rontool.de\/#website\"},\"primaryImageOfPage\":{\"@id\":\"https:\/\/www.rontool.de\/shop\/grosser-hammer\/#primaryimage\"},\"image\":{\"@id\":\"https:\/\/www.rontool.de\/shop\/grosser-hammer\/#primaryimage\"},\"thumbnailUrl\":\"https:\/\/www.rontool.de\/wp-content\/uploads\/2018\/09\/rontool-spielzeug-aus-holz-holzspielzeug-deutschland-werkzeug-grosser-hammer.jpg\",\"datePublished\":\"2018-10-07T20:33:41+00:00\",\"dateModified\":\"2023-11-26T18:26:00+00:00\",\"description\":\"Der gro\u00dfe Hammer aus stabilem Birkenholz ist fast so stark wie ein echter Hammer von Papa aus der Werkzeugkiste.\",\"breadcrumb\":{\"@id\":\"https:\/\/www.rontool.de\/shop\/grosser-hammer\/#breadcrumb\"},\"inLanguage\":\"en-GB\",\"potentialAction\":[{\"@type\":\"ReadAction\",\"target\":[\"https:\/\/www.rontool.de\/shop\/grosser-hammer\/\"]}]},{\"@type\":\"ImageObject\",\"inLanguage\":\"en-GB\",\"@id\":\"https:\/\/www.rontool.de\/shop\/grosser-hammer\/#primaryimage\",\"url\":\"https:\/\/www.rontool.de\/wp-content\/uploads\/2018\/09\/rontool-spielzeug-aus-holz-holzspielzeug-deutschland-werkzeug-grosser-hammer.jpg\",\"contentUrl\":\"https:\/\/www.rontool.de\/wp-content\/uploads\/2018\/09\/rontool-spielzeug-aus-holz-holzspielzeug-deutschland-werkzeug-grosser-hammer.jpg\",\"width\":1000,\"height\":1000,\"caption\":\"Rontool - Spielzeug aus Holz - spielen - Holzspielzeug - Werkzeug Werkzeuge - grosser Hammer\"},{\"@type\":\"BreadcrumbList\",\"@id\":\"https:\/\/www.rontool.de\/shop\/grosser-hammer\/#breadcrumb\",\"itemListElement\":[{\"@type\":\"ListItem\",\"position\":1,\"name\":\"Shop\",\"item\":\"https:\/\/www.rontool.de\/shop\/\"},{\"@type\":\"ListItem\",\"position\":2,\"name\":\"Gro\u00dfer Hammer\"}]},{\"@type\":\"WebSite\",\"@id\":\"https:\/\/rontool.de\/#website\",\"url\":\"https:\/\/rontool.de\/\",\"name\":\"RONTOOL\",\"description\":\"Holzspielzeug aus Berlin f\u00fcr Kinder und Erwachsene\",\"potentialAction\":[{\"@type\":\"SearchAction\",\"target\":{\"@type\":\"EntryPoint\",\"urlTemplate\":\"https:\/\/rontool.de\/?s={search_term_string}\"},\"query-input\":{\"@type\":\"PropertyValueSpecification\",\"valueRequired\":true,\"valueName\":\"search_term_string\"}}],\"inLanguage\":\"en-GB\"}]}<\/script>\n<!-- \/ Yoast SEO plugin. -->","yoast_head_json":{"title":"Gro\u00dfer Hammer, Holzspielzeug f\u00fcr kleine Handwerker","description":"Der gro\u00dfe Hammer aus stabilem Birkenholz ist fast so stark wie ein echter Hammer von Papa aus der Werkzeugkiste.","robots":{"index":"index","follow":"follow","max-snippet":"max-snippet:-1","max-image-preview":"max-image-preview:large","max-video-preview":"max-video-preview:-1"},"canonical":"https:\/\/www.rontool.de\/en\/shop\/grosser-hammer\/","og_locale":"en_GB","og_type":"article","og_title":"Gro\u00dfer Hammer, Holzspielzeug f\u00fcr kleine Handwerker","og_description":"Der gro\u00dfe Hammer aus stabilem Birkenholz ist fast so stark wie ein echter Hammer von Papa aus der Werkzeugkiste.","og_url":"https:\/\/www.rontool.de\/en\/shop\/grosser-hammer\/","og_site_name":"RONTOOL","article_modified_time":"2023-11-26T18:26:00+00:00","og_image":[{"width":1000,"height":1000,"url":"https:\/\/www.rontool.de\/wp-content\/uploads\/2018\/09\/rontool-spielzeug-aus-holz-holzspielzeug-deutschland-werkzeug-grosser-hammer.jpg","type":"image\/jpeg"}],"twitter_card":"summary_large_image","twitter_misc":{"Estimated reading time":"1 minute"},"schema":{"@context":"https:\/\/schema.org","@graph":[{"@type":"WebPage","@id":"https:\/\/www.rontool.de\/shop\/grosser-hammer\/","url":"https:\/\/www.rontool.de\/shop\/grosser-hammer\/","name":"Gro\u00dfer Hammer, Holzspielzeug f\u00fcr kleine Handwerker","isPartOf":{"@id":"https:\/\/rontool.de\/#website"},"primaryImageOfPage":{"@id":"https:\/\/www.rontool.de\/shop\/grosser-hammer\/#primaryimage"},"image":{"@id":"https:\/\/www.rontool.de\/shop\/grosser-hammer\/#primaryimage"},"thumbnailUrl":"https:\/\/www.rontool.de\/wp-content\/uploads\/2018\/09\/rontool-spielzeug-aus-holz-holzspielzeug-deutschland-werkzeug-grosser-hammer.jpg","datePublished":"2018-10-07T20:33:41+00:00","dateModified":"2023-11-26T18:26:00+00:00","description":"Der gro\u00dfe Hammer aus stabilem Birkenholz ist fast so stark wie ein echter Hammer von Papa aus der Werkzeugkiste.","breadcrumb":{"@id":"https:\/\/www.rontool.de\/shop\/grosser-hammer\/#breadcrumb"},"inLanguage":"en-GB","potentialAction":[{"@type":"ReadAction","target":["https:\/\/www.rontool.de\/shop\/grosser-hammer\/"]}]},{"@type":"ImageObject","inLanguage":"en-GB","@id":"https:\/\/www.rontool.de\/shop\/grosser-hammer\/#primaryimage","url":"https:\/\/www.rontool.de\/wp-content\/uploads\/2018\/09\/rontool-spielzeug-aus-holz-holzspielzeug-deutschland-werkzeug-grosser-hammer.jpg","contentUrl":"https:\/\/www.rontool.de\/wp-content\/uploads\/2018\/09\/rontool-spielzeug-aus-holz-holzspielzeug-deutschland-werkzeug-grosser-hammer.jpg","width":1000,"height":1000,"caption":"Rontool - Spielzeug aus Holz - spielen - Holzspielzeug - Werkzeug Werkzeuge - grosser Hammer"},{"@type":"BreadcrumbList","@id":"https:\/\/www.rontool.de\/shop\/grosser-hammer\/#breadcrumb","itemListElement":[{"@type":"ListItem","position":1,"name":"Shop","item":"https:\/\/www.rontool.de\/shop\/"},{"@type":"ListItem","position":2,"name":"Gro\u00dfer Hammer"}]},{"@type":"WebSite","@id":"https:\/\/rontool.de\/#website","url":"https:\/\/rontool.de\/","name":"RONTOOL","description":"Holzspielzeug aus Berlin f\u00fcr Kinder und Erwachsene","potentialAction":[{"@type":"SearchAction","target":{"@type":"EntryPoint","urlTemplate":"https:\/\/rontool.de\/?s={search_term_string}"},"query-input":{"@type":"PropertyValueSpecification","valueRequired":true,"valueName":"search_term_string"}}],"inLanguage":"en-GB"}]}},"_links":{"self":[{"href":"https:\/\/www.rontool.de\/en\/wp-json\/wp\/v2\/product\/1233","targetHints":{"allow":["GET"]}}],"collection":[{"href":"https:\/\/www.rontool.de\/en\/wp-json\/wp\/v2\/product"}],"about":[{"href":"https:\/\/www.rontool.de\/en\/wp-json\/wp\/v2\/types\/product"}],"wp:featuredmedia":[{"embeddable":true,"href":"https:\/\/www.rontool.de\/en\/wp-json\/wp\/v2\/media\/8981"}],"wp:attachment":[{"href":"https:\/\/www.rontool.de\/en\/wp-json\/wp\/v2\/media?parent=1233"}],"wp:term":[{"taxonomy":"product_brand","embeddable":true,"href":"https:\/\/www.rontool.de\/en\/wp-json\/wp\/v2\/product_brand?post=1233"},{"taxonomy":"product_cat","embeddable":true,"href":"https:\/\/www.rontool.de\/en\/wp-json\/wp\/v2\/product_cat?post=1233"},{"taxonomy":"product_tag","embeddable":true,"href":"https:\/\/www.rontool.de\/en\/wp-json\/wp\/v2\/product_tag?post=1233"}],"curies":[{"name":"wp","href":"https:\/\/api.w.org\/{rel}","templated":true}]}}