{"id":1236,"date":"2018-10-07T20:37:56","date_gmt":"2018-10-07T20:37:56","guid":{"rendered":"http:\/\/testzone-2018.rontool.de\/?post_type=product&#038;p=1236"},"modified":"2023-11-01T12:54:40","modified_gmt":"2023-11-01T12:54:40","slug":"fuchsschwanz","status":"publish","type":"product","link":"https:\/\/www.rontool.de\/en\/shop\/fuchsschwanz\/","title":{"rendered":"Foxtail \/ small saw"},"content":{"rendered":"<p>This super saw is ideal for small forest workers or campers! It lies great in the small hand of a child, the saw blade is softly rounded. The extremely robust wooden toy is ideal for outdoor use in the garden or sandpit. There is also the chainsaw for big little forest workers!<\/p>","protected":false},"excerpt":{"rendered":"<p>This super saw is ideal for small forest workers or campers! It lies great in the small hand of a child, the saw blade is softly rounded. The extremely robust wooden toy is ideal for outdoor use in the garden or sandpit. There is also the chainsaw for big little forest workers!<\/p>","protected":false},"featured_media":8984,"template":"","meta":[],"product_brand":[],"product_cat":[34,37],"product_tag":[63,72,57],"class_list":{"0":"post-1236","1":"product","2":"type-product","3":"status-publish","4":"has-post-thumbnail","6":"product_cat-abenteuer","7":"product_cat-werkzeuge","8":"product_tag-baumhausspielzeug","9":"product_tag-outdoorspielzeug","10":"product_tag-robustes-spielzeug","12":"first","13":"outofstock","14":"taxable","15":"shipping-taxable","16":"purchasable","17":"product-type-simple"},"yoast_head":"<!-- This site is optimized with the Yoast SEO plugin v27.2 - https:\/\/yoast.com\/product\/yoast-seo-wordpress\/ -->\n<title>Fuchsschwanz \/ kleine S\u00e4ge - RONTOOL<\/title>\n<meta name=\"robots\" content=\"index, follow, max-snippet:-1, max-image-preview:large, max-video-preview:-1\" \/>\n<link rel=\"canonical\" href=\"https:\/\/www.rontool.de\/en\/shop\/fuchsschwanz\/\" \/>\n<meta property=\"og:locale\" content=\"en_GB\" \/>\n<meta property=\"og:type\" content=\"article\" \/>\n<meta property=\"og:title\" content=\"Fuchsschwanz \/ kleine S\u00e4ge - RONTOOL\" \/>\n<meta property=\"og:description\" content=\"F\u00fcr kleine Waldarbeiter oder Camper ist diese Supers\u00e4ge bestens geeignet! Sie liegt prima in der kleinen Kinderhand, das S\u00e4geblatt ist weich abgerundet. Das \u00e4u\u00dferst robuste Holzspielzeug eignet sich hervorragend f\u00fcr den Au\u00dfeneinsatz im Garten oder Sandkasten. F\u00fcr gro\u00dfe kleine Waldarbeiter gibt es noch die Kettens\u00e4ge!\" \/>\n<meta property=\"og:url\" content=\"https:\/\/www.rontool.de\/en\/shop\/fuchsschwanz\/\" \/>\n<meta property=\"og:site_name\" content=\"RONTOOL\" \/>\n<meta property=\"article:modified_time\" content=\"2023-11-01T12:54:40+00:00\" \/>\n<meta property=\"og:image\" content=\"https:\/\/www.rontool.de\/wp-content\/uploads\/2018\/10\/rontool-spielzeug-aus-holz-holzspielzeug-deutschland-werkzeug-fuchsschwanz.jpg\" \/>\n\t<meta property=\"og:image:width\" content=\"667\" \/>\n\t<meta property=\"og:image:height\" content=\"667\" \/>\n\t<meta property=\"og:image:type\" content=\"image\/jpeg\" \/>\n<meta name=\"twitter:card\" content=\"summary_large_image\" \/>\n<meta name=\"twitter:label1\" content=\"Estimated reading time\" \/>\n\t<meta name=\"twitter:data1\" content=\"1 minute\" \/>\n<script type=\"application\/ld+json\" class=\"yoast-schema-graph\">{\"@context\":\"https:\/\/schema.org\",\"@graph\":[{\"@type\":\"WebPage\",\"@id\":\"https:\/\/www.rontool.de\/shop\/fuchsschwanz\/\",\"url\":\"https:\/\/www.rontool.de\/shop\/fuchsschwanz\/\",\"name\":\"Fuchsschwanz \/ kleine S\u00e4ge - RONTOOL\",\"isPartOf\":{\"@id\":\"https:\/\/rontool.de\/#website\"},\"primaryImageOfPage\":{\"@id\":\"https:\/\/www.rontool.de\/shop\/fuchsschwanz\/#primaryimage\"},\"image\":{\"@id\":\"https:\/\/www.rontool.de\/shop\/fuchsschwanz\/#primaryimage\"},\"thumbnailUrl\":\"https:\/\/www.rontool.de\/wp-content\/uploads\/2018\/10\/rontool-spielzeug-aus-holz-holzspielzeug-deutschland-werkzeug-fuchsschwanz.jpg\",\"datePublished\":\"2018-10-07T20:37:56+00:00\",\"dateModified\":\"2023-11-01T12:54:40+00:00\",\"breadcrumb\":{\"@id\":\"https:\/\/www.rontool.de\/shop\/fuchsschwanz\/#breadcrumb\"},\"inLanguage\":\"en-GB\",\"potentialAction\":[{\"@type\":\"ReadAction\",\"target\":[\"https:\/\/www.rontool.de\/shop\/fuchsschwanz\/\"]}]},{\"@type\":\"ImageObject\",\"inLanguage\":\"en-GB\",\"@id\":\"https:\/\/www.rontool.de\/shop\/fuchsschwanz\/#primaryimage\",\"url\":\"https:\/\/www.rontool.de\/wp-content\/uploads\/2018\/10\/rontool-spielzeug-aus-holz-holzspielzeug-deutschland-werkzeug-fuchsschwanz.jpg\",\"contentUrl\":\"https:\/\/www.rontool.de\/wp-content\/uploads\/2018\/10\/rontool-spielzeug-aus-holz-holzspielzeug-deutschland-werkzeug-fuchsschwanz.jpg\",\"width\":667,\"height\":667,\"caption\":\"Rontool - Spielzeug aus Holz - spielen - Holzspielzeug - Werkzeug Werkzeuge - Saege Fuchsschwanz saegen\"},{\"@type\":\"BreadcrumbList\",\"@id\":\"https:\/\/www.rontool.de\/shop\/fuchsschwanz\/#breadcrumb\",\"itemListElement\":[{\"@type\":\"ListItem\",\"position\":1,\"name\":\"Shop\",\"item\":\"https:\/\/www.rontool.de\/shop\/\"},{\"@type\":\"ListItem\",\"position\":2,\"name\":\"Fuchsschwanz \/ kleine S\u00e4ge\"}]},{\"@type\":\"WebSite\",\"@id\":\"https:\/\/rontool.de\/#website\",\"url\":\"https:\/\/rontool.de\/\",\"name\":\"RONTOOL\",\"description\":\"Holzspielzeug aus Berlin f\u00fcr Kinder und Erwachsene\",\"potentialAction\":[{\"@type\":\"SearchAction\",\"target\":{\"@type\":\"EntryPoint\",\"urlTemplate\":\"https:\/\/rontool.de\/?s={search_term_string}\"},\"query-input\":{\"@type\":\"PropertyValueSpecification\",\"valueRequired\":true,\"valueName\":\"search_term_string\"}}],\"inLanguage\":\"en-GB\"}]}<\/script>\n<!-- \/ Yoast SEO plugin. -->","yoast_head_json":{"title":"Fuchsschwanz \/ kleine S\u00e4ge - RONTOOL","robots":{"index":"index","follow":"follow","max-snippet":"max-snippet:-1","max-image-preview":"max-image-preview:large","max-video-preview":"max-video-preview:-1"},"canonical":"https:\/\/www.rontool.de\/en\/shop\/fuchsschwanz\/","og_locale":"en_GB","og_type":"article","og_title":"Fuchsschwanz \/ kleine S\u00e4ge - RONTOOL","og_description":"F\u00fcr kleine Waldarbeiter oder Camper ist diese Supers\u00e4ge bestens geeignet! Sie liegt prima in der kleinen Kinderhand, das S\u00e4geblatt ist weich abgerundet. Das \u00e4u\u00dferst robuste Holzspielzeug eignet sich hervorragend f\u00fcr den Au\u00dfeneinsatz im Garten oder Sandkasten. F\u00fcr gro\u00dfe kleine Waldarbeiter gibt es noch die Kettens\u00e4ge!","og_url":"https:\/\/www.rontool.de\/en\/shop\/fuchsschwanz\/","og_site_name":"RONTOOL","article_modified_time":"2023-11-01T12:54:40+00:00","og_image":[{"width":667,"height":667,"url":"https:\/\/www.rontool.de\/wp-content\/uploads\/2018\/10\/rontool-spielzeug-aus-holz-holzspielzeug-deutschland-werkzeug-fuchsschwanz.jpg","type":"image\/jpeg"}],"twitter_card":"summary_large_image","twitter_misc":{"Estimated reading time":"1 minute"},"schema":{"@context":"https:\/\/schema.org","@graph":[{"@type":"WebPage","@id":"https:\/\/www.rontool.de\/shop\/fuchsschwanz\/","url":"https:\/\/www.rontool.de\/shop\/fuchsschwanz\/","name":"Fuchsschwanz \/ kleine S\u00e4ge - RONTOOL","isPartOf":{"@id":"https:\/\/rontool.de\/#website"},"primaryImageOfPage":{"@id":"https:\/\/www.rontool.de\/shop\/fuchsschwanz\/#primaryimage"},"image":{"@id":"https:\/\/www.rontool.de\/shop\/fuchsschwanz\/#primaryimage"},"thumbnailUrl":"https:\/\/www.rontool.de\/wp-content\/uploads\/2018\/10\/rontool-spielzeug-aus-holz-holzspielzeug-deutschland-werkzeug-fuchsschwanz.jpg","datePublished":"2018-10-07T20:37:56+00:00","dateModified":"2023-11-01T12:54:40+00:00","breadcrumb":{"@id":"https:\/\/www.rontool.de\/shop\/fuchsschwanz\/#breadcrumb"},"inLanguage":"en-GB","potentialAction":[{"@type":"ReadAction","target":["https:\/\/www.rontool.de\/shop\/fuchsschwanz\/"]}]},{"@type":"ImageObject","inLanguage":"en-GB","@id":"https:\/\/www.rontool.de\/shop\/fuchsschwanz\/#primaryimage","url":"https:\/\/www.rontool.de\/wp-content\/uploads\/2018\/10\/rontool-spielzeug-aus-holz-holzspielzeug-deutschland-werkzeug-fuchsschwanz.jpg","contentUrl":"https:\/\/www.rontool.de\/wp-content\/uploads\/2018\/10\/rontool-spielzeug-aus-holz-holzspielzeug-deutschland-werkzeug-fuchsschwanz.jpg","width":667,"height":667,"caption":"Rontool - Spielzeug aus Holz - spielen - Holzspielzeug - Werkzeug Werkzeuge - Saege Fuchsschwanz saegen"},{"@type":"BreadcrumbList","@id":"https:\/\/www.rontool.de\/shop\/fuchsschwanz\/#breadcrumb","itemListElement":[{"@type":"ListItem","position":1,"name":"Shop","item":"https:\/\/www.rontool.de\/shop\/"},{"@type":"ListItem","position":2,"name":"Fuchsschwanz \/ kleine S\u00e4ge"}]},{"@type":"WebSite","@id":"https:\/\/rontool.de\/#website","url":"https:\/\/rontool.de\/","name":"RONTOOL","description":"Holzspielzeug aus Berlin f\u00fcr Kinder und Erwachsene","potentialAction":[{"@type":"SearchAction","target":{"@type":"EntryPoint","urlTemplate":"https:\/\/rontool.de\/?s={search_term_string}"},"query-input":{"@type":"PropertyValueSpecification","valueRequired":true,"valueName":"search_term_string"}}],"inLanguage":"en-GB"}]}},"_links":{"self":[{"href":"https:\/\/www.rontool.de\/en\/wp-json\/wp\/v2\/product\/1236","targetHints":{"allow":["GET"]}}],"collection":[{"href":"https:\/\/www.rontool.de\/en\/wp-json\/wp\/v2\/product"}],"about":[{"href":"https:\/\/www.rontool.de\/en\/wp-json\/wp\/v2\/types\/product"}],"wp:featuredmedia":[{"embeddable":true,"href":"https:\/\/www.rontool.de\/en\/wp-json\/wp\/v2\/media\/8984"}],"wp:attachment":[{"href":"https:\/\/www.rontool.de\/en\/wp-json\/wp\/v2\/media?parent=1236"}],"wp:term":[{"taxonomy":"product_brand","embeddable":true,"href":"https:\/\/www.rontool.de\/en\/wp-json\/wp\/v2\/product_brand?post=1236"},{"taxonomy":"product_cat","embeddable":true,"href":"https:\/\/www.rontool.de\/en\/wp-json\/wp\/v2\/product_cat?post=1236"},{"taxonomy":"product_tag","embeddable":true,"href":"https:\/\/www.rontool.de\/en\/wp-json\/wp\/v2\/product_tag?post=1236"}],"curies":[{"name":"wp","href":"https:\/\/api.w.org\/{rel}","templated":true}]}}