{"id":1248,"date":"2018-10-11T19:24:50","date_gmt":"2018-10-11T19:24:50","guid":{"rendered":"http:\/\/testzone-2018.rontool.de\/?post_type=product&#038;p=1248"},"modified":"2024-03-18T11:39:02","modified_gmt":"2024-03-18T11:39:02","slug":"schippe","status":"publish","type":"product","link":"https:\/\/www.rontool.de\/en\/shop\/schippe\/","title":{"rendered":"little shovel"},"content":{"rendered":"<h1><strong>Kleine Schippe<\/strong><\/h1>\n<p class=\"translation-block\">The small SCHIPPE wooden toy has a nice handle with a rounded finish that the small children's hand does not slip away. The sturdy material and the sealing of the wood with hard wax oil allow a long game of fun. The hole in the handle allows it to be easily stowed away on hooks. <br>\nFor real daredevils, we also have the big spade.<\/p>\n<p><strong>Wichtige Hinweise: bei einer dauerhaften Nutzung drau\u00dfen muss das Holz noch unbedingt entsprechend lackiert werden.\u00a0<\/strong><\/p>\n<p>NICHT F\u00dcR KINDER UNTER 3 JAHREN GEEIGNET<\/p>","protected":false},"excerpt":{"rendered":"<p>Kleine Schippe Das Holzspielzeug kleine SCHIPPE hat einen sch\u00f6nen Griff mit gerundetem Abschluss, dass die kleine Kinderhand nicht wegrutscht. Das robuste Material und die Versiegelung des Holzes mit Hartwachs\u00f6l erm\u00f6glichen einen langen Spielspa\u00df. Das Loch im Griff erm\u00f6glich ein gutes Verstauen an Haken. F\u00fcr echte Draufg\u00e4nger haben wir auch noch den gro\u00dfen Spaten. Wichtige Hinweise: [&#8230;]\n","protected":false},"featured_media":1625,"template":"","meta":[],"product_brand":[],"product_cat":[38,37],"product_tag":[69,57,60],"class_list":{"0":"post-1248","1":"product","2":"type-product","3":"status-publish","4":"has-post-thumbnail","6":"product_cat-sandkasten","7":"product_cat-werkzeuge","8":"product_tag-motorikspielzeug","9":"product_tag-robustes-spielzeug","10":"product_tag-sandspielzeug","12":"first","13":"instock","14":"taxable","15":"shipping-taxable","16":"purchasable","17":"product-type-simple"},"yoast_head":"<!-- This site is optimized with the Yoast SEO plugin v27.2 - https:\/\/yoast.com\/product\/yoast-seo-wordpress\/ -->\n<title>kleine Schippe - RONTOOL<\/title>\n<meta name=\"description\" content=\"Das Holzspielzeug kleine SCHIPPE hat einen sch\u00f6nen Griff mit gerundetem Abschluss und Loch zum Aufh\u00e4ngen und passt prima in kleine Kinderh\u00e4nde\" \/>\n<meta name=\"robots\" content=\"index, follow, max-snippet:-1, max-image-preview:large, max-video-preview:-1\" \/>\n<link rel=\"canonical\" href=\"https:\/\/www.rontool.de\/en\/shop\/schippe\/\" \/>\n<meta property=\"og:locale\" content=\"en_GB\" \/>\n<meta property=\"og:type\" content=\"article\" \/>\n<meta property=\"og:title\" content=\"kleine Schippe - RONTOOL\" \/>\n<meta property=\"og:description\" content=\"Das Holzspielzeug kleine SCHIPPE hat einen sch\u00f6nen Griff mit gerundetem Abschluss und Loch zum Aufh\u00e4ngen und passt prima in kleine Kinderh\u00e4nde\" \/>\n<meta property=\"og:url\" content=\"https:\/\/www.rontool.de\/en\/shop\/schippe\/\" \/>\n<meta property=\"og:site_name\" content=\"RONTOOL\" \/>\n<meta property=\"article:modified_time\" content=\"2024-03-18T11:39:02+00:00\" \/>\n<meta property=\"og:image\" content=\"https:\/\/www.rontool.de\/wp-content\/uploads\/2018\/10\/Schippe.jpg\" \/>\n\t<meta property=\"og:image:width\" content=\"1500\" \/>\n\t<meta property=\"og:image:height\" content=\"1500\" \/>\n\t<meta property=\"og:image:type\" content=\"image\/jpeg\" \/>\n<meta name=\"twitter:card\" content=\"summary_large_image\" \/>\n<meta name=\"twitter:label1\" content=\"Estimated reading time\" \/>\n\t<meta name=\"twitter:data1\" content=\"1 minute\" \/>\n<script type=\"application\/ld+json\" class=\"yoast-schema-graph\">{\"@context\":\"https:\/\/schema.org\",\"@graph\":[{\"@type\":\"WebPage\",\"@id\":\"https:\/\/www.rontool.de\/shop\/schippe\/\",\"url\":\"https:\/\/www.rontool.de\/shop\/schippe\/\",\"name\":\"kleine Schippe - RONTOOL\",\"isPartOf\":{\"@id\":\"https:\/\/rontool.de\/#website\"},\"primaryImageOfPage\":{\"@id\":\"https:\/\/www.rontool.de\/shop\/schippe\/#primaryimage\"},\"image\":{\"@id\":\"https:\/\/www.rontool.de\/shop\/schippe\/#primaryimage\"},\"thumbnailUrl\":\"https:\/\/www.rontool.de\/wp-content\/uploads\/2018\/10\/Schippe.jpg\",\"datePublished\":\"2018-10-11T19:24:50+00:00\",\"dateModified\":\"2024-03-18T11:39:02+00:00\",\"description\":\"Das Holzspielzeug kleine SCHIPPE hat einen sch\u00f6nen Griff mit gerundetem Abschluss und Loch zum Aufh\u00e4ngen und passt prima in kleine Kinderh\u00e4nde\",\"breadcrumb\":{\"@id\":\"https:\/\/www.rontool.de\/shop\/schippe\/#breadcrumb\"},\"inLanguage\":\"en-GB\",\"potentialAction\":[{\"@type\":\"ReadAction\",\"target\":[\"https:\/\/www.rontool.de\/shop\/schippe\/\"]}]},{\"@type\":\"ImageObject\",\"inLanguage\":\"en-GB\",\"@id\":\"https:\/\/www.rontool.de\/shop\/schippe\/#primaryimage\",\"url\":\"https:\/\/www.rontool.de\/wp-content\/uploads\/2018\/10\/Schippe.jpg\",\"contentUrl\":\"https:\/\/www.rontool.de\/wp-content\/uploads\/2018\/10\/Schippe.jpg\",\"width\":1500,\"height\":1500,\"caption\":\"Sandkastenschippe aus Holz\"},{\"@type\":\"BreadcrumbList\",\"@id\":\"https:\/\/www.rontool.de\/shop\/schippe\/#breadcrumb\",\"itemListElement\":[{\"@type\":\"ListItem\",\"position\":1,\"name\":\"Shop\",\"item\":\"https:\/\/www.rontool.de\/shop\/\"},{\"@type\":\"ListItem\",\"position\":2,\"name\":\"kleine Schippe\"}]},{\"@type\":\"WebSite\",\"@id\":\"https:\/\/rontool.de\/#website\",\"url\":\"https:\/\/rontool.de\/\",\"name\":\"RONTOOL\",\"description\":\"Holzspielzeug aus Berlin f\u00fcr Kinder und Erwachsene\",\"potentialAction\":[{\"@type\":\"SearchAction\",\"target\":{\"@type\":\"EntryPoint\",\"urlTemplate\":\"https:\/\/rontool.de\/?s={search_term_string}\"},\"query-input\":{\"@type\":\"PropertyValueSpecification\",\"valueRequired\":true,\"valueName\":\"search_term_string\"}}],\"inLanguage\":\"en-GB\"}]}<\/script>\n<!-- \/ Yoast SEO plugin. -->","yoast_head_json":{"title":"kleine Schippe - RONTOOL","description":"Das Holzspielzeug kleine SCHIPPE hat einen sch\u00f6nen Griff mit gerundetem Abschluss und Loch zum Aufh\u00e4ngen und passt prima in kleine Kinderh\u00e4nde","robots":{"index":"index","follow":"follow","max-snippet":"max-snippet:-1","max-image-preview":"max-image-preview:large","max-video-preview":"max-video-preview:-1"},"canonical":"https:\/\/www.rontool.de\/en\/shop\/schippe\/","og_locale":"en_GB","og_type":"article","og_title":"kleine Schippe - RONTOOL","og_description":"Das Holzspielzeug kleine SCHIPPE hat einen sch\u00f6nen Griff mit gerundetem Abschluss und Loch zum Aufh\u00e4ngen und passt prima in kleine Kinderh\u00e4nde","og_url":"https:\/\/www.rontool.de\/en\/shop\/schippe\/","og_site_name":"RONTOOL","article_modified_time":"2024-03-18T11:39:02+00:00","og_image":[{"width":1500,"height":1500,"url":"https:\/\/www.rontool.de\/wp-content\/uploads\/2018\/10\/Schippe.jpg","type":"image\/jpeg"}],"twitter_card":"summary_large_image","twitter_misc":{"Estimated reading time":"1 minute"},"schema":{"@context":"https:\/\/schema.org","@graph":[{"@type":"WebPage","@id":"https:\/\/www.rontool.de\/shop\/schippe\/","url":"https:\/\/www.rontool.de\/shop\/schippe\/","name":"kleine Schippe - RONTOOL","isPartOf":{"@id":"https:\/\/rontool.de\/#website"},"primaryImageOfPage":{"@id":"https:\/\/www.rontool.de\/shop\/schippe\/#primaryimage"},"image":{"@id":"https:\/\/www.rontool.de\/shop\/schippe\/#primaryimage"},"thumbnailUrl":"https:\/\/www.rontool.de\/wp-content\/uploads\/2018\/10\/Schippe.jpg","datePublished":"2018-10-11T19:24:50+00:00","dateModified":"2024-03-18T11:39:02+00:00","description":"Das Holzspielzeug kleine SCHIPPE hat einen sch\u00f6nen Griff mit gerundetem Abschluss und Loch zum Aufh\u00e4ngen und passt prima in kleine Kinderh\u00e4nde","breadcrumb":{"@id":"https:\/\/www.rontool.de\/shop\/schippe\/#breadcrumb"},"inLanguage":"en-GB","potentialAction":[{"@type":"ReadAction","target":["https:\/\/www.rontool.de\/shop\/schippe\/"]}]},{"@type":"ImageObject","inLanguage":"en-GB","@id":"https:\/\/www.rontool.de\/shop\/schippe\/#primaryimage","url":"https:\/\/www.rontool.de\/wp-content\/uploads\/2018\/10\/Schippe.jpg","contentUrl":"https:\/\/www.rontool.de\/wp-content\/uploads\/2018\/10\/Schippe.jpg","width":1500,"height":1500,"caption":"Sandkastenschippe aus Holz"},{"@type":"BreadcrumbList","@id":"https:\/\/www.rontool.de\/shop\/schippe\/#breadcrumb","itemListElement":[{"@type":"ListItem","position":1,"name":"Shop","item":"https:\/\/www.rontool.de\/shop\/"},{"@type":"ListItem","position":2,"name":"kleine Schippe"}]},{"@type":"WebSite","@id":"https:\/\/rontool.de\/#website","url":"https:\/\/rontool.de\/","name":"RONTOOL","description":"Holzspielzeug aus Berlin f\u00fcr Kinder und Erwachsene","potentialAction":[{"@type":"SearchAction","target":{"@type":"EntryPoint","urlTemplate":"https:\/\/rontool.de\/?s={search_term_string}"},"query-input":{"@type":"PropertyValueSpecification","valueRequired":true,"valueName":"search_term_string"}}],"inLanguage":"en-GB"}]}},"_links":{"self":[{"href":"https:\/\/www.rontool.de\/en\/wp-json\/wp\/v2\/product\/1248","targetHints":{"allow":["GET"]}}],"collection":[{"href":"https:\/\/www.rontool.de\/en\/wp-json\/wp\/v2\/product"}],"about":[{"href":"https:\/\/www.rontool.de\/en\/wp-json\/wp\/v2\/types\/product"}],"wp:featuredmedia":[{"embeddable":true,"href":"https:\/\/www.rontool.de\/en\/wp-json\/wp\/v2\/media\/1625"}],"wp:attachment":[{"href":"https:\/\/www.rontool.de\/en\/wp-json\/wp\/v2\/media?parent=1248"}],"wp:term":[{"taxonomy":"product_brand","embeddable":true,"href":"https:\/\/www.rontool.de\/en\/wp-json\/wp\/v2\/product_brand?post=1248"},{"taxonomy":"product_cat","embeddable":true,"href":"https:\/\/www.rontool.de\/en\/wp-json\/wp\/v2\/product_cat?post=1248"},{"taxonomy":"product_tag","embeddable":true,"href":"https:\/\/www.rontool.de\/en\/wp-json\/wp\/v2\/product_tag?post=1248"}],"curies":[{"name":"wp","href":"https:\/\/api.w.org\/{rel}","templated":true}]}}