{"id":1338,"date":"2018-11-20T22:16:34","date_gmt":"2018-11-20T22:16:34","guid":{"rendered":"http:\/\/testzone-2018.rontool.de\/?post_type=product&#038;p=1338"},"modified":"2025-01-08T17:19:57","modified_gmt":"2025-01-08T17:19:57","slug":"elch-garderobe","status":"publish","type":"product","link":"https:\/\/www.rontool.de\/en\/shop\/elch-garderobe\/","title":{"rendered":"Moose cloakroom"},"content":{"rendered":"<h2>Moose cloakroom<\/h2>\n<p>The moose coat rack is a large, stable moose head made of birch wood. Its eight ends of antlers serve as coat hooks and are also great for hanging neck chains and towels. Scarves or clothes hangers also fit into the two holes. The friendly moose is attached to the wall with four screws.<\/p>\n<p>Intended for animal lovers.<\/p>\n<p>Dimensions:<\/p>\n<ul>\n<li>Length of the antlers: 63cm<\/li>\n<li>Height: 35cm<\/li>\n<li>Width to the wall: 26cm<\/li>\n<li>Weight: 5kg<\/li>\n<\/ul>\n<p>&nbsp;<\/p>\n<p>You will find suitable funny animal wall hooks for the nursery <a href=\"https:\/\/www.etsy.com\/de\/listing\/705709764\/holz-tier-wandhaken-fur-kinderzimmer?ga_order=most_relevant&amp;ga_search_type=all&amp;ga_view_type=gallery&amp;ga_search_query=wandhaken+elch+kinder&amp;ref=sr_gallery-1-2&amp;organic_search_click=1\" target=\"_blank\" rel=\"noopener noreferrer\">here<\/a> auf etsy im Shop von mielasiela.<\/p>\n<p class=\"translation-block\">If you are generally into animal heads with a practical function, have a look here, we also have a <a href=\"https:\/\/www.rontool.de\/en\/shop\/bikebull-fahrradhalter\/\" target=\"_self\" rel=\"noopener noreferrer\"> Bull's head <\/a> as a bike holder.<\/p>","protected":false},"excerpt":{"rendered":"<p>Elch Garderobe Die Elch Garderobe ist ein gro\u00dfer stabiler Elchkopf aus Birkenholz. Seine acht Geweih-Enden dienen als Garderobenhaken und eignen sich auch super zum Aufh\u00e4ngen von Hals-Ketten und T\u00fcchern. In die beiden L\u00f6cher passen auch Schals oder Kleider-B\u00fcgel. Der freundliche Elch wird mit vier Schrauben an der Wand befestigt. F\u00fcr Tierfreunde gedacht. Ma\u00dfe: L\u00e4nge des [&#8230;]\n","protected":false},"featured_media":9010,"template":"","meta":[],"product_brand":[],"product_cat":[39],"product_tag":[58,73,70],"class_list":{"0":"post-1338","1":"product","2":"type-product","3":"status-publish","4":"has-post-thumbnail","6":"product_cat-erwachsene","7":"product_tag-kindergeschenke","8":"product_tag-wilde-tiere","9":"product_tag-wohnen-leben","11":"first","12":"onbackorder","13":"taxable","14":"shipping-taxable","15":"purchasable","16":"product-type-simple"},"yoast_head":"<!-- This site is optimized with the Yoast SEO plugin v27.2 - https:\/\/yoast.com\/product\/yoast-seo-wordpress\/ -->\n<title>Elch Garderobe f\u00fcr Tierfans und die, die gerne ihre Sachen aufh\u00e4ngen<\/title>\n<meta name=\"description\" content=\"Die freundliche Elch Garderobe ist ein witziges und praktiksches Wohnaccessoire und erinnert gleichzeitig an eine Jagdtroph\u00e4e.\" \/>\n<meta name=\"robots\" content=\"index, follow, max-snippet:-1, max-image-preview:large, max-video-preview:-1\" \/>\n<link rel=\"canonical\" href=\"https:\/\/www.rontool.de\/en\/shop\/elch-garderobe\/\" \/>\n<meta property=\"og:locale\" content=\"en_GB\" \/>\n<meta property=\"og:type\" content=\"article\" \/>\n<meta property=\"og:title\" content=\"Elch Garderobe f\u00fcr Tierfans und die, die gerne ihre Sachen aufh\u00e4ngen\" \/>\n<meta property=\"og:description\" content=\"Die freundliche Elch Garderobe ist ein witziges und praktiksches Wohnaccessoire und erinnert gleichzeitig an eine Jagdtroph\u00e4e.\" \/>\n<meta property=\"og:url\" content=\"https:\/\/www.rontool.de\/en\/shop\/elch-garderobe\/\" \/>\n<meta property=\"og:site_name\" content=\"RONTOOL\" \/>\n<meta property=\"article:modified_time\" content=\"2025-01-08T17:19:57+00:00\" \/>\n<meta property=\"og:image\" content=\"https:\/\/www.rontool.de\/wp-content\/uploads\/2021\/06\/rontool-spielzeug-aus-holz-holzspielzeug-aus-deutschland-erwachsene-elch-kopf.jpg\" \/>\n\t<meta property=\"og:image:width\" content=\"1000\" \/>\n\t<meta property=\"og:image:height\" content=\"1000\" \/>\n\t<meta property=\"og:image:type\" content=\"image\/jpeg\" \/>\n<meta name=\"twitter:card\" content=\"summary_large_image\" \/>\n<meta name=\"twitter:label1\" content=\"Estimated reading time\" \/>\n\t<meta name=\"twitter:data1\" content=\"1 minute\" \/>\n<script type=\"application\/ld+json\" class=\"yoast-schema-graph\">{\"@context\":\"https:\/\/schema.org\",\"@graph\":[{\"@type\":\"WebPage\",\"@id\":\"https:\/\/www.rontool.de\/shop\/elch-garderobe\/\",\"url\":\"https:\/\/www.rontool.de\/shop\/elch-garderobe\/\",\"name\":\"Elch Garderobe f\u00fcr Tierfans und die, die gerne ihre Sachen aufh\u00e4ngen\",\"isPartOf\":{\"@id\":\"https:\/\/rontool.de\/#website\"},\"primaryImageOfPage\":{\"@id\":\"https:\/\/www.rontool.de\/shop\/elch-garderobe\/#primaryimage\"},\"image\":{\"@id\":\"https:\/\/www.rontool.de\/shop\/elch-garderobe\/#primaryimage\"},\"thumbnailUrl\":\"https:\/\/www.rontool.de\/wp-content\/uploads\/2021\/06\/rontool-spielzeug-aus-holz-holzspielzeug-aus-deutschland-erwachsene-elch-kopf.jpg\",\"datePublished\":\"2018-11-20T22:16:34+00:00\",\"dateModified\":\"2025-01-08T17:19:57+00:00\",\"description\":\"Die freundliche Elch Garderobe ist ein witziges und praktiksches Wohnaccessoire und erinnert gleichzeitig an eine Jagdtroph\u00e4e.\",\"breadcrumb\":{\"@id\":\"https:\/\/www.rontool.de\/shop\/elch-garderobe\/#breadcrumb\"},\"inLanguage\":\"en-GB\",\"potentialAction\":[{\"@type\":\"ReadAction\",\"target\":[\"https:\/\/www.rontool.de\/shop\/elch-garderobe\/\"]}]},{\"@type\":\"ImageObject\",\"inLanguage\":\"en-GB\",\"@id\":\"https:\/\/www.rontool.de\/shop\/elch-garderobe\/#primaryimage\",\"url\":\"https:\/\/www.rontool.de\/wp-content\/uploads\/2021\/06\/rontool-spielzeug-aus-holz-holzspielzeug-aus-deutschland-erwachsene-elch-kopf.jpg\",\"contentUrl\":\"https:\/\/www.rontool.de\/wp-content\/uploads\/2021\/06\/rontool-spielzeug-aus-holz-holzspielzeug-aus-deutschland-erwachsene-elch-kopf.jpg\",\"width\":1000,\"height\":1000,\"caption\":\"Rontool - Holzspielzeug - Spielzeug aus Holz - Accessoires Accessoire Wandhalter Haken aus Deutschland robust sicher toll Elch\"},{\"@type\":\"BreadcrumbList\",\"@id\":\"https:\/\/www.rontool.de\/shop\/elch-garderobe\/#breadcrumb\",\"itemListElement\":[{\"@type\":\"ListItem\",\"position\":1,\"name\":\"Shop\",\"item\":\"https:\/\/www.rontool.de\/shop\/\"},{\"@type\":\"ListItem\",\"position\":2,\"name\":\"Elch Garderobe\"}]},{\"@type\":\"WebSite\",\"@id\":\"https:\/\/rontool.de\/#website\",\"url\":\"https:\/\/rontool.de\/\",\"name\":\"RONTOOL\",\"description\":\"Holzspielzeug aus Berlin f\u00fcr Kinder und Erwachsene\",\"potentialAction\":[{\"@type\":\"SearchAction\",\"target\":{\"@type\":\"EntryPoint\",\"urlTemplate\":\"https:\/\/rontool.de\/?s={search_term_string}\"},\"query-input\":{\"@type\":\"PropertyValueSpecification\",\"valueRequired\":true,\"valueName\":\"search_term_string\"}}],\"inLanguage\":\"en-GB\"}]}<\/script>\n<!-- \/ Yoast SEO plugin. -->","yoast_head_json":{"title":"Elch Garderobe f\u00fcr Tierfans und die, die gerne ihre Sachen aufh\u00e4ngen","description":"Die freundliche Elch Garderobe ist ein witziges und praktiksches Wohnaccessoire und erinnert gleichzeitig an eine Jagdtroph\u00e4e.","robots":{"index":"index","follow":"follow","max-snippet":"max-snippet:-1","max-image-preview":"max-image-preview:large","max-video-preview":"max-video-preview:-1"},"canonical":"https:\/\/www.rontool.de\/en\/shop\/elch-garderobe\/","og_locale":"en_GB","og_type":"article","og_title":"Elch Garderobe f\u00fcr Tierfans und die, die gerne ihre Sachen aufh\u00e4ngen","og_description":"Die freundliche Elch Garderobe ist ein witziges und praktiksches Wohnaccessoire und erinnert gleichzeitig an eine Jagdtroph\u00e4e.","og_url":"https:\/\/www.rontool.de\/en\/shop\/elch-garderobe\/","og_site_name":"RONTOOL","article_modified_time":"2025-01-08T17:19:57+00:00","og_image":[{"width":1000,"height":1000,"url":"https:\/\/www.rontool.de\/wp-content\/uploads\/2021\/06\/rontool-spielzeug-aus-holz-holzspielzeug-aus-deutschland-erwachsene-elch-kopf.jpg","type":"image\/jpeg"}],"twitter_card":"summary_large_image","twitter_misc":{"Estimated reading time":"1 minute"},"schema":{"@context":"https:\/\/schema.org","@graph":[{"@type":"WebPage","@id":"https:\/\/www.rontool.de\/shop\/elch-garderobe\/","url":"https:\/\/www.rontool.de\/shop\/elch-garderobe\/","name":"Elch Garderobe f\u00fcr Tierfans und die, die gerne ihre Sachen aufh\u00e4ngen","isPartOf":{"@id":"https:\/\/rontool.de\/#website"},"primaryImageOfPage":{"@id":"https:\/\/www.rontool.de\/shop\/elch-garderobe\/#primaryimage"},"image":{"@id":"https:\/\/www.rontool.de\/shop\/elch-garderobe\/#primaryimage"},"thumbnailUrl":"https:\/\/www.rontool.de\/wp-content\/uploads\/2021\/06\/rontool-spielzeug-aus-holz-holzspielzeug-aus-deutschland-erwachsene-elch-kopf.jpg","datePublished":"2018-11-20T22:16:34+00:00","dateModified":"2025-01-08T17:19:57+00:00","description":"Die freundliche Elch Garderobe ist ein witziges und praktiksches Wohnaccessoire und erinnert gleichzeitig an eine Jagdtroph\u00e4e.","breadcrumb":{"@id":"https:\/\/www.rontool.de\/shop\/elch-garderobe\/#breadcrumb"},"inLanguage":"en-GB","potentialAction":[{"@type":"ReadAction","target":["https:\/\/www.rontool.de\/shop\/elch-garderobe\/"]}]},{"@type":"ImageObject","inLanguage":"en-GB","@id":"https:\/\/www.rontool.de\/shop\/elch-garderobe\/#primaryimage","url":"https:\/\/www.rontool.de\/wp-content\/uploads\/2021\/06\/rontool-spielzeug-aus-holz-holzspielzeug-aus-deutschland-erwachsene-elch-kopf.jpg","contentUrl":"https:\/\/www.rontool.de\/wp-content\/uploads\/2021\/06\/rontool-spielzeug-aus-holz-holzspielzeug-aus-deutschland-erwachsene-elch-kopf.jpg","width":1000,"height":1000,"caption":"Rontool - Holzspielzeug - Spielzeug aus Holz - Accessoires Accessoire Wandhalter Haken aus Deutschland robust sicher toll Elch"},{"@type":"BreadcrumbList","@id":"https:\/\/www.rontool.de\/shop\/elch-garderobe\/#breadcrumb","itemListElement":[{"@type":"ListItem","position":1,"name":"Shop","item":"https:\/\/www.rontool.de\/shop\/"},{"@type":"ListItem","position":2,"name":"Elch Garderobe"}]},{"@type":"WebSite","@id":"https:\/\/rontool.de\/#website","url":"https:\/\/rontool.de\/","name":"RONTOOL","description":"Holzspielzeug aus Berlin f\u00fcr Kinder und Erwachsene","potentialAction":[{"@type":"SearchAction","target":{"@type":"EntryPoint","urlTemplate":"https:\/\/rontool.de\/?s={search_term_string}"},"query-input":{"@type":"PropertyValueSpecification","valueRequired":true,"valueName":"search_term_string"}}],"inLanguage":"en-GB"}]}},"_links":{"self":[{"href":"https:\/\/www.rontool.de\/en\/wp-json\/wp\/v2\/product\/1338","targetHints":{"allow":["GET"]}}],"collection":[{"href":"https:\/\/www.rontool.de\/en\/wp-json\/wp\/v2\/product"}],"about":[{"href":"https:\/\/www.rontool.de\/en\/wp-json\/wp\/v2\/types\/product"}],"wp:featuredmedia":[{"embeddable":true,"href":"https:\/\/www.rontool.de\/en\/wp-json\/wp\/v2\/media\/9010"}],"wp:attachment":[{"href":"https:\/\/www.rontool.de\/en\/wp-json\/wp\/v2\/media?parent=1338"}],"wp:term":[{"taxonomy":"product_brand","embeddable":true,"href":"https:\/\/www.rontool.de\/en\/wp-json\/wp\/v2\/product_brand?post=1338"},{"taxonomy":"product_cat","embeddable":true,"href":"https:\/\/www.rontool.de\/en\/wp-json\/wp\/v2\/product_cat?post=1338"},{"taxonomy":"product_tag","embeddable":true,"href":"https:\/\/www.rontool.de\/en\/wp-json\/wp\/v2\/product_tag?post=1338"}],"curies":[{"name":"wp","href":"https:\/\/api.w.org\/{rel}","templated":true}]}}