{"id":1342,"date":"2018-11-20T22:20:25","date_gmt":"2018-11-20T22:20:25","guid":{"rendered":"http:\/\/testzone-2018.rontool.de\/?post_type=product&#038;p=1342"},"modified":"2021-06-21T13:39:11","modified_gmt":"2021-06-21T13:39:11","slug":"bikebull-fahrradhalter","status":"publish","type":"product","link":"https:\/\/www.rontool.de\/en\/shop\/bikebull-fahrradhalter\/","title":{"rendered":"Bikebull bike holder"},"content":{"rendered":"<h2>Bikebull bike holder<\/h2>\n<p>The bull's head takes your bicycles, skis, skate boards, bags, sports bows, tennis rackets, umbrellas and hats on his horns and puts them in the limelight. The Bikebull bike holder stows your things safely and stylishly. is for wood and animal lovers and everyone who design their home practically and individually. As a bicycle lift, it is also useful for repairs and to check the bike once, of course gentle on the tires.<\/p>\n<p>The Bikebull is attached to the wall with 4 screws.<\/p>\n<p><strong>Dimensions:<\/strong><\/p>\n<ul>\n<li>Height: 37cm<\/li>\n<li>Depth: 30cm<\/li>\n<li>Width from horn to horn: 27cm<\/li>\n<li>Distance from the wall to the kink of the horns: 26cm<\/li>\n<li>Total length of the horns: 23.5cm<\/li>\n<li>Length of the horns without kink: 19cm<\/li>\n<li>Weight: 3.1 kg<\/li>\n<li>Load capacity: 40kg<\/li>\n<\/ul>\n<p>&nbsp;<\/p>\n<p>If you are generally into animal heads with a practical function, have a look here, we have one too <a href=\"https:\/\/www.rontool.de\/en\/shop\/elch-garderobe\/\">Moose wardrobe<\/a><\/p>\n<p class=\"translation-block\">By the way, we find the video <a href=\"https:\/\/www.youtube.com\/watch?v=rAHQY2FHcOo\" target=\"_self\"> here <\/a> by super biker Fabio Wibmer in the \"Home Office\" very funny.<\/p>","protected":false},"excerpt":{"rendered":"<p>Bikebull Fahrradhalter Der Bullenkopf nimmt eure Fahrr\u00e4der, Skier, Skate-Boards, Taschen, Sportbogen, Tennis-Schl\u00e4ger, Regenschirme und H\u00fcte auf seine H\u00f6rner und setzt sie so richtig in Szene. Der Bikebull Fahrradhalter verstaut eure Sachen sicher und schick. ist f\u00fcr Holz- und Tierfreunde und alle, die ihr Zuhause praktisch und individuell gestalten.\u00a0 Als Fahrradlift ist er auch n\u00fctzlich f\u00fcr [&#8230;]\n","protected":false},"featured_media":9020,"template":"","meta":[],"product_brand":[],"product_cat":[39],"product_tag":[58,73,70],"class_list":{"0":"post-1342","1":"product","2":"type-product","3":"status-publish","4":"has-post-thumbnail","6":"product_cat-erwachsene","7":"product_tag-kindergeschenke","8":"product_tag-wilde-tiere","9":"product_tag-wohnen-leben","11":"first","12":"instock","13":"taxable","14":"shipping-taxable","15":"purchasable","16":"product-type-simple"},"yoast_head":"<!-- This site is optimized with the Yoast SEO plugin v27.2 - https:\/\/yoast.com\/product\/yoast-seo-wordpress\/ -->\n<title>Bikebull Fahrradhalter f\u00fcr Herrenr\u00e4der aus Birkenholz f\u00fcr die Wand<\/title>\n<meta name=\"description\" content=\"Der Bikebull Fahrradhalter ist ein Bullenkopf, der an die Wand geschraubt wird. Er nimmt alles auf die H\u00f6rner, was ihr ihm zu Tragen gebt.\" \/>\n<meta name=\"robots\" content=\"index, follow, max-snippet:-1, max-image-preview:large, max-video-preview:-1\" \/>\n<link rel=\"canonical\" href=\"https:\/\/www.rontool.de\/en\/shop\/bikebull-fahrradhalter\/\" \/>\n<meta property=\"og:locale\" content=\"en_GB\" \/>\n<meta property=\"og:type\" content=\"article\" \/>\n<meta property=\"og:title\" content=\"Bikebull Fahrradhalter f\u00fcr Herrenr\u00e4der aus Birkenholz f\u00fcr die Wand\" \/>\n<meta property=\"og:description\" content=\"Der Bikebull Fahrradhalter ist ein Bullenkopf, der an die Wand geschraubt wird. Er nimmt alles auf die H\u00f6rner, was ihr ihm zu Tragen gebt.\" \/>\n<meta property=\"og:url\" content=\"https:\/\/www.rontool.de\/en\/shop\/bikebull-fahrradhalter\/\" \/>\n<meta property=\"og:site_name\" content=\"RONTOOL\" \/>\n<meta property=\"article:modified_time\" content=\"2021-06-21T13:39:11+00:00\" \/>\n<meta property=\"og:image\" content=\"https:\/\/www.rontool.de\/wp-content\/uploads\/2021\/06\/rontool-spielzeug-aus-holz-holzspielzeug-aus-deutschland-erwachsene-stierkopf-bike-holder-fahrradhalter.jpg\" \/>\n\t<meta property=\"og:image:width\" content=\"1000\" \/>\n\t<meta property=\"og:image:height\" content=\"1000\" \/>\n\t<meta property=\"og:image:type\" content=\"image\/jpeg\" \/>\n<meta name=\"twitter:card\" content=\"summary_large_image\" \/>\n<meta name=\"twitter:label1\" content=\"Estimated reading time\" \/>\n\t<meta name=\"twitter:data1\" content=\"1 minute\" \/>\n<script type=\"application\/ld+json\" class=\"yoast-schema-graph\">{\"@context\":\"https:\/\/schema.org\",\"@graph\":[{\"@type\":\"WebPage\",\"@id\":\"https:\/\/www.rontool.de\/shop\/bikebull-fahrradhalter\/\",\"url\":\"https:\/\/www.rontool.de\/shop\/bikebull-fahrradhalter\/\",\"name\":\"Bikebull Fahrradhalter f\u00fcr Herrenr\u00e4der aus Birkenholz f\u00fcr die Wand\",\"isPartOf\":{\"@id\":\"https:\/\/rontool.de\/#website\"},\"primaryImageOfPage\":{\"@id\":\"https:\/\/www.rontool.de\/shop\/bikebull-fahrradhalter\/#primaryimage\"},\"image\":{\"@id\":\"https:\/\/www.rontool.de\/shop\/bikebull-fahrradhalter\/#primaryimage\"},\"thumbnailUrl\":\"https:\/\/www.rontool.de\/wp-content\/uploads\/2021\/06\/rontool-spielzeug-aus-holz-holzspielzeug-aus-deutschland-erwachsene-stierkopf-bike-holder-fahrradhalter.jpg\",\"datePublished\":\"2018-11-20T22:20:25+00:00\",\"dateModified\":\"2021-06-21T13:39:11+00:00\",\"description\":\"Der Bikebull Fahrradhalter ist ein Bullenkopf, der an die Wand geschraubt wird. Er nimmt alles auf die H\u00f6rner, was ihr ihm zu Tragen gebt.\",\"breadcrumb\":{\"@id\":\"https:\/\/www.rontool.de\/shop\/bikebull-fahrradhalter\/#breadcrumb\"},\"inLanguage\":\"en-GB\",\"potentialAction\":[{\"@type\":\"ReadAction\",\"target\":[\"https:\/\/www.rontool.de\/shop\/bikebull-fahrradhalter\/\"]}]},{\"@type\":\"ImageObject\",\"inLanguage\":\"en-GB\",\"@id\":\"https:\/\/www.rontool.de\/shop\/bikebull-fahrradhalter\/#primaryimage\",\"url\":\"https:\/\/www.rontool.de\/wp-content\/uploads\/2021\/06\/rontool-spielzeug-aus-holz-holzspielzeug-aus-deutschland-erwachsene-stierkopf-bike-holder-fahrradhalter.jpg\",\"contentUrl\":\"https:\/\/www.rontool.de\/wp-content\/uploads\/2021\/06\/rontool-spielzeug-aus-holz-holzspielzeug-aus-deutschland-erwachsene-stierkopf-bike-holder-fahrradhalter.jpg\",\"width\":1000,\"height\":1000,\"caption\":\"Rontool - Holzspielzeug - Spielzeug aus Holz fuer Erwachsene Kopf eines Bullen Stierkopf Fahrrad-Halter\"},{\"@type\":\"BreadcrumbList\",\"@id\":\"https:\/\/www.rontool.de\/shop\/bikebull-fahrradhalter\/#breadcrumb\",\"itemListElement\":[{\"@type\":\"ListItem\",\"position\":1,\"name\":\"Shop\",\"item\":\"https:\/\/www.rontool.de\/shop\/\"},{\"@type\":\"ListItem\",\"position\":2,\"name\":\"Bikebull Fahrradhalter\"}]},{\"@type\":\"WebSite\",\"@id\":\"https:\/\/rontool.de\/#website\",\"url\":\"https:\/\/rontool.de\/\",\"name\":\"RONTOOL\",\"description\":\"Holzspielzeug aus Berlin f\u00fcr Kinder und Erwachsene\",\"potentialAction\":[{\"@type\":\"SearchAction\",\"target\":{\"@type\":\"EntryPoint\",\"urlTemplate\":\"https:\/\/rontool.de\/?s={search_term_string}\"},\"query-input\":{\"@type\":\"PropertyValueSpecification\",\"valueRequired\":true,\"valueName\":\"search_term_string\"}}],\"inLanguage\":\"en-GB\"}]}<\/script>\n<!-- \/ Yoast SEO plugin. -->","yoast_head_json":{"title":"Bikebull Fahrradhalter f\u00fcr Herrenr\u00e4der aus Birkenholz f\u00fcr die Wand","description":"Der Bikebull Fahrradhalter ist ein Bullenkopf, der an die Wand geschraubt wird. Er nimmt alles auf die H\u00f6rner, was ihr ihm zu Tragen gebt.","robots":{"index":"index","follow":"follow","max-snippet":"max-snippet:-1","max-image-preview":"max-image-preview:large","max-video-preview":"max-video-preview:-1"},"canonical":"https:\/\/www.rontool.de\/en\/shop\/bikebull-fahrradhalter\/","og_locale":"en_GB","og_type":"article","og_title":"Bikebull Fahrradhalter f\u00fcr Herrenr\u00e4der aus Birkenholz f\u00fcr die Wand","og_description":"Der Bikebull Fahrradhalter ist ein Bullenkopf, der an die Wand geschraubt wird. Er nimmt alles auf die H\u00f6rner, was ihr ihm zu Tragen gebt.","og_url":"https:\/\/www.rontool.de\/en\/shop\/bikebull-fahrradhalter\/","og_site_name":"RONTOOL","article_modified_time":"2021-06-21T13:39:11+00:00","og_image":[{"width":1000,"height":1000,"url":"https:\/\/www.rontool.de\/wp-content\/uploads\/2021\/06\/rontool-spielzeug-aus-holz-holzspielzeug-aus-deutschland-erwachsene-stierkopf-bike-holder-fahrradhalter.jpg","type":"image\/jpeg"}],"twitter_card":"summary_large_image","twitter_misc":{"Estimated reading time":"1 minute"},"schema":{"@context":"https:\/\/schema.org","@graph":[{"@type":"WebPage","@id":"https:\/\/www.rontool.de\/shop\/bikebull-fahrradhalter\/","url":"https:\/\/www.rontool.de\/shop\/bikebull-fahrradhalter\/","name":"Bikebull Fahrradhalter f\u00fcr Herrenr\u00e4der aus Birkenholz f\u00fcr die Wand","isPartOf":{"@id":"https:\/\/rontool.de\/#website"},"primaryImageOfPage":{"@id":"https:\/\/www.rontool.de\/shop\/bikebull-fahrradhalter\/#primaryimage"},"image":{"@id":"https:\/\/www.rontool.de\/shop\/bikebull-fahrradhalter\/#primaryimage"},"thumbnailUrl":"https:\/\/www.rontool.de\/wp-content\/uploads\/2021\/06\/rontool-spielzeug-aus-holz-holzspielzeug-aus-deutschland-erwachsene-stierkopf-bike-holder-fahrradhalter.jpg","datePublished":"2018-11-20T22:20:25+00:00","dateModified":"2021-06-21T13:39:11+00:00","description":"Der Bikebull Fahrradhalter ist ein Bullenkopf, der an die Wand geschraubt wird. Er nimmt alles auf die H\u00f6rner, was ihr ihm zu Tragen gebt.","breadcrumb":{"@id":"https:\/\/www.rontool.de\/shop\/bikebull-fahrradhalter\/#breadcrumb"},"inLanguage":"en-GB","potentialAction":[{"@type":"ReadAction","target":["https:\/\/www.rontool.de\/shop\/bikebull-fahrradhalter\/"]}]},{"@type":"ImageObject","inLanguage":"en-GB","@id":"https:\/\/www.rontool.de\/shop\/bikebull-fahrradhalter\/#primaryimage","url":"https:\/\/www.rontool.de\/wp-content\/uploads\/2021\/06\/rontool-spielzeug-aus-holz-holzspielzeug-aus-deutschland-erwachsene-stierkopf-bike-holder-fahrradhalter.jpg","contentUrl":"https:\/\/www.rontool.de\/wp-content\/uploads\/2021\/06\/rontool-spielzeug-aus-holz-holzspielzeug-aus-deutschland-erwachsene-stierkopf-bike-holder-fahrradhalter.jpg","width":1000,"height":1000,"caption":"Rontool - Holzspielzeug - Spielzeug aus Holz fuer Erwachsene Kopf eines Bullen Stierkopf Fahrrad-Halter"},{"@type":"BreadcrumbList","@id":"https:\/\/www.rontool.de\/shop\/bikebull-fahrradhalter\/#breadcrumb","itemListElement":[{"@type":"ListItem","position":1,"name":"Shop","item":"https:\/\/www.rontool.de\/shop\/"},{"@type":"ListItem","position":2,"name":"Bikebull Fahrradhalter"}]},{"@type":"WebSite","@id":"https:\/\/rontool.de\/#website","url":"https:\/\/rontool.de\/","name":"RONTOOL","description":"Holzspielzeug aus Berlin f\u00fcr Kinder und Erwachsene","potentialAction":[{"@type":"SearchAction","target":{"@type":"EntryPoint","urlTemplate":"https:\/\/rontool.de\/?s={search_term_string}"},"query-input":{"@type":"PropertyValueSpecification","valueRequired":true,"valueName":"search_term_string"}}],"inLanguage":"en-GB"}]}},"_links":{"self":[{"href":"https:\/\/www.rontool.de\/en\/wp-json\/wp\/v2\/product\/1342","targetHints":{"allow":["GET"]}}],"collection":[{"href":"https:\/\/www.rontool.de\/en\/wp-json\/wp\/v2\/product"}],"about":[{"href":"https:\/\/www.rontool.de\/en\/wp-json\/wp\/v2\/types\/product"}],"wp:featuredmedia":[{"embeddable":true,"href":"https:\/\/www.rontool.de\/en\/wp-json\/wp\/v2\/media\/9020"}],"wp:attachment":[{"href":"https:\/\/www.rontool.de\/en\/wp-json\/wp\/v2\/media?parent=1342"}],"wp:term":[{"taxonomy":"product_brand","embeddable":true,"href":"https:\/\/www.rontool.de\/en\/wp-json\/wp\/v2\/product_brand?post=1342"},{"taxonomy":"product_cat","embeddable":true,"href":"https:\/\/www.rontool.de\/en\/wp-json\/wp\/v2\/product_cat?post=1342"},{"taxonomy":"product_tag","embeddable":true,"href":"https:\/\/www.rontool.de\/en\/wp-json\/wp\/v2\/product_tag?post=1342"}],"curies":[{"name":"wp","href":"https:\/\/api.w.org\/{rel}","templated":true}]}}