{"id":1349,"date":"2018-11-20T22:30:39","date_gmt":"2018-11-20T22:30:39","guid":{"rendered":"http:\/\/testzone-2018.rontool.de\/?post_type=product&#038;p=1349"},"modified":"2026-04-16T07:23:36","modified_gmt":"2026-04-16T07:23:36","slug":"laternenstab","status":"publish","type":"product","link":"https:\/\/www.rontool.de\/en\/shop\/laternenstab\/","title":{"rendered":"Lantern stick"},"content":{"rendered":"<h2>Lantern stick<\/h2>\n<p>The sturdy lantern stick has a soft curve that enables the enthusiastic children to hold their beautiful lanterns up. This is because the weight of the lantern does not pull the child's hand down, as is often the case with other straight rods.<\/p>\n<p>From our own experience with our three children on countless lantern parades, we are convinced that real candles should light up the little miracles. This makes the lantern parade a real family experience. Of course only under supervision;). Tea lights are more practical than the thin birthday candles and are much easier to stick in the bottom of the lantern.<\/p>\n<p>The staff can of course also be used for other purposes after the move. It is great as a fishing rod, crane, pet toy at feeding time or onion bag holder for the night with coughing children. You must have other ideas.<\/p>\n<p>The stick weighs 111g and is 40cm long. We'll put a key ring on it for you right away, but of course you can also use other holders for the lanterns, such as a ribbon or thread.<\/p>\n<p class=\"translation-block\"><a href=\"https:\/\/www.geo.de\/geolino\/basteln\/23193-rtkl-anleitung-jellyfish- lamp-tinkering\" target=\"_self\" rel=\"noopener noreferrer\"> Here <\/a> you will find mainly ours little pirates a great guide to making jellyfish lanterns. We also love the lanterns made from empty beverage cartons. You can find out how to do this <a href=\"https:\/\/www.geo.de\/geolino\/basteln\/15154-rtkl-bastelanleitung-kunterbunte-laternen\" target=\"_self\" rel=\"noopener noreferrer\"> here <\/a><\/p>\n<p class=\"translation-block\">For the fanfare fans among you, there is our <a href=\"https:\/\/www.rontool.de\/en\/shop\/grosser-haken\/\" target=\"_self\" rel=\"noopener noreferrer\"> conductor's baton <\/a>.<\/p>","protected":false},"excerpt":{"rendered":"<p>Laternenstab Der stabile Laternenstab hat eine weiche Rundung, die es den begeisterten Kindern erm\u00f6glicht, ihre wundersch\u00f6nen Laternen oben zu halten. Denn so zieht die Laterne durch ihr Gewicht die Kinderhand nicht nach unten, wie es bei anderen, geraden St\u00e4ben h\u00e4ufig der Fall ist. Wir sind aus eigener Erfahrung mit unseren drei Kindern auf unz\u00e4hligen Laternenumz\u00fcgen [&#8230;]\n","protected":false},"featured_media":8927,"template":"","meta":[],"product_brand":[],"product_cat":[34],"product_tag":[72,71,70],"class_list":{"0":"post-1349","1":"product","2":"type-product","3":"status-publish","4":"has-post-thumbnail","6":"product_cat-abenteuer","7":"product_tag-outdoorspielzeug","8":"product_tag-winterspielzeug","9":"product_tag-wohnen-leben","11":"first","12":"instock","13":"taxable","14":"shipping-taxable","15":"purchasable","16":"product-type-simple"},"yoast_head":"<!-- This site is optimized with the Yoast SEO plugin v27.2 - https:\/\/yoast.com\/product\/yoast-seo-wordpress\/ -->\n<title>Laternenstab aus Holz f\u00fcr den Laternenumzug<\/title>\n<meta name=\"description\" content=\"Der praktische Laternenstab ist stabil und eignet sich durch seine Rundung hervorragend f\u00fcr Kinderh\u00e4nde und ihre Laternen f\u00fcr den perfekten Laternenumzug\" \/>\n<meta name=\"robots\" content=\"index, follow, max-snippet:-1, max-image-preview:large, max-video-preview:-1\" \/>\n<link rel=\"canonical\" href=\"https:\/\/www.rontool.de\/en\/shop\/laternenstab\/\" \/>\n<meta property=\"og:locale\" content=\"en_GB\" \/>\n<meta property=\"og:type\" content=\"article\" \/>\n<meta property=\"og:title\" content=\"Laternenstab aus Holz f\u00fcr den Laternenumzug\" \/>\n<meta property=\"og:description\" content=\"Der praktische Laternenstab ist stabil und eignet sich durch seine Rundung hervorragend f\u00fcr Kinderh\u00e4nde und ihre Laternen f\u00fcr den perfekten Laternenumzug\" \/>\n<meta property=\"og:url\" content=\"https:\/\/www.rontool.de\/en\/shop\/laternenstab\/\" \/>\n<meta property=\"og:site_name\" content=\"RONTOOL\" \/>\n<meta property=\"article:modified_time\" content=\"2026-04-16T07:23:36+00:00\" \/>\n<meta property=\"og:image\" content=\"https:\/\/www.rontool.de\/wp-content\/uploads\/2021\/06\/rontool-spielzeug-aus-holz-holzspielzeug-deutschland-abenteuer-laternenstab.jpg\" \/>\n\t<meta property=\"og:image:width\" content=\"1000\" \/>\n\t<meta property=\"og:image:height\" content=\"1000\" \/>\n\t<meta property=\"og:image:type\" content=\"image\/jpeg\" \/>\n<meta name=\"twitter:card\" content=\"summary_large_image\" \/>\n<meta name=\"twitter:label1\" content=\"Estimated reading time\" \/>\n\t<meta name=\"twitter:data1\" content=\"2 minutes\" \/>\n<script type=\"application\/ld+json\" class=\"yoast-schema-graph\">{\"@context\":\"https:\/\/schema.org\",\"@graph\":[{\"@type\":\"WebPage\",\"@id\":\"https:\/\/www.rontool.de\/shop\/laternenstab\/\",\"url\":\"https:\/\/www.rontool.de\/shop\/laternenstab\/\",\"name\":\"Laternenstab aus Holz f\u00fcr den Laternenumzug\",\"isPartOf\":{\"@id\":\"https:\/\/rontool.de\/#website\"},\"primaryImageOfPage\":{\"@id\":\"https:\/\/www.rontool.de\/shop\/laternenstab\/#primaryimage\"},\"image\":{\"@id\":\"https:\/\/www.rontool.de\/shop\/laternenstab\/#primaryimage\"},\"thumbnailUrl\":\"https:\/\/www.rontool.de\/wp-content\/uploads\/2021\/06\/rontool-spielzeug-aus-holz-holzspielzeug-deutschland-abenteuer-laternenstab.jpg\",\"datePublished\":\"2018-11-20T22:30:39+00:00\",\"dateModified\":\"2026-04-16T07:23:36+00:00\",\"description\":\"Der praktische Laternenstab ist stabil und eignet sich durch seine Rundung hervorragend f\u00fcr Kinderh\u00e4nde und ihre Laternen f\u00fcr den perfekten Laternenumzug\",\"breadcrumb\":{\"@id\":\"https:\/\/www.rontool.de\/shop\/laternenstab\/#breadcrumb\"},\"inLanguage\":\"en-GB\",\"potentialAction\":[{\"@type\":\"ReadAction\",\"target\":[\"https:\/\/www.rontool.de\/shop\/laternenstab\/\"]}]},{\"@type\":\"ImageObject\",\"inLanguage\":\"en-GB\",\"@id\":\"https:\/\/www.rontool.de\/shop\/laternenstab\/#primaryimage\",\"url\":\"https:\/\/www.rontool.de\/wp-content\/uploads\/2021\/06\/rontool-spielzeug-aus-holz-holzspielzeug-deutschland-abenteuer-laternenstab.jpg\",\"contentUrl\":\"https:\/\/www.rontool.de\/wp-content\/uploads\/2021\/06\/rontool-spielzeug-aus-holz-holzspielzeug-deutschland-abenteuer-laternenstab.jpg\",\"width\":1000,\"height\":1000,\"caption\":\"Rontool - Spielzeug aus Holz - Holzspielzeug Laternenstab Holzspielzeug fuer Kinder und Erwachsene M\u00e4nner und Frauen Spielzeug aus Holz robust sicher\"},{\"@type\":\"BreadcrumbList\",\"@id\":\"https:\/\/www.rontool.de\/shop\/laternenstab\/#breadcrumb\",\"itemListElement\":[{\"@type\":\"ListItem\",\"position\":1,\"name\":\"Shop\",\"item\":\"https:\/\/www.rontool.de\/shop\/\"},{\"@type\":\"ListItem\",\"position\":2,\"name\":\"Laternenstab\"}]},{\"@type\":\"WebSite\",\"@id\":\"https:\/\/rontool.de\/#website\",\"url\":\"https:\/\/rontool.de\/\",\"name\":\"RONTOOL\",\"description\":\"Holzspielzeug aus Berlin f\u00fcr Kinder und Erwachsene\",\"potentialAction\":[{\"@type\":\"SearchAction\",\"target\":{\"@type\":\"EntryPoint\",\"urlTemplate\":\"https:\/\/rontool.de\/?s={search_term_string}\"},\"query-input\":{\"@type\":\"PropertyValueSpecification\",\"valueRequired\":true,\"valueName\":\"search_term_string\"}}],\"inLanguage\":\"en-GB\"}]}<\/script>\n<!-- \/ Yoast SEO plugin. -->","yoast_head_json":{"title":"Laternenstab aus Holz f\u00fcr den Laternenumzug","description":"Der praktische Laternenstab ist stabil und eignet sich durch seine Rundung hervorragend f\u00fcr Kinderh\u00e4nde und ihre Laternen f\u00fcr den perfekten Laternenumzug","robots":{"index":"index","follow":"follow","max-snippet":"max-snippet:-1","max-image-preview":"max-image-preview:large","max-video-preview":"max-video-preview:-1"},"canonical":"https:\/\/www.rontool.de\/en\/shop\/laternenstab\/","og_locale":"en_GB","og_type":"article","og_title":"Laternenstab aus Holz f\u00fcr den Laternenumzug","og_description":"Der praktische Laternenstab ist stabil und eignet sich durch seine Rundung hervorragend f\u00fcr Kinderh\u00e4nde und ihre Laternen f\u00fcr den perfekten Laternenumzug","og_url":"https:\/\/www.rontool.de\/en\/shop\/laternenstab\/","og_site_name":"RONTOOL","article_modified_time":"2026-04-16T07:23:36+00:00","og_image":[{"width":1000,"height":1000,"url":"https:\/\/www.rontool.de\/wp-content\/uploads\/2021\/06\/rontool-spielzeug-aus-holz-holzspielzeug-deutschland-abenteuer-laternenstab.jpg","type":"image\/jpeg"}],"twitter_card":"summary_large_image","twitter_misc":{"Estimated reading time":"2 minutes"},"schema":{"@context":"https:\/\/schema.org","@graph":[{"@type":"WebPage","@id":"https:\/\/www.rontool.de\/shop\/laternenstab\/","url":"https:\/\/www.rontool.de\/shop\/laternenstab\/","name":"Laternenstab aus Holz f\u00fcr den Laternenumzug","isPartOf":{"@id":"https:\/\/rontool.de\/#website"},"primaryImageOfPage":{"@id":"https:\/\/www.rontool.de\/shop\/laternenstab\/#primaryimage"},"image":{"@id":"https:\/\/www.rontool.de\/shop\/laternenstab\/#primaryimage"},"thumbnailUrl":"https:\/\/www.rontool.de\/wp-content\/uploads\/2021\/06\/rontool-spielzeug-aus-holz-holzspielzeug-deutschland-abenteuer-laternenstab.jpg","datePublished":"2018-11-20T22:30:39+00:00","dateModified":"2026-04-16T07:23:36+00:00","description":"Der praktische Laternenstab ist stabil und eignet sich durch seine Rundung hervorragend f\u00fcr Kinderh\u00e4nde und ihre Laternen f\u00fcr den perfekten Laternenumzug","breadcrumb":{"@id":"https:\/\/www.rontool.de\/shop\/laternenstab\/#breadcrumb"},"inLanguage":"en-GB","potentialAction":[{"@type":"ReadAction","target":["https:\/\/www.rontool.de\/shop\/laternenstab\/"]}]},{"@type":"ImageObject","inLanguage":"en-GB","@id":"https:\/\/www.rontool.de\/shop\/laternenstab\/#primaryimage","url":"https:\/\/www.rontool.de\/wp-content\/uploads\/2021\/06\/rontool-spielzeug-aus-holz-holzspielzeug-deutschland-abenteuer-laternenstab.jpg","contentUrl":"https:\/\/www.rontool.de\/wp-content\/uploads\/2021\/06\/rontool-spielzeug-aus-holz-holzspielzeug-deutschland-abenteuer-laternenstab.jpg","width":1000,"height":1000,"caption":"Rontool - Spielzeug aus Holz - Holzspielzeug Laternenstab Holzspielzeug fuer Kinder und Erwachsene M\u00e4nner und Frauen Spielzeug aus Holz robust sicher"},{"@type":"BreadcrumbList","@id":"https:\/\/www.rontool.de\/shop\/laternenstab\/#breadcrumb","itemListElement":[{"@type":"ListItem","position":1,"name":"Shop","item":"https:\/\/www.rontool.de\/shop\/"},{"@type":"ListItem","position":2,"name":"Laternenstab"}]},{"@type":"WebSite","@id":"https:\/\/rontool.de\/#website","url":"https:\/\/rontool.de\/","name":"RONTOOL","description":"Holzspielzeug aus Berlin f\u00fcr Kinder und Erwachsene","potentialAction":[{"@type":"SearchAction","target":{"@type":"EntryPoint","urlTemplate":"https:\/\/rontool.de\/?s={search_term_string}"},"query-input":{"@type":"PropertyValueSpecification","valueRequired":true,"valueName":"search_term_string"}}],"inLanguage":"en-GB"}]}},"_links":{"self":[{"href":"https:\/\/www.rontool.de\/en\/wp-json\/wp\/v2\/product\/1349","targetHints":{"allow":["GET"]}}],"collection":[{"href":"https:\/\/www.rontool.de\/en\/wp-json\/wp\/v2\/product"}],"about":[{"href":"https:\/\/www.rontool.de\/en\/wp-json\/wp\/v2\/types\/product"}],"wp:featuredmedia":[{"embeddable":true,"href":"https:\/\/www.rontool.de\/en\/wp-json\/wp\/v2\/media\/8927"}],"wp:attachment":[{"href":"https:\/\/www.rontool.de\/en\/wp-json\/wp\/v2\/media?parent=1349"}],"wp:term":[{"taxonomy":"product_brand","embeddable":true,"href":"https:\/\/www.rontool.de\/en\/wp-json\/wp\/v2\/product_brand?post=1349"},{"taxonomy":"product_cat","embeddable":true,"href":"https:\/\/www.rontool.de\/en\/wp-json\/wp\/v2\/product_cat?post=1349"},{"taxonomy":"product_tag","embeddable":true,"href":"https:\/\/www.rontool.de\/en\/wp-json\/wp\/v2\/product_tag?post=1349"}],"curies":[{"name":"wp","href":"https:\/\/api.w.org\/{rel}","templated":true}]}}