{"id":1351,"date":"2018-11-20T22:34:39","date_gmt":"2018-11-20T22:34:39","guid":{"rendered":"http:\/\/testzone-2018.rontool.de\/?post_type=product&#038;p=1351"},"modified":"2023-12-13T10:08:58","modified_gmt":"2023-12-13T10:08:58","slug":"schlittengriff","status":"publish","type":"product","link":"https:\/\/www.rontool.de\/en\/shop\/schlittengriff\/","title":{"rendered":"Slide handle"},"content":{"rendered":"<h2>Slide handle<\/h2>\n<p>The sled handle is made for sleds, dog leashes, bobby cars or whatever has to be pulled. They are very comfortable in the hand and offer enough space for large hands and thick gloves. They are always stable.<\/p>\n<p>Dimensions:<\/p>\n<p class=\"translation-block\">Length: 16 cm <br>\nWidth: 15 cm <br>\nDepth: 1.8 cm<\/p>\n<p>Weight: 100g<\/p>\n<p class=\"translation-block\">In the rontool shop there is also the <a href=\"https:\/\/www.rontool.de\/en\/shop\/hakengriff\/\" target=\"_self\"> hook handle <\/a> and lots of other hooks. Can also be easily combined with the <a href=\"https:\/\/www.rontool.de\/en\/shop\/seilwinde\/\" target=\"_self\"> winch <\/a>.<\/p>\n<p class=\"translation-block\">You can find more information about sustainably built sledges <a href=\"https:\/\/www.hans-natur.de\/spiel-spass-und-bewegung\/spielzeug-fuer-draussen\/schlitten_c806.html\" target=\"_self\"> here <\/a> in the Hans Natur Shop<\/p>","protected":false},"excerpt":{"rendered":"<p>Schlittengriff der Schlittengriff ist gemacht f\u00fcr Schlitten, Hundeleinen, Bobbycars oder was auch immer mal gezogen werden muss. Sie liegen sehr bequem in der Hand und bieten auch gen\u00fcgend Platz bei gro\u00dfen H\u00e4nden und dicken Handschuhen. Stabil sind sie er allemal. Ma\u00dfe: L\u00e4nge: 16 cm Breite: 15 cm Tiefe: 1,8 cm Gewicht: 100g Im rontool Shop [&#8230;]\n","protected":false},"featured_media":1627,"template":"","meta":[],"product_brand":[],"product_cat":[34],"product_tag":[66,57,71],"class_list":{"0":"post-1351","1":"product","2":"type-product","3":"status-publish","4":"has-post-thumbnail","6":"product_cat-abenteuer","7":"product_tag-kreativspielzeug","8":"product_tag-robustes-spielzeug","9":"product_tag-winterspielzeug","11":"first","12":"instock","13":"taxable","14":"shipping-taxable","15":"purchasable","16":"product-type-simple"},"yoast_head":"<!-- This site is optimized with the Yoast SEO plugin v27.2 - https:\/\/yoast.com\/product\/yoast-seo-wordpress\/ -->\n<title>Schlittengriff aus Holz f\u00fcr kleine und gro\u00dfe H\u00e4nde auch im Winter<\/title>\n<meta name=\"description\" content=\"Schlittengriff, erdacht f\u00fcr sch\u00f6ne Schneetage, an denen wir mit Kindern vollgepackte Schlitten immer wieder den Berg heraufziehen\" \/>\n<meta name=\"robots\" content=\"index, follow, max-snippet:-1, max-image-preview:large, max-video-preview:-1\" \/>\n<link rel=\"canonical\" href=\"https:\/\/www.rontool.de\/en\/shop\/schlittengriff\/\" \/>\n<meta property=\"og:locale\" content=\"en_GB\" \/>\n<meta property=\"og:type\" content=\"article\" \/>\n<meta property=\"og:title\" content=\"Schlittengriff aus Holz f\u00fcr kleine und gro\u00dfe H\u00e4nde auch im Winter\" \/>\n<meta property=\"og:description\" content=\"Schlittengriff, erdacht f\u00fcr sch\u00f6ne Schneetage, an denen wir mit Kindern vollgepackte Schlitten immer wieder den Berg heraufziehen\" \/>\n<meta property=\"og:url\" content=\"https:\/\/www.rontool.de\/en\/shop\/schlittengriff\/\" \/>\n<meta property=\"og:site_name\" content=\"RONTOOL\" \/>\n<meta property=\"article:modified_time\" content=\"2023-12-13T10:08:58+00:00\" \/>\n<meta property=\"og:image\" content=\"https:\/\/www.rontool.de\/wp-content\/uploads\/2018\/10\/schlittengriff_02.jpg\" \/>\n\t<meta property=\"og:image:width\" content=\"1500\" \/>\n\t<meta property=\"og:image:height\" content=\"1500\" \/>\n\t<meta property=\"og:image:type\" content=\"image\/jpeg\" \/>\n<meta name=\"twitter:card\" content=\"summary_large_image\" \/>\n<meta name=\"twitter:label1\" content=\"Estimated reading time\" \/>\n\t<meta name=\"twitter:data1\" content=\"1 minute\" \/>\n<script type=\"application\/ld+json\" class=\"yoast-schema-graph\">{\"@context\":\"https:\/\/schema.org\",\"@graph\":[{\"@type\":\"WebPage\",\"@id\":\"https:\/\/www.rontool.de\/shop\/schlittengriff\/\",\"url\":\"https:\/\/www.rontool.de\/shop\/schlittengriff\/\",\"name\":\"Schlittengriff aus Holz f\u00fcr kleine und gro\u00dfe H\u00e4nde auch im Winter\",\"isPartOf\":{\"@id\":\"https:\/\/rontool.de\/#website\"},\"primaryImageOfPage\":{\"@id\":\"https:\/\/www.rontool.de\/shop\/schlittengriff\/#primaryimage\"},\"image\":{\"@id\":\"https:\/\/www.rontool.de\/shop\/schlittengriff\/#primaryimage\"},\"thumbnailUrl\":\"https:\/\/www.rontool.de\/wp-content\/uploads\/2018\/10\/schlittengriff_02.jpg\",\"datePublished\":\"2018-11-20T22:34:39+00:00\",\"dateModified\":\"2023-12-13T10:08:58+00:00\",\"description\":\"Schlittengriff, erdacht f\u00fcr sch\u00f6ne Schneetage, an denen wir mit Kindern vollgepackte Schlitten immer wieder den Berg heraufziehen\",\"breadcrumb\":{\"@id\":\"https:\/\/www.rontool.de\/shop\/schlittengriff\/#breadcrumb\"},\"inLanguage\":\"en-GB\",\"potentialAction\":[{\"@type\":\"ReadAction\",\"target\":[\"https:\/\/www.rontool.de\/shop\/schlittengriff\/\"]}]},{\"@type\":\"ImageObject\",\"inLanguage\":\"en-GB\",\"@id\":\"https:\/\/www.rontool.de\/shop\/schlittengriff\/#primaryimage\",\"url\":\"https:\/\/www.rontool.de\/wp-content\/uploads\/2018\/10\/schlittengriff_02.jpg\",\"contentUrl\":\"https:\/\/www.rontool.de\/wp-content\/uploads\/2018\/10\/schlittengriff_02.jpg\",\"width\":1500,\"height\":1500},{\"@type\":\"BreadcrumbList\",\"@id\":\"https:\/\/www.rontool.de\/shop\/schlittengriff\/#breadcrumb\",\"itemListElement\":[{\"@type\":\"ListItem\",\"position\":1,\"name\":\"Shop\",\"item\":\"https:\/\/www.rontool.de\/shop\/\"},{\"@type\":\"ListItem\",\"position\":2,\"name\":\"Schlittengriff\"}]},{\"@type\":\"WebSite\",\"@id\":\"https:\/\/rontool.de\/#website\",\"url\":\"https:\/\/rontool.de\/\",\"name\":\"RONTOOL\",\"description\":\"Holzspielzeug aus Berlin f\u00fcr Kinder und Erwachsene\",\"potentialAction\":[{\"@type\":\"SearchAction\",\"target\":{\"@type\":\"EntryPoint\",\"urlTemplate\":\"https:\/\/rontool.de\/?s={search_term_string}\"},\"query-input\":{\"@type\":\"PropertyValueSpecification\",\"valueRequired\":true,\"valueName\":\"search_term_string\"}}],\"inLanguage\":\"en-GB\"}]}<\/script>\n<!-- \/ Yoast SEO plugin. -->","yoast_head_json":{"title":"Schlittengriff aus Holz f\u00fcr kleine und gro\u00dfe H\u00e4nde auch im Winter","description":"Schlittengriff, erdacht f\u00fcr sch\u00f6ne Schneetage, an denen wir mit Kindern vollgepackte Schlitten immer wieder den Berg heraufziehen","robots":{"index":"index","follow":"follow","max-snippet":"max-snippet:-1","max-image-preview":"max-image-preview:large","max-video-preview":"max-video-preview:-1"},"canonical":"https:\/\/www.rontool.de\/en\/shop\/schlittengriff\/","og_locale":"en_GB","og_type":"article","og_title":"Schlittengriff aus Holz f\u00fcr kleine und gro\u00dfe H\u00e4nde auch im Winter","og_description":"Schlittengriff, erdacht f\u00fcr sch\u00f6ne Schneetage, an denen wir mit Kindern vollgepackte Schlitten immer wieder den Berg heraufziehen","og_url":"https:\/\/www.rontool.de\/en\/shop\/schlittengriff\/","og_site_name":"RONTOOL","article_modified_time":"2023-12-13T10:08:58+00:00","og_image":[{"width":1500,"height":1500,"url":"https:\/\/www.rontool.de\/wp-content\/uploads\/2018\/10\/schlittengriff_02.jpg","type":"image\/jpeg"}],"twitter_card":"summary_large_image","twitter_misc":{"Estimated reading time":"1 minute"},"schema":{"@context":"https:\/\/schema.org","@graph":[{"@type":"WebPage","@id":"https:\/\/www.rontool.de\/shop\/schlittengriff\/","url":"https:\/\/www.rontool.de\/shop\/schlittengriff\/","name":"Schlittengriff aus Holz f\u00fcr kleine und gro\u00dfe H\u00e4nde auch im Winter","isPartOf":{"@id":"https:\/\/rontool.de\/#website"},"primaryImageOfPage":{"@id":"https:\/\/www.rontool.de\/shop\/schlittengriff\/#primaryimage"},"image":{"@id":"https:\/\/www.rontool.de\/shop\/schlittengriff\/#primaryimage"},"thumbnailUrl":"https:\/\/www.rontool.de\/wp-content\/uploads\/2018\/10\/schlittengriff_02.jpg","datePublished":"2018-11-20T22:34:39+00:00","dateModified":"2023-12-13T10:08:58+00:00","description":"Schlittengriff, erdacht f\u00fcr sch\u00f6ne Schneetage, an denen wir mit Kindern vollgepackte Schlitten immer wieder den Berg heraufziehen","breadcrumb":{"@id":"https:\/\/www.rontool.de\/shop\/schlittengriff\/#breadcrumb"},"inLanguage":"en-GB","potentialAction":[{"@type":"ReadAction","target":["https:\/\/www.rontool.de\/shop\/schlittengriff\/"]}]},{"@type":"ImageObject","inLanguage":"en-GB","@id":"https:\/\/www.rontool.de\/shop\/schlittengriff\/#primaryimage","url":"https:\/\/www.rontool.de\/wp-content\/uploads\/2018\/10\/schlittengriff_02.jpg","contentUrl":"https:\/\/www.rontool.de\/wp-content\/uploads\/2018\/10\/schlittengriff_02.jpg","width":1500,"height":1500},{"@type":"BreadcrumbList","@id":"https:\/\/www.rontool.de\/shop\/schlittengriff\/#breadcrumb","itemListElement":[{"@type":"ListItem","position":1,"name":"Shop","item":"https:\/\/www.rontool.de\/shop\/"},{"@type":"ListItem","position":2,"name":"Schlittengriff"}]},{"@type":"WebSite","@id":"https:\/\/rontool.de\/#website","url":"https:\/\/rontool.de\/","name":"RONTOOL","description":"Holzspielzeug aus Berlin f\u00fcr Kinder und Erwachsene","potentialAction":[{"@type":"SearchAction","target":{"@type":"EntryPoint","urlTemplate":"https:\/\/rontool.de\/?s={search_term_string}"},"query-input":{"@type":"PropertyValueSpecification","valueRequired":true,"valueName":"search_term_string"}}],"inLanguage":"en-GB"}]}},"_links":{"self":[{"href":"https:\/\/www.rontool.de\/en\/wp-json\/wp\/v2\/product\/1351","targetHints":{"allow":["GET"]}}],"collection":[{"href":"https:\/\/www.rontool.de\/en\/wp-json\/wp\/v2\/product"}],"about":[{"href":"https:\/\/www.rontool.de\/en\/wp-json\/wp\/v2\/types\/product"}],"wp:featuredmedia":[{"embeddable":true,"href":"https:\/\/www.rontool.de\/en\/wp-json\/wp\/v2\/media\/1627"}],"wp:attachment":[{"href":"https:\/\/www.rontool.de\/en\/wp-json\/wp\/v2\/media?parent=1351"}],"wp:term":[{"taxonomy":"product_brand","embeddable":true,"href":"https:\/\/www.rontool.de\/en\/wp-json\/wp\/v2\/product_brand?post=1351"},{"taxonomy":"product_cat","embeddable":true,"href":"https:\/\/www.rontool.de\/en\/wp-json\/wp\/v2\/product_cat?post=1351"},{"taxonomy":"product_tag","embeddable":true,"href":"https:\/\/www.rontool.de\/en\/wp-json\/wp\/v2\/product_tag?post=1351"}],"curies":[{"name":"wp","href":"https:\/\/api.w.org\/{rel}","templated":true}]}}