{"id":1354,"date":"2018-11-20T22:48:40","date_gmt":"2018-11-20T22:48:40","guid":{"rendered":"http:\/\/testzone-2018.rontool.de\/?post_type=product&#038;p=1354"},"modified":"2023-11-26T20:40:51","modified_gmt":"2023-11-26T20:40:51","slug":"schloss","status":"publish","type":"product","link":"https:\/\/www.rontool.de\/en\/shop\/schloss\/","title":{"rendered":"lock"},"content":{"rendered":"<h2>The lock<\/h2>\n<p>A large and very heavy wooden curtain lock for the pirate treasure chest, the secret hiding place, the tree house door, the garden gate or as a symbol of eternal love.<\/p>\n<p>Das Trickschloss ist magisch und &#8222;nur&#8220; mit dem gelieferten Schl\u00fcssel zu \u00f6ffnen \ud83d\ude42 &#8211; wir behaupten, es ist das einzige funktionierende Schloss aus Holz weit und breit.<br \/>\nNein, es gibt einen kleinen Trick, aber der wird den Halbstarken nicht verraten, die sollen gef\u00e4lligst den Schl\u00fcssel nicht verlieren&#8230;so k\u00f6nnen sie schon mal f\u00fcr sp\u00e4ter \u00fcbern, wenn sie als Schulkinder die Verantwortung f\u00fcr einen eigenen Hausschl\u00fcssel tragen d\u00fcrfen. zur Sicherheit, wird jedes Schloss mit 2 Schl\u00fcsseln geliefert. Sicher, ist sicher \ud83d\ude09<\/p>\n<p>The rontool curtain lock also looks great as a wedding present! We are happy to engrave the names of the bride and groom.<\/p>\n<p class=\"translation-block\">NOTES: <br>\nNOT SUITABLE FOR CHILDREN UNDER 3 YEARS! <br>\nALSO NOT SUITABLE FOR SERIOUSLY CONNECTING ANYTHING!<\/p>\n<p class=\"translation-block\"><strong> The dimensions <\/strong> <br>\nLength - 24.5 cm <br>\nWidth - 15.5 cm <br>\nHeight - 3.6 cm<\/p>\n<p>Weight<br \/>\n500g<\/p>\n<p>Both halves of the lock are firmly glued. The internal mechanism works to snap into place with the help of a metal spring and snap lock. The lock can be closed without a key. Using the key correctly can be a puzzle for the first time.<\/p>\n<p>For the pirates among us, there is a complete set of adventures for little sailors <a href=\"https:\/\/www.rontool.de\/en\/abenteuer\/\">here<\/a>.<\/p>\n<p class=\"translation-block\">For the older children we recommend these wonderful <a href=\"https:\/\/www.knobelbox.com\/geduldsspiele\/trickschloesser\/\" target=\"_self\" rel=\"noopener noreferrer\"> trick locks <\/a> here for puzzling out Puzzle box<\/p>","protected":false},"excerpt":{"rendered":"<p>Das Schloss Ein gro\u00dfes und recht schweres Vorh\u00e4nge-Schloss aus Holz f\u00fcr die Piratenschatzkiste, das Geheimversteck, die Baumhaus-T\u00fcr, das Gartentor oder auch als Symbol der ewigen Liebe. Das Trickschloss ist magisch und &#8222;nur&#8220; mit dem gelieferten Schl\u00fcssel zu \u00f6ffnen \ud83d\ude42 &#8211; wir behaupten, es ist das einzige funktionierende Schloss aus Holz weit und breit. Nein, es [&#8230;]\n","protected":false},"featured_media":9018,"template":"","meta":[],"product_brand":[],"product_cat":[39],"product_tag":[68,69,78,54],"class_list":{"0":"post-1354","1":"product","2":"type-product","3":"status-publish","4":"has-post-thumbnail","6":"product_cat-erwachsene","7":"product_tag-hochzeitsgeschenke","8":"product_tag-motorikspielzeug","9":"product_tag-oeffnen-und-schliessen","10":"product_tag-piratenspielzeug","12":"first","13":"instock","14":"taxable","15":"shipping-taxable","16":"purchasable","17":"product-type-simple"},"yoast_head":"<!-- This site is optimized with the Yoast SEO plugin v27.2 - https:\/\/yoast.com\/product\/yoast-seo-wordpress\/ -->\n<title>Schloss f\u00fcr clevere Kinder zum Spielen aus Holz, mit 2 Schl\u00fcsseln<\/title>\n<meta name=\"description\" content=\"Das rontool Vorh\u00e4nge-Schloss ist eines der seltenen Ausf\u00fchrungen als robustes Spielzeug, das schon kleinen Kindern sehr viel Spa\u00df macht.\" \/>\n<meta name=\"robots\" content=\"index, follow, max-snippet:-1, max-image-preview:large, max-video-preview:-1\" \/>\n<link rel=\"canonical\" href=\"https:\/\/www.rontool.de\/en\/shop\/schloss\/\" \/>\n<meta property=\"og:locale\" content=\"en_GB\" \/>\n<meta property=\"og:type\" content=\"article\" \/>\n<meta property=\"og:title\" content=\"Schloss f\u00fcr clevere Kinder zum Spielen aus Holz, mit 2 Schl\u00fcsseln\" \/>\n<meta property=\"og:description\" content=\"Das rontool Vorh\u00e4nge-Schloss ist eines der seltenen Ausf\u00fchrungen als robustes Spielzeug, das schon kleinen Kindern sehr viel Spa\u00df macht.\" \/>\n<meta property=\"og:url\" content=\"https:\/\/www.rontool.de\/en\/shop\/schloss\/\" \/>\n<meta property=\"og:site_name\" content=\"RONTOOL\" \/>\n<meta property=\"article:modified_time\" content=\"2023-11-26T20:40:51+00:00\" \/>\n<meta property=\"og:image\" content=\"https:\/\/www.rontool.de\/wp-content\/uploads\/2021\/06\/rontool-spielzeug-aus-holz-holzspielzeug-aus-deutschland-erwachsene-schloss.jpg\" \/>\n\t<meta property=\"og:image:width\" content=\"1000\" \/>\n\t<meta property=\"og:image:height\" content=\"1000\" \/>\n\t<meta property=\"og:image:type\" content=\"image\/jpeg\" \/>\n<meta name=\"twitter:card\" content=\"summary_large_image\" \/>\n<meta name=\"twitter:label1\" content=\"Estimated reading time\" \/>\n\t<meta name=\"twitter:data1\" content=\"2 minutes\" \/>\n<script type=\"application\/ld+json\" class=\"yoast-schema-graph\">{\"@context\":\"https:\/\/schema.org\",\"@graph\":[{\"@type\":\"WebPage\",\"@id\":\"https:\/\/www.rontool.de\/shop\/schloss\/\",\"url\":\"https:\/\/www.rontool.de\/shop\/schloss\/\",\"name\":\"Schloss f\u00fcr clevere Kinder zum Spielen aus Holz, mit 2 Schl\u00fcsseln\",\"isPartOf\":{\"@id\":\"https:\/\/rontool.de\/#website\"},\"primaryImageOfPage\":{\"@id\":\"https:\/\/www.rontool.de\/shop\/schloss\/#primaryimage\"},\"image\":{\"@id\":\"https:\/\/www.rontool.de\/shop\/schloss\/#primaryimage\"},\"thumbnailUrl\":\"https:\/\/www.rontool.de\/wp-content\/uploads\/2021\/06\/rontool-spielzeug-aus-holz-holzspielzeug-aus-deutschland-erwachsene-schloss.jpg\",\"datePublished\":\"2018-11-20T22:48:40+00:00\",\"dateModified\":\"2023-11-26T20:40:51+00:00\",\"description\":\"Das rontool Vorh\u00e4nge-Schloss ist eines der seltenen Ausf\u00fchrungen als robustes Spielzeug, das schon kleinen Kindern sehr viel Spa\u00df macht.\",\"breadcrumb\":{\"@id\":\"https:\/\/www.rontool.de\/shop\/schloss\/#breadcrumb\"},\"inLanguage\":\"en-GB\",\"potentialAction\":[{\"@type\":\"ReadAction\",\"target\":[\"https:\/\/www.rontool.de\/shop\/schloss\/\"]}]},{\"@type\":\"ImageObject\",\"inLanguage\":\"en-GB\",\"@id\":\"https:\/\/www.rontool.de\/shop\/schloss\/#primaryimage\",\"url\":\"https:\/\/www.rontool.de\/wp-content\/uploads\/2021\/06\/rontool-spielzeug-aus-holz-holzspielzeug-aus-deutschland-erwachsene-schloss.jpg\",\"contentUrl\":\"https:\/\/www.rontool.de\/wp-content\/uploads\/2021\/06\/rontool-spielzeug-aus-holz-holzspielzeug-aus-deutschland-erwachsene-schloss.jpg\",\"width\":1000,\"height\":1000,\"caption\":\"Rontool - Holzspielzeug - Spielzeug aus Holz fuer Erwachsene Sicherheit sicher\"},{\"@type\":\"BreadcrumbList\",\"@id\":\"https:\/\/www.rontool.de\/shop\/schloss\/#breadcrumb\",\"itemListElement\":[{\"@type\":\"ListItem\",\"position\":1,\"name\":\"Shop\",\"item\":\"https:\/\/www.rontool.de\/shop\/\"},{\"@type\":\"ListItem\",\"position\":2,\"name\":\"Schloss\"}]},{\"@type\":\"WebSite\",\"@id\":\"https:\/\/rontool.de\/#website\",\"url\":\"https:\/\/rontool.de\/\",\"name\":\"RONTOOL\",\"description\":\"Holzspielzeug aus Berlin f\u00fcr Kinder und Erwachsene\",\"potentialAction\":[{\"@type\":\"SearchAction\",\"target\":{\"@type\":\"EntryPoint\",\"urlTemplate\":\"https:\/\/rontool.de\/?s={search_term_string}\"},\"query-input\":{\"@type\":\"PropertyValueSpecification\",\"valueRequired\":true,\"valueName\":\"search_term_string\"}}],\"inLanguage\":\"en-GB\"}]}<\/script>\n<!-- \/ Yoast SEO plugin. -->","yoast_head_json":{"title":"Schloss f\u00fcr clevere Kinder zum Spielen aus Holz, mit 2 Schl\u00fcsseln","description":"Das rontool Vorh\u00e4nge-Schloss ist eines der seltenen Ausf\u00fchrungen als robustes Spielzeug, das schon kleinen Kindern sehr viel Spa\u00df macht.","robots":{"index":"index","follow":"follow","max-snippet":"max-snippet:-1","max-image-preview":"max-image-preview:large","max-video-preview":"max-video-preview:-1"},"canonical":"https:\/\/www.rontool.de\/en\/shop\/schloss\/","og_locale":"en_GB","og_type":"article","og_title":"Schloss f\u00fcr clevere Kinder zum Spielen aus Holz, mit 2 Schl\u00fcsseln","og_description":"Das rontool Vorh\u00e4nge-Schloss ist eines der seltenen Ausf\u00fchrungen als robustes Spielzeug, das schon kleinen Kindern sehr viel Spa\u00df macht.","og_url":"https:\/\/www.rontool.de\/en\/shop\/schloss\/","og_site_name":"RONTOOL","article_modified_time":"2023-11-26T20:40:51+00:00","og_image":[{"width":1000,"height":1000,"url":"https:\/\/www.rontool.de\/wp-content\/uploads\/2021\/06\/rontool-spielzeug-aus-holz-holzspielzeug-aus-deutschland-erwachsene-schloss.jpg","type":"image\/jpeg"}],"twitter_card":"summary_large_image","twitter_misc":{"Estimated reading time":"2 minutes"},"schema":{"@context":"https:\/\/schema.org","@graph":[{"@type":"WebPage","@id":"https:\/\/www.rontool.de\/shop\/schloss\/","url":"https:\/\/www.rontool.de\/shop\/schloss\/","name":"Schloss f\u00fcr clevere Kinder zum Spielen aus Holz, mit 2 Schl\u00fcsseln","isPartOf":{"@id":"https:\/\/rontool.de\/#website"},"primaryImageOfPage":{"@id":"https:\/\/www.rontool.de\/shop\/schloss\/#primaryimage"},"image":{"@id":"https:\/\/www.rontool.de\/shop\/schloss\/#primaryimage"},"thumbnailUrl":"https:\/\/www.rontool.de\/wp-content\/uploads\/2021\/06\/rontool-spielzeug-aus-holz-holzspielzeug-aus-deutschland-erwachsene-schloss.jpg","datePublished":"2018-11-20T22:48:40+00:00","dateModified":"2023-11-26T20:40:51+00:00","description":"Das rontool Vorh\u00e4nge-Schloss ist eines der seltenen Ausf\u00fchrungen als robustes Spielzeug, das schon kleinen Kindern sehr viel Spa\u00df macht.","breadcrumb":{"@id":"https:\/\/www.rontool.de\/shop\/schloss\/#breadcrumb"},"inLanguage":"en-GB","potentialAction":[{"@type":"ReadAction","target":["https:\/\/www.rontool.de\/shop\/schloss\/"]}]},{"@type":"ImageObject","inLanguage":"en-GB","@id":"https:\/\/www.rontool.de\/shop\/schloss\/#primaryimage","url":"https:\/\/www.rontool.de\/wp-content\/uploads\/2021\/06\/rontool-spielzeug-aus-holz-holzspielzeug-aus-deutschland-erwachsene-schloss.jpg","contentUrl":"https:\/\/www.rontool.de\/wp-content\/uploads\/2021\/06\/rontool-spielzeug-aus-holz-holzspielzeug-aus-deutschland-erwachsene-schloss.jpg","width":1000,"height":1000,"caption":"Rontool - Holzspielzeug - Spielzeug aus Holz fuer Erwachsene Sicherheit sicher"},{"@type":"BreadcrumbList","@id":"https:\/\/www.rontool.de\/shop\/schloss\/#breadcrumb","itemListElement":[{"@type":"ListItem","position":1,"name":"Shop","item":"https:\/\/www.rontool.de\/shop\/"},{"@type":"ListItem","position":2,"name":"Schloss"}]},{"@type":"WebSite","@id":"https:\/\/rontool.de\/#website","url":"https:\/\/rontool.de\/","name":"RONTOOL","description":"Holzspielzeug aus Berlin f\u00fcr Kinder und Erwachsene","potentialAction":[{"@type":"SearchAction","target":{"@type":"EntryPoint","urlTemplate":"https:\/\/rontool.de\/?s={search_term_string}"},"query-input":{"@type":"PropertyValueSpecification","valueRequired":true,"valueName":"search_term_string"}}],"inLanguage":"en-GB"}]}},"_links":{"self":[{"href":"https:\/\/www.rontool.de\/en\/wp-json\/wp\/v2\/product\/1354","targetHints":{"allow":["GET"]}}],"collection":[{"href":"https:\/\/www.rontool.de\/en\/wp-json\/wp\/v2\/product"}],"about":[{"href":"https:\/\/www.rontool.de\/en\/wp-json\/wp\/v2\/types\/product"}],"wp:featuredmedia":[{"embeddable":true,"href":"https:\/\/www.rontool.de\/en\/wp-json\/wp\/v2\/media\/9018"}],"wp:attachment":[{"href":"https:\/\/www.rontool.de\/en\/wp-json\/wp\/v2\/media?parent=1354"}],"wp:term":[{"taxonomy":"product_brand","embeddable":true,"href":"https:\/\/www.rontool.de\/en\/wp-json\/wp\/v2\/product_brand?post=1354"},{"taxonomy":"product_cat","embeddable":true,"href":"https:\/\/www.rontool.de\/en\/wp-json\/wp\/v2\/product_cat?post=1354"},{"taxonomy":"product_tag","embeddable":true,"href":"https:\/\/www.rontool.de\/en\/wp-json\/wp\/v2\/product_tag?post=1354"}],"curies":[{"name":"wp","href":"https:\/\/api.w.org\/{rel}","templated":true}]}}