{"id":1355,"date":"2018-11-20T22:52:31","date_gmt":"2018-11-20T22:52:31","guid":{"rendered":"http:\/\/testzone-2018.rontool.de\/?post_type=product&#038;p=1355"},"modified":"2026-01-10T09:12:12","modified_gmt":"2026-01-10T09:12:12","slug":"riesen-steuerrad","status":"publish","type":"product","link":"https:\/\/www.rontool.de\/en\/shop\/riesen-steuerrad\/","title":{"rendered":"Giant steering wheel"},"content":{"rendered":"<h2>The wooden toy giant steering wheel<\/h2>\n<p>The giant steering wheel belongs in every sailor's equipment. Please do not confuse it with the normal steering wheels for wooden toy cars. You need a real captain here! However, it is of secondary importance whether he belongs to the inland waterway voyage, is a commander or a sea captain.<\/p>\n<p>The giant steering wheel can be integrated into many boats, yachts, cutters, barges, pirate ships and other water vehicles. With or without a sail.<\/p>\n<ul>\n<li>Inside: in the children's bed, on the wall or on the closet.<\/li>\n<li>Outside: in a wooden boat, in a tree house, for play towers, stilt houses or on a climbing frame.<\/li>\n<li>Or simply taken loosely in both hands for the great adventure-air-fantasy-rides.<\/li>\n<\/ul>\n<p>&nbsp;<\/p>\n<p class=\"translation-block\">The wall bracket for our Rontool steering wheels ensures the <strong> rotatable wall mounting <\/strong> of the steering wheel. It works with a M10ner lock screw and corresponding washers. Three holes for the wall are pre-drilled.<\/p>\n<p>Die ganze Kombi aus Rad und Halterung ist f\u00fcr euch fertig montiert. Sie wird einfach mit drei M4-Holz-Schrauben und passenden D\u00fcbeln an die Wand geschraubt. Diese werden nicht mitgeliefert, geh\u00f6ren aber zum Standard. Dann kann die gro\u00dfe Fahrt kann losgehen. Mehr Infos zu Schrauben, <a href=\"https:\/\/de.wikipedia.org\/wiki\/Schraube#Holzschrauben\" target=\"_blank\" rel=\"noopener noreferrer\">here<\/a>&#8230;;)<\/p>\n<p>In any case, the steering wheel can withstand strong winds. <strong>Wichtig: bei einer Nutzung dauerhaft drau\u00dfen muss das Holz noch unbedingt entsprechend lackiert werden.\u00a0<\/strong><\/p>\n<p><strong>Here are the measurements:<\/strong><\/p>\n<p>Outside diameter: 50 cm<br \/>\nHeight: 12 cm including wall bracket<\/p>\n<p>Weight<br \/>\n1.4 Kg<\/p>\n<p>Passend zum Riesen &#8211; Steuerrad gibt es auch den rontool <a href=\"https:\/\/www.rontool.de\/en\/shop\/anker\/\" target=\"_blank\" rel=\"noopener noreferrer\">Anchor<\/a>, den rontool <a href=\"https:\/\/www.rontool.de\/en\/shop\/enterhaken\/\" target=\"_blank\" rel=\"noopener noreferrer\">Grappling hook<\/a>, einen <a href=\"https:\/\/www.rontool.de\/en\/shop\/minianker-doppelhaken\/\" target=\"_blank\" rel=\"noopener noreferrer\">Mini-Anker<\/a> und viele verschiedene praktische <a href=\"https:\/\/www.rontool.de\/en\/shop\/haken\/\" target=\"_blank\" rel=\"noopener noreferrer\">Holzhaken<\/a> inkl. den <a href=\"https:\/\/www.rontool.de\/en\/shop\/kapitaenshaken\/\" target=\"_blank\" rel=\"noopener noreferrer\">Captain-Hook-Handhaken<\/a>. F\u00fcr bescheidene Anspr\u00fcche haben wir noch ein kleineres <a href=\"https:\/\/www.rontool.de\/en\/shop\/steuerrad\/\" target=\"_blank\" rel=\"noopener noreferrer\">Ship steering wheel<\/a> \ud83d\ude09<\/p>\n<p>NOTE: NOT SUITABLE FOR CHILDREN UNDER 3 YEARS<\/p>","protected":false},"excerpt":{"rendered":"<h2>Holz-Spielzeug-Riesen-Steuerrad<\/h2>","protected":false},"featured_media":8964,"template":"","meta":[],"product_brand":[],"product_cat":[34,35],"product_tag":[63,64,54],"class_list":{"0":"post-1355","1":"product","2":"type-product","3":"status-publish","4":"has-post-thumbnail","6":"product_cat-abenteuer","7":"product_cat-fahrzeuge","8":"product_tag-baumhausspielzeug","9":"product_tag-jungenspielzeug","10":"product_tag-piratenspielzeug","12":"first","13":"instock","14":"taxable","15":"shipping-taxable","16":"purchasable","17":"product-type-simple"},"yoast_head":"<!-- This site is optimized with the Yoast SEO plugin v27.2 - https:\/\/yoast.com\/product\/yoast-seo-wordpress\/ -->\n<title>Riesen-Steuerrad aus Holz f\u00fcr kleine Piraten aus Holz<\/title>\n<meta name=\"description\" content=\"Das Riesen-Steuerrad ist genau das, was Seem\u00e4nner brauchen, um ihr Schiff sicher durch die Gew\u00e4sser der Welt zu man\u00f6vrieren.\" \/>\n<meta name=\"robots\" content=\"index, follow, max-snippet:-1, max-image-preview:large, max-video-preview:-1\" \/>\n<link rel=\"canonical\" href=\"https:\/\/www.rontool.de\/en\/shop\/riesen-steuerrad\/\" \/>\n<meta property=\"og:locale\" content=\"en_GB\" \/>\n<meta property=\"og:type\" content=\"article\" \/>\n<meta property=\"og:title\" content=\"Riesen-Steuerrad aus Holz f\u00fcr kleine Piraten aus Holz\" \/>\n<meta property=\"og:description\" content=\"Das Riesen-Steuerrad ist genau das, was Seem\u00e4nner brauchen, um ihr Schiff sicher durch die Gew\u00e4sser der Welt zu man\u00f6vrieren.\" \/>\n<meta property=\"og:url\" content=\"https:\/\/www.rontool.de\/en\/shop\/riesen-steuerrad\/\" \/>\n<meta property=\"og:site_name\" content=\"RONTOOL\" \/>\n<meta property=\"article:modified_time\" content=\"2026-01-10T09:12:12+00:00\" \/>\n<meta property=\"og:image\" content=\"https:\/\/www.rontool.de\/wp-content\/uploads\/2018\/11\/rontool-spielzeug-aus-holz-holzspielzeug-deutschland-fahrzeuge-Steuerrad-gross.jpg\" \/>\n\t<meta property=\"og:image:width\" content=\"1000\" \/>\n\t<meta property=\"og:image:height\" content=\"1000\" \/>\n\t<meta property=\"og:image:type\" content=\"image\/jpeg\" \/>\n<meta name=\"twitter:card\" content=\"summary_large_image\" \/>\n<meta name=\"twitter:label1\" content=\"Estimated reading time\" \/>\n\t<meta name=\"twitter:data1\" content=\"2 minutes\" \/>\n<script type=\"application\/ld+json\" class=\"yoast-schema-graph\">{\"@context\":\"https:\/\/schema.org\",\"@graph\":[{\"@type\":\"WebPage\",\"@id\":\"https:\/\/www.rontool.de\/shop\/riesen-steuerrad\/\",\"url\":\"https:\/\/www.rontool.de\/shop\/riesen-steuerrad\/\",\"name\":\"Riesen-Steuerrad aus Holz f\u00fcr kleine Piraten aus Holz\",\"isPartOf\":{\"@id\":\"https:\/\/rontool.de\/#website\"},\"primaryImageOfPage\":{\"@id\":\"https:\/\/www.rontool.de\/shop\/riesen-steuerrad\/#primaryimage\"},\"image\":{\"@id\":\"https:\/\/www.rontool.de\/shop\/riesen-steuerrad\/#primaryimage\"},\"thumbnailUrl\":\"https:\/\/www.rontool.de\/wp-content\/uploads\/2018\/11\/rontool-spielzeug-aus-holz-holzspielzeug-deutschland-fahrzeuge-Steuerrad-gross.jpg\",\"datePublished\":\"2018-11-20T22:52:31+00:00\",\"dateModified\":\"2026-01-10T09:12:12+00:00\",\"description\":\"Das Riesen-Steuerrad ist genau das, was Seem\u00e4nner brauchen, um ihr Schiff sicher durch die Gew\u00e4sser der Welt zu man\u00f6vrieren.\",\"breadcrumb\":{\"@id\":\"https:\/\/www.rontool.de\/shop\/riesen-steuerrad\/#breadcrumb\"},\"inLanguage\":\"en-GB\",\"potentialAction\":[{\"@type\":\"ReadAction\",\"target\":[\"https:\/\/www.rontool.de\/shop\/riesen-steuerrad\/\"]}]},{\"@type\":\"ImageObject\",\"inLanguage\":\"en-GB\",\"@id\":\"https:\/\/www.rontool.de\/shop\/riesen-steuerrad\/#primaryimage\",\"url\":\"https:\/\/www.rontool.de\/wp-content\/uploads\/2018\/11\/rontool-spielzeug-aus-holz-holzspielzeug-deutschland-fahrzeuge-Steuerrad-gross.jpg\",\"contentUrl\":\"https:\/\/www.rontool.de\/wp-content\/uploads\/2018\/11\/rontool-spielzeug-aus-holz-holzspielzeug-deutschland-fahrzeuge-Steuerrad-gross.jpg\",\"width\":1000,\"height\":1000,\"caption\":\"Rontool - Spielzeug aus Holz - Holzspielzeug Fahrzeuge Lenken Lenkrad Schiff Boot Segeln fuer Kinder robust toll sicher aus Deutschland\"},{\"@type\":\"BreadcrumbList\",\"@id\":\"https:\/\/www.rontool.de\/shop\/riesen-steuerrad\/#breadcrumb\",\"itemListElement\":[{\"@type\":\"ListItem\",\"position\":1,\"name\":\"Shop\",\"item\":\"https:\/\/www.rontool.de\/shop\/\"},{\"@type\":\"ListItem\",\"position\":2,\"name\":\"Riesen &#8211; Steuerrad\"}]},{\"@type\":\"WebSite\",\"@id\":\"https:\/\/rontool.de\/#website\",\"url\":\"https:\/\/rontool.de\/\",\"name\":\"RONTOOL\",\"description\":\"Holzspielzeug aus Berlin f\u00fcr Kinder und Erwachsene\",\"potentialAction\":[{\"@type\":\"SearchAction\",\"target\":{\"@type\":\"EntryPoint\",\"urlTemplate\":\"https:\/\/rontool.de\/?s={search_term_string}\"},\"query-input\":{\"@type\":\"PropertyValueSpecification\",\"valueRequired\":true,\"valueName\":\"search_term_string\"}}],\"inLanguage\":\"en-GB\"}]}<\/script>\n<!-- \/ Yoast SEO plugin. -->","yoast_head_json":{"title":"Riesen-Steuerrad aus Holz f\u00fcr kleine Piraten aus Holz","description":"Das Riesen-Steuerrad ist genau das, was Seem\u00e4nner brauchen, um ihr Schiff sicher durch die Gew\u00e4sser der Welt zu man\u00f6vrieren.","robots":{"index":"index","follow":"follow","max-snippet":"max-snippet:-1","max-image-preview":"max-image-preview:large","max-video-preview":"max-video-preview:-1"},"canonical":"https:\/\/www.rontool.de\/en\/shop\/riesen-steuerrad\/","og_locale":"en_GB","og_type":"article","og_title":"Riesen-Steuerrad aus Holz f\u00fcr kleine Piraten aus Holz","og_description":"Das Riesen-Steuerrad ist genau das, was Seem\u00e4nner brauchen, um ihr Schiff sicher durch die Gew\u00e4sser der Welt zu man\u00f6vrieren.","og_url":"https:\/\/www.rontool.de\/en\/shop\/riesen-steuerrad\/","og_site_name":"RONTOOL","article_modified_time":"2026-01-10T09:12:12+00:00","og_image":[{"width":1000,"height":1000,"url":"https:\/\/www.rontool.de\/wp-content\/uploads\/2018\/11\/rontool-spielzeug-aus-holz-holzspielzeug-deutschland-fahrzeuge-Steuerrad-gross.jpg","type":"image\/jpeg"}],"twitter_card":"summary_large_image","twitter_misc":{"Estimated reading time":"2 minutes"},"schema":{"@context":"https:\/\/schema.org","@graph":[{"@type":"WebPage","@id":"https:\/\/www.rontool.de\/shop\/riesen-steuerrad\/","url":"https:\/\/www.rontool.de\/shop\/riesen-steuerrad\/","name":"Riesen-Steuerrad aus Holz f\u00fcr kleine Piraten aus Holz","isPartOf":{"@id":"https:\/\/rontool.de\/#website"},"primaryImageOfPage":{"@id":"https:\/\/www.rontool.de\/shop\/riesen-steuerrad\/#primaryimage"},"image":{"@id":"https:\/\/www.rontool.de\/shop\/riesen-steuerrad\/#primaryimage"},"thumbnailUrl":"https:\/\/www.rontool.de\/wp-content\/uploads\/2018\/11\/rontool-spielzeug-aus-holz-holzspielzeug-deutschland-fahrzeuge-Steuerrad-gross.jpg","datePublished":"2018-11-20T22:52:31+00:00","dateModified":"2026-01-10T09:12:12+00:00","description":"Das Riesen-Steuerrad ist genau das, was Seem\u00e4nner brauchen, um ihr Schiff sicher durch die Gew\u00e4sser der Welt zu man\u00f6vrieren.","breadcrumb":{"@id":"https:\/\/www.rontool.de\/shop\/riesen-steuerrad\/#breadcrumb"},"inLanguage":"en-GB","potentialAction":[{"@type":"ReadAction","target":["https:\/\/www.rontool.de\/shop\/riesen-steuerrad\/"]}]},{"@type":"ImageObject","inLanguage":"en-GB","@id":"https:\/\/www.rontool.de\/shop\/riesen-steuerrad\/#primaryimage","url":"https:\/\/www.rontool.de\/wp-content\/uploads\/2018\/11\/rontool-spielzeug-aus-holz-holzspielzeug-deutschland-fahrzeuge-Steuerrad-gross.jpg","contentUrl":"https:\/\/www.rontool.de\/wp-content\/uploads\/2018\/11\/rontool-spielzeug-aus-holz-holzspielzeug-deutschland-fahrzeuge-Steuerrad-gross.jpg","width":1000,"height":1000,"caption":"Rontool - Spielzeug aus Holz - Holzspielzeug Fahrzeuge Lenken Lenkrad Schiff Boot Segeln fuer Kinder robust toll sicher aus Deutschland"},{"@type":"BreadcrumbList","@id":"https:\/\/www.rontool.de\/shop\/riesen-steuerrad\/#breadcrumb","itemListElement":[{"@type":"ListItem","position":1,"name":"Shop","item":"https:\/\/www.rontool.de\/shop\/"},{"@type":"ListItem","position":2,"name":"Riesen &#8211; Steuerrad"}]},{"@type":"WebSite","@id":"https:\/\/rontool.de\/#website","url":"https:\/\/rontool.de\/","name":"RONTOOL","description":"Holzspielzeug aus Berlin f\u00fcr Kinder und Erwachsene","potentialAction":[{"@type":"SearchAction","target":{"@type":"EntryPoint","urlTemplate":"https:\/\/rontool.de\/?s={search_term_string}"},"query-input":{"@type":"PropertyValueSpecification","valueRequired":true,"valueName":"search_term_string"}}],"inLanguage":"en-GB"}]}},"_links":{"self":[{"href":"https:\/\/www.rontool.de\/en\/wp-json\/wp\/v2\/product\/1355","targetHints":{"allow":["GET"]}}],"collection":[{"href":"https:\/\/www.rontool.de\/en\/wp-json\/wp\/v2\/product"}],"about":[{"href":"https:\/\/www.rontool.de\/en\/wp-json\/wp\/v2\/types\/product"}],"wp:featuredmedia":[{"embeddable":true,"href":"https:\/\/www.rontool.de\/en\/wp-json\/wp\/v2\/media\/8964"}],"wp:attachment":[{"href":"https:\/\/www.rontool.de\/en\/wp-json\/wp\/v2\/media?parent=1355"}],"wp:term":[{"taxonomy":"product_brand","embeddable":true,"href":"https:\/\/www.rontool.de\/en\/wp-json\/wp\/v2\/product_brand?post=1355"},{"taxonomy":"product_cat","embeddable":true,"href":"https:\/\/www.rontool.de\/en\/wp-json\/wp\/v2\/product_cat?post=1355"},{"taxonomy":"product_tag","embeddable":true,"href":"https:\/\/www.rontool.de\/en\/wp-json\/wp\/v2\/product_tag?post=1355"}],"curies":[{"name":"wp","href":"https:\/\/api.w.org\/{rel}","templated":true}]}}