{"id":1450,"date":"2018-12-11T09:23:41","date_gmt":"2018-12-11T09:23:41","guid":{"rendered":"http:\/\/rontool.de\/?post_type=product&#038;p=1450"},"modified":"2023-11-26T21:05:21","modified_gmt":"2023-11-26T21:05:21","slug":"teelichthalter","status":"publish","type":"product","link":"https:\/\/www.rontool.de\/en\/shop\/teelichthalter\/","title":{"rendered":"Tea light star"},"content":{"rendered":"<h2>The star tealight holder<\/h2>\n<p>The cheap asterisk as a tealight holder gives tealights a beautiful, puristic wooden frame. It is just as suitable for flameless electronic candles. The recess for the tealight is quite large so that all tealight sizes fit into it.<\/p>\n<p>The candlesticks from rontool are stackable, great for a pub, bar, at home, or as a church decoration and are also suitable, for example, as coasters for hot tea, cappuccino and coffee cups.<\/p>\n<p>Since the star is made of wood, it even floats together with the tea light on the surface of the water. Who doesn't like it atmospheric and romantic?<\/p>\n<p class=\"translation-block\">At Christmas, several tealight stars also look beautiful on the window. <br>\nDo you need a flexible and easy-to-store Advent wreath? As mini Advent jewelry, 4 stars next to each other are just as wonderful.<\/p>\n<p>But the star is also well suited as a small gift for a birthday, a wedding, as a table decoration for parties or as a small romantic souvenir just in between.<\/p>\n<p class=\"translation-block\">Children have a lot of fun painting and decorating the stars and sticking rhinestones on them. Are you looking for other craft ideas? <a href=\"https:\/\/www.kreativekiste.de\/bastelideen\/holz-basteln\" target=\"_self\" rel=\"noopener noreferrer\"> Here <\/a> is a great website with creative craft ideas with wood.<\/p>\n<p>In addition to the tealight holder for one tealight, we also have the tealight ring for 6 tealights <a href=\"https:\/\/www.rontool.de\/en\/shop\/teelichtring\/\" target=\"_blank\" rel=\"noopener noreferrer\">here<\/a>.<\/p>","protected":false},"excerpt":{"rendered":"<p>Der Teelichthalter Stern Das g\u00fcnstige Sternchen als Teelichthalter gibt Teelichtern einen wundersch\u00f6nen puristischen h\u00f6lzernden Rahmen. Genauso gut geeignet ist es f\u00fcr flammenlose elektronische Kerzen. Die Aussparung f\u00fcr das Teelicht ist recht gro\u00df gew\u00e4hlt, sodass alle Teelichtgr\u00f6\u00dfen hinein passen. Die Kerzenst\u00e4nder von rontool sind stapelbar, gro\u00dfartig f\u00fcr eine Kneipe, Bar, im Zuhause, oder als Kirchen-Dekoration und [&#8230;]\n","protected":false},"featured_media":4215,"template":"","meta":[],"product_brand":[],"product_cat":[39,36],"product_tag":[83,75,68,66,70],"class_list":{"0":"post-1450","1":"product","2":"type-product","3":"status-publish","4":"has-post-thumbnail","6":"product_cat-erwachsene","7":"product_cat-zauber","8":"product_tag-dekorieren","9":"product_tag-haushalt","10":"product_tag-hochzeitsgeschenke","11":"product_tag-kreativspielzeug","12":"product_tag-wohnen-leben","14":"first","15":"instock","16":"taxable","17":"shipping-taxable","18":"purchasable","19":"product-type-simple"},"yoast_head":"<!-- This site is optimized with the Yoast SEO plugin v27.2 - https:\/\/yoast.com\/product\/yoast-seo-wordpress\/ -->\n<title>Teelichthalter - kleiner Stern aus Holz f\u00fcr Teelichter<\/title>\n<meta name=\"description\" content=\"Lust auf einen Kerzenst\u00e4nder der anderen Art? Rontool bietet den Teelichthalter in Form eines schlichten aber wundersch\u00f6nen Sterns.\" \/>\n<meta name=\"robots\" content=\"index, follow, max-snippet:-1, max-image-preview:large, max-video-preview:-1\" \/>\n<link rel=\"canonical\" href=\"https:\/\/www.rontool.de\/en\/shop\/teelichthalter\/\" \/>\n<meta property=\"og:locale\" content=\"en_GB\" \/>\n<meta property=\"og:type\" content=\"article\" \/>\n<meta property=\"og:title\" content=\"Teelichthalter - kleiner Stern aus Holz f\u00fcr Teelichter\" \/>\n<meta property=\"og:description\" content=\"Lust auf einen Kerzenst\u00e4nder der anderen Art? Rontool bietet den Teelichthalter in Form eines schlichten aber wundersch\u00f6nen Sterns.\" \/>\n<meta property=\"og:url\" content=\"https:\/\/www.rontool.de\/en\/shop\/teelichthalter\/\" \/>\n<meta property=\"og:site_name\" content=\"RONTOOL\" \/>\n<meta property=\"article:modified_time\" content=\"2023-11-26T21:05:21+00:00\" \/>\n<meta property=\"og:image\" content=\"https:\/\/www.rontool.de\/wp-content\/uploads\/2018\/12\/Teelichtstern3.jpg\" \/>\n\t<meta property=\"og:image:width\" content=\"2414\" \/>\n\t<meta property=\"og:image:height\" content=\"1610\" \/>\n\t<meta property=\"og:image:type\" content=\"image\/jpeg\" \/>\n<meta name=\"twitter:card\" content=\"summary_large_image\" \/>\n<meta name=\"twitter:label1\" content=\"Estimated reading time\" \/>\n\t<meta name=\"twitter:data1\" content=\"2 minutes\" \/>\n<script type=\"application\/ld+json\" class=\"yoast-schema-graph\">{\"@context\":\"https:\/\/schema.org\",\"@graph\":[{\"@type\":\"WebPage\",\"@id\":\"https:\/\/www.rontool.de\/shop\/teelichthalter\/\",\"url\":\"https:\/\/www.rontool.de\/shop\/teelichthalter\/\",\"name\":\"Teelichthalter - kleiner Stern aus Holz f\u00fcr Teelichter\",\"isPartOf\":{\"@id\":\"https:\/\/rontool.de\/#website\"},\"primaryImageOfPage\":{\"@id\":\"https:\/\/www.rontool.de\/shop\/teelichthalter\/#primaryimage\"},\"image\":{\"@id\":\"https:\/\/www.rontool.de\/shop\/teelichthalter\/#primaryimage\"},\"thumbnailUrl\":\"https:\/\/www.rontool.de\/wp-content\/uploads\/2018\/12\/Teelichtstern3.jpg\",\"datePublished\":\"2018-12-11T09:23:41+00:00\",\"dateModified\":\"2023-11-26T21:05:21+00:00\",\"description\":\"Lust auf einen Kerzenst\u00e4nder der anderen Art? Rontool bietet den Teelichthalter in Form eines schlichten aber wundersch\u00f6nen Sterns.\",\"breadcrumb\":{\"@id\":\"https:\/\/www.rontool.de\/shop\/teelichthalter\/#breadcrumb\"},\"inLanguage\":\"en-GB\",\"potentialAction\":[{\"@type\":\"ReadAction\",\"target\":[\"https:\/\/www.rontool.de\/shop\/teelichthalter\/\"]}]},{\"@type\":\"ImageObject\",\"inLanguage\":\"en-GB\",\"@id\":\"https:\/\/www.rontool.de\/shop\/teelichthalter\/#primaryimage\",\"url\":\"https:\/\/www.rontool.de\/wp-content\/uploads\/2018\/12\/Teelichtstern3.jpg\",\"contentUrl\":\"https:\/\/www.rontool.de\/wp-content\/uploads\/2018\/12\/Teelichtstern3.jpg\",\"width\":2414,\"height\":1610,\"caption\":\"Sternteelicht\"},{\"@type\":\"BreadcrumbList\",\"@id\":\"https:\/\/www.rontool.de\/shop\/teelichthalter\/#breadcrumb\",\"itemListElement\":[{\"@type\":\"ListItem\",\"position\":1,\"name\":\"Shop\",\"item\":\"https:\/\/www.rontool.de\/shop\/\"},{\"@type\":\"ListItem\",\"position\":2,\"name\":\"Teelicht-Stern\"}]},{\"@type\":\"WebSite\",\"@id\":\"https:\/\/rontool.de\/#website\",\"url\":\"https:\/\/rontool.de\/\",\"name\":\"RONTOOL\",\"description\":\"Holzspielzeug aus Berlin f\u00fcr Kinder und Erwachsene\",\"potentialAction\":[{\"@type\":\"SearchAction\",\"target\":{\"@type\":\"EntryPoint\",\"urlTemplate\":\"https:\/\/rontool.de\/?s={search_term_string}\"},\"query-input\":{\"@type\":\"PropertyValueSpecification\",\"valueRequired\":true,\"valueName\":\"search_term_string\"}}],\"inLanguage\":\"en-GB\"}]}<\/script>\n<!-- \/ Yoast SEO plugin. -->","yoast_head_json":{"title":"Teelichthalter - kleiner Stern aus Holz f\u00fcr Teelichter","description":"Lust auf einen Kerzenst\u00e4nder der anderen Art? Rontool bietet den Teelichthalter in Form eines schlichten aber wundersch\u00f6nen Sterns.","robots":{"index":"index","follow":"follow","max-snippet":"max-snippet:-1","max-image-preview":"max-image-preview:large","max-video-preview":"max-video-preview:-1"},"canonical":"https:\/\/www.rontool.de\/en\/shop\/teelichthalter\/","og_locale":"en_GB","og_type":"article","og_title":"Teelichthalter - kleiner Stern aus Holz f\u00fcr Teelichter","og_description":"Lust auf einen Kerzenst\u00e4nder der anderen Art? Rontool bietet den Teelichthalter in Form eines schlichten aber wundersch\u00f6nen Sterns.","og_url":"https:\/\/www.rontool.de\/en\/shop\/teelichthalter\/","og_site_name":"RONTOOL","article_modified_time":"2023-11-26T21:05:21+00:00","og_image":[{"width":2414,"height":1610,"url":"https:\/\/www.rontool.de\/wp-content\/uploads\/2018\/12\/Teelichtstern3.jpg","type":"image\/jpeg"}],"twitter_card":"summary_large_image","twitter_misc":{"Estimated reading time":"2 minutes"},"schema":{"@context":"https:\/\/schema.org","@graph":[{"@type":"WebPage","@id":"https:\/\/www.rontool.de\/shop\/teelichthalter\/","url":"https:\/\/www.rontool.de\/shop\/teelichthalter\/","name":"Teelichthalter - kleiner Stern aus Holz f\u00fcr Teelichter","isPartOf":{"@id":"https:\/\/rontool.de\/#website"},"primaryImageOfPage":{"@id":"https:\/\/www.rontool.de\/shop\/teelichthalter\/#primaryimage"},"image":{"@id":"https:\/\/www.rontool.de\/shop\/teelichthalter\/#primaryimage"},"thumbnailUrl":"https:\/\/www.rontool.de\/wp-content\/uploads\/2018\/12\/Teelichtstern3.jpg","datePublished":"2018-12-11T09:23:41+00:00","dateModified":"2023-11-26T21:05:21+00:00","description":"Lust auf einen Kerzenst\u00e4nder der anderen Art? Rontool bietet den Teelichthalter in Form eines schlichten aber wundersch\u00f6nen Sterns.","breadcrumb":{"@id":"https:\/\/www.rontool.de\/shop\/teelichthalter\/#breadcrumb"},"inLanguage":"en-GB","potentialAction":[{"@type":"ReadAction","target":["https:\/\/www.rontool.de\/shop\/teelichthalter\/"]}]},{"@type":"ImageObject","inLanguage":"en-GB","@id":"https:\/\/www.rontool.de\/shop\/teelichthalter\/#primaryimage","url":"https:\/\/www.rontool.de\/wp-content\/uploads\/2018\/12\/Teelichtstern3.jpg","contentUrl":"https:\/\/www.rontool.de\/wp-content\/uploads\/2018\/12\/Teelichtstern3.jpg","width":2414,"height":1610,"caption":"Sternteelicht"},{"@type":"BreadcrumbList","@id":"https:\/\/www.rontool.de\/shop\/teelichthalter\/#breadcrumb","itemListElement":[{"@type":"ListItem","position":1,"name":"Shop","item":"https:\/\/www.rontool.de\/shop\/"},{"@type":"ListItem","position":2,"name":"Teelicht-Stern"}]},{"@type":"WebSite","@id":"https:\/\/rontool.de\/#website","url":"https:\/\/rontool.de\/","name":"RONTOOL","description":"Holzspielzeug aus Berlin f\u00fcr Kinder und Erwachsene","potentialAction":[{"@type":"SearchAction","target":{"@type":"EntryPoint","urlTemplate":"https:\/\/rontool.de\/?s={search_term_string}"},"query-input":{"@type":"PropertyValueSpecification","valueRequired":true,"valueName":"search_term_string"}}],"inLanguage":"en-GB"}]}},"_links":{"self":[{"href":"https:\/\/www.rontool.de\/en\/wp-json\/wp\/v2\/product\/1450","targetHints":{"allow":["GET"]}}],"collection":[{"href":"https:\/\/www.rontool.de\/en\/wp-json\/wp\/v2\/product"}],"about":[{"href":"https:\/\/www.rontool.de\/en\/wp-json\/wp\/v2\/types\/product"}],"wp:featuredmedia":[{"embeddable":true,"href":"https:\/\/www.rontool.de\/en\/wp-json\/wp\/v2\/media\/4215"}],"wp:attachment":[{"href":"https:\/\/www.rontool.de\/en\/wp-json\/wp\/v2\/media?parent=1450"}],"wp:term":[{"taxonomy":"product_brand","embeddable":true,"href":"https:\/\/www.rontool.de\/en\/wp-json\/wp\/v2\/product_brand?post=1450"},{"taxonomy":"product_cat","embeddable":true,"href":"https:\/\/www.rontool.de\/en\/wp-json\/wp\/v2\/product_cat?post=1450"},{"taxonomy":"product_tag","embeddable":true,"href":"https:\/\/www.rontool.de\/en\/wp-json\/wp\/v2\/product_tag?post=1450"}],"curies":[{"name":"wp","href":"https:\/\/api.w.org\/{rel}","templated":true}]}}