{"id":4303,"date":"2019-10-15T12:13:54","date_gmt":"2019-10-15T12:13:54","guid":{"rendered":"https:\/\/rontool.de\/?post_type=product&#038;p=4303"},"modified":"2021-06-01T15:08:58","modified_gmt":"2021-06-01T15:08:58","slug":"sparschwein","status":"publish","type":"product","link":"https:\/\/www.rontool.de\/en\/shop\/sparschwein\/","title":{"rendered":"Piggy bank"},"content":{"rendered":"<h1><strong>Piggy bank<\/strong><\/h1>\n<p>The wooden piggy bank with the cute button eyes is a real eye-catcher. It invites you to throw in a little pocket money for the next little or big adventure.<\/p>\n<p class=\"translation-block\">If it is thick and round and filled to the top, it doesn't even need a hammer to open it. All you need is a small screwdriver with which you can easily and professionally open the sweet pork belly from below. <br>\nBut if you happen to need a hammer for your current piggy bank, we have <a href=\"https:\/\/www.rontool.de\/en\/shop\/grosser-hammer\/\" target=\"_self\" rel=\"noopener noreferrer\"> here <\/a> the right one for you ...<\/p>\n<p class=\"translation-block\">The rontool piggy bank made of three layers of birch wood is also suitable as an original souvenir for a <a href=\"https:\/\/de.wikipedia.org\/wiki\/Jugendweihe\" target=\"_self\" rel=\"noopener noreferrer\"> youth consecration <\/a>, <a href=\"https:\/\/de.wikipedia.org\/wiki\/Konfirmation\" target=\"_self\" rel=\"noopener noreferrer\"> confirmation <\/a> or as a very special wedding gift. <br><\/p>\n<h3>Why do you actually use a pig as a piggy bank animal?<\/h3>\n<p>The pig has been a good luck charm and symbol of fertility, usefulness and frugality among farmers since the Middle Ages. This in turn was due to the high number of offspring (piglets), and on the other hand the animals are very undemanding with their food and eat any leftover food or excess harvest waste. Those who \u201chad pigs\u201d were wealthy enough to keep their own cattle and therefore always have a delicious slice of sausage, i.e. pork, on their bread. A pig was thus also associated with the actual possession of money.<\/p>\n<p class=\"text small\">Laut der &#8222;Schutzgemeinschaft Deutsches Sparschwein&#8220; stammt das erste Sparschwein aus dem Jahr 1576.\u00a0 In Euskirchen bei K\u00f6ln auf der Burg Schweinheim befahl der Burgherr Wilhelm Spie\u00df von B\u00fcllesheim in weiser Voraussicht seinem Gesinde, seiner Frau und den Kindern, sich Schweine aus Ton zuzulegen. Sie sollten sie stetig mit M\u00fcnzen f\u00fcllen, um so gegen Not und Krankheit gewappnet zu sein.<\/p>\n<h3>Used material<\/h3>\n<p class=\"translation-block\">- Sturdy birch multiplex (plywood) <br>\n- Locking screw for wood-chip boards at the bottom of the belly <br>\n- 2 wooden dowels <br>\n- Hard wax oil<\/p>\n<h3>Size \/ dimensions \/ weight<\/h3>\n<p class=\"translation-block\">Length - 20 cm <br>\nWidth - 6 cm <br>\nHeight - 13 cm<\/p>\n<p>Weight - 200g<\/p>","protected":false},"excerpt":{"rendered":"<p>Das Sparschwein Das Sparschwein aus Holz mit den niedlichen Knopfaugen ist ein echter Hingucker. Es l\u00e4dt geradezu ein, f\u00fcr das n\u00e4chste kleine oder gro\u00dfe Abenteuer, immer mal wieder ein bisschen Taschengeld einzuwerfen. Ist es dann dick und rund und bis oben hin gef\u00fcllt, braucht es zum \u00d6ffnen nicht mal einen Hammer. Es reicht ein kleiner [&#8230;]\n","protected":false},"featured_media":8289,"template":"","meta":[],"product_brand":[],"product_cat":[34],"product_tag":[83,59,68],"class_list":{"0":"post-4303","1":"product","2":"type-product","3":"status-publish","4":"has-post-thumbnail","6":"product_cat-abenteuer","7":"product_tag-dekorieren","8":"product_tag-fantasiespielzeug","9":"product_tag-hochzeitsgeschenke","11":"first","12":"instock","13":"taxable","14":"shipping-taxable","15":"purchasable","16":"product-type-simple"},"yoast_head":"<!-- This site is optimized with the Yoast SEO plugin v27.2 - https:\/\/yoast.com\/product\/yoast-seo-wordpress\/ -->\n<title>Sparschwein aus Holz - niedliche Spardose f\u00fcr dein Kleingeld!<\/title>\n<meta name=\"description\" content=\"Ein robustes Sparschwein aus Holz passt auf dein Gespartes auf. Du kannst es aber auch einfach zum Spielen verwenden und in deinen Bauernhof stellen.\" \/>\n<meta name=\"robots\" content=\"index, follow, max-snippet:-1, max-image-preview:large, max-video-preview:-1\" \/>\n<link rel=\"canonical\" href=\"https:\/\/www.rontool.de\/en\/shop\/sparschwein\/\" \/>\n<meta property=\"og:locale\" content=\"en_GB\" \/>\n<meta property=\"og:type\" content=\"article\" \/>\n<meta property=\"og:title\" content=\"Sparschwein aus Holz - niedliche Spardose f\u00fcr dein Kleingeld!\" \/>\n<meta property=\"og:description\" content=\"Ein robustes Sparschwein aus Holz passt auf dein Gespartes auf. Du kannst es aber auch einfach zum Spielen verwenden und in deinen Bauernhof stellen.\" \/>\n<meta property=\"og:url\" content=\"https:\/\/www.rontool.de\/en\/shop\/sparschwein\/\" \/>\n<meta property=\"og:site_name\" content=\"RONTOOL\" \/>\n<meta property=\"article:modified_time\" content=\"2021-06-01T15:08:58+00:00\" \/>\n<meta property=\"og:image\" content=\"https:\/\/www.rontool.de\/wp-content\/uploads\/2020\/05\/spar-schwein.jpg\" \/>\n\t<meta property=\"og:image:width\" content=\"1024\" \/>\n\t<meta property=\"og:image:height\" content=\"1024\" \/>\n\t<meta property=\"og:image:type\" content=\"image\/jpeg\" \/>\n<meta name=\"twitter:card\" content=\"summary_large_image\" \/>\n<meta name=\"twitter:label1\" content=\"Estimated reading time\" \/>\n\t<meta name=\"twitter:data1\" content=\"2 minutes\" \/>\n<script type=\"application\/ld+json\" class=\"yoast-schema-graph\">{\"@context\":\"https:\/\/schema.org\",\"@graph\":[{\"@type\":\"WebPage\",\"@id\":\"https:\/\/www.rontool.de\/shop\/sparschwein\/\",\"url\":\"https:\/\/www.rontool.de\/shop\/sparschwein\/\",\"name\":\"Sparschwein aus Holz - niedliche Spardose f\u00fcr dein Kleingeld!\",\"isPartOf\":{\"@id\":\"https:\/\/rontool.de\/#website\"},\"primaryImageOfPage\":{\"@id\":\"https:\/\/www.rontool.de\/shop\/sparschwein\/#primaryimage\"},\"image\":{\"@id\":\"https:\/\/www.rontool.de\/shop\/sparschwein\/#primaryimage\"},\"thumbnailUrl\":\"https:\/\/www.rontool.de\/wp-content\/uploads\/2020\/05\/spar-schwein.jpg\",\"datePublished\":\"2019-10-15T12:13:54+00:00\",\"dateModified\":\"2021-06-01T15:08:58+00:00\",\"description\":\"Ein robustes Sparschwein aus Holz passt auf dein Gespartes auf. Du kannst es aber auch einfach zum Spielen verwenden und in deinen Bauernhof stellen.\",\"breadcrumb\":{\"@id\":\"https:\/\/www.rontool.de\/shop\/sparschwein\/#breadcrumb\"},\"inLanguage\":\"en-GB\",\"potentialAction\":[{\"@type\":\"ReadAction\",\"target\":[\"https:\/\/www.rontool.de\/shop\/sparschwein\/\"]}]},{\"@type\":\"ImageObject\",\"inLanguage\":\"en-GB\",\"@id\":\"https:\/\/www.rontool.de\/shop\/sparschwein\/#primaryimage\",\"url\":\"https:\/\/www.rontool.de\/wp-content\/uploads\/2020\/05\/spar-schwein.jpg\",\"contentUrl\":\"https:\/\/www.rontool.de\/wp-content\/uploads\/2020\/05\/spar-schwein.jpg\",\"width\":1024,\"height\":1024,\"caption\":\"Spardose f\u00fcr Muenzen und Kleingeld\"},{\"@type\":\"BreadcrumbList\",\"@id\":\"https:\/\/www.rontool.de\/shop\/sparschwein\/#breadcrumb\",\"itemListElement\":[{\"@type\":\"ListItem\",\"position\":1,\"name\":\"Shop\",\"item\":\"https:\/\/www.rontool.de\/shop\/\"},{\"@type\":\"ListItem\",\"position\":2,\"name\":\"Sparschwein\"}]},{\"@type\":\"WebSite\",\"@id\":\"https:\/\/rontool.de\/#website\",\"url\":\"https:\/\/rontool.de\/\",\"name\":\"RONTOOL\",\"description\":\"Holzspielzeug aus Berlin f\u00fcr Kinder und Erwachsene\",\"potentialAction\":[{\"@type\":\"SearchAction\",\"target\":{\"@type\":\"EntryPoint\",\"urlTemplate\":\"https:\/\/rontool.de\/?s={search_term_string}\"},\"query-input\":{\"@type\":\"PropertyValueSpecification\",\"valueRequired\":true,\"valueName\":\"search_term_string\"}}],\"inLanguage\":\"en-GB\"}]}<\/script>\n<!-- \/ Yoast SEO plugin. -->","yoast_head_json":{"title":"Sparschwein aus Holz - niedliche Spardose f\u00fcr dein Kleingeld!","description":"Ein robustes Sparschwein aus Holz passt auf dein Gespartes auf. Du kannst es aber auch einfach zum Spielen verwenden und in deinen Bauernhof stellen.","robots":{"index":"index","follow":"follow","max-snippet":"max-snippet:-1","max-image-preview":"max-image-preview:large","max-video-preview":"max-video-preview:-1"},"canonical":"https:\/\/www.rontool.de\/en\/shop\/sparschwein\/","og_locale":"en_GB","og_type":"article","og_title":"Sparschwein aus Holz - niedliche Spardose f\u00fcr dein Kleingeld!","og_description":"Ein robustes Sparschwein aus Holz passt auf dein Gespartes auf. Du kannst es aber auch einfach zum Spielen verwenden und in deinen Bauernhof stellen.","og_url":"https:\/\/www.rontool.de\/en\/shop\/sparschwein\/","og_site_name":"RONTOOL","article_modified_time":"2021-06-01T15:08:58+00:00","og_image":[{"width":1024,"height":1024,"url":"https:\/\/www.rontool.de\/wp-content\/uploads\/2020\/05\/spar-schwein.jpg","type":"image\/jpeg"}],"twitter_card":"summary_large_image","twitter_misc":{"Estimated reading time":"2 minutes"},"schema":{"@context":"https:\/\/schema.org","@graph":[{"@type":"WebPage","@id":"https:\/\/www.rontool.de\/shop\/sparschwein\/","url":"https:\/\/www.rontool.de\/shop\/sparschwein\/","name":"Sparschwein aus Holz - niedliche Spardose f\u00fcr dein Kleingeld!","isPartOf":{"@id":"https:\/\/rontool.de\/#website"},"primaryImageOfPage":{"@id":"https:\/\/www.rontool.de\/shop\/sparschwein\/#primaryimage"},"image":{"@id":"https:\/\/www.rontool.de\/shop\/sparschwein\/#primaryimage"},"thumbnailUrl":"https:\/\/www.rontool.de\/wp-content\/uploads\/2020\/05\/spar-schwein.jpg","datePublished":"2019-10-15T12:13:54+00:00","dateModified":"2021-06-01T15:08:58+00:00","description":"Ein robustes Sparschwein aus Holz passt auf dein Gespartes auf. Du kannst es aber auch einfach zum Spielen verwenden und in deinen Bauernhof stellen.","breadcrumb":{"@id":"https:\/\/www.rontool.de\/shop\/sparschwein\/#breadcrumb"},"inLanguage":"en-GB","potentialAction":[{"@type":"ReadAction","target":["https:\/\/www.rontool.de\/shop\/sparschwein\/"]}]},{"@type":"ImageObject","inLanguage":"en-GB","@id":"https:\/\/www.rontool.de\/shop\/sparschwein\/#primaryimage","url":"https:\/\/www.rontool.de\/wp-content\/uploads\/2020\/05\/spar-schwein.jpg","contentUrl":"https:\/\/www.rontool.de\/wp-content\/uploads\/2020\/05\/spar-schwein.jpg","width":1024,"height":1024,"caption":"Spardose f\u00fcr Muenzen und Kleingeld"},{"@type":"BreadcrumbList","@id":"https:\/\/www.rontool.de\/shop\/sparschwein\/#breadcrumb","itemListElement":[{"@type":"ListItem","position":1,"name":"Shop","item":"https:\/\/www.rontool.de\/shop\/"},{"@type":"ListItem","position":2,"name":"Sparschwein"}]},{"@type":"WebSite","@id":"https:\/\/rontool.de\/#website","url":"https:\/\/rontool.de\/","name":"RONTOOL","description":"Holzspielzeug aus Berlin f\u00fcr Kinder und Erwachsene","potentialAction":[{"@type":"SearchAction","target":{"@type":"EntryPoint","urlTemplate":"https:\/\/rontool.de\/?s={search_term_string}"},"query-input":{"@type":"PropertyValueSpecification","valueRequired":true,"valueName":"search_term_string"}}],"inLanguage":"en-GB"}]}},"_links":{"self":[{"href":"https:\/\/www.rontool.de\/en\/wp-json\/wp\/v2\/product\/4303","targetHints":{"allow":["GET"]}}],"collection":[{"href":"https:\/\/www.rontool.de\/en\/wp-json\/wp\/v2\/product"}],"about":[{"href":"https:\/\/www.rontool.de\/en\/wp-json\/wp\/v2\/types\/product"}],"wp:featuredmedia":[{"embeddable":true,"href":"https:\/\/www.rontool.de\/en\/wp-json\/wp\/v2\/media\/8289"}],"wp:attachment":[{"href":"https:\/\/www.rontool.de\/en\/wp-json\/wp\/v2\/media?parent=4303"}],"wp:term":[{"taxonomy":"product_brand","embeddable":true,"href":"https:\/\/www.rontool.de\/en\/wp-json\/wp\/v2\/product_brand?post=4303"},{"taxonomy":"product_cat","embeddable":true,"href":"https:\/\/www.rontool.de\/en\/wp-json\/wp\/v2\/product_cat?post=4303"},{"taxonomy":"product_tag","embeddable":true,"href":"https:\/\/www.rontool.de\/en\/wp-json\/wp\/v2\/product_tag?post=4303"}],"curies":[{"name":"wp","href":"https:\/\/api.w.org\/{rel}","templated":true}]}}