{"id":598,"date":"2018-07-03T17:05:03","date_gmt":"2018-07-03T17:05:03","guid":{"rendered":"http:\/\/testzone-2018.rontool.de\/?post_type=product&#038;p=598"},"modified":"2023-11-26T18:11:38","modified_gmt":"2023-11-26T18:11:38","slug":"kapitaenshaken","status":"publish","type":"product","link":"https:\/\/www.rontool.de\/en\/shop\/kapitaenshaken\/","title":{"rendered":"Hook with handle - captain's hook"},"content":{"rendered":"<p>The captain's hook is general for all things that don't have a hook, and especially for all real, cruelly lovable pirate captains.<\/p>\n<p>L \/ W 24cm x 8cm<br \/>\nHeight - 1.8cm<br \/>\nWeight - 312g<\/p>","protected":false},"excerpt":{"rendered":"<p>Der Kapit\u00e4ns-Haken ist allgemein f\u00fcr alle Sachen, die keinen Haken haben, und speziell f\u00fcr alle echten, grausam liebenswerten Piratenkapit\u00e4ne. L\/B 24cm x 8cm H\u00f6he &#8211; 1,8cm Gewicht &#8211; 312g<\/p>","protected":false},"featured_media":8923,"template":"","meta":[],"product_brand":[],"product_cat":[34],"product_tag":[74,69,54],"class_list":{"0":"post-598","1":"product","2":"type-product","3":"status-publish","4":"has-post-thumbnail","6":"product_cat-abenteuer","7":"product_tag-mit-haken","8":"product_tag-motorikspielzeug","9":"product_tag-piratenspielzeug","11":"first","12":"instock","13":"taxable","14":"shipping-taxable","15":"purchasable","16":"product-type-simple"},"yoast_head":"<!-- This site is optimized with the Yoast SEO plugin v27.2 - https:\/\/yoast.com\/product\/yoast-seo-wordpress\/ -->\n<title>Haken mit Stiel - Kapit\u00e4nshaken - RONTOOL<\/title>\n<meta name=\"robots\" content=\"index, follow, max-snippet:-1, max-image-preview:large, max-video-preview:-1\" \/>\n<link rel=\"canonical\" href=\"https:\/\/www.rontool.de\/en\/shop\/kapitaenshaken\/\" \/>\n<meta property=\"og:locale\" content=\"en_GB\" \/>\n<meta property=\"og:type\" content=\"article\" \/>\n<meta property=\"og:title\" content=\"Haken mit Stiel - Kapit\u00e4nshaken - RONTOOL\" \/>\n<meta property=\"og:description\" content=\"Der Kapit\u00e4ns-Haken ist allgemein f\u00fcr alle Sachen, die keinen Haken haben, und speziell f\u00fcr alle echten, grausam liebenswerten Piratenkapit\u00e4ne. L\/B 24cm x 8cm H\u00f6he &#8211; 1,8cm Gewicht &#8211; 312g\" \/>\n<meta property=\"og:url\" content=\"https:\/\/www.rontool.de\/en\/shop\/kapitaenshaken\/\" \/>\n<meta property=\"og:site_name\" content=\"RONTOOL\" \/>\n<meta property=\"article:modified_time\" content=\"2023-11-26T18:11:38+00:00\" \/>\n<meta property=\"og:image\" content=\"https:\/\/www.rontool.de\/wp-content\/uploads\/2021\/06\/rontool-spielzeug-aus-holz-holzspielzeug-deutschland-abenteuer-handhaken.jpg\" \/>\n\t<meta property=\"og:image:width\" content=\"1000\" \/>\n\t<meta property=\"og:image:height\" content=\"1000\" \/>\n\t<meta property=\"og:image:type\" content=\"image\/jpeg\" \/>\n<meta name=\"twitter:card\" content=\"summary_large_image\" \/>\n<meta name=\"twitter:label1\" content=\"Estimated reading time\" \/>\n\t<meta name=\"twitter:data1\" content=\"1 minute\" \/>\n<script type=\"application\/ld+json\" class=\"yoast-schema-graph\">{\"@context\":\"https:\/\/schema.org\",\"@graph\":[{\"@type\":\"WebPage\",\"@id\":\"https:\/\/www.rontool.de\/shop\/kapitaenshaken\/\",\"url\":\"https:\/\/www.rontool.de\/shop\/kapitaenshaken\/\",\"name\":\"Haken mit Stiel - Kapit\u00e4nshaken - RONTOOL\",\"isPartOf\":{\"@id\":\"https:\/\/rontool.de\/#website\"},\"primaryImageOfPage\":{\"@id\":\"https:\/\/www.rontool.de\/shop\/kapitaenshaken\/#primaryimage\"},\"image\":{\"@id\":\"https:\/\/www.rontool.de\/shop\/kapitaenshaken\/#primaryimage\"},\"thumbnailUrl\":\"https:\/\/www.rontool.de\/wp-content\/uploads\/2021\/06\/rontool-spielzeug-aus-holz-holzspielzeug-deutschland-abenteuer-handhaken.jpg\",\"datePublished\":\"2018-07-03T17:05:03+00:00\",\"dateModified\":\"2023-11-26T18:11:38+00:00\",\"breadcrumb\":{\"@id\":\"https:\/\/www.rontool.de\/shop\/kapitaenshaken\/#breadcrumb\"},\"inLanguage\":\"en-GB\",\"potentialAction\":[{\"@type\":\"ReadAction\",\"target\":[\"https:\/\/www.rontool.de\/shop\/kapitaenshaken\/\"]}]},{\"@type\":\"ImageObject\",\"inLanguage\":\"en-GB\",\"@id\":\"https:\/\/www.rontool.de\/shop\/kapitaenshaken\/#primaryimage\",\"url\":\"https:\/\/www.rontool.de\/wp-content\/uploads\/2021\/06\/rontool-spielzeug-aus-holz-holzspielzeug-deutschland-abenteuer-handhaken.jpg\",\"contentUrl\":\"https:\/\/www.rontool.de\/wp-content\/uploads\/2021\/06\/rontool-spielzeug-aus-holz-holzspielzeug-deutschland-abenteuer-handhaken.jpg\",\"width\":1000,\"height\":1000,\"caption\":\"Rontool - Spielzeug aus Holz - Holzspielzeug Handhaken Holzspielzeug fuer Kinder und Erwachsene M\u00e4nner und Frauen Spielzeug aus Holz robust sicher\"},{\"@type\":\"BreadcrumbList\",\"@id\":\"https:\/\/www.rontool.de\/shop\/kapitaenshaken\/#breadcrumb\",\"itemListElement\":[{\"@type\":\"ListItem\",\"position\":1,\"name\":\"Shop\",\"item\":\"https:\/\/www.rontool.de\/shop\/\"},{\"@type\":\"ListItem\",\"position\":2,\"name\":\"Haken mit Stiel &#8211; Kapit\u00e4nshaken\"}]},{\"@type\":\"WebSite\",\"@id\":\"https:\/\/rontool.de\/#website\",\"url\":\"https:\/\/rontool.de\/\",\"name\":\"RONTOOL\",\"description\":\"Holzspielzeug aus Berlin f\u00fcr Kinder und Erwachsene\",\"potentialAction\":[{\"@type\":\"SearchAction\",\"target\":{\"@type\":\"EntryPoint\",\"urlTemplate\":\"https:\/\/rontool.de\/?s={search_term_string}\"},\"query-input\":{\"@type\":\"PropertyValueSpecification\",\"valueRequired\":true,\"valueName\":\"search_term_string\"}}],\"inLanguage\":\"en-GB\"}]}<\/script>\n<!-- \/ Yoast SEO plugin. -->","yoast_head_json":{"title":"Haken mit Stiel - Kapit\u00e4nshaken - RONTOOL","robots":{"index":"index","follow":"follow","max-snippet":"max-snippet:-1","max-image-preview":"max-image-preview:large","max-video-preview":"max-video-preview:-1"},"canonical":"https:\/\/www.rontool.de\/en\/shop\/kapitaenshaken\/","og_locale":"en_GB","og_type":"article","og_title":"Haken mit Stiel - Kapit\u00e4nshaken - RONTOOL","og_description":"Der Kapit\u00e4ns-Haken ist allgemein f\u00fcr alle Sachen, die keinen Haken haben, und speziell f\u00fcr alle echten, grausam liebenswerten Piratenkapit\u00e4ne. L\/B 24cm x 8cm H\u00f6he &#8211; 1,8cm Gewicht &#8211; 312g","og_url":"https:\/\/www.rontool.de\/en\/shop\/kapitaenshaken\/","og_site_name":"RONTOOL","article_modified_time":"2023-11-26T18:11:38+00:00","og_image":[{"width":1000,"height":1000,"url":"https:\/\/www.rontool.de\/wp-content\/uploads\/2021\/06\/rontool-spielzeug-aus-holz-holzspielzeug-deutschland-abenteuer-handhaken.jpg","type":"image\/jpeg"}],"twitter_card":"summary_large_image","twitter_misc":{"Estimated reading time":"1 minute"},"schema":{"@context":"https:\/\/schema.org","@graph":[{"@type":"WebPage","@id":"https:\/\/www.rontool.de\/shop\/kapitaenshaken\/","url":"https:\/\/www.rontool.de\/shop\/kapitaenshaken\/","name":"Haken mit Stiel - Kapit\u00e4nshaken - RONTOOL","isPartOf":{"@id":"https:\/\/rontool.de\/#website"},"primaryImageOfPage":{"@id":"https:\/\/www.rontool.de\/shop\/kapitaenshaken\/#primaryimage"},"image":{"@id":"https:\/\/www.rontool.de\/shop\/kapitaenshaken\/#primaryimage"},"thumbnailUrl":"https:\/\/www.rontool.de\/wp-content\/uploads\/2021\/06\/rontool-spielzeug-aus-holz-holzspielzeug-deutschland-abenteuer-handhaken.jpg","datePublished":"2018-07-03T17:05:03+00:00","dateModified":"2023-11-26T18:11:38+00:00","breadcrumb":{"@id":"https:\/\/www.rontool.de\/shop\/kapitaenshaken\/#breadcrumb"},"inLanguage":"en-GB","potentialAction":[{"@type":"ReadAction","target":["https:\/\/www.rontool.de\/shop\/kapitaenshaken\/"]}]},{"@type":"ImageObject","inLanguage":"en-GB","@id":"https:\/\/www.rontool.de\/shop\/kapitaenshaken\/#primaryimage","url":"https:\/\/www.rontool.de\/wp-content\/uploads\/2021\/06\/rontool-spielzeug-aus-holz-holzspielzeug-deutschland-abenteuer-handhaken.jpg","contentUrl":"https:\/\/www.rontool.de\/wp-content\/uploads\/2021\/06\/rontool-spielzeug-aus-holz-holzspielzeug-deutschland-abenteuer-handhaken.jpg","width":1000,"height":1000,"caption":"Rontool - Spielzeug aus Holz - Holzspielzeug Handhaken Holzspielzeug fuer Kinder und Erwachsene M\u00e4nner und Frauen Spielzeug aus Holz robust sicher"},{"@type":"BreadcrumbList","@id":"https:\/\/www.rontool.de\/shop\/kapitaenshaken\/#breadcrumb","itemListElement":[{"@type":"ListItem","position":1,"name":"Shop","item":"https:\/\/www.rontool.de\/shop\/"},{"@type":"ListItem","position":2,"name":"Haken mit Stiel &#8211; Kapit\u00e4nshaken"}]},{"@type":"WebSite","@id":"https:\/\/rontool.de\/#website","url":"https:\/\/rontool.de\/","name":"RONTOOL","description":"Holzspielzeug aus Berlin f\u00fcr Kinder und Erwachsene","potentialAction":[{"@type":"SearchAction","target":{"@type":"EntryPoint","urlTemplate":"https:\/\/rontool.de\/?s={search_term_string}"},"query-input":{"@type":"PropertyValueSpecification","valueRequired":true,"valueName":"search_term_string"}}],"inLanguage":"en-GB"}]}},"_links":{"self":[{"href":"https:\/\/www.rontool.de\/en\/wp-json\/wp\/v2\/product\/598","targetHints":{"allow":["GET"]}}],"collection":[{"href":"https:\/\/www.rontool.de\/en\/wp-json\/wp\/v2\/product"}],"about":[{"href":"https:\/\/www.rontool.de\/en\/wp-json\/wp\/v2\/types\/product"}],"wp:featuredmedia":[{"embeddable":true,"href":"https:\/\/www.rontool.de\/en\/wp-json\/wp\/v2\/media\/8923"}],"wp:attachment":[{"href":"https:\/\/www.rontool.de\/en\/wp-json\/wp\/v2\/media?parent=598"}],"wp:term":[{"taxonomy":"product_brand","embeddable":true,"href":"https:\/\/www.rontool.de\/en\/wp-json\/wp\/v2\/product_brand?post=598"},{"taxonomy":"product_cat","embeddable":true,"href":"https:\/\/www.rontool.de\/en\/wp-json\/wp\/v2\/product_cat?post=598"},{"taxonomy":"product_tag","embeddable":true,"href":"https:\/\/www.rontool.de\/en\/wp-json\/wp\/v2\/product_tag?post=598"}],"curies":[{"name":"wp","href":"https:\/\/api.w.org\/{rel}","templated":true}]}}