{"id":679,"date":"2018-07-09T17:51:30","date_gmt":"2018-07-09T17:51:30","guid":{"rendered":"http:\/\/testzone-2018.rontool.de\/?post_type=product&#038;p=679"},"modified":"2023-11-26T20:52:36","modified_gmt":"2023-11-26T20:52:36","slug":"motocross","status":"publish","type":"product","link":"https:\/\/www.rontool.de\/en\/shop\/motocross\/","title":{"rendered":"Enduro"},"content":{"rendered":"<p>The Enduro wooden motorcycle has a rotating wheel at the front and rear and is particularly easy to grip with very small children's hands. It stands by itself, but is also supplied with a small foot - for motocross fans who like to use it as decoration.<\/p>\n<p>Product details:<\/p>\n<p>Dimensions:<br \/>\nLength - 19 cm<br \/>\nWidth - 6.5 cm<br \/>\nHeight - 14 cm<\/p>\n<p>Weight<br \/>\n234g<\/p>","protected":false},"excerpt":{"rendered":"<p>Das Holzmotorrad Enduro hat jeweils vorn und hinten ein drehbares Rad und l\u00e4sst sich besonders von ganz kleinen Kinderh\u00e4nden schon prima greifen. Es steht von selbst, wird aber auch mit einem kleinen Fu\u00df geliefert &#8211; f\u00fcr Motocross-Fans, die sich das Teil gerne auch als Deko hinstellen. Produktdetails: Ma\u00dfe L\u00e4nge \u2013 19 cm Breite \u2013 6,5 [&#8230;]\n","protected":false},"featured_media":8955,"template":"","meta":[],"product_brand":[],"product_cat":[35],"product_tag":[83,56,69],"class_list":{"0":"post-679","1":"product","2":"type-product","3":"status-publish","4":"has-post-thumbnail","6":"product_cat-fahrzeuge","7":"product_tag-dekorieren","8":"product_tag-jungsspielzeug","9":"product_tag-motorikspielzeug","11":"first","12":"instock","13":"taxable","14":"shipping-taxable","15":"purchasable","16":"product-type-simple"},"yoast_head":"<!-- This site is optimized with the Yoast SEO plugin v27.2 - https:\/\/yoast.com\/product\/yoast-seo-wordpress\/ -->\n<title>Enduro - RONTOOL<\/title>\n<meta name=\"robots\" content=\"index, follow, max-snippet:-1, max-image-preview:large, max-video-preview:-1\" \/>\n<link rel=\"canonical\" href=\"https:\/\/www.rontool.de\/en\/shop\/motocross\/\" \/>\n<meta property=\"og:locale\" content=\"en_GB\" \/>\n<meta property=\"og:type\" content=\"article\" \/>\n<meta property=\"og:title\" content=\"Enduro - RONTOOL\" \/>\n<meta property=\"og:description\" content=\"Das Holzmotorrad Enduro hat jeweils vorn und hinten ein drehbares Rad und l\u00e4sst sich besonders von ganz kleinen Kinderh\u00e4nden schon prima greifen. Es steht von selbst, wird aber auch mit einem kleinen Fu\u00df geliefert &#8211; f\u00fcr Motocross-Fans, die sich das Teil gerne auch als Deko hinstellen. Produktdetails: Ma\u00dfe L\u00e4nge \u2013 19 cm Breite \u2013 6,5 [...]\" \/>\n<meta property=\"og:url\" content=\"https:\/\/www.rontool.de\/en\/shop\/motocross\/\" \/>\n<meta property=\"og:site_name\" content=\"RONTOOL\" \/>\n<meta property=\"article:modified_time\" content=\"2023-11-26T20:52:36+00:00\" \/>\n<meta property=\"og:image\" content=\"https:\/\/www.rontool.de\/wp-content\/uploads\/2021\/06\/rontool-spielzeug-aus-holz-holzspielzeug-deutschland-fahrzeuge-enduro.jpg\" \/>\n\t<meta property=\"og:image:width\" content=\"1000\" \/>\n\t<meta property=\"og:image:height\" content=\"1000\" \/>\n\t<meta property=\"og:image:type\" content=\"image\/jpeg\" \/>\n<meta name=\"twitter:card\" content=\"summary_large_image\" \/>\n<meta name=\"twitter:label1\" content=\"Estimated reading time\" \/>\n\t<meta name=\"twitter:data1\" content=\"1 minute\" \/>\n<script type=\"application\/ld+json\" class=\"yoast-schema-graph\">{\"@context\":\"https:\/\/schema.org\",\"@graph\":[{\"@type\":\"WebPage\",\"@id\":\"https:\/\/www.rontool.de\/shop\/motocross\/\",\"url\":\"https:\/\/www.rontool.de\/shop\/motocross\/\",\"name\":\"Enduro - RONTOOL\",\"isPartOf\":{\"@id\":\"https:\/\/rontool.de\/#website\"},\"primaryImageOfPage\":{\"@id\":\"https:\/\/www.rontool.de\/shop\/motocross\/#primaryimage\"},\"image\":{\"@id\":\"https:\/\/www.rontool.de\/shop\/motocross\/#primaryimage\"},\"thumbnailUrl\":\"https:\/\/www.rontool.de\/wp-content\/uploads\/2021\/06\/rontool-spielzeug-aus-holz-holzspielzeug-deutschland-fahrzeuge-enduro.jpg\",\"datePublished\":\"2018-07-09T17:51:30+00:00\",\"dateModified\":\"2023-11-26T20:52:36+00:00\",\"breadcrumb\":{\"@id\":\"https:\/\/www.rontool.de\/shop\/motocross\/#breadcrumb\"},\"inLanguage\":\"en-GB\",\"potentialAction\":[{\"@type\":\"ReadAction\",\"target\":[\"https:\/\/www.rontool.de\/shop\/motocross\/\"]}]},{\"@type\":\"ImageObject\",\"inLanguage\":\"en-GB\",\"@id\":\"https:\/\/www.rontool.de\/shop\/motocross\/#primaryimage\",\"url\":\"https:\/\/www.rontool.de\/wp-content\/uploads\/2021\/06\/rontool-spielzeug-aus-holz-holzspielzeug-deutschland-fahrzeuge-enduro.jpg\",\"contentUrl\":\"https:\/\/www.rontool.de\/wp-content\/uploads\/2021\/06\/rontool-spielzeug-aus-holz-holzspielzeug-deutschland-fahrzeuge-enduro.jpg\",\"width\":1000,\"height\":1000,\"caption\":\"Rontool - Spielzeug aus Holz - Holzspielzeug Fahrzeuge Action Enduro\"},{\"@type\":\"BreadcrumbList\",\"@id\":\"https:\/\/www.rontool.de\/shop\/motocross\/#breadcrumb\",\"itemListElement\":[{\"@type\":\"ListItem\",\"position\":1,\"name\":\"Shop\",\"item\":\"https:\/\/www.rontool.de\/shop\/\"},{\"@type\":\"ListItem\",\"position\":2,\"name\":\"Enduro\"}]},{\"@type\":\"WebSite\",\"@id\":\"https:\/\/rontool.de\/#website\",\"url\":\"https:\/\/rontool.de\/\",\"name\":\"RONTOOL\",\"description\":\"Holzspielzeug aus Berlin f\u00fcr Kinder und Erwachsene\",\"potentialAction\":[{\"@type\":\"SearchAction\",\"target\":{\"@type\":\"EntryPoint\",\"urlTemplate\":\"https:\/\/rontool.de\/?s={search_term_string}\"},\"query-input\":{\"@type\":\"PropertyValueSpecification\",\"valueRequired\":true,\"valueName\":\"search_term_string\"}}],\"inLanguage\":\"en-GB\"}]}<\/script>\n<!-- \/ Yoast SEO plugin. -->","yoast_head_json":{"title":"Enduro - RONTOOL","robots":{"index":"index","follow":"follow","max-snippet":"max-snippet:-1","max-image-preview":"max-image-preview:large","max-video-preview":"max-video-preview:-1"},"canonical":"https:\/\/www.rontool.de\/en\/shop\/motocross\/","og_locale":"en_GB","og_type":"article","og_title":"Enduro - RONTOOL","og_description":"Das Holzmotorrad Enduro hat jeweils vorn und hinten ein drehbares Rad und l\u00e4sst sich besonders von ganz kleinen Kinderh\u00e4nden schon prima greifen. Es steht von selbst, wird aber auch mit einem kleinen Fu\u00df geliefert &#8211; f\u00fcr Motocross-Fans, die sich das Teil gerne auch als Deko hinstellen. Produktdetails: Ma\u00dfe L\u00e4nge \u2013 19 cm Breite \u2013 6,5 [...]","og_url":"https:\/\/www.rontool.de\/en\/shop\/motocross\/","og_site_name":"RONTOOL","article_modified_time":"2023-11-26T20:52:36+00:00","og_image":[{"width":1000,"height":1000,"url":"https:\/\/www.rontool.de\/wp-content\/uploads\/2021\/06\/rontool-spielzeug-aus-holz-holzspielzeug-deutschland-fahrzeuge-enduro.jpg","type":"image\/jpeg"}],"twitter_card":"summary_large_image","twitter_misc":{"Estimated reading time":"1 minute"},"schema":{"@context":"https:\/\/schema.org","@graph":[{"@type":"WebPage","@id":"https:\/\/www.rontool.de\/shop\/motocross\/","url":"https:\/\/www.rontool.de\/shop\/motocross\/","name":"Enduro - RONTOOL","isPartOf":{"@id":"https:\/\/rontool.de\/#website"},"primaryImageOfPage":{"@id":"https:\/\/www.rontool.de\/shop\/motocross\/#primaryimage"},"image":{"@id":"https:\/\/www.rontool.de\/shop\/motocross\/#primaryimage"},"thumbnailUrl":"https:\/\/www.rontool.de\/wp-content\/uploads\/2021\/06\/rontool-spielzeug-aus-holz-holzspielzeug-deutschland-fahrzeuge-enduro.jpg","datePublished":"2018-07-09T17:51:30+00:00","dateModified":"2023-11-26T20:52:36+00:00","breadcrumb":{"@id":"https:\/\/www.rontool.de\/shop\/motocross\/#breadcrumb"},"inLanguage":"en-GB","potentialAction":[{"@type":"ReadAction","target":["https:\/\/www.rontool.de\/shop\/motocross\/"]}]},{"@type":"ImageObject","inLanguage":"en-GB","@id":"https:\/\/www.rontool.de\/shop\/motocross\/#primaryimage","url":"https:\/\/www.rontool.de\/wp-content\/uploads\/2021\/06\/rontool-spielzeug-aus-holz-holzspielzeug-deutschland-fahrzeuge-enduro.jpg","contentUrl":"https:\/\/www.rontool.de\/wp-content\/uploads\/2021\/06\/rontool-spielzeug-aus-holz-holzspielzeug-deutschland-fahrzeuge-enduro.jpg","width":1000,"height":1000,"caption":"Rontool - Spielzeug aus Holz - Holzspielzeug Fahrzeuge Action Enduro"},{"@type":"BreadcrumbList","@id":"https:\/\/www.rontool.de\/shop\/motocross\/#breadcrumb","itemListElement":[{"@type":"ListItem","position":1,"name":"Shop","item":"https:\/\/www.rontool.de\/shop\/"},{"@type":"ListItem","position":2,"name":"Enduro"}]},{"@type":"WebSite","@id":"https:\/\/rontool.de\/#website","url":"https:\/\/rontool.de\/","name":"RONTOOL","description":"Holzspielzeug aus Berlin f\u00fcr Kinder und Erwachsene","potentialAction":[{"@type":"SearchAction","target":{"@type":"EntryPoint","urlTemplate":"https:\/\/rontool.de\/?s={search_term_string}"},"query-input":{"@type":"PropertyValueSpecification","valueRequired":true,"valueName":"search_term_string"}}],"inLanguage":"en-GB"}]}},"_links":{"self":[{"href":"https:\/\/www.rontool.de\/en\/wp-json\/wp\/v2\/product\/679","targetHints":{"allow":["GET"]}}],"collection":[{"href":"https:\/\/www.rontool.de\/en\/wp-json\/wp\/v2\/product"}],"about":[{"href":"https:\/\/www.rontool.de\/en\/wp-json\/wp\/v2\/types\/product"}],"wp:featuredmedia":[{"embeddable":true,"href":"https:\/\/www.rontool.de\/en\/wp-json\/wp\/v2\/media\/8955"}],"wp:attachment":[{"href":"https:\/\/www.rontool.de\/en\/wp-json\/wp\/v2\/media?parent=679"}],"wp:term":[{"taxonomy":"product_brand","embeddable":true,"href":"https:\/\/www.rontool.de\/en\/wp-json\/wp\/v2\/product_brand?post=679"},{"taxonomy":"product_cat","embeddable":true,"href":"https:\/\/www.rontool.de\/en\/wp-json\/wp\/v2\/product_cat?post=679"},{"taxonomy":"product_tag","embeddable":true,"href":"https:\/\/www.rontool.de\/en\/wp-json\/wp\/v2\/product_tag?post=679"}],"curies":[{"name":"wp","href":"https:\/\/api.w.org\/{rel}","templated":true}]}}