{"id":680,"date":"2018-07-09T17:52:18","date_gmt":"2018-07-09T17:52:18","guid":{"rendered":"http:\/\/testzone-2018.rontool.de\/?post_type=product&#038;p=680"},"modified":"2023-11-26T20:50:56","modified_gmt":"2023-11-26T20:50:56","slug":"chopper","status":"publish","type":"product","link":"https:\/\/www.rontool.de\/en\/shop\/chopper\/","title":{"rendered":"Chopper"},"content":{"rendered":"<p>The wooden motorcycle chopper has a rotating wheel at the front and rear and is easy to grip, especially with very small children's hands. It stands by itself, but is also supplied with a small foot - also for chopper and Harley fans who like to display the part as a decoration.<\/p>\n<p><strong>Product details:<\/strong><\/p>\n<p>Dimensions:<br \/>\nLength - 23 cm<br \/>\nWidth - 6.5 cm<br \/>\nHeight - 12 cm<\/p>\n<p>Weight<br \/>\n240g<\/p>","protected":false},"excerpt":{"rendered":"<p>Die Holzmotorrad Chopper hat jeweils vorn und hinten ein drehbares Rad und l\u00e4sst sich besonders von ganz kleinen Kinderh\u00e4nden schon prima greifen. Es steht von selbst, wird aber auch mit einem kleinen Fu\u00df geliefert &#8211; auch f\u00fcr Chopper- und Harley-fans, die sich das Teil gerne auch als Deko hinstellen. Produktdetails Ma\u00dfe L\u00e4nge \u2013 23 cm [&#8230;]\n","protected":false},"featured_media":8961,"template":"","meta":[],"product_brand":[],"product_cat":[35],"product_tag":[83,56,69],"class_list":{"0":"post-680","1":"product","2":"type-product","3":"status-publish","4":"has-post-thumbnail","6":"product_cat-fahrzeuge","7":"product_tag-dekorieren","8":"product_tag-jungsspielzeug","9":"product_tag-motorikspielzeug","11":"first","12":"instock","13":"taxable","14":"shipping-taxable","15":"purchasable","16":"product-type-simple"},"yoast_head":"<!-- This site is optimized with the Yoast SEO plugin v27.2 - https:\/\/yoast.com\/product\/yoast-seo-wordpress\/ -->\n<title>Chopper - RONTOOL<\/title>\n<meta name=\"robots\" content=\"index, follow, max-snippet:-1, max-image-preview:large, max-video-preview:-1\" \/>\n<link rel=\"canonical\" href=\"https:\/\/www.rontool.de\/en\/shop\/chopper\/\" \/>\n<meta property=\"og:locale\" content=\"en_GB\" \/>\n<meta property=\"og:type\" content=\"article\" \/>\n<meta property=\"og:title\" content=\"Chopper - RONTOOL\" \/>\n<meta property=\"og:description\" content=\"Die Holzmotorrad Chopper hat jeweils vorn und hinten ein drehbares Rad und l\u00e4sst sich besonders von ganz kleinen Kinderh\u00e4nden schon prima greifen. Es steht von selbst, wird aber auch mit einem kleinen Fu\u00df geliefert &#8211; auch f\u00fcr Chopper- und Harley-fans, die sich das Teil gerne auch als Deko hinstellen. Produktdetails Ma\u00dfe L\u00e4nge \u2013 23 cm [...]\" \/>\n<meta property=\"og:url\" content=\"https:\/\/www.rontool.de\/en\/shop\/chopper\/\" \/>\n<meta property=\"og:site_name\" content=\"RONTOOL\" \/>\n<meta property=\"article:modified_time\" content=\"2023-11-26T20:50:56+00:00\" \/>\n<meta property=\"og:image\" content=\"https:\/\/www.rontool.de\/wp-content\/uploads\/2021\/06\/rontool-spielzeug-aus-holz-holzspielzeug-deutschland-fahrzeuge-shopper.jpg\" \/>\n\t<meta property=\"og:image:width\" content=\"1000\" \/>\n\t<meta property=\"og:image:height\" content=\"1000\" \/>\n\t<meta property=\"og:image:type\" content=\"image\/jpeg\" \/>\n<meta name=\"twitter:card\" content=\"summary_large_image\" \/>\n<meta name=\"twitter:label1\" content=\"Estimated reading time\" \/>\n\t<meta name=\"twitter:data1\" content=\"1 minute\" \/>\n<script type=\"application\/ld+json\" class=\"yoast-schema-graph\">{\"@context\":\"https:\/\/schema.org\",\"@graph\":[{\"@type\":\"WebPage\",\"@id\":\"https:\/\/www.rontool.de\/shop\/chopper\/\",\"url\":\"https:\/\/www.rontool.de\/shop\/chopper\/\",\"name\":\"Chopper - RONTOOL\",\"isPartOf\":{\"@id\":\"https:\/\/rontool.de\/#website\"},\"primaryImageOfPage\":{\"@id\":\"https:\/\/www.rontool.de\/shop\/chopper\/#primaryimage\"},\"image\":{\"@id\":\"https:\/\/www.rontool.de\/shop\/chopper\/#primaryimage\"},\"thumbnailUrl\":\"https:\/\/www.rontool.de\/wp-content\/uploads\/2021\/06\/rontool-spielzeug-aus-holz-holzspielzeug-deutschland-fahrzeuge-shopper.jpg\",\"datePublished\":\"2018-07-09T17:52:18+00:00\",\"dateModified\":\"2023-11-26T20:50:56+00:00\",\"breadcrumb\":{\"@id\":\"https:\/\/www.rontool.de\/shop\/chopper\/#breadcrumb\"},\"inLanguage\":\"en-GB\",\"potentialAction\":[{\"@type\":\"ReadAction\",\"target\":[\"https:\/\/www.rontool.de\/shop\/chopper\/\"]}]},{\"@type\":\"ImageObject\",\"inLanguage\":\"en-GB\",\"@id\":\"https:\/\/www.rontool.de\/shop\/chopper\/#primaryimage\",\"url\":\"https:\/\/www.rontool.de\/wp-content\/uploads\/2021\/06\/rontool-spielzeug-aus-holz-holzspielzeug-deutschland-fahrzeuge-shopper.jpg\",\"contentUrl\":\"https:\/\/www.rontool.de\/wp-content\/uploads\/2021\/06\/rontool-spielzeug-aus-holz-holzspielzeug-deutschland-fahrzeuge-shopper.jpg\",\"width\":1000,\"height\":1000,\"caption\":\"Rontool - Spielzeug aus Holz - Holzspielzeug Fahrzeuge Action Shopper fahren Motorrad fuer Kinder robust toll sicher aus Deutschland\"},{\"@type\":\"BreadcrumbList\",\"@id\":\"https:\/\/www.rontool.de\/shop\/chopper\/#breadcrumb\",\"itemListElement\":[{\"@type\":\"ListItem\",\"position\":1,\"name\":\"Shop\",\"item\":\"https:\/\/www.rontool.de\/shop\/\"},{\"@type\":\"ListItem\",\"position\":2,\"name\":\"Chopper\"}]},{\"@type\":\"WebSite\",\"@id\":\"https:\/\/rontool.de\/#website\",\"url\":\"https:\/\/rontool.de\/\",\"name\":\"RONTOOL\",\"description\":\"Holzspielzeug aus Berlin f\u00fcr Kinder und Erwachsene\",\"potentialAction\":[{\"@type\":\"SearchAction\",\"target\":{\"@type\":\"EntryPoint\",\"urlTemplate\":\"https:\/\/rontool.de\/?s={search_term_string}\"},\"query-input\":{\"@type\":\"PropertyValueSpecification\",\"valueRequired\":true,\"valueName\":\"search_term_string\"}}],\"inLanguage\":\"en-GB\"}]}<\/script>\n<!-- \/ Yoast SEO plugin. -->","yoast_head_json":{"title":"Chopper - RONTOOL","robots":{"index":"index","follow":"follow","max-snippet":"max-snippet:-1","max-image-preview":"max-image-preview:large","max-video-preview":"max-video-preview:-1"},"canonical":"https:\/\/www.rontool.de\/en\/shop\/chopper\/","og_locale":"en_GB","og_type":"article","og_title":"Chopper - RONTOOL","og_description":"Die Holzmotorrad Chopper hat jeweils vorn und hinten ein drehbares Rad und l\u00e4sst sich besonders von ganz kleinen Kinderh\u00e4nden schon prima greifen. Es steht von selbst, wird aber auch mit einem kleinen Fu\u00df geliefert &#8211; auch f\u00fcr Chopper- und Harley-fans, die sich das Teil gerne auch als Deko hinstellen. Produktdetails Ma\u00dfe L\u00e4nge \u2013 23 cm [...]","og_url":"https:\/\/www.rontool.de\/en\/shop\/chopper\/","og_site_name":"RONTOOL","article_modified_time":"2023-11-26T20:50:56+00:00","og_image":[{"width":1000,"height":1000,"url":"https:\/\/www.rontool.de\/wp-content\/uploads\/2021\/06\/rontool-spielzeug-aus-holz-holzspielzeug-deutschland-fahrzeuge-shopper.jpg","type":"image\/jpeg"}],"twitter_card":"summary_large_image","twitter_misc":{"Estimated reading time":"1 minute"},"schema":{"@context":"https:\/\/schema.org","@graph":[{"@type":"WebPage","@id":"https:\/\/www.rontool.de\/shop\/chopper\/","url":"https:\/\/www.rontool.de\/shop\/chopper\/","name":"Chopper - RONTOOL","isPartOf":{"@id":"https:\/\/rontool.de\/#website"},"primaryImageOfPage":{"@id":"https:\/\/www.rontool.de\/shop\/chopper\/#primaryimage"},"image":{"@id":"https:\/\/www.rontool.de\/shop\/chopper\/#primaryimage"},"thumbnailUrl":"https:\/\/www.rontool.de\/wp-content\/uploads\/2021\/06\/rontool-spielzeug-aus-holz-holzspielzeug-deutschland-fahrzeuge-shopper.jpg","datePublished":"2018-07-09T17:52:18+00:00","dateModified":"2023-11-26T20:50:56+00:00","breadcrumb":{"@id":"https:\/\/www.rontool.de\/shop\/chopper\/#breadcrumb"},"inLanguage":"en-GB","potentialAction":[{"@type":"ReadAction","target":["https:\/\/www.rontool.de\/shop\/chopper\/"]}]},{"@type":"ImageObject","inLanguage":"en-GB","@id":"https:\/\/www.rontool.de\/shop\/chopper\/#primaryimage","url":"https:\/\/www.rontool.de\/wp-content\/uploads\/2021\/06\/rontool-spielzeug-aus-holz-holzspielzeug-deutschland-fahrzeuge-shopper.jpg","contentUrl":"https:\/\/www.rontool.de\/wp-content\/uploads\/2021\/06\/rontool-spielzeug-aus-holz-holzspielzeug-deutschland-fahrzeuge-shopper.jpg","width":1000,"height":1000,"caption":"Rontool - Spielzeug aus Holz - Holzspielzeug Fahrzeuge Action Shopper fahren Motorrad fuer Kinder robust toll sicher aus Deutschland"},{"@type":"BreadcrumbList","@id":"https:\/\/www.rontool.de\/shop\/chopper\/#breadcrumb","itemListElement":[{"@type":"ListItem","position":1,"name":"Shop","item":"https:\/\/www.rontool.de\/shop\/"},{"@type":"ListItem","position":2,"name":"Chopper"}]},{"@type":"WebSite","@id":"https:\/\/rontool.de\/#website","url":"https:\/\/rontool.de\/","name":"RONTOOL","description":"Holzspielzeug aus Berlin f\u00fcr Kinder und Erwachsene","potentialAction":[{"@type":"SearchAction","target":{"@type":"EntryPoint","urlTemplate":"https:\/\/rontool.de\/?s={search_term_string}"},"query-input":{"@type":"PropertyValueSpecification","valueRequired":true,"valueName":"search_term_string"}}],"inLanguage":"en-GB"}]}},"_links":{"self":[{"href":"https:\/\/www.rontool.de\/en\/wp-json\/wp\/v2\/product\/680","targetHints":{"allow":["GET"]}}],"collection":[{"href":"https:\/\/www.rontool.de\/en\/wp-json\/wp\/v2\/product"}],"about":[{"href":"https:\/\/www.rontool.de\/en\/wp-json\/wp\/v2\/types\/product"}],"wp:featuredmedia":[{"embeddable":true,"href":"https:\/\/www.rontool.de\/en\/wp-json\/wp\/v2\/media\/8961"}],"wp:attachment":[{"href":"https:\/\/www.rontool.de\/en\/wp-json\/wp\/v2\/media?parent=680"}],"wp:term":[{"taxonomy":"product_brand","embeddable":true,"href":"https:\/\/www.rontool.de\/en\/wp-json\/wp\/v2\/product_brand?post=680"},{"taxonomy":"product_cat","embeddable":true,"href":"https:\/\/www.rontool.de\/en\/wp-json\/wp\/v2\/product_cat?post=680"},{"taxonomy":"product_tag","embeddable":true,"href":"https:\/\/www.rontool.de\/en\/wp-json\/wp\/v2\/product_tag?post=680"}],"curies":[{"name":"wp","href":"https:\/\/api.w.org\/{rel}","templated":true}]}}