{"id":682,"date":"2018-07-09T17:55:38","date_gmt":"2018-07-09T17:55:38","guid":{"rendered":"http:\/\/testzone-2018.rontool.de\/?post_type=product&#038;p=682"},"modified":"2023-11-26T20:49:48","modified_gmt":"2023-11-26T20:49:48","slug":"auto","status":"publish","type":"product","link":"https:\/\/www.rontool.de\/en\/shop\/auto\/","title":{"rendered":"Car"},"content":{"rendered":"<h2>Car<\/h2>\n<p>The small rontool wooden car is intended for the very young engine fans. Babies and toddlers can easily reach into the window panes with their patchy hands and start cruising. It is not a problem if you lean on the car with your whole body weight, because it drives steadily in a straight line. It has no corners, all edges are rounded and we are solvent-free anyway. Take it with you in the sandpit and paint a great racetrack.<\/p>\n<p>Baby grab cars are a timeless classic gift for a small child. Our experience shows that children enjoyed the simple cars a lot and played with them for a long time.<\/p>\n<p>If the baby grabber gets dirty, you can brush it off carefully with soap and water. After that, the toy should dry well. If it's rough, you can sand the spot with very fine sandpaper. To protect the surface, rub it with a natural oil, e.g. olive oil. The oil should soak in for at least an hour and excess is removed with a soft cloth.<\/p>\n<p class=\"translation-block\">If the children then click <a href=\"https:\/\/www.rontool.de\/en\/shop\/chopper\/\" target=\"_self\" rel=\"noopener noreferrer\"> motorcycles <\/a>, <a> Pick-ups <\/a> or <a href=\"https:\/\/de.wikipedia.org\/wiki\/Matchbox\" target=\"_ self\" rel=\"noopener noreferrer\"> Matchbox <\/a> (brand name for toy cars), the wooden car can move to the parents' office as a flatterer. But it is also an excellent massage device for the troubled neck and back muscles in the living room or bedroom. The car can even be used as a small mini fascia trainer for thighs and calves.<\/p>\n<p>If at some point the grandchildren come, they will certainly enjoy the wooden car in turn.<\/p>\n<p>A guaranteed worthwhile and lasting investment.<\/p>\n<p>Dimensions:<\/p>\n<p>L\u00e4nge: 14,5cm<br \/>\nBreite: 7,5cm<br \/>\nH\u00f6he &#8211; 9,5cm<br \/>\nGewicht &#8211; 260g<\/p>","protected":false},"excerpt":{"rendered":"<p>Auto Das kleine rontool Holz-Auto ist f\u00fcr die ganz kleinen Motorfans gedacht. Babys und Kleinkinder k\u00f6nnen mit ihren Patscheh\u00e4ndchen ganz einfach in die Fensterscheiben greifen und loscruisen. Dabei ist es kein Problem, wenn sie sich mit ihrem ganzen K\u00f6rpergewicht auf das Auto st\u00fctzen, denn es f\u00e4hrt stabil geradeaus. Es hat keine Ecken, alle Kanten sind [&#8230;]\n","protected":false},"featured_media":8956,"template":"","meta":[],"product_brand":[],"product_cat":[35],"product_tag":[65,56,69,57],"class_list":{"0":"post-682","1":"product","2":"type-product","3":"status-publish","4":"has-post-thumbnail","6":"product_cat-fahrzeuge","7":"product_tag-holzspielzeugautos","8":"product_tag-jungsspielzeug","9":"product_tag-motorikspielzeug","10":"product_tag-robustes-spielzeug","12":"first","13":"instock","14":"taxable","15":"shipping-taxable","16":"purchasable","17":"product-type-simple"},"yoast_head":"<!-- This site is optimized with the Yoast SEO plugin v27.2 - https:\/\/yoast.com\/product\/yoast-seo-wordpress\/ -->\n<title>Auto aus Holz f\u00fcr Babys und Kleinkinder und als Massageger\u00e4t<\/title>\n<meta name=\"description\" content=\"Dieses sch\u00f6ne Auto passt hervorragend in kleine Kinderh\u00e4nde. Wunderbar lassen sich damit Nacken- und R\u00fcckenmassagen genie\u00dfen.\" \/>\n<meta name=\"robots\" content=\"index, follow, max-snippet:-1, max-image-preview:large, max-video-preview:-1\" \/>\n<link rel=\"canonical\" href=\"https:\/\/www.rontool.de\/en\/shop\/auto\/\" \/>\n<meta property=\"og:locale\" content=\"en_GB\" \/>\n<meta property=\"og:type\" content=\"article\" \/>\n<meta property=\"og:title\" content=\"Auto aus Holz f\u00fcr Babys und Kleinkinder und als Massageger\u00e4t\" \/>\n<meta property=\"og:description\" content=\"Dieses sch\u00f6ne Auto passt hervorragend in kleine Kinderh\u00e4nde. Wunderbar lassen sich damit Nacken- und R\u00fcckenmassagen genie\u00dfen.\" \/>\n<meta property=\"og:url\" content=\"https:\/\/www.rontool.de\/en\/shop\/auto\/\" \/>\n<meta property=\"og:site_name\" content=\"RONTOOL\" \/>\n<meta property=\"article:modified_time\" content=\"2023-11-26T20:49:48+00:00\" \/>\n<meta property=\"og:image\" content=\"https:\/\/www.rontool.de\/wp-content\/uploads\/2021\/06\/rontool-spielzeug-aus-holz-holzspielzeug-deutschland-fahrzeuge-mini-buggi.jpg\" \/>\n\t<meta property=\"og:image:width\" content=\"1000\" \/>\n\t<meta property=\"og:image:height\" content=\"1000\" \/>\n\t<meta property=\"og:image:type\" content=\"image\/jpeg\" \/>\n<meta name=\"twitter:card\" content=\"summary_large_image\" \/>\n<meta name=\"twitter:label1\" content=\"Estimated reading time\" \/>\n\t<meta name=\"twitter:data1\" content=\"2 minutes\" \/>\n<script type=\"application\/ld+json\" class=\"yoast-schema-graph\">{\"@context\":\"https:\/\/schema.org\",\"@graph\":[{\"@type\":\"WebPage\",\"@id\":\"https:\/\/www.rontool.de\/shop\/auto\/\",\"url\":\"https:\/\/www.rontool.de\/shop\/auto\/\",\"name\":\"Auto aus Holz f\u00fcr Babys und Kleinkinder und als Massageger\u00e4t\",\"isPartOf\":{\"@id\":\"https:\/\/rontool.de\/#website\"},\"primaryImageOfPage\":{\"@id\":\"https:\/\/www.rontool.de\/shop\/auto\/#primaryimage\"},\"image\":{\"@id\":\"https:\/\/www.rontool.de\/shop\/auto\/#primaryimage\"},\"thumbnailUrl\":\"https:\/\/www.rontool.de\/wp-content\/uploads\/2021\/06\/rontool-spielzeug-aus-holz-holzspielzeug-deutschland-fahrzeuge-mini-buggi.jpg\",\"datePublished\":\"2018-07-09T17:55:38+00:00\",\"dateModified\":\"2023-11-26T20:49:48+00:00\",\"description\":\"Dieses sch\u00f6ne Auto passt hervorragend in kleine Kinderh\u00e4nde. Wunderbar lassen sich damit Nacken- und R\u00fcckenmassagen genie\u00dfen.\",\"breadcrumb\":{\"@id\":\"https:\/\/www.rontool.de\/shop\/auto\/#breadcrumb\"},\"inLanguage\":\"en-GB\",\"potentialAction\":[{\"@type\":\"ReadAction\",\"target\":[\"https:\/\/www.rontool.de\/shop\/auto\/\"]}]},{\"@type\":\"ImageObject\",\"inLanguage\":\"en-GB\",\"@id\":\"https:\/\/www.rontool.de\/shop\/auto\/#primaryimage\",\"url\":\"https:\/\/www.rontool.de\/wp-content\/uploads\/2021\/06\/rontool-spielzeug-aus-holz-holzspielzeug-deutschland-fahrzeuge-mini-buggi.jpg\",\"contentUrl\":\"https:\/\/www.rontool.de\/wp-content\/uploads\/2021\/06\/rontool-spielzeug-aus-holz-holzspielzeug-deutschland-fahrzeuge-mini-buggi.jpg\",\"width\":1000,\"height\":1000,\"caption\":\"Rontool - Spielzeug aus Holz - Holzspielzeug Fahrzeuge Auto mit dem Auto fahren fuer Kinder robust toll sicher aus Deutschland\"},{\"@type\":\"BreadcrumbList\",\"@id\":\"https:\/\/www.rontool.de\/shop\/auto\/#breadcrumb\",\"itemListElement\":[{\"@type\":\"ListItem\",\"position\":1,\"name\":\"Shop\",\"item\":\"https:\/\/www.rontool.de\/shop\/\"},{\"@type\":\"ListItem\",\"position\":2,\"name\":\"Auto\"}]},{\"@type\":\"WebSite\",\"@id\":\"https:\/\/rontool.de\/#website\",\"url\":\"https:\/\/rontool.de\/\",\"name\":\"RONTOOL\",\"description\":\"Holzspielzeug aus Berlin f\u00fcr Kinder und Erwachsene\",\"potentialAction\":[{\"@type\":\"SearchAction\",\"target\":{\"@type\":\"EntryPoint\",\"urlTemplate\":\"https:\/\/rontool.de\/?s={search_term_string}\"},\"query-input\":{\"@type\":\"PropertyValueSpecification\",\"valueRequired\":true,\"valueName\":\"search_term_string\"}}],\"inLanguage\":\"en-GB\"}]}<\/script>\n<!-- \/ Yoast SEO plugin. -->","yoast_head_json":{"title":"Auto aus Holz f\u00fcr Babys und Kleinkinder und als Massageger\u00e4t","description":"Dieses sch\u00f6ne Auto passt hervorragend in kleine Kinderh\u00e4nde. Wunderbar lassen sich damit Nacken- und R\u00fcckenmassagen genie\u00dfen.","robots":{"index":"index","follow":"follow","max-snippet":"max-snippet:-1","max-image-preview":"max-image-preview:large","max-video-preview":"max-video-preview:-1"},"canonical":"https:\/\/www.rontool.de\/en\/shop\/auto\/","og_locale":"en_GB","og_type":"article","og_title":"Auto aus Holz f\u00fcr Babys und Kleinkinder und als Massageger\u00e4t","og_description":"Dieses sch\u00f6ne Auto passt hervorragend in kleine Kinderh\u00e4nde. Wunderbar lassen sich damit Nacken- und R\u00fcckenmassagen genie\u00dfen.","og_url":"https:\/\/www.rontool.de\/en\/shop\/auto\/","og_site_name":"RONTOOL","article_modified_time":"2023-11-26T20:49:48+00:00","og_image":[{"width":1000,"height":1000,"url":"https:\/\/www.rontool.de\/wp-content\/uploads\/2021\/06\/rontool-spielzeug-aus-holz-holzspielzeug-deutschland-fahrzeuge-mini-buggi.jpg","type":"image\/jpeg"}],"twitter_card":"summary_large_image","twitter_misc":{"Estimated reading time":"2 minutes"},"schema":{"@context":"https:\/\/schema.org","@graph":[{"@type":"WebPage","@id":"https:\/\/www.rontool.de\/shop\/auto\/","url":"https:\/\/www.rontool.de\/shop\/auto\/","name":"Auto aus Holz f\u00fcr Babys und Kleinkinder und als Massageger\u00e4t","isPartOf":{"@id":"https:\/\/rontool.de\/#website"},"primaryImageOfPage":{"@id":"https:\/\/www.rontool.de\/shop\/auto\/#primaryimage"},"image":{"@id":"https:\/\/www.rontool.de\/shop\/auto\/#primaryimage"},"thumbnailUrl":"https:\/\/www.rontool.de\/wp-content\/uploads\/2021\/06\/rontool-spielzeug-aus-holz-holzspielzeug-deutschland-fahrzeuge-mini-buggi.jpg","datePublished":"2018-07-09T17:55:38+00:00","dateModified":"2023-11-26T20:49:48+00:00","description":"Dieses sch\u00f6ne Auto passt hervorragend in kleine Kinderh\u00e4nde. Wunderbar lassen sich damit Nacken- und R\u00fcckenmassagen genie\u00dfen.","breadcrumb":{"@id":"https:\/\/www.rontool.de\/shop\/auto\/#breadcrumb"},"inLanguage":"en-GB","potentialAction":[{"@type":"ReadAction","target":["https:\/\/www.rontool.de\/shop\/auto\/"]}]},{"@type":"ImageObject","inLanguage":"en-GB","@id":"https:\/\/www.rontool.de\/shop\/auto\/#primaryimage","url":"https:\/\/www.rontool.de\/wp-content\/uploads\/2021\/06\/rontool-spielzeug-aus-holz-holzspielzeug-deutschland-fahrzeuge-mini-buggi.jpg","contentUrl":"https:\/\/www.rontool.de\/wp-content\/uploads\/2021\/06\/rontool-spielzeug-aus-holz-holzspielzeug-deutschland-fahrzeuge-mini-buggi.jpg","width":1000,"height":1000,"caption":"Rontool - Spielzeug aus Holz - Holzspielzeug Fahrzeuge Auto mit dem Auto fahren fuer Kinder robust toll sicher aus Deutschland"},{"@type":"BreadcrumbList","@id":"https:\/\/www.rontool.de\/shop\/auto\/#breadcrumb","itemListElement":[{"@type":"ListItem","position":1,"name":"Shop","item":"https:\/\/www.rontool.de\/shop\/"},{"@type":"ListItem","position":2,"name":"Auto"}]},{"@type":"WebSite","@id":"https:\/\/rontool.de\/#website","url":"https:\/\/rontool.de\/","name":"RONTOOL","description":"Holzspielzeug aus Berlin f\u00fcr Kinder und Erwachsene","potentialAction":[{"@type":"SearchAction","target":{"@type":"EntryPoint","urlTemplate":"https:\/\/rontool.de\/?s={search_term_string}"},"query-input":{"@type":"PropertyValueSpecification","valueRequired":true,"valueName":"search_term_string"}}],"inLanguage":"en-GB"}]}},"_links":{"self":[{"href":"https:\/\/www.rontool.de\/en\/wp-json\/wp\/v2\/product\/682","targetHints":{"allow":["GET"]}}],"collection":[{"href":"https:\/\/www.rontool.de\/en\/wp-json\/wp\/v2\/product"}],"about":[{"href":"https:\/\/www.rontool.de\/en\/wp-json\/wp\/v2\/types\/product"}],"wp:featuredmedia":[{"embeddable":true,"href":"https:\/\/www.rontool.de\/en\/wp-json\/wp\/v2\/media\/8956"}],"wp:attachment":[{"href":"https:\/\/www.rontool.de\/en\/wp-json\/wp\/v2\/media?parent=682"}],"wp:term":[{"taxonomy":"product_brand","embeddable":true,"href":"https:\/\/www.rontool.de\/en\/wp-json\/wp\/v2\/product_brand?post=682"},{"taxonomy":"product_cat","embeddable":true,"href":"https:\/\/www.rontool.de\/en\/wp-json\/wp\/v2\/product_cat?post=682"},{"taxonomy":"product_tag","embeddable":true,"href":"https:\/\/www.rontool.de\/en\/wp-json\/wp\/v2\/product_tag?post=682"}],"curies":[{"name":"wp","href":"https:\/\/api.w.org\/{rel}","templated":true}]}}