{"id":683,"date":"2018-07-09T18:00:37","date_gmt":"2018-07-09T18:00:37","guid":{"rendered":"http:\/\/testzone-2018.rontool.de\/?post_type=product&#038;p=683"},"modified":"2021-06-18T13:10:26","modified_gmt":"2021-06-18T13:10:26","slug":"quad","status":"publish","type":"product","link":"https:\/\/www.rontool.de\/en\/shop\/quad\/","title":{"rendered":"All-terrain vehicle quad"},"content":{"rendered":"<p>The wooden toy quad \/ all-terrain vehicle \/ ATV has two wheels at the front and rear on a rotating axle and can be easily grasped by very small children's hands.<\/p>\n<p><strong>Product details:<\/strong><\/p>\n<p>Dimensions:<br \/>\nLength - 20.5 cm<br \/>\nWidth - 7.5 cm<br \/>\nHeight - 12.5 cm<\/p>\n<p>Weight<br \/>\n370g<\/p>","protected":false},"excerpt":{"rendered":"<p>Das Holzspielzeug Quad \/ Gel\u00e4ndefahrzeug \/ ATV hat jeweils vorn und hinten zwei R\u00e4der an einer drehbaren Achse und l\u00e4sst sich besonders von ganz kleinen Kinderh\u00e4nden schon prima greifen. Produktdetails: Ma\u00dfe L\u00e4nge \u2013 20,5 cm Breite \u2013 7,5 cm H\u00f6he \u2013 12,5 cm Gewicht 370g<\/p>","protected":false},"featured_media":8958,"template":"","meta":[],"product_brand":[],"product_cat":[35],"product_tag":[83,65,58,69],"class_list":{"0":"post-683","1":"product","2":"type-product","3":"status-publish","4":"has-post-thumbnail","6":"product_cat-fahrzeuge","7":"product_tag-dekorieren","8":"product_tag-holzspielzeugautos","9":"product_tag-kindergeschenke","10":"product_tag-motorikspielzeug","12":"first","13":"instock","14":"taxable","15":"shipping-taxable","16":"purchasable","17":"product-type-simple"},"yoast_head":"<!-- This site is optimized with the Yoast SEO plugin v27.2 - https:\/\/yoast.com\/product\/yoast-seo-wordpress\/ -->\n<title>Gel\u00e4ndefahrzeug Quad - RONTOOL<\/title>\n<meta name=\"robots\" content=\"index, follow, max-snippet:-1, max-image-preview:large, max-video-preview:-1\" \/>\n<link rel=\"canonical\" href=\"https:\/\/www.rontool.de\/en\/shop\/quad\/\" \/>\n<meta property=\"og:locale\" content=\"en_GB\" \/>\n<meta property=\"og:type\" content=\"article\" \/>\n<meta property=\"og:title\" content=\"Gel\u00e4ndefahrzeug Quad - RONTOOL\" \/>\n<meta property=\"og:description\" content=\"Das Holzspielzeug Quad \/ Gel\u00e4ndefahrzeug \/ ATV hat jeweils vorn und hinten zwei R\u00e4der an einer drehbaren Achse und l\u00e4sst sich besonders von ganz kleinen Kinderh\u00e4nden schon prima greifen. Produktdetails: Ma\u00dfe L\u00e4nge \u2013 20,5 cm Breite \u2013 7,5 cm H\u00f6he \u2013 12,5 cm Gewicht 370g\" \/>\n<meta property=\"og:url\" content=\"https:\/\/www.rontool.de\/en\/shop\/quad\/\" \/>\n<meta property=\"og:site_name\" content=\"RONTOOL\" \/>\n<meta property=\"article:modified_time\" content=\"2021-06-18T13:10:26+00:00\" \/>\n<meta property=\"og:image\" content=\"https:\/\/www.rontool.de\/wp-content\/uploads\/2021\/06\/rontool-spielzeug-aus-holz-holzspielzeug-deutschland-fahrzeuge-quad.jpg\" \/>\n\t<meta property=\"og:image:width\" content=\"1000\" \/>\n\t<meta property=\"og:image:height\" content=\"1000\" \/>\n\t<meta property=\"og:image:type\" content=\"image\/jpeg\" \/>\n<meta name=\"twitter:card\" content=\"summary_large_image\" \/>\n<meta name=\"twitter:label1\" content=\"Estimated reading time\" \/>\n\t<meta name=\"twitter:data1\" content=\"1 minute\" \/>\n<script type=\"application\/ld+json\" class=\"yoast-schema-graph\">{\"@context\":\"https:\/\/schema.org\",\"@graph\":[{\"@type\":\"WebPage\",\"@id\":\"https:\/\/www.rontool.de\/shop\/quad\/\",\"url\":\"https:\/\/www.rontool.de\/shop\/quad\/\",\"name\":\"Gel\u00e4ndefahrzeug Quad - RONTOOL\",\"isPartOf\":{\"@id\":\"https:\/\/rontool.de\/#website\"},\"primaryImageOfPage\":{\"@id\":\"https:\/\/www.rontool.de\/shop\/quad\/#primaryimage\"},\"image\":{\"@id\":\"https:\/\/www.rontool.de\/shop\/quad\/#primaryimage\"},\"thumbnailUrl\":\"https:\/\/www.rontool.de\/wp-content\/uploads\/2021\/06\/rontool-spielzeug-aus-holz-holzspielzeug-deutschland-fahrzeuge-quad.jpg\",\"datePublished\":\"2018-07-09T18:00:37+00:00\",\"dateModified\":\"2021-06-18T13:10:26+00:00\",\"breadcrumb\":{\"@id\":\"https:\/\/www.rontool.de\/shop\/quad\/#breadcrumb\"},\"inLanguage\":\"en-GB\",\"potentialAction\":[{\"@type\":\"ReadAction\",\"target\":[\"https:\/\/www.rontool.de\/shop\/quad\/\"]}]},{\"@type\":\"ImageObject\",\"inLanguage\":\"en-GB\",\"@id\":\"https:\/\/www.rontool.de\/shop\/quad\/#primaryimage\",\"url\":\"https:\/\/www.rontool.de\/wp-content\/uploads\/2021\/06\/rontool-spielzeug-aus-holz-holzspielzeug-deutschland-fahrzeuge-quad.jpg\",\"contentUrl\":\"https:\/\/www.rontool.de\/wp-content\/uploads\/2021\/06\/rontool-spielzeug-aus-holz-holzspielzeug-deutschland-fahrzeuge-quad.jpg\",\"width\":1000,\"height\":1000,\"caption\":\"Rontool - Spielzeug aus Holz - Holzspielzeug Fahrzeuge Action Quad fahren Abenteuer fuer Kinder robust toll sicher aus Deutschland\"},{\"@type\":\"BreadcrumbList\",\"@id\":\"https:\/\/www.rontool.de\/shop\/quad\/#breadcrumb\",\"itemListElement\":[{\"@type\":\"ListItem\",\"position\":1,\"name\":\"Shop\",\"item\":\"https:\/\/www.rontool.de\/shop\/\"},{\"@type\":\"ListItem\",\"position\":2,\"name\":\"Gel\u00e4ndefahrzeug Quad\"}]},{\"@type\":\"WebSite\",\"@id\":\"https:\/\/rontool.de\/#website\",\"url\":\"https:\/\/rontool.de\/\",\"name\":\"RONTOOL\",\"description\":\"Holzspielzeug aus Berlin f\u00fcr Kinder und Erwachsene\",\"potentialAction\":[{\"@type\":\"SearchAction\",\"target\":{\"@type\":\"EntryPoint\",\"urlTemplate\":\"https:\/\/rontool.de\/?s={search_term_string}\"},\"query-input\":{\"@type\":\"PropertyValueSpecification\",\"valueRequired\":true,\"valueName\":\"search_term_string\"}}],\"inLanguage\":\"en-GB\"}]}<\/script>\n<!-- \/ Yoast SEO plugin. -->","yoast_head_json":{"title":"Gel\u00e4ndefahrzeug Quad - RONTOOL","robots":{"index":"index","follow":"follow","max-snippet":"max-snippet:-1","max-image-preview":"max-image-preview:large","max-video-preview":"max-video-preview:-1"},"canonical":"https:\/\/www.rontool.de\/en\/shop\/quad\/","og_locale":"en_GB","og_type":"article","og_title":"Gel\u00e4ndefahrzeug Quad - RONTOOL","og_description":"Das Holzspielzeug Quad \/ Gel\u00e4ndefahrzeug \/ ATV hat jeweils vorn und hinten zwei R\u00e4der an einer drehbaren Achse und l\u00e4sst sich besonders von ganz kleinen Kinderh\u00e4nden schon prima greifen. Produktdetails: Ma\u00dfe L\u00e4nge \u2013 20,5 cm Breite \u2013 7,5 cm H\u00f6he \u2013 12,5 cm Gewicht 370g","og_url":"https:\/\/www.rontool.de\/en\/shop\/quad\/","og_site_name":"RONTOOL","article_modified_time":"2021-06-18T13:10:26+00:00","og_image":[{"width":1000,"height":1000,"url":"https:\/\/www.rontool.de\/wp-content\/uploads\/2021\/06\/rontool-spielzeug-aus-holz-holzspielzeug-deutschland-fahrzeuge-quad.jpg","type":"image\/jpeg"}],"twitter_card":"summary_large_image","twitter_misc":{"Estimated reading time":"1 minute"},"schema":{"@context":"https:\/\/schema.org","@graph":[{"@type":"WebPage","@id":"https:\/\/www.rontool.de\/shop\/quad\/","url":"https:\/\/www.rontool.de\/shop\/quad\/","name":"Gel\u00e4ndefahrzeug Quad - RONTOOL","isPartOf":{"@id":"https:\/\/rontool.de\/#website"},"primaryImageOfPage":{"@id":"https:\/\/www.rontool.de\/shop\/quad\/#primaryimage"},"image":{"@id":"https:\/\/www.rontool.de\/shop\/quad\/#primaryimage"},"thumbnailUrl":"https:\/\/www.rontool.de\/wp-content\/uploads\/2021\/06\/rontool-spielzeug-aus-holz-holzspielzeug-deutschland-fahrzeuge-quad.jpg","datePublished":"2018-07-09T18:00:37+00:00","dateModified":"2021-06-18T13:10:26+00:00","breadcrumb":{"@id":"https:\/\/www.rontool.de\/shop\/quad\/#breadcrumb"},"inLanguage":"en-GB","potentialAction":[{"@type":"ReadAction","target":["https:\/\/www.rontool.de\/shop\/quad\/"]}]},{"@type":"ImageObject","inLanguage":"en-GB","@id":"https:\/\/www.rontool.de\/shop\/quad\/#primaryimage","url":"https:\/\/www.rontool.de\/wp-content\/uploads\/2021\/06\/rontool-spielzeug-aus-holz-holzspielzeug-deutschland-fahrzeuge-quad.jpg","contentUrl":"https:\/\/www.rontool.de\/wp-content\/uploads\/2021\/06\/rontool-spielzeug-aus-holz-holzspielzeug-deutschland-fahrzeuge-quad.jpg","width":1000,"height":1000,"caption":"Rontool - Spielzeug aus Holz - Holzspielzeug Fahrzeuge Action Quad fahren Abenteuer fuer Kinder robust toll sicher aus Deutschland"},{"@type":"BreadcrumbList","@id":"https:\/\/www.rontool.de\/shop\/quad\/#breadcrumb","itemListElement":[{"@type":"ListItem","position":1,"name":"Shop","item":"https:\/\/www.rontool.de\/shop\/"},{"@type":"ListItem","position":2,"name":"Gel\u00e4ndefahrzeug Quad"}]},{"@type":"WebSite","@id":"https:\/\/rontool.de\/#website","url":"https:\/\/rontool.de\/","name":"RONTOOL","description":"Holzspielzeug aus Berlin f\u00fcr Kinder und Erwachsene","potentialAction":[{"@type":"SearchAction","target":{"@type":"EntryPoint","urlTemplate":"https:\/\/rontool.de\/?s={search_term_string}"},"query-input":{"@type":"PropertyValueSpecification","valueRequired":true,"valueName":"search_term_string"}}],"inLanguage":"en-GB"}]}},"_links":{"self":[{"href":"https:\/\/www.rontool.de\/en\/wp-json\/wp\/v2\/product\/683","targetHints":{"allow":["GET"]}}],"collection":[{"href":"https:\/\/www.rontool.de\/en\/wp-json\/wp\/v2\/product"}],"about":[{"href":"https:\/\/www.rontool.de\/en\/wp-json\/wp\/v2\/types\/product"}],"wp:featuredmedia":[{"embeddable":true,"href":"https:\/\/www.rontool.de\/en\/wp-json\/wp\/v2\/media\/8958"}],"wp:attachment":[{"href":"https:\/\/www.rontool.de\/en\/wp-json\/wp\/v2\/media?parent=683"}],"wp:term":[{"taxonomy":"product_brand","embeddable":true,"href":"https:\/\/www.rontool.de\/en\/wp-json\/wp\/v2\/product_brand?post=683"},{"taxonomy":"product_cat","embeddable":true,"href":"https:\/\/www.rontool.de\/en\/wp-json\/wp\/v2\/product_cat?post=683"},{"taxonomy":"product_tag","embeddable":true,"href":"https:\/\/www.rontool.de\/en\/wp-json\/wp\/v2\/product_tag?post=683"}],"curies":[{"name":"wp","href":"https:\/\/api.w.org\/{rel}","templated":true}]}}