{"id":695,"date":"2018-07-09T19:15:04","date_gmt":"2018-07-09T19:15:04","guid":{"rendered":"http:\/\/testzone-2018.rontool.de\/?post_type=product&#038;p=695"},"modified":"2023-11-26T20:45:15","modified_gmt":"2023-11-26T20:45:15","slug":"lenkrad","status":"publish","type":"product","link":"https:\/\/www.rontool.de\/en\/shop\/lenkrad\/","title":{"rendered":"Car steering wheel"},"content":{"rendered":"<p>The wooden toy steering wheel belongs in every racing gear.<\/p>\n<p>It can be integrated into many conceivable \u201cracing cars\u201d.<\/p>\n<ul>\n<li>indoors_ e.g. in the wooden car, on the children's bed, on the wall, on the closet.<\/li>\n<li>outside_ e.g. in the tree house or climbing frame.<\/li>\n<li>or just loose for the big adventure air fantasy rides.<\/li>\n<\/ul>\n<p class=\"translation-block\">For a <strong> rotatable wall mounting <\/strong> of the steering wheel, the wall bracket for steering wheels is included. It comes with a M10ner lock screw and corresponding washers.<\/p>\n<p>The whole combination of wheel and bracket comes fully assembled for you and is simply screwed to the wall with three M4 wood screws and matching dowels (these are not supplied, but are standard) and the long journey can begin.<\/p>\n<p>L \/ W 26cm x 26cm<br \/>\nThickness - 7.3cm<br \/>\nWeight - 454g<br \/>\nwith wall bracket<\/p>\n<p class=\"translation-block\">For novice drivers and motorcycle enthusiasts there is also the rontool rocking motorcycle or the small miniature mopeds, <br>\nAs an alternative to the racing car steering wheel, there is the rontool steering wheel for pirate ships and all kinds of pirate accessories ...<\/p>","protected":false},"excerpt":{"rendered":"<p>Das Holzspielzeug Lenkrad geh\u00f6rt in jede Rennfahrer-Ausr\u00fcstung. Es ist in viele denkbare &#8222;Rennautos&#8220; integrierbar. drinnen_ z.B. im Holzauto, am Kinder-Bett, an der Wand, am Schrank. drau\u00dfen_ z.B. im Baumhaus oder Kletterger\u00fcst. oder einfach lose f\u00fcr die gro\u00dfen Abenteuer-Luftfantasie-Fahrten. F\u00fcr eine drehbare Wandbefestigung des Lenkrades ist die Wandhalterung f\u00fcr Lenkr\u00e4der inklusive. Sie kommt mit einer M10ner [&#8230;]\n","protected":false},"featured_media":8394,"template":"","meta":[],"product_brand":[],"product_cat":[35],"product_tag":[63,65,69,72],"class_list":{"0":"post-695","1":"product","2":"type-product","3":"status-publish","4":"has-post-thumbnail","6":"product_cat-fahrzeuge","7":"product_tag-baumhausspielzeug","8":"product_tag-holzspielzeugautos","9":"product_tag-motorikspielzeug","10":"product_tag-outdoorspielzeug","12":"first","13":"instock","14":"taxable","15":"shipping-taxable","16":"purchasable","17":"product-type-simple"},"yoast_head":"<!-- This site is optimized with the Yoast SEO plugin v27.2 - https:\/\/yoast.com\/product\/yoast-seo-wordpress\/ -->\n<title>Lenkrad - RONTOOL<\/title>\n<meta name=\"robots\" content=\"index, follow, max-snippet:-1, max-image-preview:large, max-video-preview:-1\" \/>\n<link rel=\"canonical\" href=\"https:\/\/www.rontool.de\/en\/shop\/lenkrad\/\" \/>\n<meta property=\"og:locale\" content=\"en_GB\" \/>\n<meta property=\"og:type\" content=\"article\" \/>\n<meta property=\"og:title\" content=\"Lenkrad - RONTOOL\" \/>\n<meta property=\"og:description\" content=\"Das Holzspielzeug Lenkrad geh\u00f6rt in jede Rennfahrer-Ausr\u00fcstung. Es ist in viele denkbare &#8222;Rennautos&#8220; integrierbar. drinnen_ z.B. im Holzauto, am Kinder-Bett, an der Wand, am Schrank. drau\u00dfen_ z.B. im Baumhaus oder Kletterger\u00fcst. oder einfach lose f\u00fcr die gro\u00dfen Abenteuer-Luftfantasie-Fahrten. F\u00fcr eine drehbare Wandbefestigung des Lenkrades ist die Wandhalterung f\u00fcr Lenkr\u00e4der inklusive. Sie kommt mit einer M10ner [...]\" \/>\n<meta property=\"og:url\" content=\"https:\/\/www.rontool.de\/en\/shop\/lenkrad\/\" \/>\n<meta property=\"og:site_name\" content=\"RONTOOL\" \/>\n<meta property=\"article:modified_time\" content=\"2023-11-26T20:45:15+00:00\" \/>\n<meta property=\"og:image\" content=\"https:\/\/www.rontool.de\/wp-content\/uploads\/2020\/11\/AA_Lenkrad_01.jpg\" \/>\n\t<meta property=\"og:image:width\" content=\"1024\" \/>\n\t<meta property=\"og:image:height\" content=\"1024\" \/>\n\t<meta property=\"og:image:type\" content=\"image\/jpeg\" \/>\n<meta name=\"twitter:card\" content=\"summary_large_image\" \/>\n<meta name=\"twitter:label1\" content=\"Estimated reading time\" \/>\n\t<meta name=\"twitter:data1\" content=\"1 minute\" \/>\n<script type=\"application\/ld+json\" class=\"yoast-schema-graph\">{\"@context\":\"https:\/\/schema.org\",\"@graph\":[{\"@type\":\"WebPage\",\"@id\":\"https:\/\/www.rontool.de\/shop\/lenkrad\/\",\"url\":\"https:\/\/www.rontool.de\/shop\/lenkrad\/\",\"name\":\"Lenkrad - RONTOOL\",\"isPartOf\":{\"@id\":\"https:\/\/rontool.de\/#website\"},\"primaryImageOfPage\":{\"@id\":\"https:\/\/www.rontool.de\/shop\/lenkrad\/#primaryimage\"},\"image\":{\"@id\":\"https:\/\/www.rontool.de\/shop\/lenkrad\/#primaryimage\"},\"thumbnailUrl\":\"https:\/\/www.rontool.de\/wp-content\/uploads\/2020\/11\/AA_Lenkrad_01.jpg\",\"datePublished\":\"2018-07-09T19:15:04+00:00\",\"dateModified\":\"2023-11-26T20:45:15+00:00\",\"breadcrumb\":{\"@id\":\"https:\/\/www.rontool.de\/shop\/lenkrad\/#breadcrumb\"},\"inLanguage\":\"en-GB\",\"potentialAction\":[{\"@type\":\"ReadAction\",\"target\":[\"https:\/\/www.rontool.de\/shop\/lenkrad\/\"]}]},{\"@type\":\"ImageObject\",\"inLanguage\":\"en-GB\",\"@id\":\"https:\/\/www.rontool.de\/shop\/lenkrad\/#primaryimage\",\"url\":\"https:\/\/www.rontool.de\/wp-content\/uploads\/2020\/11\/AA_Lenkrad_01.jpg\",\"contentUrl\":\"https:\/\/www.rontool.de\/wp-content\/uploads\/2020\/11\/AA_Lenkrad_01.jpg\",\"width\":1024,\"height\":1024},{\"@type\":\"BreadcrumbList\",\"@id\":\"https:\/\/www.rontool.de\/shop\/lenkrad\/#breadcrumb\",\"itemListElement\":[{\"@type\":\"ListItem\",\"position\":1,\"name\":\"Shop\",\"item\":\"https:\/\/www.rontool.de\/shop\/\"},{\"@type\":\"ListItem\",\"position\":2,\"name\":\"Lenkrad\"}]},{\"@type\":\"WebSite\",\"@id\":\"https:\/\/rontool.de\/#website\",\"url\":\"https:\/\/rontool.de\/\",\"name\":\"RONTOOL\",\"description\":\"Holzspielzeug aus Berlin f\u00fcr Kinder und Erwachsene\",\"potentialAction\":[{\"@type\":\"SearchAction\",\"target\":{\"@type\":\"EntryPoint\",\"urlTemplate\":\"https:\/\/rontool.de\/?s={search_term_string}\"},\"query-input\":{\"@type\":\"PropertyValueSpecification\",\"valueRequired\":true,\"valueName\":\"search_term_string\"}}],\"inLanguage\":\"en-GB\"}]}<\/script>\n<!-- \/ Yoast SEO plugin. -->","yoast_head_json":{"title":"Lenkrad - RONTOOL","robots":{"index":"index","follow":"follow","max-snippet":"max-snippet:-1","max-image-preview":"max-image-preview:large","max-video-preview":"max-video-preview:-1"},"canonical":"https:\/\/www.rontool.de\/en\/shop\/lenkrad\/","og_locale":"en_GB","og_type":"article","og_title":"Lenkrad - RONTOOL","og_description":"Das Holzspielzeug Lenkrad geh\u00f6rt in jede Rennfahrer-Ausr\u00fcstung. Es ist in viele denkbare &#8222;Rennautos&#8220; integrierbar. drinnen_ z.B. im Holzauto, am Kinder-Bett, an der Wand, am Schrank. drau\u00dfen_ z.B. im Baumhaus oder Kletterger\u00fcst. oder einfach lose f\u00fcr die gro\u00dfen Abenteuer-Luftfantasie-Fahrten. F\u00fcr eine drehbare Wandbefestigung des Lenkrades ist die Wandhalterung f\u00fcr Lenkr\u00e4der inklusive. Sie kommt mit einer M10ner [...]","og_url":"https:\/\/www.rontool.de\/en\/shop\/lenkrad\/","og_site_name":"RONTOOL","article_modified_time":"2023-11-26T20:45:15+00:00","og_image":[{"width":1024,"height":1024,"url":"https:\/\/www.rontool.de\/wp-content\/uploads\/2020\/11\/AA_Lenkrad_01.jpg","type":"image\/jpeg"}],"twitter_card":"summary_large_image","twitter_misc":{"Estimated reading time":"1 minute"},"schema":{"@context":"https:\/\/schema.org","@graph":[{"@type":"WebPage","@id":"https:\/\/www.rontool.de\/shop\/lenkrad\/","url":"https:\/\/www.rontool.de\/shop\/lenkrad\/","name":"Lenkrad - RONTOOL","isPartOf":{"@id":"https:\/\/rontool.de\/#website"},"primaryImageOfPage":{"@id":"https:\/\/www.rontool.de\/shop\/lenkrad\/#primaryimage"},"image":{"@id":"https:\/\/www.rontool.de\/shop\/lenkrad\/#primaryimage"},"thumbnailUrl":"https:\/\/www.rontool.de\/wp-content\/uploads\/2020\/11\/AA_Lenkrad_01.jpg","datePublished":"2018-07-09T19:15:04+00:00","dateModified":"2023-11-26T20:45:15+00:00","breadcrumb":{"@id":"https:\/\/www.rontool.de\/shop\/lenkrad\/#breadcrumb"},"inLanguage":"en-GB","potentialAction":[{"@type":"ReadAction","target":["https:\/\/www.rontool.de\/shop\/lenkrad\/"]}]},{"@type":"ImageObject","inLanguage":"en-GB","@id":"https:\/\/www.rontool.de\/shop\/lenkrad\/#primaryimage","url":"https:\/\/www.rontool.de\/wp-content\/uploads\/2020\/11\/AA_Lenkrad_01.jpg","contentUrl":"https:\/\/www.rontool.de\/wp-content\/uploads\/2020\/11\/AA_Lenkrad_01.jpg","width":1024,"height":1024},{"@type":"BreadcrumbList","@id":"https:\/\/www.rontool.de\/shop\/lenkrad\/#breadcrumb","itemListElement":[{"@type":"ListItem","position":1,"name":"Shop","item":"https:\/\/www.rontool.de\/shop\/"},{"@type":"ListItem","position":2,"name":"Lenkrad"}]},{"@type":"WebSite","@id":"https:\/\/rontool.de\/#website","url":"https:\/\/rontool.de\/","name":"RONTOOL","description":"Holzspielzeug aus Berlin f\u00fcr Kinder und Erwachsene","potentialAction":[{"@type":"SearchAction","target":{"@type":"EntryPoint","urlTemplate":"https:\/\/rontool.de\/?s={search_term_string}"},"query-input":{"@type":"PropertyValueSpecification","valueRequired":true,"valueName":"search_term_string"}}],"inLanguage":"en-GB"}]}},"_links":{"self":[{"href":"https:\/\/www.rontool.de\/en\/wp-json\/wp\/v2\/product\/695","targetHints":{"allow":["GET"]}}],"collection":[{"href":"https:\/\/www.rontool.de\/en\/wp-json\/wp\/v2\/product"}],"about":[{"href":"https:\/\/www.rontool.de\/en\/wp-json\/wp\/v2\/types\/product"}],"wp:featuredmedia":[{"embeddable":true,"href":"https:\/\/www.rontool.de\/en\/wp-json\/wp\/v2\/media\/8394"}],"wp:attachment":[{"href":"https:\/\/www.rontool.de\/en\/wp-json\/wp\/v2\/media?parent=695"}],"wp:term":[{"taxonomy":"product_brand","embeddable":true,"href":"https:\/\/www.rontool.de\/en\/wp-json\/wp\/v2\/product_brand?post=695"},{"taxonomy":"product_cat","embeddable":true,"href":"https:\/\/www.rontool.de\/en\/wp-json\/wp\/v2\/product_cat?post=695"},{"taxonomy":"product_tag","embeddable":true,"href":"https:\/\/www.rontool.de\/en\/wp-json\/wp\/v2\/product_tag?post=695"}],"curies":[{"name":"wp","href":"https:\/\/api.w.org\/{rel}","templated":true}]}}