{"id":8407,"date":"2020-12-12T17:09:44","date_gmt":"2020-12-12T17:09:44","guid":{"rendered":"https:\/\/rontool.de\/?post_type=product&#038;p=8407"},"modified":"2025-12-14T10:43:26","modified_gmt":"2025-12-14T10:43:26","slug":"hakengriff","status":"publish","type":"product","link":"https:\/\/www.rontool.de\/en\/shop\/hakengriff\/","title":{"rendered":"Hook handle"},"content":{"rendered":"<h2>Hook handle<\/h2>\n<p>The hook handle is conceived and made for sleds, tricycles, dog leashes, bobby cars or whatever has to be pulled or lifted. They lie very comfortably in the hand and also offer enough space for large hands and in thick gloves. They are always stable.<\/p>\n<p>A catch for everything that has no catch.<\/p>\n<p>Dimensions:<\/p>\n<p class=\"translation-block\">Length: 16 cm <br>\nWidth: 15 cm <br>\nDepth: 1.8 cm<\/p>\n<p>Weight: 100g<\/p>\n<p class=\"translation-block\">In the rontool shop there is also the <a href=\"https:\/\/www.rontool.de\/en\/shop\/schlittengriff-hakengriff\/\" target=\"_self\"> slide handle <\/a> and lots of other hooks. Can also be easily combined with the <a href=\"https:\/\/www.rontool.de\/en\/shop\/seilwinde\/\" target=\"_self\"> winch <\/a>.<\/p>\n<p class=\"translation-block\">You can find more information about sustainably built sledges <a href=\"https:\/\/www.hans-natur.de\/spiel-spass-und-bewegung\/spielzeug-fuer-draussen\/schlitten_c806.html\" target=\"_self\"> here <\/a> in the Hans Natur Shop.<\/p>","protected":false},"excerpt":{"rendered":"<p>Hakengriff Der Hakengriff ist erdacht und gemacht f\u00fcr Schlitten, Dreir\u00e4der, Hundeleinen, Bobbycars oder was auch immer mal gezogen oder auch gehoben werden muss. Sie liegen sehr bequem in der Hand und bieten auch gen\u00fcgend Platz bei gro\u00dfen H\u00e4nden und in dicken Handschuhen. Stabil sind sie allemal. Ein Haken f\u00fcr alles, dass keinen Haken hat. Ma\u00dfe: [&#8230;]\n","protected":false},"featured_media":1608,"template":"","meta":[],"product_brand":[],"product_cat":[34],"product_tag":[66,57,71],"class_list":{"0":"post-8407","1":"product","2":"type-product","3":"status-publish","4":"has-post-thumbnail","6":"product_cat-abenteuer","7":"product_tag-kreativspielzeug","8":"product_tag-robustes-spielzeug","9":"product_tag-winterspielzeug","11":"first","12":"outofstock","13":"taxable","14":"shipping-taxable","15":"purchasable","16":"product-type-simple"},"yoast_head":"<!-- This site is optimized with the Yoast SEO plugin v27.2 - https:\/\/yoast.com\/product\/yoast-seo-wordpress\/ -->\n<title>Hakengriff aus Holz f\u00fcr Kinderh\u00e4nde und auch f\u00fcr dich<\/title>\n<meta name=\"description\" content=\"Hakengriff: rontool - Griffe sind gemacht f\u00fcr Schlitten, Hunde, Dreir\u00e4der, Bobbycars oder was auch immer mal gezogen werden muss\" \/>\n<meta name=\"robots\" content=\"index, follow, max-snippet:-1, max-image-preview:large, max-video-preview:-1\" \/>\n<link rel=\"canonical\" href=\"https:\/\/www.rontool.de\/en\/shop\/hakengriff\/\" \/>\n<meta property=\"og:locale\" content=\"en_GB\" \/>\n<meta property=\"og:type\" content=\"article\" \/>\n<meta property=\"og:title\" content=\"Hakengriff aus Holz f\u00fcr Kinderh\u00e4nde und auch f\u00fcr dich\" \/>\n<meta property=\"og:description\" content=\"Hakengriff: rontool - Griffe sind gemacht f\u00fcr Schlitten, Hunde, Dreir\u00e4der, Bobbycars oder was auch immer mal gezogen werden muss\" \/>\n<meta property=\"og:url\" content=\"https:\/\/www.rontool.de\/en\/shop\/hakengriff\/\" \/>\n<meta property=\"og:site_name\" content=\"RONTOOL\" \/>\n<meta property=\"article:modified_time\" content=\"2025-12-14T10:43:26+00:00\" \/>\n<meta property=\"og:image\" content=\"https:\/\/www.rontool.de\/wp-content\/uploads\/2018\/10\/Hakengriff_01.jpg\" \/>\n\t<meta property=\"og:image:width\" content=\"1500\" \/>\n\t<meta property=\"og:image:height\" content=\"1500\" \/>\n\t<meta property=\"og:image:type\" content=\"image\/jpeg\" \/>\n<meta name=\"twitter:card\" content=\"summary_large_image\" \/>\n<meta name=\"twitter:label1\" content=\"Estimated reading time\" \/>\n\t<meta name=\"twitter:data1\" content=\"1 minute\" \/>\n<script type=\"application\/ld+json\" class=\"yoast-schema-graph\">{\"@context\":\"https:\/\/schema.org\",\"@graph\":[{\"@type\":\"WebPage\",\"@id\":\"https:\/\/www.rontool.de\/shop\/hakengriff\/\",\"url\":\"https:\/\/www.rontool.de\/shop\/hakengriff\/\",\"name\":\"Hakengriff aus Holz f\u00fcr Kinderh\u00e4nde und auch f\u00fcr dich\",\"isPartOf\":{\"@id\":\"https:\/\/rontool.de\/#website\"},\"primaryImageOfPage\":{\"@id\":\"https:\/\/www.rontool.de\/shop\/hakengriff\/#primaryimage\"},\"image\":{\"@id\":\"https:\/\/www.rontool.de\/shop\/hakengriff\/#primaryimage\"},\"thumbnailUrl\":\"https:\/\/www.rontool.de\/wp-content\/uploads\/2018\/10\/Hakengriff_01.jpg\",\"datePublished\":\"2020-12-12T17:09:44+00:00\",\"dateModified\":\"2025-12-14T10:43:26+00:00\",\"description\":\"Hakengriff: rontool - Griffe sind gemacht f\u00fcr Schlitten, Hunde, Dreir\u00e4der, Bobbycars oder was auch immer mal gezogen werden muss\",\"breadcrumb\":{\"@id\":\"https:\/\/www.rontool.de\/shop\/hakengriff\/#breadcrumb\"},\"inLanguage\":\"en-GB\",\"potentialAction\":[{\"@type\":\"ReadAction\",\"target\":[\"https:\/\/www.rontool.de\/shop\/hakengriff\/\"]}]},{\"@type\":\"ImageObject\",\"inLanguage\":\"en-GB\",\"@id\":\"https:\/\/www.rontool.de\/shop\/hakengriff\/#primaryimage\",\"url\":\"https:\/\/www.rontool.de\/wp-content\/uploads\/2018\/10\/Hakengriff_01.jpg\",\"contentUrl\":\"https:\/\/www.rontool.de\/wp-content\/uploads\/2018\/10\/Hakengriff_01.jpg\",\"width\":1500,\"height\":1500,\"caption\":\"Hakengriff, griff mit Haken, Holzgriff\"},{\"@type\":\"BreadcrumbList\",\"@id\":\"https:\/\/www.rontool.de\/shop\/hakengriff\/#breadcrumb\",\"itemListElement\":[{\"@type\":\"ListItem\",\"position\":1,\"name\":\"Shop\",\"item\":\"https:\/\/www.rontool.de\/shop\/\"},{\"@type\":\"ListItem\",\"position\":2,\"name\":\"Hakengriff\"}]},{\"@type\":\"WebSite\",\"@id\":\"https:\/\/rontool.de\/#website\",\"url\":\"https:\/\/rontool.de\/\",\"name\":\"RONTOOL\",\"description\":\"Holzspielzeug aus Berlin f\u00fcr Kinder und Erwachsene\",\"potentialAction\":[{\"@type\":\"SearchAction\",\"target\":{\"@type\":\"EntryPoint\",\"urlTemplate\":\"https:\/\/rontool.de\/?s={search_term_string}\"},\"query-input\":{\"@type\":\"PropertyValueSpecification\",\"valueRequired\":true,\"valueName\":\"search_term_string\"}}],\"inLanguage\":\"en-GB\"}]}<\/script>\n<!-- \/ Yoast SEO plugin. -->","yoast_head_json":{"title":"Hakengriff aus Holz f\u00fcr Kinderh\u00e4nde und auch f\u00fcr dich","description":"Hakengriff: rontool - Griffe sind gemacht f\u00fcr Schlitten, Hunde, Dreir\u00e4der, Bobbycars oder was auch immer mal gezogen werden muss","robots":{"index":"index","follow":"follow","max-snippet":"max-snippet:-1","max-image-preview":"max-image-preview:large","max-video-preview":"max-video-preview:-1"},"canonical":"https:\/\/www.rontool.de\/en\/shop\/hakengriff\/","og_locale":"en_GB","og_type":"article","og_title":"Hakengriff aus Holz f\u00fcr Kinderh\u00e4nde und auch f\u00fcr dich","og_description":"Hakengriff: rontool - Griffe sind gemacht f\u00fcr Schlitten, Hunde, Dreir\u00e4der, Bobbycars oder was auch immer mal gezogen werden muss","og_url":"https:\/\/www.rontool.de\/en\/shop\/hakengriff\/","og_site_name":"RONTOOL","article_modified_time":"2025-12-14T10:43:26+00:00","og_image":[{"width":1500,"height":1500,"url":"https:\/\/www.rontool.de\/wp-content\/uploads\/2018\/10\/Hakengriff_01.jpg","type":"image\/jpeg"}],"twitter_card":"summary_large_image","twitter_misc":{"Estimated reading time":"1 minute"},"schema":{"@context":"https:\/\/schema.org","@graph":[{"@type":"WebPage","@id":"https:\/\/www.rontool.de\/shop\/hakengriff\/","url":"https:\/\/www.rontool.de\/shop\/hakengriff\/","name":"Hakengriff aus Holz f\u00fcr Kinderh\u00e4nde und auch f\u00fcr dich","isPartOf":{"@id":"https:\/\/rontool.de\/#website"},"primaryImageOfPage":{"@id":"https:\/\/www.rontool.de\/shop\/hakengriff\/#primaryimage"},"image":{"@id":"https:\/\/www.rontool.de\/shop\/hakengriff\/#primaryimage"},"thumbnailUrl":"https:\/\/www.rontool.de\/wp-content\/uploads\/2018\/10\/Hakengriff_01.jpg","datePublished":"2020-12-12T17:09:44+00:00","dateModified":"2025-12-14T10:43:26+00:00","description":"Hakengriff: rontool - Griffe sind gemacht f\u00fcr Schlitten, Hunde, Dreir\u00e4der, Bobbycars oder was auch immer mal gezogen werden muss","breadcrumb":{"@id":"https:\/\/www.rontool.de\/shop\/hakengriff\/#breadcrumb"},"inLanguage":"en-GB","potentialAction":[{"@type":"ReadAction","target":["https:\/\/www.rontool.de\/shop\/hakengriff\/"]}]},{"@type":"ImageObject","inLanguage":"en-GB","@id":"https:\/\/www.rontool.de\/shop\/hakengriff\/#primaryimage","url":"https:\/\/www.rontool.de\/wp-content\/uploads\/2018\/10\/Hakengriff_01.jpg","contentUrl":"https:\/\/www.rontool.de\/wp-content\/uploads\/2018\/10\/Hakengriff_01.jpg","width":1500,"height":1500,"caption":"Hakengriff, griff mit Haken, Holzgriff"},{"@type":"BreadcrumbList","@id":"https:\/\/www.rontool.de\/shop\/hakengriff\/#breadcrumb","itemListElement":[{"@type":"ListItem","position":1,"name":"Shop","item":"https:\/\/www.rontool.de\/shop\/"},{"@type":"ListItem","position":2,"name":"Hakengriff"}]},{"@type":"WebSite","@id":"https:\/\/rontool.de\/#website","url":"https:\/\/rontool.de\/","name":"RONTOOL","description":"Holzspielzeug aus Berlin f\u00fcr Kinder und Erwachsene","potentialAction":[{"@type":"SearchAction","target":{"@type":"EntryPoint","urlTemplate":"https:\/\/rontool.de\/?s={search_term_string}"},"query-input":{"@type":"PropertyValueSpecification","valueRequired":true,"valueName":"search_term_string"}}],"inLanguage":"en-GB"}]}},"_links":{"self":[{"href":"https:\/\/www.rontool.de\/en\/wp-json\/wp\/v2\/product\/8407","targetHints":{"allow":["GET"]}}],"collection":[{"href":"https:\/\/www.rontool.de\/en\/wp-json\/wp\/v2\/product"}],"about":[{"href":"https:\/\/www.rontool.de\/en\/wp-json\/wp\/v2\/types\/product"}],"wp:featuredmedia":[{"embeddable":true,"href":"https:\/\/www.rontool.de\/en\/wp-json\/wp\/v2\/media\/1608"}],"wp:attachment":[{"href":"https:\/\/www.rontool.de\/en\/wp-json\/wp\/v2\/media?parent=8407"}],"wp:term":[{"taxonomy":"product_brand","embeddable":true,"href":"https:\/\/www.rontool.de\/en\/wp-json\/wp\/v2\/product_brand?post=8407"},{"taxonomy":"product_cat","embeddable":true,"href":"https:\/\/www.rontool.de\/en\/wp-json\/wp\/v2\/product_cat?post=8407"},{"taxonomy":"product_tag","embeddable":true,"href":"https:\/\/www.rontool.de\/en\/wp-json\/wp\/v2\/product_tag?post=8407"}],"curies":[{"name":"wp","href":"https:\/\/api.w.org\/{rel}","templated":true}]}}