{"id":9227,"date":"2023-02-09T12:59:41","date_gmt":"2023-02-09T12:59:41","guid":{"rendered":"https:\/\/www.rontool.de\/?post_type=product&#038;p=9227"},"modified":"2023-02-09T13:34:39","modified_gmt":"2023-02-09T13:34:39","slug":"verstellbare-tastaturerhoehung","status":"publish","type":"product","link":"https:\/\/www.rontool.de\/en\/shop\/verstellbare-tastaturerhoehung\/","title":{"rendered":"verstellbare Tastaturerh\u00f6hung \/ Buchhalter \/ Tabletst\u00e4nder \/ Notebookhalter"},"content":{"rendered":"<h2>verstellbare Tastaturerh\u00f6hung \/ Buchaufsteller \/ Tabletst\u00e4nder \/ Notebookhalter<\/h2>\n<p>Der kleine faltbare Laptophalter eignet sich super zum Aufstellen und Er\u00f6hen von kleinen Notebooks &amp; Tablets. Er bringt deine Tastatur in eine entspanntere Arbeitsposition.<\/p>\n<p>Er l\u00e4sst sich durch das flexible Einlegen des Rundstabs in die 4 Kerben auf beiden Seiten mehrfach in der H\u00f6he verstellen. Am besten ist er wohl als verstellbare Tastaturerh\u00f6hung geeignet.<\/p>\n<p>Aber auch f\u00fcr B\u00fccher, Fotos, Bilder, Beamer oder was du sonst noch gerade verwendest, kannst du ihn benutzen. Du k\u00f6nntest so z.B. ein Buch lesen und h\u00e4ttest deine beiden H\u00e4nde dabei frei.<\/p>\n<p>Wir haben noch einen <a href=\"https:\/\/www.rontool.de\/en\/shop\/handyhalter\/\">kleinen<\/a> festen St\u00e4nder f\u00fcr Smartphones und einen etwas <a href=\"https:\/\/www.rontool.de\/en\/shop\/tablethalter\/\">gr\u00f6\u00dfer<\/a>en f\u00fcr Tablets.<\/p>\n<p>Gr\u00f6\u00dfe \/ Ma\u00dfe \/ Gewicht<\/p>\n<p>Breite: 23cm<\/p>\n<p>Length: 25cm<\/p>\n<p>H\u00f6hen am hinteren oberen Ende: 2cm (flach) \/ 4cm \/\u00a08cm \/\u00a011 cm \/ \u00a017cm<\/p>\n<p>Gewicht: 230g<\/p>\n<p>&nbsp;<\/p>","protected":false},"excerpt":{"rendered":"<p>Dieser kleine leichte klappbare Laptophalter bringt dein Device in ein entspanntere Arbeitsposition und l\u00e4sst sich mehrfach verstellen.<\/p>","protected":false},"featured_media":9228,"template":"","meta":[],"product_brand":[],"product_cat":[39],"product_tag":[82,75],"class_list":{"0":"post-9227","1":"product","2":"type-product","3":"status-publish","4":"has-post-thumbnail","6":"product_cat-erwachsene","7":"product_tag-business","8":"product_tag-haushalt","10":"first","11":"instock","12":"taxable","13":"shipping-taxable","14":"purchasable","15":"product-type-simple"},"yoast_head":"<!-- This site is optimized with the Yoast SEO plugin v27.2 - https:\/\/yoast.com\/product\/yoast-seo-wordpress\/ -->\n<title>verstellbare Tastaturerh\u00f6hung aus Holz<\/title>\n<meta name=\"description\" content=\"Dieser kleine und leichte verstellbare Tastaturerh\u00f6hung bringt dein Notebook in ein entspanntere Arbeitsposition und l\u00e4sst sich mehrfach verstellen.\" \/>\n<meta name=\"robots\" content=\"index, follow, max-snippet:-1, max-image-preview:large, max-video-preview:-1\" \/>\n<link rel=\"canonical\" href=\"https:\/\/www.rontool.de\/en\/shop\/verstellbare-tastaturerhoehung\/\" \/>\n<meta property=\"og:locale\" content=\"en_GB\" \/>\n<meta property=\"og:type\" content=\"article\" \/>\n<meta property=\"og:title\" content=\"verstellbare Tastaturerh\u00f6hung aus Holz\" \/>\n<meta property=\"og:description\" content=\"Dieser kleine und leichte verstellbare Tastaturerh\u00f6hung bringt dein Notebook in ein entspanntere Arbeitsposition und l\u00e4sst sich mehrfach verstellen.\" \/>\n<meta property=\"og:url\" content=\"https:\/\/www.rontool.de\/en\/shop\/verstellbare-tastaturerhoehung\/\" \/>\n<meta property=\"og:site_name\" content=\"RONTOOL\" \/>\n<meta property=\"article:modified_time\" content=\"2023-02-09T13:34:39+00:00\" \/>\n<meta property=\"og:image\" content=\"https:\/\/www.rontool.de\/wp-content\/uploads\/2023\/02\/Laptophalter0-scaled.jpg\" \/>\n\t<meta property=\"og:image:width\" content=\"2560\" \/>\n\t<meta property=\"og:image:height\" content=\"1920\" \/>\n\t<meta property=\"og:image:type\" content=\"image\/jpeg\" \/>\n<meta name=\"twitter:card\" content=\"summary_large_image\" \/>\n<meta name=\"twitter:label1\" content=\"Estimated reading time\" \/>\n\t<meta name=\"twitter:data1\" content=\"1 minute\" \/>\n<script type=\"application\/ld+json\" class=\"yoast-schema-graph\">{\"@context\":\"https:\/\/schema.org\",\"@graph\":[{\"@type\":\"WebPage\",\"@id\":\"https:\/\/www.rontool.de\/shop\/verstellbare-tastaturerhoehung\/\",\"url\":\"https:\/\/www.rontool.de\/shop\/verstellbare-tastaturerhoehung\/\",\"name\":\"verstellbare Tastaturerh\u00f6hung aus Holz\",\"isPartOf\":{\"@id\":\"https:\/\/rontool.de\/#website\"},\"primaryImageOfPage\":{\"@id\":\"https:\/\/www.rontool.de\/shop\/verstellbare-tastaturerhoehung\/#primaryimage\"},\"image\":{\"@id\":\"https:\/\/www.rontool.de\/shop\/verstellbare-tastaturerhoehung\/#primaryimage\"},\"thumbnailUrl\":\"https:\/\/www.rontool.de\/wp-content\/uploads\/2023\/02\/Laptophalter0-scaled.jpg\",\"datePublished\":\"2023-02-09T12:59:41+00:00\",\"dateModified\":\"2023-02-09T13:34:39+00:00\",\"description\":\"Dieser kleine und leichte verstellbare Tastaturerh\u00f6hung bringt dein Notebook in ein entspanntere Arbeitsposition und l\u00e4sst sich mehrfach verstellen.\",\"breadcrumb\":{\"@id\":\"https:\/\/www.rontool.de\/shop\/verstellbare-tastaturerhoehung\/#breadcrumb\"},\"inLanguage\":\"en-GB\",\"potentialAction\":[{\"@type\":\"ReadAction\",\"target\":[\"https:\/\/www.rontool.de\/shop\/verstellbare-tastaturerhoehung\/\"]}]},{\"@type\":\"ImageObject\",\"inLanguage\":\"en-GB\",\"@id\":\"https:\/\/www.rontool.de\/shop\/verstellbare-tastaturerhoehung\/#primaryimage\",\"url\":\"https:\/\/www.rontool.de\/wp-content\/uploads\/2023\/02\/Laptophalter0-scaled.jpg\",\"contentUrl\":\"https:\/\/www.rontool.de\/wp-content\/uploads\/2023\/02\/Laptophalter0-scaled.jpg\",\"width\":2560,\"height\":1920,\"caption\":\"Laptophalter\"},{\"@type\":\"BreadcrumbList\",\"@id\":\"https:\/\/www.rontool.de\/shop\/verstellbare-tastaturerhoehung\/#breadcrumb\",\"itemListElement\":[{\"@type\":\"ListItem\",\"position\":1,\"name\":\"Shop\",\"item\":\"https:\/\/www.rontool.de\/shop\/\"},{\"@type\":\"ListItem\",\"position\":2,\"name\":\"verstellbare Tastaturerh\u00f6hung \/ Buchhalter \/ Tabletst\u00e4nder \/ Notebookhalter\"}]},{\"@type\":\"WebSite\",\"@id\":\"https:\/\/rontool.de\/#website\",\"url\":\"https:\/\/rontool.de\/\",\"name\":\"RONTOOL\",\"description\":\"Holzspielzeug aus Berlin f\u00fcr Kinder und Erwachsene\",\"potentialAction\":[{\"@type\":\"SearchAction\",\"target\":{\"@type\":\"EntryPoint\",\"urlTemplate\":\"https:\/\/rontool.de\/?s={search_term_string}\"},\"query-input\":{\"@type\":\"PropertyValueSpecification\",\"valueRequired\":true,\"valueName\":\"search_term_string\"}}],\"inLanguage\":\"en-GB\"}]}<\/script>\n<!-- \/ Yoast SEO plugin. -->","yoast_head_json":{"title":"verstellbare Tastaturerh\u00f6hung aus Holz","description":"Dieser kleine und leichte verstellbare Tastaturerh\u00f6hung bringt dein Notebook in ein entspanntere Arbeitsposition und l\u00e4sst sich mehrfach verstellen.","robots":{"index":"index","follow":"follow","max-snippet":"max-snippet:-1","max-image-preview":"max-image-preview:large","max-video-preview":"max-video-preview:-1"},"canonical":"https:\/\/www.rontool.de\/en\/shop\/verstellbare-tastaturerhoehung\/","og_locale":"en_GB","og_type":"article","og_title":"verstellbare Tastaturerh\u00f6hung aus Holz","og_description":"Dieser kleine und leichte verstellbare Tastaturerh\u00f6hung bringt dein Notebook in ein entspanntere Arbeitsposition und l\u00e4sst sich mehrfach verstellen.","og_url":"https:\/\/www.rontool.de\/en\/shop\/verstellbare-tastaturerhoehung\/","og_site_name":"RONTOOL","article_modified_time":"2023-02-09T13:34:39+00:00","og_image":[{"width":2560,"height":1920,"url":"https:\/\/www.rontool.de\/wp-content\/uploads\/2023\/02\/Laptophalter0-scaled.jpg","type":"image\/jpeg"}],"twitter_card":"summary_large_image","twitter_misc":{"Estimated reading time":"1 minute"},"schema":{"@context":"https:\/\/schema.org","@graph":[{"@type":"WebPage","@id":"https:\/\/www.rontool.de\/shop\/verstellbare-tastaturerhoehung\/","url":"https:\/\/www.rontool.de\/shop\/verstellbare-tastaturerhoehung\/","name":"verstellbare Tastaturerh\u00f6hung aus Holz","isPartOf":{"@id":"https:\/\/rontool.de\/#website"},"primaryImageOfPage":{"@id":"https:\/\/www.rontool.de\/shop\/verstellbare-tastaturerhoehung\/#primaryimage"},"image":{"@id":"https:\/\/www.rontool.de\/shop\/verstellbare-tastaturerhoehung\/#primaryimage"},"thumbnailUrl":"https:\/\/www.rontool.de\/wp-content\/uploads\/2023\/02\/Laptophalter0-scaled.jpg","datePublished":"2023-02-09T12:59:41+00:00","dateModified":"2023-02-09T13:34:39+00:00","description":"Dieser kleine und leichte verstellbare Tastaturerh\u00f6hung bringt dein Notebook in ein entspanntere Arbeitsposition und l\u00e4sst sich mehrfach verstellen.","breadcrumb":{"@id":"https:\/\/www.rontool.de\/shop\/verstellbare-tastaturerhoehung\/#breadcrumb"},"inLanguage":"en-GB","potentialAction":[{"@type":"ReadAction","target":["https:\/\/www.rontool.de\/shop\/verstellbare-tastaturerhoehung\/"]}]},{"@type":"ImageObject","inLanguage":"en-GB","@id":"https:\/\/www.rontool.de\/shop\/verstellbare-tastaturerhoehung\/#primaryimage","url":"https:\/\/www.rontool.de\/wp-content\/uploads\/2023\/02\/Laptophalter0-scaled.jpg","contentUrl":"https:\/\/www.rontool.de\/wp-content\/uploads\/2023\/02\/Laptophalter0-scaled.jpg","width":2560,"height":1920,"caption":"Laptophalter"},{"@type":"BreadcrumbList","@id":"https:\/\/www.rontool.de\/shop\/verstellbare-tastaturerhoehung\/#breadcrumb","itemListElement":[{"@type":"ListItem","position":1,"name":"Shop","item":"https:\/\/www.rontool.de\/shop\/"},{"@type":"ListItem","position":2,"name":"verstellbare Tastaturerh\u00f6hung \/ Buchhalter \/ Tabletst\u00e4nder \/ Notebookhalter"}]},{"@type":"WebSite","@id":"https:\/\/rontool.de\/#website","url":"https:\/\/rontool.de\/","name":"RONTOOL","description":"Holzspielzeug aus Berlin f\u00fcr Kinder und Erwachsene","potentialAction":[{"@type":"SearchAction","target":{"@type":"EntryPoint","urlTemplate":"https:\/\/rontool.de\/?s={search_term_string}"},"query-input":{"@type":"PropertyValueSpecification","valueRequired":true,"valueName":"search_term_string"}}],"inLanguage":"en-GB"}]}},"_links":{"self":[{"href":"https:\/\/www.rontool.de\/en\/wp-json\/wp\/v2\/product\/9227","targetHints":{"allow":["GET"]}}],"collection":[{"href":"https:\/\/www.rontool.de\/en\/wp-json\/wp\/v2\/product"}],"about":[{"href":"https:\/\/www.rontool.de\/en\/wp-json\/wp\/v2\/types\/product"}],"wp:featuredmedia":[{"embeddable":true,"href":"https:\/\/www.rontool.de\/en\/wp-json\/wp\/v2\/media\/9228"}],"wp:attachment":[{"href":"https:\/\/www.rontool.de\/en\/wp-json\/wp\/v2\/media?parent=9227"}],"wp:term":[{"taxonomy":"product_brand","embeddable":true,"href":"https:\/\/www.rontool.de\/en\/wp-json\/wp\/v2\/product_brand?post=9227"},{"taxonomy":"product_cat","embeddable":true,"href":"https:\/\/www.rontool.de\/en\/wp-json\/wp\/v2\/product_cat?post=9227"},{"taxonomy":"product_tag","embeddable":true,"href":"https:\/\/www.rontool.de\/en\/wp-json\/wp\/v2\/product_tag?post=9227"}],"curies":[{"name":"wp","href":"https:\/\/api.w.org\/{rel}","templated":true}]}}