{"id":9463,"date":"2024-12-03T08:30:43","date_gmt":"2024-12-03T08:30:43","guid":{"rendered":"https:\/\/www.rontool.de\/?post_type=product&#038;p=9463"},"modified":"2024-12-03T08:42:36","modified_gmt":"2024-12-03T08:42:36","slug":"axt","status":"publish","type":"product","link":"https:\/\/www.rontool.de\/en\/shop\/axt\/","title":{"rendered":"Axt"},"content":{"rendered":"<p>Eine gro\u00dfe Axt zum Holz hacken! Funktioniert aber Besser in Sand, Erde etc.<\/p>\n<p>Die Axt hat einen langen Griff mit gerundetem Abschluss und liegt damit optimal in kleinen Kinderh\u00e4nden, etwas Kraft braucht man schon f\u00fcr das Gewicht am langen Hebel. Das Loch im Griff erm\u00f6glich ein gutes Verstauen an Haken. Das Messer ist weich abgerundet. F\u00fcr echte Waldarbeiter, F\u00f6rster, Holzf\u00e4ller, G\u00e4rtner, Indianer, Piraten, Fleischer und Zirkusartisten&#8230;<\/p>\n<p>L\/B 50cm x 12,5cm<br \/>\nDicke &#8211; 1,8cm<br \/>\nGewicht &#8211; 300g<\/p>\n<p>Das <a href=\"https:\/\/www.rontool.de\/en\/shop\/beil\/\">Hatchet \/ tomahawk<\/a> ist der kleine Bruder und eine super Erg\u00e4nzung.<\/p>","protected":false},"excerpt":{"rendered":"<p>Eine gro\u00dfe Axt zum Holz hacken! Funktioniert aber Besser in Sand, Erde etc. Die Axt hat einen langen Griff mit gerundetem Abschluss und liegt damit optimal in kleinen Kinderh\u00e4nden, etwas Kraft braucht man schon f\u00fcr das Gewicht am langen Hebel. Das Loch im Griff erm\u00f6glich ein gutes Verstauen an Haken. Das Messer ist weich abgerundet. [&#8230;]\n","protected":false},"featured_media":9464,"template":"","meta":[],"product_brand":[],"product_cat":[39,37],"product_tag":[123,76,68,74,70,80],"class_list":{"0":"post-9463","1":"product","2":"type-product","3":"status-publish","4":"has-post-thumbnail","6":"product_cat-erwachsene","7":"product_cat-werkzeuge","8":"product_tag-dedraufhauen","9":"product_tag-geburtstagsgeschenke","10":"product_tag-hochzeitsgeschenke","11":"product_tag-mit-haken","12":"product_tag-wohnen-leben","13":"product_tag-zersplittern-und-zersaegen","15":"first","16":"instock","17":"taxable","18":"shipping-taxable","19":"purchasable","20":"product-type-simple"},"yoast_head":"<!-- This site is optimized with the Yoast SEO plugin v27.2 - https:\/\/yoast.com\/product\/yoast-seo-wordpress\/ -->\n<title>Axt - RONTOOL<\/title>\n<meta name=\"description\" content=\"Eine lange Axt aus Holz f\u00fcr echte Waldarbeiter, F\u00f6rster, Indianer, Piraten, Fleischer und Zirkusartisten...auch ideal als Accessoire zum Fasching \/ Karneval\" \/>\n<meta name=\"robots\" content=\"index, follow, max-snippet:-1, max-image-preview:large, max-video-preview:-1\" \/>\n<link rel=\"canonical\" href=\"https:\/\/www.rontool.de\/en\/shop\/axt\/\" \/>\n<meta property=\"og:locale\" content=\"en_GB\" \/>\n<meta property=\"og:type\" content=\"article\" \/>\n<meta property=\"og:title\" content=\"Axt - RONTOOL\" \/>\n<meta property=\"og:description\" content=\"Eine lange Axt aus Holz f\u00fcr echte Waldarbeiter, F\u00f6rster, Indianer, Piraten, Fleischer und Zirkusartisten...auch ideal als Accessoire zum Fasching \/ Karneval\" \/>\n<meta property=\"og:url\" content=\"https:\/\/www.rontool.de\/en\/shop\/axt\/\" \/>\n<meta property=\"og:site_name\" content=\"RONTOOL\" \/>\n<meta property=\"article:modified_time\" content=\"2024-12-03T08:42:36+00:00\" \/>\n<meta property=\"og:image\" content=\"https:\/\/www.rontool.de\/wp-content\/uploads\/2024\/12\/Axt-gerade.jpg\" \/>\n\t<meta property=\"og:image:width\" content=\"1200\" \/>\n\t<meta property=\"og:image:height\" content=\"802\" \/>\n\t<meta property=\"og:image:type\" content=\"image\/jpeg\" \/>\n<meta name=\"twitter:card\" content=\"summary_large_image\" \/>\n<meta name=\"twitter:label1\" content=\"Estimated reading time\" \/>\n\t<meta name=\"twitter:data1\" content=\"1 minute\" \/>\n<script type=\"application\/ld+json\" class=\"yoast-schema-graph\">{\"@context\":\"https:\/\/schema.org\",\"@graph\":[{\"@type\":\"WebPage\",\"@id\":\"https:\/\/www.rontool.de\/shop\/axt\/\",\"url\":\"https:\/\/www.rontool.de\/shop\/axt\/\",\"name\":\"Axt - RONTOOL\",\"isPartOf\":{\"@id\":\"https:\/\/rontool.de\/#website\"},\"primaryImageOfPage\":{\"@id\":\"https:\/\/www.rontool.de\/shop\/axt\/#primaryimage\"},\"image\":{\"@id\":\"https:\/\/www.rontool.de\/shop\/axt\/#primaryimage\"},\"thumbnailUrl\":\"https:\/\/www.rontool.de\/wp-content\/uploads\/2024\/12\/Axt-gerade.jpg\",\"datePublished\":\"2024-12-03T08:30:43+00:00\",\"dateModified\":\"2024-12-03T08:42:36+00:00\",\"description\":\"Eine lange Axt aus Holz f\u00fcr echte Waldarbeiter, F\u00f6rster, Indianer, Piraten, Fleischer und Zirkusartisten...auch ideal als Accessoire zum Fasching \/ Karneval\",\"breadcrumb\":{\"@id\":\"https:\/\/www.rontool.de\/shop\/axt\/#breadcrumb\"},\"inLanguage\":\"en-GB\",\"potentialAction\":[{\"@type\":\"ReadAction\",\"target\":[\"https:\/\/www.rontool.de\/shop\/axt\/\"]}]},{\"@type\":\"ImageObject\",\"inLanguage\":\"en-GB\",\"@id\":\"https:\/\/www.rontool.de\/shop\/axt\/#primaryimage\",\"url\":\"https:\/\/www.rontool.de\/wp-content\/uploads\/2024\/12\/Axt-gerade.jpg\",\"contentUrl\":\"https:\/\/www.rontool.de\/wp-content\/uploads\/2024\/12\/Axt-gerade.jpg\",\"width\":1200,\"height\":802,\"caption\":\"Axt aus Holz\"},{\"@type\":\"BreadcrumbList\",\"@id\":\"https:\/\/www.rontool.de\/shop\/axt\/#breadcrumb\",\"itemListElement\":[{\"@type\":\"ListItem\",\"position\":1,\"name\":\"Shop\",\"item\":\"https:\/\/www.rontool.de\/shop\/\"},{\"@type\":\"ListItem\",\"position\":2,\"name\":\"Axt\"}]},{\"@type\":\"WebSite\",\"@id\":\"https:\/\/rontool.de\/#website\",\"url\":\"https:\/\/rontool.de\/\",\"name\":\"RONTOOL\",\"description\":\"Holzspielzeug aus Berlin f\u00fcr Kinder und Erwachsene\",\"potentialAction\":[{\"@type\":\"SearchAction\",\"target\":{\"@type\":\"EntryPoint\",\"urlTemplate\":\"https:\/\/rontool.de\/?s={search_term_string}\"},\"query-input\":{\"@type\":\"PropertyValueSpecification\",\"valueRequired\":true,\"valueName\":\"search_term_string\"}}],\"inLanguage\":\"en-GB\"}]}<\/script>\n<!-- \/ Yoast SEO plugin. -->","yoast_head_json":{"title":"Axt - RONTOOL","description":"Eine lange Axt aus Holz f\u00fcr echte Waldarbeiter, F\u00f6rster, Indianer, Piraten, Fleischer und Zirkusartisten...auch ideal als Accessoire zum Fasching \/ Karneval","robots":{"index":"index","follow":"follow","max-snippet":"max-snippet:-1","max-image-preview":"max-image-preview:large","max-video-preview":"max-video-preview:-1"},"canonical":"https:\/\/www.rontool.de\/en\/shop\/axt\/","og_locale":"en_GB","og_type":"article","og_title":"Axt - RONTOOL","og_description":"Eine lange Axt aus Holz f\u00fcr echte Waldarbeiter, F\u00f6rster, Indianer, Piraten, Fleischer und Zirkusartisten...auch ideal als Accessoire zum Fasching \/ Karneval","og_url":"https:\/\/www.rontool.de\/en\/shop\/axt\/","og_site_name":"RONTOOL","article_modified_time":"2024-12-03T08:42:36+00:00","og_image":[{"width":1200,"height":802,"url":"https:\/\/www.rontool.de\/wp-content\/uploads\/2024\/12\/Axt-gerade.jpg","type":"image\/jpeg"}],"twitter_card":"summary_large_image","twitter_misc":{"Estimated reading time":"1 minute"},"schema":{"@context":"https:\/\/schema.org","@graph":[{"@type":"WebPage","@id":"https:\/\/www.rontool.de\/shop\/axt\/","url":"https:\/\/www.rontool.de\/shop\/axt\/","name":"Axt - RONTOOL","isPartOf":{"@id":"https:\/\/rontool.de\/#website"},"primaryImageOfPage":{"@id":"https:\/\/www.rontool.de\/shop\/axt\/#primaryimage"},"image":{"@id":"https:\/\/www.rontool.de\/shop\/axt\/#primaryimage"},"thumbnailUrl":"https:\/\/www.rontool.de\/wp-content\/uploads\/2024\/12\/Axt-gerade.jpg","datePublished":"2024-12-03T08:30:43+00:00","dateModified":"2024-12-03T08:42:36+00:00","description":"Eine lange Axt aus Holz f\u00fcr echte Waldarbeiter, F\u00f6rster, Indianer, Piraten, Fleischer und Zirkusartisten...auch ideal als Accessoire zum Fasching \/ Karneval","breadcrumb":{"@id":"https:\/\/www.rontool.de\/shop\/axt\/#breadcrumb"},"inLanguage":"en-GB","potentialAction":[{"@type":"ReadAction","target":["https:\/\/www.rontool.de\/shop\/axt\/"]}]},{"@type":"ImageObject","inLanguage":"en-GB","@id":"https:\/\/www.rontool.de\/shop\/axt\/#primaryimage","url":"https:\/\/www.rontool.de\/wp-content\/uploads\/2024\/12\/Axt-gerade.jpg","contentUrl":"https:\/\/www.rontool.de\/wp-content\/uploads\/2024\/12\/Axt-gerade.jpg","width":1200,"height":802,"caption":"Axt aus Holz"},{"@type":"BreadcrumbList","@id":"https:\/\/www.rontool.de\/shop\/axt\/#breadcrumb","itemListElement":[{"@type":"ListItem","position":1,"name":"Shop","item":"https:\/\/www.rontool.de\/shop\/"},{"@type":"ListItem","position":2,"name":"Axt"}]},{"@type":"WebSite","@id":"https:\/\/rontool.de\/#website","url":"https:\/\/rontool.de\/","name":"RONTOOL","description":"Holzspielzeug aus Berlin f\u00fcr Kinder und Erwachsene","potentialAction":[{"@type":"SearchAction","target":{"@type":"EntryPoint","urlTemplate":"https:\/\/rontool.de\/?s={search_term_string}"},"query-input":{"@type":"PropertyValueSpecification","valueRequired":true,"valueName":"search_term_string"}}],"inLanguage":"en-GB"}]}},"_links":{"self":[{"href":"https:\/\/www.rontool.de\/en\/wp-json\/wp\/v2\/product\/9463","targetHints":{"allow":["GET"]}}],"collection":[{"href":"https:\/\/www.rontool.de\/en\/wp-json\/wp\/v2\/product"}],"about":[{"href":"https:\/\/www.rontool.de\/en\/wp-json\/wp\/v2\/types\/product"}],"wp:featuredmedia":[{"embeddable":true,"href":"https:\/\/www.rontool.de\/en\/wp-json\/wp\/v2\/media\/9464"}],"wp:attachment":[{"href":"https:\/\/www.rontool.de\/en\/wp-json\/wp\/v2\/media?parent=9463"}],"wp:term":[{"taxonomy":"product_brand","embeddable":true,"href":"https:\/\/www.rontool.de\/en\/wp-json\/wp\/v2\/product_brand?post=9463"},{"taxonomy":"product_cat","embeddable":true,"href":"https:\/\/www.rontool.de\/en\/wp-json\/wp\/v2\/product_cat?post=9463"},{"taxonomy":"product_tag","embeddable":true,"href":"https:\/\/www.rontool.de\/en\/wp-json\/wp\/v2\/product_tag?post=9463"}],"curies":[{"name":"wp","href":"https:\/\/api.w.org\/{rel}","templated":true}]}}