{"id":981,"date":"2018-09-14T15:45:27","date_gmt":"2018-09-14T15:45:27","guid":{"rendered":"http:\/\/testzone-2018.rontool.de\/?post_type=product&#038;p=981"},"modified":"2023-11-26T21:23:19","modified_gmt":"2023-11-26T21:23:19","slug":"seilwinde","status":"publish","type":"product","link":"https:\/\/www.rontool.de\/en\/shop\/seilwinde\/","title":{"rendered":"Winch"},"content":{"rendered":"<h2>Winch<\/h2>\n<p>The winch is a very special rontool. With it, heavy objects can be easily pulled up and held in the air. Even small children manage to move the role. The winch is great on the climbing frame, in the tree house or on the loft bed.<\/p>\n<p>The stopper prevents the rope from slipping back. The back is screwed to the wall or to a post with 4 screws.<\/p>\n<p>You can order the winch with 10m red toy rope. Or you can order them without a rope and use your own rope.<\/p>\n<p>Erg\u00e4nzend dazu haben wir eine <a href=\"https:\/\/www.rontool.de\/en\/shop\/umlenkrolle\/\">Pulley<\/a> und jede Menge verschiedene <a href=\"https:\/\/www.rontool.de\/en\/shop\/faedelring\/\">Ringe<\/a>, Haken, wie <a href=\"https:\/\/www.rontool.de\/en\/shop\/haken\/\">kleine Haken<\/a>, <a href=\"https:\/\/www.rontool.de\/en\/shop\/doppelhaken\/\">Double hook<\/a>, <a href=\"https:\/\/www.rontool.de\/en\/shop\/grosser-haken\/\">Ranzieh-Haken<\/a><\/p>\n<p>Mit diesem oder eigenem Zubeh\u00f6r k\u00f6nntet ihr euch einen eigenen Flaschenzug basteln und mit leichten oder schwereren Gewichten experimentieren. Wie lautet nochmal die Goldene Regel der Mechanik? Was man an Kraft einspart, muss man an (Seil-) Weg draufgeben. Oder so \u00e4hnlich \ud83d\ude09<br \/>\nYou can find a cool explainer video from teacher Schmidt about the pulley <a href=\"https:\/\/www.youtube.com\/watch?v=nm7_k6Lf6OE\" target=\"_blank\" rel=\"noopener noreferrer\">here<\/a> on Youtube:<\/p>\n<p>Dimensions:<\/p>\n<p>Length - 27 cm<br \/>\nWidth: 19cm<br \/>\nDepth - 11cm without handle, 17 cm with handle<br \/>\nWeight - 1.4 kg without rope<\/p>","protected":false},"excerpt":{"rendered":"<p>Seilwinde Die Seilwinde ist ein ganz besonderes rontool. Mit ihr lassen sich schwere Gegenst\u00e4nde ganz einfach hochziehen und in der Luft festhalten. Auch kleine Kinder schaffen es, die Rolle zu bewegen. Die Seilwinde macht sich prima am Kletterger\u00fcst, im Baumhaus oder am Hochbett. Der Stopper verhindert das Zur\u00fcckrutschen des Seils. Das R\u00fcckteil wird mit 4 [&#8230;]\n","protected":false},"featured_media":8932,"template":"","meta":[],"product_brand":[],"product_cat":[34],"product_tag":[63,81,74,69,85,70],"class_list":{"0":"post-981","1":"product","2":"type-product","3":"status-publish","4":"has-post-thumbnail","6":"product_cat-abenteuer","7":"product_tag-baumhausspielzeug","8":"product_tag-klettern","9":"product_tag-mit-haken","10":"product_tag-motorikspielzeug","11":"product_tag-verbinden","12":"product_tag-wohnen-leben","14":"first","15":"instock","16":"taxable","17":"shipping-taxable","18":"purchasable","19":"product-type-variable"},"yoast_head":"<!-- This site is optimized with the Yoast SEO plugin v27.2 - https:\/\/yoast.com\/product\/yoast-seo-wordpress\/ -->\n<title>Seilwinde f\u00fcr Kinder zum Hantieren mit Gewichten<\/title>\n<meta name=\"description\" content=\"Die Seilwinde von rontool l\u00e4dt die Kinder zum Experimentieren mit kleinen Lasten ein. Wie \u00fcberwindet man eine bestimmte H\u00f6he?\" \/>\n<meta name=\"robots\" content=\"index, follow, max-snippet:-1, max-image-preview:large, max-video-preview:-1\" \/>\n<link rel=\"canonical\" href=\"https:\/\/www.rontool.de\/en\/shop\/seilwinde\/\" \/>\n<meta property=\"og:locale\" content=\"en_GB\" \/>\n<meta property=\"og:type\" content=\"article\" \/>\n<meta property=\"og:title\" content=\"Seilwinde f\u00fcr Kinder zum Hantieren mit Gewichten\" \/>\n<meta property=\"og:description\" content=\"Die Seilwinde von rontool l\u00e4dt die Kinder zum Experimentieren mit kleinen Lasten ein. Wie \u00fcberwindet man eine bestimmte H\u00f6he?\" \/>\n<meta property=\"og:url\" content=\"https:\/\/www.rontool.de\/en\/shop\/seilwinde\/\" \/>\n<meta property=\"og:site_name\" content=\"RONTOOL\" \/>\n<meta property=\"article:modified_time\" content=\"2023-11-26T21:23:19+00:00\" \/>\n<meta property=\"og:image\" content=\"https:\/\/www.rontool.de\/wp-content\/uploads\/2021\/06\/rontool-spielzeug-aus-holz-holzspielzeug-deutschland-abenteuer-seilwinde.jpg\" \/>\n\t<meta property=\"og:image:width\" content=\"1000\" \/>\n\t<meta property=\"og:image:height\" content=\"1000\" \/>\n\t<meta property=\"og:image:type\" content=\"image\/jpeg\" \/>\n<meta name=\"twitter:card\" content=\"summary_large_image\" \/>\n<meta name=\"twitter:label1\" content=\"Estimated reading time\" \/>\n\t<meta name=\"twitter:data1\" content=\"1 minute\" \/>\n<script type=\"application\/ld+json\" class=\"yoast-schema-graph\">{\"@context\":\"https:\/\/schema.org\",\"@graph\":[{\"@type\":\"WebPage\",\"@id\":\"https:\/\/www.rontool.de\/shop\/seilwinde\/\",\"url\":\"https:\/\/www.rontool.de\/shop\/seilwinde\/\",\"name\":\"Seilwinde f\u00fcr Kinder zum Hantieren mit Gewichten\",\"isPartOf\":{\"@id\":\"https:\/\/rontool.de\/#website\"},\"primaryImageOfPage\":{\"@id\":\"https:\/\/www.rontool.de\/shop\/seilwinde\/#primaryimage\"},\"image\":{\"@id\":\"https:\/\/www.rontool.de\/shop\/seilwinde\/#primaryimage\"},\"thumbnailUrl\":\"https:\/\/www.rontool.de\/wp-content\/uploads\/2021\/06\/rontool-spielzeug-aus-holz-holzspielzeug-deutschland-abenteuer-seilwinde.jpg\",\"datePublished\":\"2018-09-14T15:45:27+00:00\",\"dateModified\":\"2023-11-26T21:23:19+00:00\",\"description\":\"Die Seilwinde von rontool l\u00e4dt die Kinder zum Experimentieren mit kleinen Lasten ein. Wie \u00fcberwindet man eine bestimmte H\u00f6he?\",\"breadcrumb\":{\"@id\":\"https:\/\/www.rontool.de\/shop\/seilwinde\/#breadcrumb\"},\"inLanguage\":\"en-GB\",\"potentialAction\":[{\"@type\":\"ReadAction\",\"target\":[\"https:\/\/www.rontool.de\/shop\/seilwinde\/\"]}]},{\"@type\":\"ImageObject\",\"inLanguage\":\"en-GB\",\"@id\":\"https:\/\/www.rontool.de\/shop\/seilwinde\/#primaryimage\",\"url\":\"https:\/\/www.rontool.de\/wp-content\/uploads\/2021\/06\/rontool-spielzeug-aus-holz-holzspielzeug-deutschland-abenteuer-seilwinde.jpg\",\"contentUrl\":\"https:\/\/www.rontool.de\/wp-content\/uploads\/2021\/06\/rontool-spielzeug-aus-holz-holzspielzeug-deutschland-abenteuer-seilwinde.jpg\",\"width\":1000,\"height\":1000,\"caption\":\"Rontool - Spielzeug aus Holz - Holzspielzeug Seilwinde Holzspielzeug fuer Kinder und Erwachsene M\u00e4nner und Frauen Spielzeug aus Holz robust sicher\"},{\"@type\":\"BreadcrumbList\",\"@id\":\"https:\/\/www.rontool.de\/shop\/seilwinde\/#breadcrumb\",\"itemListElement\":[{\"@type\":\"ListItem\",\"position\":1,\"name\":\"Shop\",\"item\":\"https:\/\/www.rontool.de\/shop\/\"},{\"@type\":\"ListItem\",\"position\":2,\"name\":\"Seilwinde\"}]},{\"@type\":\"WebSite\",\"@id\":\"https:\/\/rontool.de\/#website\",\"url\":\"https:\/\/rontool.de\/\",\"name\":\"RONTOOL\",\"description\":\"Holzspielzeug aus Berlin f\u00fcr Kinder und Erwachsene\",\"potentialAction\":[{\"@type\":\"SearchAction\",\"target\":{\"@type\":\"EntryPoint\",\"urlTemplate\":\"https:\/\/rontool.de\/?s={search_term_string}\"},\"query-input\":{\"@type\":\"PropertyValueSpecification\",\"valueRequired\":true,\"valueName\":\"search_term_string\"}}],\"inLanguage\":\"en-GB\"}]}<\/script>\n<!-- \/ Yoast SEO plugin. -->","yoast_head_json":{"title":"Seilwinde f\u00fcr Kinder zum Hantieren mit Gewichten","description":"Die Seilwinde von rontool l\u00e4dt die Kinder zum Experimentieren mit kleinen Lasten ein. Wie \u00fcberwindet man eine bestimmte H\u00f6he?","robots":{"index":"index","follow":"follow","max-snippet":"max-snippet:-1","max-image-preview":"max-image-preview:large","max-video-preview":"max-video-preview:-1"},"canonical":"https:\/\/www.rontool.de\/en\/shop\/seilwinde\/","og_locale":"en_GB","og_type":"article","og_title":"Seilwinde f\u00fcr Kinder zum Hantieren mit Gewichten","og_description":"Die Seilwinde von rontool l\u00e4dt die Kinder zum Experimentieren mit kleinen Lasten ein. Wie \u00fcberwindet man eine bestimmte H\u00f6he?","og_url":"https:\/\/www.rontool.de\/en\/shop\/seilwinde\/","og_site_name":"RONTOOL","article_modified_time":"2023-11-26T21:23:19+00:00","og_image":[{"width":1000,"height":1000,"url":"https:\/\/www.rontool.de\/wp-content\/uploads\/2021\/06\/rontool-spielzeug-aus-holz-holzspielzeug-deutschland-abenteuer-seilwinde.jpg","type":"image\/jpeg"}],"twitter_card":"summary_large_image","twitter_misc":{"Estimated reading time":"1 minute"},"schema":{"@context":"https:\/\/schema.org","@graph":[{"@type":"WebPage","@id":"https:\/\/www.rontool.de\/shop\/seilwinde\/","url":"https:\/\/www.rontool.de\/shop\/seilwinde\/","name":"Seilwinde f\u00fcr Kinder zum Hantieren mit Gewichten","isPartOf":{"@id":"https:\/\/rontool.de\/#website"},"primaryImageOfPage":{"@id":"https:\/\/www.rontool.de\/shop\/seilwinde\/#primaryimage"},"image":{"@id":"https:\/\/www.rontool.de\/shop\/seilwinde\/#primaryimage"},"thumbnailUrl":"https:\/\/www.rontool.de\/wp-content\/uploads\/2021\/06\/rontool-spielzeug-aus-holz-holzspielzeug-deutschland-abenteuer-seilwinde.jpg","datePublished":"2018-09-14T15:45:27+00:00","dateModified":"2023-11-26T21:23:19+00:00","description":"Die Seilwinde von rontool l\u00e4dt die Kinder zum Experimentieren mit kleinen Lasten ein. Wie \u00fcberwindet man eine bestimmte H\u00f6he?","breadcrumb":{"@id":"https:\/\/www.rontool.de\/shop\/seilwinde\/#breadcrumb"},"inLanguage":"en-GB","potentialAction":[{"@type":"ReadAction","target":["https:\/\/www.rontool.de\/shop\/seilwinde\/"]}]},{"@type":"ImageObject","inLanguage":"en-GB","@id":"https:\/\/www.rontool.de\/shop\/seilwinde\/#primaryimage","url":"https:\/\/www.rontool.de\/wp-content\/uploads\/2021\/06\/rontool-spielzeug-aus-holz-holzspielzeug-deutschland-abenteuer-seilwinde.jpg","contentUrl":"https:\/\/www.rontool.de\/wp-content\/uploads\/2021\/06\/rontool-spielzeug-aus-holz-holzspielzeug-deutschland-abenteuer-seilwinde.jpg","width":1000,"height":1000,"caption":"Rontool - Spielzeug aus Holz - Holzspielzeug Seilwinde Holzspielzeug fuer Kinder und Erwachsene M\u00e4nner und Frauen Spielzeug aus Holz robust sicher"},{"@type":"BreadcrumbList","@id":"https:\/\/www.rontool.de\/shop\/seilwinde\/#breadcrumb","itemListElement":[{"@type":"ListItem","position":1,"name":"Shop","item":"https:\/\/www.rontool.de\/shop\/"},{"@type":"ListItem","position":2,"name":"Seilwinde"}]},{"@type":"WebSite","@id":"https:\/\/rontool.de\/#website","url":"https:\/\/rontool.de\/","name":"RONTOOL","description":"Holzspielzeug aus Berlin f\u00fcr Kinder und Erwachsene","potentialAction":[{"@type":"SearchAction","target":{"@type":"EntryPoint","urlTemplate":"https:\/\/rontool.de\/?s={search_term_string}"},"query-input":{"@type":"PropertyValueSpecification","valueRequired":true,"valueName":"search_term_string"}}],"inLanguage":"en-GB"}]}},"_links":{"self":[{"href":"https:\/\/www.rontool.de\/en\/wp-json\/wp\/v2\/product\/981","targetHints":{"allow":["GET"]}}],"collection":[{"href":"https:\/\/www.rontool.de\/en\/wp-json\/wp\/v2\/product"}],"about":[{"href":"https:\/\/www.rontool.de\/en\/wp-json\/wp\/v2\/types\/product"}],"wp:featuredmedia":[{"embeddable":true,"href":"https:\/\/www.rontool.de\/en\/wp-json\/wp\/v2\/media\/8932"}],"wp:attachment":[{"href":"https:\/\/www.rontool.de\/en\/wp-json\/wp\/v2\/media?parent=981"}],"wp:term":[{"taxonomy":"product_brand","embeddable":true,"href":"https:\/\/www.rontool.de\/en\/wp-json\/wp\/v2\/product_brand?post=981"},{"taxonomy":"product_cat","embeddable":true,"href":"https:\/\/www.rontool.de\/en\/wp-json\/wp\/v2\/product_cat?post=981"},{"taxonomy":"product_tag","embeddable":true,"href":"https:\/\/www.rontool.de\/en\/wp-json\/wp\/v2\/product_tag?post=981"}],"curies":[{"name":"wp","href":"https:\/\/api.w.org\/{rel}","templated":true}]}}