{"id":982,"date":"2018-09-14T15:49:17","date_gmt":"2018-09-14T15:49:17","guid":{"rendered":"http:\/\/testzone-2018.rontool.de\/?post_type=product&#038;p=982"},"modified":"2026-04-16T07:11:52","modified_gmt":"2026-04-16T07:11:52","slug":"enterhaken","status":"publish","type":"product","link":"https:\/\/www.rontool.de\/en\/shop\/enterhaken\/","title":{"rendered":"Grappling hook"},"content":{"rendered":"<h2>Grappling hook<\/h2>\n<p>The wooden toy grappling hook belongs in every seafaring equipment. Or how else do you think you can capture a ship loaded with chocolate bunnies? Simply tie the grappling hook to a long rope, provided you know the knot, swing it back and forth a few times, depending on your ability, and then let go with the decisive throw towards the opposing ship's edge. Hold the rope taut and pull the ship of desire with concentrated crew strength.<\/p>\n<ul>\n<li>the rontool grappling hook can be integrated into many conceivable \u201cpirate ships\u201d.<\/li>\n<li>indoors e.g. in the children's bed, on the wall, on the closet.<\/li>\n<li>outside e.g. in the tree house or climbing frame, or<\/li>\n<li>simply loose for the big adventure air fantasy rides.<\/li>\n<\/ul>\n<p>&nbsp;<\/p>\n<p>We deliver a bright red rope 2 meters long. Then you can start right away. But be careful, the boarding tool is not for the faint of heart. But it is also very suitable for hanging flower arrangements or as a funny children's wardrobe<\/p>\n<p class=\"translation-block\">Matching the grappling hook there is also the <a href=\"https:\/\/www.rontool.de\/en\/shop\/steuerrad\/\" target=\"_self\" rel=\"noopener\"> small <\/a> and the <a> large <\/a> rontool steering wheel, the rontool <a> anchor <\/a> and many practical small wooden hooks, e.g. the <a> Captain-Hook-Handhaken <\/a> or the <a href=\"https:\/\/www.rontool.de\/en\/shop\/haken\/\" target=\"_self\" rel=\"noopener\"> simple hook <\/a> for this and that.<\/p>\n<p>Size \/ dimensions \/ weight<br \/>\nLength - 27 cm<br \/>\nWidth - 27 cm<br \/>\nHeight - 30 cm<\/p>\n<p>Weight - 312g<\/p>\n<p>NOTE: NOT SUITABLE FOR CHILDREN UNDER 3 YEARS<\/p>\n<p>Anyone who is keenly interested in nautical terms should just take a look <a href=\"https:\/\/sssgreif.de\/index.php\/das-schiff\/seemaennische-begriffe\" target=\"_blank\" rel=\"noopener\">here<\/a> rein.<\/p>","protected":false},"excerpt":{"rendered":"<p>Enterhaken Der Holzspielzeug-Enterhaken geh\u00f6rt in jede Seefahrer-Ausr\u00fcstung. Oder was glaubt ihr, wie man denn sonst ein mit Schokoladenhasen beladenes Schiff einnehmen kann? Einfach den Enterhaken an ein langes Seil binden, Knotenkunde vorausgesetzt, ein paar Mal, je nach K\u00f6nnen, hin- und herschwingen und dann mit dem entscheidenden Wurf Richtung gegnerischer Schiffskante, loslassen. Das Seil straff halten [&#8230;]\n","protected":false},"featured_media":8917,"template":"","meta":[],"product_brand":[],"product_cat":[34],"product_tag":[63,74,72,54],"class_list":{"0":"post-982","1":"product","2":"type-product","3":"status-publish","4":"has-post-thumbnail","6":"product_cat-abenteuer","7":"product_tag-baumhausspielzeug","8":"product_tag-mit-haken","9":"product_tag-outdoorspielzeug","10":"product_tag-piratenspielzeug","12":"first","13":"instock","14":"taxable","15":"shipping-taxable","16":"purchasable","17":"product-type-simple"},"yoast_head":"<!-- This site is optimized with the Yoast SEO plugin v27.2 - https:\/\/yoast.com\/product\/yoast-seo-wordpress\/ -->\n<title>Enterhaken mit Seil f\u00fcr kleine und gro\u00dfe Piraten<\/title>\n<meta name=\"description\" content=\"Der Enterhaken ist ein Spielzeug aus Holz f\u00fcr die mutigen Piraten mit gro\u00dfem Antrieb, die Sch\u00e4tze dieser Welt auf hoher See zu erobern.\" \/>\n<meta name=\"robots\" content=\"index, follow, max-snippet:-1, max-image-preview:large, max-video-preview:-1\" \/>\n<link rel=\"canonical\" href=\"https:\/\/www.rontool.de\/en\/shop\/enterhaken\/\" \/>\n<meta property=\"og:locale\" content=\"en_GB\" \/>\n<meta property=\"og:type\" content=\"article\" \/>\n<meta property=\"og:title\" content=\"Enterhaken mit Seil f\u00fcr kleine und gro\u00dfe Piraten\" \/>\n<meta property=\"og:description\" content=\"Der Enterhaken ist ein Spielzeug aus Holz f\u00fcr die mutigen Piraten mit gro\u00dfem Antrieb, die Sch\u00e4tze dieser Welt auf hoher See zu erobern.\" \/>\n<meta property=\"og:url\" content=\"https:\/\/www.rontool.de\/en\/shop\/enterhaken\/\" \/>\n<meta property=\"og:site_name\" content=\"RONTOOL\" \/>\n<meta property=\"article:modified_time\" content=\"2026-04-16T07:11:52+00:00\" \/>\n<meta property=\"og:image\" content=\"https:\/\/www.rontool.de\/wp-content\/uploads\/2021\/06\/rontool-spielzeug-aus-holz-holzspielzeug-deutschland-abenteuer-enterhaken.jpg\" \/>\n\t<meta property=\"og:image:width\" content=\"1000\" \/>\n\t<meta property=\"og:image:height\" content=\"1000\" \/>\n\t<meta property=\"og:image:type\" content=\"image\/jpeg\" \/>\n<meta name=\"twitter:card\" content=\"summary_large_image\" \/>\n<meta name=\"twitter:label1\" content=\"Estimated reading time\" \/>\n\t<meta name=\"twitter:data1\" content=\"2 minutes\" \/>\n<script type=\"application\/ld+json\" class=\"yoast-schema-graph\">{\"@context\":\"https:\/\/schema.org\",\"@graph\":[{\"@type\":\"WebPage\",\"@id\":\"https:\/\/www.rontool.de\/shop\/enterhaken\/\",\"url\":\"https:\/\/www.rontool.de\/shop\/enterhaken\/\",\"name\":\"Enterhaken mit Seil f\u00fcr kleine und gro\u00dfe Piraten\",\"isPartOf\":{\"@id\":\"https:\/\/rontool.de\/#website\"},\"primaryImageOfPage\":{\"@id\":\"https:\/\/www.rontool.de\/shop\/enterhaken\/#primaryimage\"},\"image\":{\"@id\":\"https:\/\/www.rontool.de\/shop\/enterhaken\/#primaryimage\"},\"thumbnailUrl\":\"https:\/\/www.rontool.de\/wp-content\/uploads\/2021\/06\/rontool-spielzeug-aus-holz-holzspielzeug-deutschland-abenteuer-enterhaken.jpg\",\"datePublished\":\"2018-09-14T15:49:17+00:00\",\"dateModified\":\"2026-04-16T07:11:52+00:00\",\"description\":\"Der Enterhaken ist ein Spielzeug aus Holz f\u00fcr die mutigen Piraten mit gro\u00dfem Antrieb, die Sch\u00e4tze dieser Welt auf hoher See zu erobern.\",\"breadcrumb\":{\"@id\":\"https:\/\/www.rontool.de\/shop\/enterhaken\/#breadcrumb\"},\"inLanguage\":\"en-GB\",\"potentialAction\":[{\"@type\":\"ReadAction\",\"target\":[\"https:\/\/www.rontool.de\/shop\/enterhaken\/\"]}]},{\"@type\":\"ImageObject\",\"inLanguage\":\"en-GB\",\"@id\":\"https:\/\/www.rontool.de\/shop\/enterhaken\/#primaryimage\",\"url\":\"https:\/\/www.rontool.de\/wp-content\/uploads\/2021\/06\/rontool-spielzeug-aus-holz-holzspielzeug-deutschland-abenteuer-enterhaken.jpg\",\"contentUrl\":\"https:\/\/www.rontool.de\/wp-content\/uploads\/2021\/06\/rontool-spielzeug-aus-holz-holzspielzeug-deutschland-abenteuer-enterhaken.jpg\",\"width\":1000,\"height\":1000,\"caption\":\"Rontool - Spielzeug aus Holz - Holzspielzeug Enterhaken Holzspielzeug fuer Kinder und Erwachsene M\u00e4nner und Frauen Spielzeug aus Holz hand gertigt hand-made\"},{\"@type\":\"BreadcrumbList\",\"@id\":\"https:\/\/www.rontool.de\/shop\/enterhaken\/#breadcrumb\",\"itemListElement\":[{\"@type\":\"ListItem\",\"position\":1,\"name\":\"Shop\",\"item\":\"https:\/\/www.rontool.de\/shop\/\"},{\"@type\":\"ListItem\",\"position\":2,\"name\":\"Enterhaken\"}]},{\"@type\":\"WebSite\",\"@id\":\"https:\/\/rontool.de\/#website\",\"url\":\"https:\/\/rontool.de\/\",\"name\":\"RONTOOL\",\"description\":\"Holzspielzeug aus Berlin f\u00fcr Kinder und Erwachsene\",\"potentialAction\":[{\"@type\":\"SearchAction\",\"target\":{\"@type\":\"EntryPoint\",\"urlTemplate\":\"https:\/\/rontool.de\/?s={search_term_string}\"},\"query-input\":{\"@type\":\"PropertyValueSpecification\",\"valueRequired\":true,\"valueName\":\"search_term_string\"}}],\"inLanguage\":\"en-GB\"}]}<\/script>\n<!-- \/ Yoast SEO plugin. -->","yoast_head_json":{"title":"Enterhaken mit Seil f\u00fcr kleine und gro\u00dfe Piraten","description":"Der Enterhaken ist ein Spielzeug aus Holz f\u00fcr die mutigen Piraten mit gro\u00dfem Antrieb, die Sch\u00e4tze dieser Welt auf hoher See zu erobern.","robots":{"index":"index","follow":"follow","max-snippet":"max-snippet:-1","max-image-preview":"max-image-preview:large","max-video-preview":"max-video-preview:-1"},"canonical":"https:\/\/www.rontool.de\/en\/shop\/enterhaken\/","og_locale":"en_GB","og_type":"article","og_title":"Enterhaken mit Seil f\u00fcr kleine und gro\u00dfe Piraten","og_description":"Der Enterhaken ist ein Spielzeug aus Holz f\u00fcr die mutigen Piraten mit gro\u00dfem Antrieb, die Sch\u00e4tze dieser Welt auf hoher See zu erobern.","og_url":"https:\/\/www.rontool.de\/en\/shop\/enterhaken\/","og_site_name":"RONTOOL","article_modified_time":"2026-04-16T07:11:52+00:00","og_image":[{"width":1000,"height":1000,"url":"https:\/\/www.rontool.de\/wp-content\/uploads\/2021\/06\/rontool-spielzeug-aus-holz-holzspielzeug-deutschland-abenteuer-enterhaken.jpg","type":"image\/jpeg"}],"twitter_card":"summary_large_image","twitter_misc":{"Estimated reading time":"2 minutes"},"schema":{"@context":"https:\/\/schema.org","@graph":[{"@type":"WebPage","@id":"https:\/\/www.rontool.de\/shop\/enterhaken\/","url":"https:\/\/www.rontool.de\/shop\/enterhaken\/","name":"Enterhaken mit Seil f\u00fcr kleine und gro\u00dfe Piraten","isPartOf":{"@id":"https:\/\/rontool.de\/#website"},"primaryImageOfPage":{"@id":"https:\/\/www.rontool.de\/shop\/enterhaken\/#primaryimage"},"image":{"@id":"https:\/\/www.rontool.de\/shop\/enterhaken\/#primaryimage"},"thumbnailUrl":"https:\/\/www.rontool.de\/wp-content\/uploads\/2021\/06\/rontool-spielzeug-aus-holz-holzspielzeug-deutschland-abenteuer-enterhaken.jpg","datePublished":"2018-09-14T15:49:17+00:00","dateModified":"2026-04-16T07:11:52+00:00","description":"Der Enterhaken ist ein Spielzeug aus Holz f\u00fcr die mutigen Piraten mit gro\u00dfem Antrieb, die Sch\u00e4tze dieser Welt auf hoher See zu erobern.","breadcrumb":{"@id":"https:\/\/www.rontool.de\/shop\/enterhaken\/#breadcrumb"},"inLanguage":"en-GB","potentialAction":[{"@type":"ReadAction","target":["https:\/\/www.rontool.de\/shop\/enterhaken\/"]}]},{"@type":"ImageObject","inLanguage":"en-GB","@id":"https:\/\/www.rontool.de\/shop\/enterhaken\/#primaryimage","url":"https:\/\/www.rontool.de\/wp-content\/uploads\/2021\/06\/rontool-spielzeug-aus-holz-holzspielzeug-deutschland-abenteuer-enterhaken.jpg","contentUrl":"https:\/\/www.rontool.de\/wp-content\/uploads\/2021\/06\/rontool-spielzeug-aus-holz-holzspielzeug-deutschland-abenteuer-enterhaken.jpg","width":1000,"height":1000,"caption":"Rontool - Spielzeug aus Holz - Holzspielzeug Enterhaken Holzspielzeug fuer Kinder und Erwachsene M\u00e4nner und Frauen Spielzeug aus Holz hand gertigt hand-made"},{"@type":"BreadcrumbList","@id":"https:\/\/www.rontool.de\/shop\/enterhaken\/#breadcrumb","itemListElement":[{"@type":"ListItem","position":1,"name":"Shop","item":"https:\/\/www.rontool.de\/shop\/"},{"@type":"ListItem","position":2,"name":"Enterhaken"}]},{"@type":"WebSite","@id":"https:\/\/rontool.de\/#website","url":"https:\/\/rontool.de\/","name":"RONTOOL","description":"Holzspielzeug aus Berlin f\u00fcr Kinder und Erwachsene","potentialAction":[{"@type":"SearchAction","target":{"@type":"EntryPoint","urlTemplate":"https:\/\/rontool.de\/?s={search_term_string}"},"query-input":{"@type":"PropertyValueSpecification","valueRequired":true,"valueName":"search_term_string"}}],"inLanguage":"en-GB"}]}},"_links":{"self":[{"href":"https:\/\/www.rontool.de\/en\/wp-json\/wp\/v2\/product\/982","targetHints":{"allow":["GET"]}}],"collection":[{"href":"https:\/\/www.rontool.de\/en\/wp-json\/wp\/v2\/product"}],"about":[{"href":"https:\/\/www.rontool.de\/en\/wp-json\/wp\/v2\/types\/product"}],"wp:featuredmedia":[{"embeddable":true,"href":"https:\/\/www.rontool.de\/en\/wp-json\/wp\/v2\/media\/8917"}],"wp:attachment":[{"href":"https:\/\/www.rontool.de\/en\/wp-json\/wp\/v2\/media?parent=982"}],"wp:term":[{"taxonomy":"product_brand","embeddable":true,"href":"https:\/\/www.rontool.de\/en\/wp-json\/wp\/v2\/product_brand?post=982"},{"taxonomy":"product_cat","embeddable":true,"href":"https:\/\/www.rontool.de\/en\/wp-json\/wp\/v2\/product_cat?post=982"},{"taxonomy":"product_tag","embeddable":true,"href":"https:\/\/www.rontool.de\/en\/wp-json\/wp\/v2\/product_tag?post=982"}],"curies":[{"name":"wp","href":"https:\/\/api.w.org\/{rel}","templated":true}]}}