{"id":987,"date":"2018-09-14T16:13:49","date_gmt":"2018-09-14T16:13:49","guid":{"rendered":"http:\/\/testzone-2018.rontool.de\/?post_type=product&#038;p=987"},"modified":"2026-01-23T17:35:48","modified_gmt":"2026-01-23T17:35:48","slug":"anker","status":"publish","type":"product","link":"https:\/\/www.rontool.de\/en\/shop\/anker\/","title":{"rendered":"Anchor"},"content":{"rendered":"<h2>The anchor<\/h2>\n<p>The wooden toy anchor belongs in every sailor's equipment. A robust, chic anchor that, according to the specifications of the originals, has the bridge really (really!) Across, so that it lies down at an angle and can thus dig itself firmly into the ground when pulled. So the crew can enjoy their well-deserved break and won't accidentally find themselves in Atlantis in the morning.<\/p>\n<p class=\"translation-block\">The anchor can be integrated into many different \"pirate ships\". <br>\n- indoors e.g. in the children's bed, on the wall, on the closet. <br>\n- outside e.g. in the tree house or climbing frame. <br>\n- or just loose for the big adventure air fantasy rides.<\/p>\n<p>We deliver a bright red rope 2 meters long. If you need more rope, you are welcome to transfer an additional \u20ac 2 for each desired meter of rope.<\/p>\n<p class=\"translation-block\">Matching the anchor there is also the <a href=\"https:\/\/www.rontool.de\/en\/shop\/steuerrad\/\" target=\"_self\" rel=\"noopener noreferrer\"> small <\/a> and the <a> large <\/a> rontool steering wheel, the rontool <a> grappling hook <\/a> and many practical <a> small wooden hooks <\/a> e.g. the captain hook- <a href=\"https:\/\/www.rontool.de\/en\/shop\/kapitaenshaken\/\" target=\"_self\" rel=\"noopener noreferrer\"> hand hook <\/a>.<\/p>\n<p>Size \/ dimensions \/ weight<br \/>\nLength - 27 cm<br \/>\nWidth - 27 cm<br \/>\nHeight - 16 cm<\/p>\n<p>Weight - 250 grams<\/p>\n<p>&nbsp;<\/p>\n<p><strong>Wichtige Hinweise: bei einer dauerhaften Nutzung drau\u00dfen muss das Holz noch unbedingt entsprechend lackiert werden.\u00a0<\/strong><\/p>\n<p>NICHT F\u00dcR KINDER UNTER 3 JAHREN GEEIGNET<\/p>\n<p class=\"translation-block\"><a href=\"https:\/\/deavita.com\/selber-basteln\/sandkasten-piratenschiff-selber-baus-tipps.html\" target=\"_self\" rel=\"noopener noreferrer\"> Here <\/a> you will find great ideas and tips on how to build your pirate ship for the sandpit. Have fun tinkering, sawing and filing !!<\/p>\n<p>Ahoy you sailors! The long journey can begin!<\/p>\n<p>As an alternative, you can of course also use it as a cloakroom or to hang your favorite items on it.<\/p>","protected":false},"excerpt":{"rendered":"<p>Der Anker Der Holzspielzeug-Anker geh\u00f6rt in jede Seefahrer-Ausr\u00fcstung. Ein robuster schicker Anker, der nach den Vorgaben der Originale den Steg wirklich (wirklich!) quer hat, damit er sich schr\u00e4g hinlegt und sich somit beim Ziehen fest in Boden eingraben kann. So kann die Crew ihre wohlverdiente Pause auch genie\u00dfen und findet sich nicht morgens aus Versehen [&#8230;]\n","protected":false},"featured_media":9007,"template":"","meta":[],"product_brand":[],"product_cat":[34,38],"product_tag":[63,81,74,72,54],"class_list":{"0":"post-987","1":"product","2":"type-product","3":"status-publish","4":"has-post-thumbnail","6":"product_cat-abenteuer","7":"product_cat-sandkasten","8":"product_tag-baumhausspielzeug","9":"product_tag-klettern","10":"product_tag-mit-haken","11":"product_tag-outdoorspielzeug","12":"product_tag-piratenspielzeug","14":"first","15":"instock","16":"taxable","17":"shipping-taxable","18":"purchasable","19":"product-type-simple"},"yoast_head":"<!-- This site is optimized with the Yoast SEO plugin v27.2 - https:\/\/yoast.com\/product\/yoast-seo-wordpress\/ -->\n<title>Anker Holzspielzeug f\u00fcr kleine Kapit\u00e4ne auf Fl\u00fcssen und Meeren<\/title>\n<meta name=\"description\" content=\"Dieser Anker macht alle kleinen Seefahrer gl\u00fccklich, sobald sie Land in Sicht haben. Aus langlebigem Multiplex f\u00fcr langen Spielspa\u00df\" \/>\n<meta name=\"robots\" content=\"index, follow, max-snippet:-1, max-image-preview:large, max-video-preview:-1\" \/>\n<link rel=\"canonical\" href=\"https:\/\/www.rontool.de\/en\/shop\/anker\/\" \/>\n<meta property=\"og:locale\" content=\"en_GB\" \/>\n<meta property=\"og:type\" content=\"article\" \/>\n<meta property=\"og:title\" content=\"Anker Holzspielzeug f\u00fcr kleine Kapit\u00e4ne auf Fl\u00fcssen und Meeren\" \/>\n<meta property=\"og:description\" content=\"Dieser Anker macht alle kleinen Seefahrer gl\u00fccklich, sobald sie Land in Sicht haben. Aus langlebigem Multiplex f\u00fcr langen Spielspa\u00df\" \/>\n<meta property=\"og:url\" content=\"https:\/\/www.rontool.de\/en\/shop\/anker\/\" \/>\n<meta property=\"og:site_name\" content=\"RONTOOL\" \/>\n<meta property=\"article:modified_time\" content=\"2026-01-23T17:35:48+00:00\" \/>\n<meta property=\"og:image\" content=\"https:\/\/www.rontool.de\/wp-content\/uploads\/2018\/09\/rontool-spielzeug-aus-holz-holzspielzeug-aus-deutschland-sandkasten-anker.jpg\" \/>\n\t<meta property=\"og:image:width\" content=\"1000\" \/>\n\t<meta property=\"og:image:height\" content=\"1000\" \/>\n\t<meta property=\"og:image:type\" content=\"image\/jpeg\" \/>\n<meta name=\"twitter:card\" content=\"summary_large_image\" \/>\n<meta name=\"twitter:label1\" content=\"Estimated reading time\" \/>\n\t<meta name=\"twitter:data1\" content=\"2 minutes\" \/>\n<script type=\"application\/ld+json\" class=\"yoast-schema-graph\">{\"@context\":\"https:\/\/schema.org\",\"@graph\":[{\"@type\":\"WebPage\",\"@id\":\"https:\/\/www.rontool.de\/shop\/anker\/\",\"url\":\"https:\/\/www.rontool.de\/shop\/anker\/\",\"name\":\"Anker Holzspielzeug f\u00fcr kleine Kapit\u00e4ne auf Fl\u00fcssen und Meeren\",\"isPartOf\":{\"@id\":\"https:\/\/rontool.de\/#website\"},\"primaryImageOfPage\":{\"@id\":\"https:\/\/www.rontool.de\/shop\/anker\/#primaryimage\"},\"image\":{\"@id\":\"https:\/\/www.rontool.de\/shop\/anker\/#primaryimage\"},\"thumbnailUrl\":\"https:\/\/www.rontool.de\/wp-content\/uploads\/2018\/09\/rontool-spielzeug-aus-holz-holzspielzeug-aus-deutschland-sandkasten-anker.jpg\",\"datePublished\":\"2018-09-14T16:13:49+00:00\",\"dateModified\":\"2026-01-23T17:35:48+00:00\",\"description\":\"Dieser Anker macht alle kleinen Seefahrer gl\u00fccklich, sobald sie Land in Sicht haben. Aus langlebigem Multiplex f\u00fcr langen Spielspa\u00df\",\"breadcrumb\":{\"@id\":\"https:\/\/www.rontool.de\/shop\/anker\/#breadcrumb\"},\"inLanguage\":\"en-GB\",\"potentialAction\":[{\"@type\":\"ReadAction\",\"target\":[\"https:\/\/www.rontool.de\/shop\/anker\/\"]}]},{\"@type\":\"ImageObject\",\"inLanguage\":\"en-GB\",\"@id\":\"https:\/\/www.rontool.de\/shop\/anker\/#primaryimage\",\"url\":\"https:\/\/www.rontool.de\/wp-content\/uploads\/2018\/09\/rontool-spielzeug-aus-holz-holzspielzeug-aus-deutschland-sandkasten-anker.jpg\",\"contentUrl\":\"https:\/\/www.rontool.de\/wp-content\/uploads\/2018\/09\/rontool-spielzeug-aus-holz-holzspielzeug-aus-deutschland-sandkasten-anker.jpg\",\"width\":1000,\"height\":1000,\"caption\":\"Rontool - Holzspielzeug - spielen im Sandkasten mit dem Anker von Rontool\"},{\"@type\":\"BreadcrumbList\",\"@id\":\"https:\/\/www.rontool.de\/shop\/anker\/#breadcrumb\",\"itemListElement\":[{\"@type\":\"ListItem\",\"position\":1,\"name\":\"Shop\",\"item\":\"https:\/\/www.rontool.de\/shop\/\"},{\"@type\":\"ListItem\",\"position\":2,\"name\":\"Anker\"}]},{\"@type\":\"WebSite\",\"@id\":\"https:\/\/rontool.de\/#website\",\"url\":\"https:\/\/rontool.de\/\",\"name\":\"RONTOOL\",\"description\":\"Holzspielzeug aus Berlin f\u00fcr Kinder und Erwachsene\",\"potentialAction\":[{\"@type\":\"SearchAction\",\"target\":{\"@type\":\"EntryPoint\",\"urlTemplate\":\"https:\/\/rontool.de\/?s={search_term_string}\"},\"query-input\":{\"@type\":\"PropertyValueSpecification\",\"valueRequired\":true,\"valueName\":\"search_term_string\"}}],\"inLanguage\":\"en-GB\"}]}<\/script>\n<!-- \/ Yoast SEO plugin. -->","yoast_head_json":{"title":"Anker Holzspielzeug f\u00fcr kleine Kapit\u00e4ne auf Fl\u00fcssen und Meeren","description":"Dieser Anker macht alle kleinen Seefahrer gl\u00fccklich, sobald sie Land in Sicht haben. Aus langlebigem Multiplex f\u00fcr langen Spielspa\u00df","robots":{"index":"index","follow":"follow","max-snippet":"max-snippet:-1","max-image-preview":"max-image-preview:large","max-video-preview":"max-video-preview:-1"},"canonical":"https:\/\/www.rontool.de\/en\/shop\/anker\/","og_locale":"en_GB","og_type":"article","og_title":"Anker Holzspielzeug f\u00fcr kleine Kapit\u00e4ne auf Fl\u00fcssen und Meeren","og_description":"Dieser Anker macht alle kleinen Seefahrer gl\u00fccklich, sobald sie Land in Sicht haben. Aus langlebigem Multiplex f\u00fcr langen Spielspa\u00df","og_url":"https:\/\/www.rontool.de\/en\/shop\/anker\/","og_site_name":"RONTOOL","article_modified_time":"2026-01-23T17:35:48+00:00","og_image":[{"width":1000,"height":1000,"url":"https:\/\/www.rontool.de\/wp-content\/uploads\/2018\/09\/rontool-spielzeug-aus-holz-holzspielzeug-aus-deutschland-sandkasten-anker.jpg","type":"image\/jpeg"}],"twitter_card":"summary_large_image","twitter_misc":{"Estimated reading time":"2 minutes"},"schema":{"@context":"https:\/\/schema.org","@graph":[{"@type":"WebPage","@id":"https:\/\/www.rontool.de\/shop\/anker\/","url":"https:\/\/www.rontool.de\/shop\/anker\/","name":"Anker Holzspielzeug f\u00fcr kleine Kapit\u00e4ne auf Fl\u00fcssen und Meeren","isPartOf":{"@id":"https:\/\/rontool.de\/#website"},"primaryImageOfPage":{"@id":"https:\/\/www.rontool.de\/shop\/anker\/#primaryimage"},"image":{"@id":"https:\/\/www.rontool.de\/shop\/anker\/#primaryimage"},"thumbnailUrl":"https:\/\/www.rontool.de\/wp-content\/uploads\/2018\/09\/rontool-spielzeug-aus-holz-holzspielzeug-aus-deutschland-sandkasten-anker.jpg","datePublished":"2018-09-14T16:13:49+00:00","dateModified":"2026-01-23T17:35:48+00:00","description":"Dieser Anker macht alle kleinen Seefahrer gl\u00fccklich, sobald sie Land in Sicht haben. Aus langlebigem Multiplex f\u00fcr langen Spielspa\u00df","breadcrumb":{"@id":"https:\/\/www.rontool.de\/shop\/anker\/#breadcrumb"},"inLanguage":"en-GB","potentialAction":[{"@type":"ReadAction","target":["https:\/\/www.rontool.de\/shop\/anker\/"]}]},{"@type":"ImageObject","inLanguage":"en-GB","@id":"https:\/\/www.rontool.de\/shop\/anker\/#primaryimage","url":"https:\/\/www.rontool.de\/wp-content\/uploads\/2018\/09\/rontool-spielzeug-aus-holz-holzspielzeug-aus-deutschland-sandkasten-anker.jpg","contentUrl":"https:\/\/www.rontool.de\/wp-content\/uploads\/2018\/09\/rontool-spielzeug-aus-holz-holzspielzeug-aus-deutschland-sandkasten-anker.jpg","width":1000,"height":1000,"caption":"Rontool - Holzspielzeug - spielen im Sandkasten mit dem Anker von Rontool"},{"@type":"BreadcrumbList","@id":"https:\/\/www.rontool.de\/shop\/anker\/#breadcrumb","itemListElement":[{"@type":"ListItem","position":1,"name":"Shop","item":"https:\/\/www.rontool.de\/shop\/"},{"@type":"ListItem","position":2,"name":"Anker"}]},{"@type":"WebSite","@id":"https:\/\/rontool.de\/#website","url":"https:\/\/rontool.de\/","name":"RONTOOL","description":"Holzspielzeug aus Berlin f\u00fcr Kinder und Erwachsene","potentialAction":[{"@type":"SearchAction","target":{"@type":"EntryPoint","urlTemplate":"https:\/\/rontool.de\/?s={search_term_string}"},"query-input":{"@type":"PropertyValueSpecification","valueRequired":true,"valueName":"search_term_string"}}],"inLanguage":"en-GB"}]}},"_links":{"self":[{"href":"https:\/\/www.rontool.de\/en\/wp-json\/wp\/v2\/product\/987","targetHints":{"allow":["GET"]}}],"collection":[{"href":"https:\/\/www.rontool.de\/en\/wp-json\/wp\/v2\/product"}],"about":[{"href":"https:\/\/www.rontool.de\/en\/wp-json\/wp\/v2\/types\/product"}],"wp:featuredmedia":[{"embeddable":true,"href":"https:\/\/www.rontool.de\/en\/wp-json\/wp\/v2\/media\/9007"}],"wp:attachment":[{"href":"https:\/\/www.rontool.de\/en\/wp-json\/wp\/v2\/media?parent=987"}],"wp:term":[{"taxonomy":"product_brand","embeddable":true,"href":"https:\/\/www.rontool.de\/en\/wp-json\/wp\/v2\/product_brand?post=987"},{"taxonomy":"product_cat","embeddable":true,"href":"https:\/\/www.rontool.de\/en\/wp-json\/wp\/v2\/product_cat?post=987"},{"taxonomy":"product_tag","embeddable":true,"href":"https:\/\/www.rontool.de\/en\/wp-json\/wp\/v2\/product_tag?post=987"}],"curies":[{"name":"wp","href":"https:\/\/api.w.org\/{rel}","templated":true}]}}