{"id":990,"date":"2018-09-14T16:47:21","date_gmt":"2018-09-14T16:47:21","guid":{"rendered":"http:\/\/testzone-2018.rontool.de\/?post_type=product&#038;p=990"},"modified":"2023-12-04T22:58:14","modified_gmt":"2023-12-04T22:58:14","slug":"kleiner-haken-aus-holz","status":"publish","type":"product","link":"https:\/\/www.rontool.de\/en\/shop\/kleiner-haken-aus-holz\/","title":{"rendered":"Little catch"},"content":{"rendered":"<p><strong>Kleiner Haken aus Holz<\/strong><\/p>\n<p>A small hook with a hole for loading the tree house or for hanging up the chainsaw or for towing the tricycle.<\/p>\n<p>And quite a few adults have already used them for their wardrobe or flower tendrils ...<\/p>\n<p>L \/ W 12cm x 8cm<br \/>\nHeight - 1.8cm<br \/>\nWeight - 100g<\/p>\n<p>Passend dazu, die <a href=\"https:\/\/www.rontool.de\/en\/shop\/seilwinde\/\">Winch<\/a> und die <a href=\"https:\/\/www.rontool.de\/en\/shop\/umlenkrolle\/\">Pulley<\/a><\/p>\n<p>Wer &#8211; wir wir &#8211;\u00a0 von Haken nicht genug bekommen kann, es gibt noch viele andere Ausf\u00fchrungen f\u00fcr alles, was keinen Haken hat. zum Beispiel den <a href=\"https:\/\/www.rontool.de\/en\/shop\/minianker-doppelhaken\/\">Minianker<\/a>, den <a href=\"https:\/\/www.rontool.de\/en\/shop\/doppelhaken\/\">Double hook<\/a>, den <a href=\"https:\/\/www.rontool.de\/en\/shop\/kapitaenshaken\/\">Haken mit Stiel<\/a>, den <a href=\"https:\/\/www.rontool.de\/en\/shop\/hakengriff\/\">Haken mit Griff<\/a>.<\/p>\n<p>Viel Spa\u00df beim hakeln. \ud83d\ude09<\/p>","protected":false},"excerpt":{"rendered":"<p>Kleiner Haken aus Holz Ein kleiner Haken mit Loch zum Beladen des Baumhauses oder zum Aufh\u00e4ngen der Kettens\u00e4ge oder zum Abschleppen des Dreirades. Und so manch ein Erwachsener hat sie auch schon f\u00fcr seine Garderobe oder Blumenranken benutzt&#8230; L\/B 12cm x 8cm H\u00f6he &#8211; 1,8cm Gewicht &#8211; 100g Passend dazu, die Seilwinde und die Umlenkrolle [&#8230;]\n","protected":false},"featured_media":8925,"template":"","meta":[],"product_brand":[],"product_cat":[34],"product_tag":[74,69,85],"class_list":{"0":"post-990","1":"product","2":"type-product","3":"status-publish","4":"has-post-thumbnail","6":"product_cat-abenteuer","7":"product_tag-mit-haken","8":"product_tag-motorikspielzeug","9":"product_tag-verbinden","11":"first","12":"instock","13":"taxable","14":"shipping-taxable","15":"purchasable","16":"product-type-simple"},"yoast_head":"<!-- This site is optimized with the Yoast SEO plugin v27.2 - https:\/\/yoast.com\/product\/yoast-seo-wordpress\/ -->\n<title>kleiner Haken - RONTOOL<\/title>\n<meta name=\"description\" content=\"kleiner Haken aus Holz zum Einf\u00e4deln und Losangeln mit Loch zum Beladen oder Aufh\u00e4ngen der Kettens\u00e4ge oder zum Abschleppen des Dreirades.\" \/>\n<meta name=\"robots\" content=\"index, follow, max-snippet:-1, max-image-preview:large, max-video-preview:-1\" \/>\n<link rel=\"canonical\" href=\"https:\/\/www.rontool.de\/en\/shop\/kleiner-haken-aus-holz\/\" \/>\n<meta property=\"og:locale\" content=\"en_GB\" \/>\n<meta property=\"og:type\" content=\"article\" \/>\n<meta property=\"og:title\" content=\"kleiner Haken - RONTOOL\" \/>\n<meta property=\"og:description\" content=\"kleiner Haken aus Holz zum Einf\u00e4deln und Losangeln mit Loch zum Beladen oder Aufh\u00e4ngen der Kettens\u00e4ge oder zum Abschleppen des Dreirades.\" \/>\n<meta property=\"og:url\" content=\"https:\/\/www.rontool.de\/en\/shop\/kleiner-haken-aus-holz\/\" \/>\n<meta property=\"og:site_name\" content=\"RONTOOL\" \/>\n<meta property=\"article:modified_time\" content=\"2023-12-04T22:58:14+00:00\" \/>\n<meta property=\"og:image\" content=\"https:\/\/www.rontool.de\/wp-content\/uploads\/2021\/06\/rontool-spielzeug-aus-holz-holzspielzeug-deutschland-abenteuer-kleiner-haken.jpg\" \/>\n\t<meta property=\"og:image:width\" content=\"1000\" \/>\n\t<meta property=\"og:image:height\" content=\"1000\" \/>\n\t<meta property=\"og:image:type\" content=\"image\/jpeg\" \/>\n<meta name=\"twitter:card\" content=\"summary_large_image\" \/>\n<meta name=\"twitter:label1\" content=\"Estimated reading time\" \/>\n\t<meta name=\"twitter:data1\" content=\"1 minute\" \/>\n<script type=\"application\/ld+json\" class=\"yoast-schema-graph\">{\"@context\":\"https:\/\/schema.org\",\"@graph\":[{\"@type\":\"WebPage\",\"@id\":\"https:\/\/www.rontool.de\/shop\/kleiner-haken-aus-holz\/\",\"url\":\"https:\/\/www.rontool.de\/shop\/kleiner-haken-aus-holz\/\",\"name\":\"kleiner Haken - RONTOOL\",\"isPartOf\":{\"@id\":\"https:\/\/rontool.de\/#website\"},\"primaryImageOfPage\":{\"@id\":\"https:\/\/www.rontool.de\/shop\/kleiner-haken-aus-holz\/#primaryimage\"},\"image\":{\"@id\":\"https:\/\/www.rontool.de\/shop\/kleiner-haken-aus-holz\/#primaryimage\"},\"thumbnailUrl\":\"https:\/\/www.rontool.de\/wp-content\/uploads\/2021\/06\/rontool-spielzeug-aus-holz-holzspielzeug-deutschland-abenteuer-kleiner-haken.jpg\",\"datePublished\":\"2018-09-14T16:47:21+00:00\",\"dateModified\":\"2023-12-04T22:58:14+00:00\",\"description\":\"kleiner Haken aus Holz zum Einf\u00e4deln und Losangeln mit Loch zum Beladen oder Aufh\u00e4ngen der Kettens\u00e4ge oder zum Abschleppen des Dreirades.\",\"breadcrumb\":{\"@id\":\"https:\/\/www.rontool.de\/shop\/kleiner-haken-aus-holz\/#breadcrumb\"},\"inLanguage\":\"en-GB\",\"potentialAction\":[{\"@type\":\"ReadAction\",\"target\":[\"https:\/\/www.rontool.de\/shop\/kleiner-haken-aus-holz\/\"]}]},{\"@type\":\"ImageObject\",\"inLanguage\":\"en-GB\",\"@id\":\"https:\/\/www.rontool.de\/shop\/kleiner-haken-aus-holz\/#primaryimage\",\"url\":\"https:\/\/www.rontool.de\/wp-content\/uploads\/2021\/06\/rontool-spielzeug-aus-holz-holzspielzeug-deutschland-abenteuer-kleiner-haken.jpg\",\"contentUrl\":\"https:\/\/www.rontool.de\/wp-content\/uploads\/2021\/06\/rontool-spielzeug-aus-holz-holzspielzeug-deutschland-abenteuer-kleiner-haken.jpg\",\"width\":1000,\"height\":1000,\"caption\":\"Rontool - Spielzeug aus Holz - Holzspielzeug kleiner Haken Holzspielzeug fuer Kinder und Erwachsene M\u00e4nner und Frauen Spielzeug aus Holz robust sicher\"},{\"@type\":\"BreadcrumbList\",\"@id\":\"https:\/\/www.rontool.de\/shop\/kleiner-haken-aus-holz\/#breadcrumb\",\"itemListElement\":[{\"@type\":\"ListItem\",\"position\":1,\"name\":\"Shop\",\"item\":\"https:\/\/www.rontool.de\/shop\/\"},{\"@type\":\"ListItem\",\"position\":2,\"name\":\"kleiner Haken\"}]},{\"@type\":\"WebSite\",\"@id\":\"https:\/\/rontool.de\/#website\",\"url\":\"https:\/\/rontool.de\/\",\"name\":\"RONTOOL\",\"description\":\"Holzspielzeug aus Berlin f\u00fcr Kinder und Erwachsene\",\"potentialAction\":[{\"@type\":\"SearchAction\",\"target\":{\"@type\":\"EntryPoint\",\"urlTemplate\":\"https:\/\/rontool.de\/?s={search_term_string}\"},\"query-input\":{\"@type\":\"PropertyValueSpecification\",\"valueRequired\":true,\"valueName\":\"search_term_string\"}}],\"inLanguage\":\"en-GB\"}]}<\/script>\n<!-- \/ Yoast SEO plugin. -->","yoast_head_json":{"title":"kleiner Haken - RONTOOL","description":"kleiner Haken aus Holz zum Einf\u00e4deln und Losangeln mit Loch zum Beladen oder Aufh\u00e4ngen der Kettens\u00e4ge oder zum Abschleppen des Dreirades.","robots":{"index":"index","follow":"follow","max-snippet":"max-snippet:-1","max-image-preview":"max-image-preview:large","max-video-preview":"max-video-preview:-1"},"canonical":"https:\/\/www.rontool.de\/en\/shop\/kleiner-haken-aus-holz\/","og_locale":"en_GB","og_type":"article","og_title":"kleiner Haken - RONTOOL","og_description":"kleiner Haken aus Holz zum Einf\u00e4deln und Losangeln mit Loch zum Beladen oder Aufh\u00e4ngen der Kettens\u00e4ge oder zum Abschleppen des Dreirades.","og_url":"https:\/\/www.rontool.de\/en\/shop\/kleiner-haken-aus-holz\/","og_site_name":"RONTOOL","article_modified_time":"2023-12-04T22:58:14+00:00","og_image":[{"width":1000,"height":1000,"url":"https:\/\/www.rontool.de\/wp-content\/uploads\/2021\/06\/rontool-spielzeug-aus-holz-holzspielzeug-deutschland-abenteuer-kleiner-haken.jpg","type":"image\/jpeg"}],"twitter_card":"summary_large_image","twitter_misc":{"Estimated reading time":"1 minute"},"schema":{"@context":"https:\/\/schema.org","@graph":[{"@type":"WebPage","@id":"https:\/\/www.rontool.de\/shop\/kleiner-haken-aus-holz\/","url":"https:\/\/www.rontool.de\/shop\/kleiner-haken-aus-holz\/","name":"kleiner Haken - RONTOOL","isPartOf":{"@id":"https:\/\/rontool.de\/#website"},"primaryImageOfPage":{"@id":"https:\/\/www.rontool.de\/shop\/kleiner-haken-aus-holz\/#primaryimage"},"image":{"@id":"https:\/\/www.rontool.de\/shop\/kleiner-haken-aus-holz\/#primaryimage"},"thumbnailUrl":"https:\/\/www.rontool.de\/wp-content\/uploads\/2021\/06\/rontool-spielzeug-aus-holz-holzspielzeug-deutschland-abenteuer-kleiner-haken.jpg","datePublished":"2018-09-14T16:47:21+00:00","dateModified":"2023-12-04T22:58:14+00:00","description":"kleiner Haken aus Holz zum Einf\u00e4deln und Losangeln mit Loch zum Beladen oder Aufh\u00e4ngen der Kettens\u00e4ge oder zum Abschleppen des Dreirades.","breadcrumb":{"@id":"https:\/\/www.rontool.de\/shop\/kleiner-haken-aus-holz\/#breadcrumb"},"inLanguage":"en-GB","potentialAction":[{"@type":"ReadAction","target":["https:\/\/www.rontool.de\/shop\/kleiner-haken-aus-holz\/"]}]},{"@type":"ImageObject","inLanguage":"en-GB","@id":"https:\/\/www.rontool.de\/shop\/kleiner-haken-aus-holz\/#primaryimage","url":"https:\/\/www.rontool.de\/wp-content\/uploads\/2021\/06\/rontool-spielzeug-aus-holz-holzspielzeug-deutschland-abenteuer-kleiner-haken.jpg","contentUrl":"https:\/\/www.rontool.de\/wp-content\/uploads\/2021\/06\/rontool-spielzeug-aus-holz-holzspielzeug-deutschland-abenteuer-kleiner-haken.jpg","width":1000,"height":1000,"caption":"Rontool - Spielzeug aus Holz - Holzspielzeug kleiner Haken Holzspielzeug fuer Kinder und Erwachsene M\u00e4nner und Frauen Spielzeug aus Holz robust sicher"},{"@type":"BreadcrumbList","@id":"https:\/\/www.rontool.de\/shop\/kleiner-haken-aus-holz\/#breadcrumb","itemListElement":[{"@type":"ListItem","position":1,"name":"Shop","item":"https:\/\/www.rontool.de\/shop\/"},{"@type":"ListItem","position":2,"name":"kleiner Haken"}]},{"@type":"WebSite","@id":"https:\/\/rontool.de\/#website","url":"https:\/\/rontool.de\/","name":"RONTOOL","description":"Holzspielzeug aus Berlin f\u00fcr Kinder und Erwachsene","potentialAction":[{"@type":"SearchAction","target":{"@type":"EntryPoint","urlTemplate":"https:\/\/rontool.de\/?s={search_term_string}"},"query-input":{"@type":"PropertyValueSpecification","valueRequired":true,"valueName":"search_term_string"}}],"inLanguage":"en-GB"}]}},"_links":{"self":[{"href":"https:\/\/www.rontool.de\/en\/wp-json\/wp\/v2\/product\/990","targetHints":{"allow":["GET"]}}],"collection":[{"href":"https:\/\/www.rontool.de\/en\/wp-json\/wp\/v2\/product"}],"about":[{"href":"https:\/\/www.rontool.de\/en\/wp-json\/wp\/v2\/types\/product"}],"wp:featuredmedia":[{"embeddable":true,"href":"https:\/\/www.rontool.de\/en\/wp-json\/wp\/v2\/media\/8925"}],"wp:attachment":[{"href":"https:\/\/www.rontool.de\/en\/wp-json\/wp\/v2\/media?parent=990"}],"wp:term":[{"taxonomy":"product_brand","embeddable":true,"href":"https:\/\/www.rontool.de\/en\/wp-json\/wp\/v2\/product_brand?post=990"},{"taxonomy":"product_cat","embeddable":true,"href":"https:\/\/www.rontool.de\/en\/wp-json\/wp\/v2\/product_cat?post=990"},{"taxonomy":"product_tag","embeddable":true,"href":"https:\/\/www.rontool.de\/en\/wp-json\/wp\/v2\/product_tag?post=990"}],"curies":[{"name":"wp","href":"https:\/\/api.w.org\/{rel}","templated":true}]}}