{"id":995,"date":"2018-09-14T17:12:20","date_gmt":"2018-09-14T17:12:20","guid":{"rendered":"http:\/\/testzone-2018.rontool.de\/?post_type=product&#038;p=995"},"modified":"2021-06-17T11:59:13","modified_gmt":"2021-06-17T11:59:13","slug":"oese","status":"publish","type":"product","link":"https:\/\/www.rontool.de\/en\/shop\/oese\/","title":{"rendered":"eyelet"},"content":{"rendered":"<p>The eyelet is a flexible goodie for anything that needs to be held by ropes.<\/p>\n<p>One end of the rope is knotted, fits through the lower hole and slides into the small recess for short use. Firm yet easy to remove. A rope can be connected more tightly through the upper hole. So the eyelet is great if you have to lengthen a rope for a short time.<\/p>\n<p>Made for winches, sleds, dog leashes, bobby cars or whatever has to be pulled.<\/p>\n<p>L \/ W 12cm x 5cm<br \/>\nHeight - 1.8cm<br \/>\nWeight - 100g<\/p>","protected":false},"excerpt":{"rendered":"<p>Die \u00d6se ist ein flexibles Goodie f\u00fcr alles, was von Seilen gehalten werden soll. Ein Seil-Ende verknotet, passt durchs untere Loch und rutscht f\u00fcr den Kurzgebrauch in die kleine Aussparung. Fest und doch leicht zu l\u00f6sen. Durch das obere Loch kann ein Seil fester verbunden werden. So ist die \u00d6se prima, wenn man kurzzeitig mal [&#8230;]\n","protected":false},"featured_media":8930,"template":"","meta":[],"product_brand":[],"product_cat":[34],"product_tag":[63,66,78,85],"class_list":{"0":"post-995","1":"product","2":"type-product","3":"status-publish","4":"has-post-thumbnail","6":"product_cat-abenteuer","7":"product_tag-baumhausspielzeug","8":"product_tag-kreativspielzeug","9":"product_tag-oeffnen-und-schliessen","10":"product_tag-verbinden","12":"first","13":"instock","14":"taxable","15":"shipping-taxable","16":"purchasable","17":"product-type-simple"},"yoast_head":"<!-- This site is optimized with the Yoast SEO plugin v27.2 - https:\/\/yoast.com\/product\/yoast-seo-wordpress\/ -->\n<title>\u00d6se - RONTOOL<\/title>\n<meta name=\"robots\" content=\"index, follow, max-snippet:-1, max-image-preview:large, max-video-preview:-1\" \/>\n<link rel=\"canonical\" href=\"https:\/\/www.rontool.de\/en\/shop\/oese\/\" \/>\n<meta property=\"og:locale\" content=\"en_GB\" \/>\n<meta property=\"og:type\" content=\"article\" \/>\n<meta property=\"og:title\" content=\"\u00d6se - RONTOOL\" \/>\n<meta property=\"og:description\" content=\"Die \u00d6se ist ein flexibles Goodie f\u00fcr alles, was von Seilen gehalten werden soll. Ein Seil-Ende verknotet, passt durchs untere Loch und rutscht f\u00fcr den Kurzgebrauch in die kleine Aussparung. Fest und doch leicht zu l\u00f6sen. Durch das obere Loch kann ein Seil fester verbunden werden. So ist die \u00d6se prima, wenn man kurzzeitig mal [...]\" \/>\n<meta property=\"og:url\" content=\"https:\/\/www.rontool.de\/en\/shop\/oese\/\" \/>\n<meta property=\"og:site_name\" content=\"RONTOOL\" \/>\n<meta property=\"article:modified_time\" content=\"2021-06-17T11:59:13+00:00\" \/>\n<meta property=\"og:image\" content=\"https:\/\/www.rontool.de\/wp-content\/uploads\/2021\/06\/rontool-spielzeug-aus-holz-holzspielzeug-deutschland-abenteuer-schlaufe-oese.jpg\" \/>\n\t<meta property=\"og:image:width\" content=\"1000\" \/>\n\t<meta property=\"og:image:height\" content=\"1000\" \/>\n\t<meta property=\"og:image:type\" content=\"image\/jpeg\" \/>\n<meta name=\"twitter:card\" content=\"summary_large_image\" \/>\n<meta name=\"twitter:label1\" content=\"Estimated reading time\" \/>\n\t<meta name=\"twitter:data1\" content=\"1 minute\" \/>\n<script type=\"application\/ld+json\" class=\"yoast-schema-graph\">{\"@context\":\"https:\/\/schema.org\",\"@graph\":[{\"@type\":\"WebPage\",\"@id\":\"https:\/\/www.rontool.de\/shop\/oese\/\",\"url\":\"https:\/\/www.rontool.de\/shop\/oese\/\",\"name\":\"\u00d6se - RONTOOL\",\"isPartOf\":{\"@id\":\"https:\/\/rontool.de\/#website\"},\"primaryImageOfPage\":{\"@id\":\"https:\/\/www.rontool.de\/shop\/oese\/#primaryimage\"},\"image\":{\"@id\":\"https:\/\/www.rontool.de\/shop\/oese\/#primaryimage\"},\"thumbnailUrl\":\"https:\/\/www.rontool.de\/wp-content\/uploads\/2021\/06\/rontool-spielzeug-aus-holz-holzspielzeug-deutschland-abenteuer-schlaufe-oese.jpg\",\"datePublished\":\"2018-09-14T17:12:20+00:00\",\"dateModified\":\"2021-06-17T11:59:13+00:00\",\"breadcrumb\":{\"@id\":\"https:\/\/www.rontool.de\/shop\/oese\/#breadcrumb\"},\"inLanguage\":\"en-GB\",\"potentialAction\":[{\"@type\":\"ReadAction\",\"target\":[\"https:\/\/www.rontool.de\/shop\/oese\/\"]}]},{\"@type\":\"ImageObject\",\"inLanguage\":\"en-GB\",\"@id\":\"https:\/\/www.rontool.de\/shop\/oese\/#primaryimage\",\"url\":\"https:\/\/www.rontool.de\/wp-content\/uploads\/2021\/06\/rontool-spielzeug-aus-holz-holzspielzeug-deutschland-abenteuer-schlaufe-oese.jpg\",\"contentUrl\":\"https:\/\/www.rontool.de\/wp-content\/uploads\/2021\/06\/rontool-spielzeug-aus-holz-holzspielzeug-deutschland-abenteuer-schlaufe-oese.jpg\",\"width\":1000,\"height\":1000,\"caption\":\"Rontool - Spielzeug aus Holz - Holzspielzeug Doppelschlaufe Oese Holzspielzeug fuer Kinder und Erwachsene M\u00e4nner und Frauen Spielzeug aus Holz robust sicher\"},{\"@type\":\"BreadcrumbList\",\"@id\":\"https:\/\/www.rontool.de\/shop\/oese\/#breadcrumb\",\"itemListElement\":[{\"@type\":\"ListItem\",\"position\":1,\"name\":\"Shop\",\"item\":\"https:\/\/www.rontool.de\/shop\/\"},{\"@type\":\"ListItem\",\"position\":2,\"name\":\"\u00d6se\"}]},{\"@type\":\"WebSite\",\"@id\":\"https:\/\/rontool.de\/#website\",\"url\":\"https:\/\/rontool.de\/\",\"name\":\"RONTOOL\",\"description\":\"Holzspielzeug aus Berlin f\u00fcr Kinder und Erwachsene\",\"potentialAction\":[{\"@type\":\"SearchAction\",\"target\":{\"@type\":\"EntryPoint\",\"urlTemplate\":\"https:\/\/rontool.de\/?s={search_term_string}\"},\"query-input\":{\"@type\":\"PropertyValueSpecification\",\"valueRequired\":true,\"valueName\":\"search_term_string\"}}],\"inLanguage\":\"en-GB\"}]}<\/script>\n<!-- \/ Yoast SEO plugin. -->","yoast_head_json":{"title":"\u00d6se - RONTOOL","robots":{"index":"index","follow":"follow","max-snippet":"max-snippet:-1","max-image-preview":"max-image-preview:large","max-video-preview":"max-video-preview:-1"},"canonical":"https:\/\/www.rontool.de\/en\/shop\/oese\/","og_locale":"en_GB","og_type":"article","og_title":"\u00d6se - RONTOOL","og_description":"Die \u00d6se ist ein flexibles Goodie f\u00fcr alles, was von Seilen gehalten werden soll. Ein Seil-Ende verknotet, passt durchs untere Loch und rutscht f\u00fcr den Kurzgebrauch in die kleine Aussparung. Fest und doch leicht zu l\u00f6sen. Durch das obere Loch kann ein Seil fester verbunden werden. So ist die \u00d6se prima, wenn man kurzzeitig mal [...]","og_url":"https:\/\/www.rontool.de\/en\/shop\/oese\/","og_site_name":"RONTOOL","article_modified_time":"2021-06-17T11:59:13+00:00","og_image":[{"width":1000,"height":1000,"url":"https:\/\/www.rontool.de\/wp-content\/uploads\/2021\/06\/rontool-spielzeug-aus-holz-holzspielzeug-deutschland-abenteuer-schlaufe-oese.jpg","type":"image\/jpeg"}],"twitter_card":"summary_large_image","twitter_misc":{"Estimated reading time":"1 minute"},"schema":{"@context":"https:\/\/schema.org","@graph":[{"@type":"WebPage","@id":"https:\/\/www.rontool.de\/shop\/oese\/","url":"https:\/\/www.rontool.de\/shop\/oese\/","name":"\u00d6se - RONTOOL","isPartOf":{"@id":"https:\/\/rontool.de\/#website"},"primaryImageOfPage":{"@id":"https:\/\/www.rontool.de\/shop\/oese\/#primaryimage"},"image":{"@id":"https:\/\/www.rontool.de\/shop\/oese\/#primaryimage"},"thumbnailUrl":"https:\/\/www.rontool.de\/wp-content\/uploads\/2021\/06\/rontool-spielzeug-aus-holz-holzspielzeug-deutschland-abenteuer-schlaufe-oese.jpg","datePublished":"2018-09-14T17:12:20+00:00","dateModified":"2021-06-17T11:59:13+00:00","breadcrumb":{"@id":"https:\/\/www.rontool.de\/shop\/oese\/#breadcrumb"},"inLanguage":"en-GB","potentialAction":[{"@type":"ReadAction","target":["https:\/\/www.rontool.de\/shop\/oese\/"]}]},{"@type":"ImageObject","inLanguage":"en-GB","@id":"https:\/\/www.rontool.de\/shop\/oese\/#primaryimage","url":"https:\/\/www.rontool.de\/wp-content\/uploads\/2021\/06\/rontool-spielzeug-aus-holz-holzspielzeug-deutschland-abenteuer-schlaufe-oese.jpg","contentUrl":"https:\/\/www.rontool.de\/wp-content\/uploads\/2021\/06\/rontool-spielzeug-aus-holz-holzspielzeug-deutschland-abenteuer-schlaufe-oese.jpg","width":1000,"height":1000,"caption":"Rontool - Spielzeug aus Holz - Holzspielzeug Doppelschlaufe Oese Holzspielzeug fuer Kinder und Erwachsene M\u00e4nner und Frauen Spielzeug aus Holz robust sicher"},{"@type":"BreadcrumbList","@id":"https:\/\/www.rontool.de\/shop\/oese\/#breadcrumb","itemListElement":[{"@type":"ListItem","position":1,"name":"Shop","item":"https:\/\/www.rontool.de\/shop\/"},{"@type":"ListItem","position":2,"name":"\u00d6se"}]},{"@type":"WebSite","@id":"https:\/\/rontool.de\/#website","url":"https:\/\/rontool.de\/","name":"RONTOOL","description":"Holzspielzeug aus Berlin f\u00fcr Kinder und Erwachsene","potentialAction":[{"@type":"SearchAction","target":{"@type":"EntryPoint","urlTemplate":"https:\/\/rontool.de\/?s={search_term_string}"},"query-input":{"@type":"PropertyValueSpecification","valueRequired":true,"valueName":"search_term_string"}}],"inLanguage":"en-GB"}]}},"_links":{"self":[{"href":"https:\/\/www.rontool.de\/en\/wp-json\/wp\/v2\/product\/995","targetHints":{"allow":["GET"]}}],"collection":[{"href":"https:\/\/www.rontool.de\/en\/wp-json\/wp\/v2\/product"}],"about":[{"href":"https:\/\/www.rontool.de\/en\/wp-json\/wp\/v2\/types\/product"}],"wp:featuredmedia":[{"embeddable":true,"href":"https:\/\/www.rontool.de\/en\/wp-json\/wp\/v2\/media\/8930"}],"wp:attachment":[{"href":"https:\/\/www.rontool.de\/en\/wp-json\/wp\/v2\/media?parent=995"}],"wp:term":[{"taxonomy":"product_brand","embeddable":true,"href":"https:\/\/www.rontool.de\/en\/wp-json\/wp\/v2\/product_brand?post=995"},{"taxonomy":"product_cat","embeddable":true,"href":"https:\/\/www.rontool.de\/en\/wp-json\/wp\/v2\/product_cat?post=995"},{"taxonomy":"product_tag","embeddable":true,"href":"https:\/\/www.rontool.de\/en\/wp-json\/wp\/v2\/product_tag?post=995"}],"curies":[{"name":"wp","href":"https:\/\/api.w.org\/{rel}","templated":true}]}}