{"id":996,"date":"2018-09-14T17:14:21","date_gmt":"2018-09-14T17:14:21","guid":{"rendered":"http:\/\/testzone-2018.rontool.de\/?post_type=product&#038;p=996"},"modified":"2023-11-26T18:04:58","modified_gmt":"2023-11-26T18:04:58","slug":"kleines-messer","status":"publish","type":"product","link":"https:\/\/www.rontool.de\/en\/shop\/kleines-messer\/","title":{"rendered":"Small knife"},"content":{"rendered":"<h2>Small knife<\/h2>\n<p>The small wooden toy knife belongs in every cooking equipment. It has a \"round\" tip at the front, is very light and, due to its thickness, still gives the child the feeling of having a \"real\" knife.<\/p>\n<p class=\"translation-block\">There is also the matching rontool <a href=\"https:\/\/www.rontool.de\/en\/shop\/handmixer\/\" target=\"_self\" rel=\"noopener\"> mixer <\/a> and the large knife. Knives and blenders sit comfortably in the hand and invite you to the imaginative preparation of delicacies in the children's kitchen.<\/p>\n<p>Dimensions:<\/p>\n<p>Length: 17cm<br \/>\nWidth: 3.5cm<br \/>\nHeight - 1.8 cm<br \/>\nWeight - 70g<\/p>","protected":false},"excerpt":{"rendered":"<p>Kleines Messer Das kleine Holzspielzeug Messer geh\u00f6rt in jede Koch-Ausr\u00fcstung. Es hat vorne eine &#8222;runde&#8220; Spitze, ist sehr leicht und gibt aufgrund der Dicke dem Kind trotzdem das Gef\u00fchl, ein &#8222;echtes&#8220; Messer zu haben. Passend gibt es auch das rontool R\u00fchrger\u00e4t und das gro\u00dfe Messer. Messer und Mixer liegen gut in der Hand und laden [&#8230;]\n","protected":false},"featured_media":8983,"template":"","meta":[],"product_brand":[],"product_cat":[34,37],"product_tag":[75,58],"class_list":{"0":"post-996","1":"product","2":"type-product","3":"status-publish","4":"has-post-thumbnail","6":"product_cat-abenteuer","7":"product_cat-werkzeuge","8":"product_tag-haushalt","9":"product_tag-kindergeschenke","11":"first","12":"instock","13":"taxable","14":"shipping-taxable","15":"purchasable","16":"product-type-simple"},"yoast_head":"<!-- This site is optimized with the Yoast SEO plugin v27.2 - https:\/\/yoast.com\/product\/yoast-seo-wordpress\/ -->\n<title>kleines Messer f\u00fcr die Kinderk\u00fcche aus dem Rohstoff Holz<\/title>\n<meta name=\"description\" content=\"Das kleine rontool Messer begeistert die ganz kleinen und die gr\u00f6\u00dferen Kinder, denn es ist realer als das d\u00fcnne herk\u00f6mmliche Plastikbesteck\" \/>\n<meta name=\"robots\" content=\"index, follow, max-snippet:-1, max-image-preview:large, max-video-preview:-1\" \/>\n<link rel=\"canonical\" href=\"https:\/\/www.rontool.de\/en\/shop\/kleines-messer\/\" \/>\n<meta property=\"og:locale\" content=\"en_GB\" \/>\n<meta property=\"og:type\" content=\"article\" \/>\n<meta property=\"og:title\" content=\"kleines Messer f\u00fcr die Kinderk\u00fcche aus dem Rohstoff Holz\" \/>\n<meta property=\"og:description\" content=\"Das kleine rontool Messer begeistert die ganz kleinen und die gr\u00f6\u00dferen Kinder, denn es ist realer als das d\u00fcnne herk\u00f6mmliche Plastikbesteck\" \/>\n<meta property=\"og:url\" content=\"https:\/\/www.rontool.de\/en\/shop\/kleines-messer\/\" \/>\n<meta property=\"og:site_name\" content=\"RONTOOL\" \/>\n<meta property=\"article:modified_time\" content=\"2023-11-26T18:04:58+00:00\" \/>\n<meta property=\"og:image\" content=\"https:\/\/www.rontool.de\/wp-content\/uploads\/2018\/09\/rontool-spielzeug-aus-holz-holzspielzeug-deutschland-werkzeug-kleines-messer.jpg\" \/>\n\t<meta property=\"og:image:width\" content=\"1000\" \/>\n\t<meta property=\"og:image:height\" content=\"1000\" \/>\n\t<meta property=\"og:image:type\" content=\"image\/jpeg\" \/>\n<meta name=\"twitter:card\" content=\"summary_large_image\" \/>\n<meta name=\"twitter:label1\" content=\"Estimated reading time\" \/>\n\t<meta name=\"twitter:data1\" content=\"1 minute\" \/>\n<script type=\"application\/ld+json\" class=\"yoast-schema-graph\">{\"@context\":\"https:\/\/schema.org\",\"@graph\":[{\"@type\":\"WebPage\",\"@id\":\"https:\/\/www.rontool.de\/shop\/kleines-messer\/\",\"url\":\"https:\/\/www.rontool.de\/shop\/kleines-messer\/\",\"name\":\"kleines Messer f\u00fcr die Kinderk\u00fcche aus dem Rohstoff Holz\",\"isPartOf\":{\"@id\":\"https:\/\/rontool.de\/#website\"},\"primaryImageOfPage\":{\"@id\":\"https:\/\/www.rontool.de\/shop\/kleines-messer\/#primaryimage\"},\"image\":{\"@id\":\"https:\/\/www.rontool.de\/shop\/kleines-messer\/#primaryimage\"},\"thumbnailUrl\":\"https:\/\/www.rontool.de\/wp-content\/uploads\/2018\/09\/rontool-spielzeug-aus-holz-holzspielzeug-deutschland-werkzeug-kleines-messer.jpg\",\"datePublished\":\"2018-09-14T17:14:21+00:00\",\"dateModified\":\"2023-11-26T18:04:58+00:00\",\"description\":\"Das kleine rontool Messer begeistert die ganz kleinen und die gr\u00f6\u00dferen Kinder, denn es ist realer als das d\u00fcnne herk\u00f6mmliche Plastikbesteck\",\"breadcrumb\":{\"@id\":\"https:\/\/www.rontool.de\/shop\/kleines-messer\/#breadcrumb\"},\"inLanguage\":\"en-GB\",\"potentialAction\":[{\"@type\":\"ReadAction\",\"target\":[\"https:\/\/www.rontool.de\/shop\/kleines-messer\/\"]}]},{\"@type\":\"ImageObject\",\"inLanguage\":\"en-GB\",\"@id\":\"https:\/\/www.rontool.de\/shop\/kleines-messer\/#primaryimage\",\"url\":\"https:\/\/www.rontool.de\/wp-content\/uploads\/2018\/09\/rontool-spielzeug-aus-holz-holzspielzeug-deutschland-werkzeug-kleines-messer.jpg\",\"contentUrl\":\"https:\/\/www.rontool.de\/wp-content\/uploads\/2018\/09\/rontool-spielzeug-aus-holz-holzspielzeug-deutschland-werkzeug-kleines-messer.jpg\",\"width\":1000,\"height\":1000,\"caption\":\"Rontool - Spielzeug aus Holz - spielen - Holzspielzeug - Werkzeug Werkzeuge - kleines Messer Spielzeugmesser\"},{\"@type\":\"BreadcrumbList\",\"@id\":\"https:\/\/www.rontool.de\/shop\/kleines-messer\/#breadcrumb\",\"itemListElement\":[{\"@type\":\"ListItem\",\"position\":1,\"name\":\"Shop\",\"item\":\"https:\/\/www.rontool.de\/shop\/\"},{\"@type\":\"ListItem\",\"position\":2,\"name\":\"Kleines Messer\"}]},{\"@type\":\"WebSite\",\"@id\":\"https:\/\/rontool.de\/#website\",\"url\":\"https:\/\/rontool.de\/\",\"name\":\"RONTOOL\",\"description\":\"Holzspielzeug aus Berlin f\u00fcr Kinder und Erwachsene\",\"potentialAction\":[{\"@type\":\"SearchAction\",\"target\":{\"@type\":\"EntryPoint\",\"urlTemplate\":\"https:\/\/rontool.de\/?s={search_term_string}\"},\"query-input\":{\"@type\":\"PropertyValueSpecification\",\"valueRequired\":true,\"valueName\":\"search_term_string\"}}],\"inLanguage\":\"en-GB\"}]}<\/script>\n<!-- \/ Yoast SEO plugin. -->","yoast_head_json":{"title":"kleines Messer f\u00fcr die Kinderk\u00fcche aus dem Rohstoff Holz","description":"Das kleine rontool Messer begeistert die ganz kleinen und die gr\u00f6\u00dferen Kinder, denn es ist realer als das d\u00fcnne herk\u00f6mmliche Plastikbesteck","robots":{"index":"index","follow":"follow","max-snippet":"max-snippet:-1","max-image-preview":"max-image-preview:large","max-video-preview":"max-video-preview:-1"},"canonical":"https:\/\/www.rontool.de\/en\/shop\/kleines-messer\/","og_locale":"en_GB","og_type":"article","og_title":"kleines Messer f\u00fcr die Kinderk\u00fcche aus dem Rohstoff Holz","og_description":"Das kleine rontool Messer begeistert die ganz kleinen und die gr\u00f6\u00dferen Kinder, denn es ist realer als das d\u00fcnne herk\u00f6mmliche Plastikbesteck","og_url":"https:\/\/www.rontool.de\/en\/shop\/kleines-messer\/","og_site_name":"RONTOOL","article_modified_time":"2023-11-26T18:04:58+00:00","og_image":[{"width":1000,"height":1000,"url":"https:\/\/www.rontool.de\/wp-content\/uploads\/2018\/09\/rontool-spielzeug-aus-holz-holzspielzeug-deutschland-werkzeug-kleines-messer.jpg","type":"image\/jpeg"}],"twitter_card":"summary_large_image","twitter_misc":{"Estimated reading time":"1 minute"},"schema":{"@context":"https:\/\/schema.org","@graph":[{"@type":"WebPage","@id":"https:\/\/www.rontool.de\/shop\/kleines-messer\/","url":"https:\/\/www.rontool.de\/shop\/kleines-messer\/","name":"kleines Messer f\u00fcr die Kinderk\u00fcche aus dem Rohstoff Holz","isPartOf":{"@id":"https:\/\/rontool.de\/#website"},"primaryImageOfPage":{"@id":"https:\/\/www.rontool.de\/shop\/kleines-messer\/#primaryimage"},"image":{"@id":"https:\/\/www.rontool.de\/shop\/kleines-messer\/#primaryimage"},"thumbnailUrl":"https:\/\/www.rontool.de\/wp-content\/uploads\/2018\/09\/rontool-spielzeug-aus-holz-holzspielzeug-deutschland-werkzeug-kleines-messer.jpg","datePublished":"2018-09-14T17:14:21+00:00","dateModified":"2023-11-26T18:04:58+00:00","description":"Das kleine rontool Messer begeistert die ganz kleinen und die gr\u00f6\u00dferen Kinder, denn es ist realer als das d\u00fcnne herk\u00f6mmliche Plastikbesteck","breadcrumb":{"@id":"https:\/\/www.rontool.de\/shop\/kleines-messer\/#breadcrumb"},"inLanguage":"en-GB","potentialAction":[{"@type":"ReadAction","target":["https:\/\/www.rontool.de\/shop\/kleines-messer\/"]}]},{"@type":"ImageObject","inLanguage":"en-GB","@id":"https:\/\/www.rontool.de\/shop\/kleines-messer\/#primaryimage","url":"https:\/\/www.rontool.de\/wp-content\/uploads\/2018\/09\/rontool-spielzeug-aus-holz-holzspielzeug-deutschland-werkzeug-kleines-messer.jpg","contentUrl":"https:\/\/www.rontool.de\/wp-content\/uploads\/2018\/09\/rontool-spielzeug-aus-holz-holzspielzeug-deutschland-werkzeug-kleines-messer.jpg","width":1000,"height":1000,"caption":"Rontool - Spielzeug aus Holz - spielen - Holzspielzeug - Werkzeug Werkzeuge - kleines Messer Spielzeugmesser"},{"@type":"BreadcrumbList","@id":"https:\/\/www.rontool.de\/shop\/kleines-messer\/#breadcrumb","itemListElement":[{"@type":"ListItem","position":1,"name":"Shop","item":"https:\/\/www.rontool.de\/shop\/"},{"@type":"ListItem","position":2,"name":"Kleines Messer"}]},{"@type":"WebSite","@id":"https:\/\/rontool.de\/#website","url":"https:\/\/rontool.de\/","name":"RONTOOL","description":"Holzspielzeug aus Berlin f\u00fcr Kinder und Erwachsene","potentialAction":[{"@type":"SearchAction","target":{"@type":"EntryPoint","urlTemplate":"https:\/\/rontool.de\/?s={search_term_string}"},"query-input":{"@type":"PropertyValueSpecification","valueRequired":true,"valueName":"search_term_string"}}],"inLanguage":"en-GB"}]}},"_links":{"self":[{"href":"https:\/\/www.rontool.de\/en\/wp-json\/wp\/v2\/product\/996","targetHints":{"allow":["GET"]}}],"collection":[{"href":"https:\/\/www.rontool.de\/en\/wp-json\/wp\/v2\/product"}],"about":[{"href":"https:\/\/www.rontool.de\/en\/wp-json\/wp\/v2\/types\/product"}],"wp:featuredmedia":[{"embeddable":true,"href":"https:\/\/www.rontool.de\/en\/wp-json\/wp\/v2\/media\/8983"}],"wp:attachment":[{"href":"https:\/\/www.rontool.de\/en\/wp-json\/wp\/v2\/media?parent=996"}],"wp:term":[{"taxonomy":"product_brand","embeddable":true,"href":"https:\/\/www.rontool.de\/en\/wp-json\/wp\/v2\/product_brand?post=996"},{"taxonomy":"product_cat","embeddable":true,"href":"https:\/\/www.rontool.de\/en\/wp-json\/wp\/v2\/product_cat?post=996"},{"taxonomy":"product_tag","embeddable":true,"href":"https:\/\/www.rontool.de\/en\/wp-json\/wp\/v2\/product_tag?post=996"}],"curies":[{"name":"wp","href":"https:\/\/api.w.org\/{rel}","templated":true}]}}