{"id":997,"date":"2018-09-14T17:15:32","date_gmt":"2018-09-14T17:15:32","guid":{"rendered":"http:\/\/testzone-2018.rontool.de\/?post_type=product&#038;p=997"},"modified":"2021-06-18T13:50:50","modified_gmt":"2021-06-18T13:50:50","slug":"grosses-messer","status":"publish","type":"product","link":"https:\/\/www.rontool.de\/en\/shop\/grosses-messer\/","title":{"rendered":"big knife"},"content":{"rendered":"<h2>Big knife<\/h2>\n<p class=\"translation-block\">The <strong> big knife <\/strong> belongs in every equipment for tough guys. This can be both cooks, herb witches &amp; butchers, for whom the knife does a good job as an always-ready kitchen helper. But also the little surgeons, grave robbers, hunters, foresters, carvers, soldiers, pirates, archaeologists, Indians, stranded on-a-lonely-island (... _ins) and whoever comes to mind know how valuable this everyday object can be .<\/p>\n<p>Uns ist es wichtig, dass das Messer den Kindern mit einer Art Mission \u00fcbergeben wird. Es ist dazu da, zu erschaffen und nicht dazu, zu zerst\u00f6ren. Wir wollen, dass die Kinder es als Werkzeug und nicht als Waffe einsetzen. Nat\u00fcrlich bleibt das K\u00e4mpfen nicht aus, aber es geht ja immer um die gute alte Balance, ihr wisst schon, was wir meinen \ud83d\ude09<\/p>\n<p class=\"translation-block\">For the even smaller versions among the children, the small knife is recommended as an entry-level model, as is the rontool <a href=\"https:\/\/www.rontool.de\/en\/sandkasten\/\" target=\"_self\"> sandpit tools. <\/a><\/p>\n<p class=\"translation-block\">For the bigger adventurers, the complete remaining range is available under the appropriate category, <a href=\"https:\/\/www.rontool.de\/en\/ablebnis\/\" target=\"_self\"> here <\/a>. For school children and adults, we can recommend a real holiday adventure in the \"Walk on the Wildside Wilderness and Survival School\". You can find the facebook page <a href=\"https:\/\/de-de.facebook.com\/walk.wildside.berlin\/\" target=\"_self\" rel=\"noopener\"> here <\/a>. Go into the forest and let your imagination run wild.<\/p>\n<p>Dimensions:<\/p>\n<p>Length: 24cm<br \/>\nWidth: 4.5cm<br \/>\nHeight - 1.8 cm<br \/>\nWeight: 75g<\/p>\n<p>NOTE: NOT SUITABLE FOR CHILDREN UNDER 3 YEARS<\/p>","protected":false},"excerpt":{"rendered":"<p>Gro\u00dfes Messer Das gro\u00dfe Messer geh\u00f6rt in jede Ausr\u00fcstung f\u00fcr harte Kerle. Das k\u00f6nnen sowohl K\u00f6che, Kr\u00e4uterhexen &amp; Fleischer sein, denen das Messer als Allzeit-Bereit-K\u00fcchenhelfer gute Dienste erweist. Aber auch die kleinen Chirurgen, Grabr\u00e4uber, J\u00e4ger, F\u00f6rster, Schnitzer, Soldaten, Piraten, Arch\u00e4ologen, Indianer, Auf-einer-einsamen-Insel-Gestrandete (&#8230;_Innen) und wer euch noch so einf\u00e4llt, wissen, wie wertvoll dieser Alltagsgegenstand sein [&#8230;]\n","protected":false},"featured_media":8982,"template":"","meta":[],"product_brand":[],"product_cat":[34,37],"product_tag":[75,54,57],"class_list":{"0":"post-997","1":"product","2":"type-product","3":"status-publish","4":"has-post-thumbnail","6":"product_cat-abenteuer","7":"product_cat-werkzeuge","8":"product_tag-haushalt","9":"product_tag-piratenspielzeug","10":"product_tag-robustes-spielzeug","12":"first","13":"instock","14":"taxable","15":"shipping-taxable","16":"purchasable","17":"product-type-simple"},"yoast_head":"<!-- This site is optimized with the Yoast SEO plugin v27.2 - https:\/\/yoast.com\/product\/yoast-seo-wordpress\/ -->\n<title>Gro\u00dfes Messer f\u00fcr kleine Indianer, Holzmesser, Holzspielzeugmesser<\/title>\n<meta name=\"description\" content=\"Das gro\u00dfe Messer ist f\u00fcr Kinder so vielseitig einsetzbar, wie es es Berufe gibt. Eine Anregung zu erschaffen statt zu zerst\u00f6ren ;)\" \/>\n<meta name=\"robots\" content=\"index, follow, max-snippet:-1, max-image-preview:large, max-video-preview:-1\" \/>\n<link rel=\"canonical\" href=\"https:\/\/www.rontool.de\/en\/shop\/grosses-messer\/\" \/>\n<meta property=\"og:locale\" content=\"en_GB\" \/>\n<meta property=\"og:type\" content=\"article\" \/>\n<meta property=\"og:title\" content=\"Gro\u00dfes Messer f\u00fcr kleine Indianer, Holzmesser, Holzspielzeugmesser\" \/>\n<meta property=\"og:description\" content=\"Das gro\u00dfe Messer ist f\u00fcr Kinder so vielseitig einsetzbar, wie es es Berufe gibt. Eine Anregung zu erschaffen statt zu zerst\u00f6ren ;)\" \/>\n<meta property=\"og:url\" content=\"https:\/\/www.rontool.de\/en\/shop\/grosses-messer\/\" \/>\n<meta property=\"og:site_name\" content=\"RONTOOL\" \/>\n<meta property=\"article:modified_time\" content=\"2021-06-18T13:50:50+00:00\" \/>\n<meta property=\"og:image\" content=\"https:\/\/www.rontool.de\/wp-content\/uploads\/2018\/09\/rontool-spielzeug-aus-holz-holzspielzeug-deutschland-werkzeug-grosses-messer.jpg\" \/>\n\t<meta property=\"og:image:width\" content=\"1000\" \/>\n\t<meta property=\"og:image:height\" content=\"1000\" \/>\n\t<meta property=\"og:image:type\" content=\"image\/jpeg\" \/>\n<meta name=\"twitter:card\" content=\"summary_large_image\" \/>\n<meta name=\"twitter:label1\" content=\"Estimated reading time\" \/>\n\t<meta name=\"twitter:data1\" content=\"2 minutes\" \/>\n<script type=\"application\/ld+json\" class=\"yoast-schema-graph\">{\"@context\":\"https:\/\/schema.org\",\"@graph\":[{\"@type\":\"WebPage\",\"@id\":\"https:\/\/www.rontool.de\/shop\/grosses-messer\/\",\"url\":\"https:\/\/www.rontool.de\/shop\/grosses-messer\/\",\"name\":\"Gro\u00dfes Messer f\u00fcr kleine Indianer, Holzmesser, Holzspielzeugmesser\",\"isPartOf\":{\"@id\":\"https:\/\/rontool.de\/#website\"},\"primaryImageOfPage\":{\"@id\":\"https:\/\/www.rontool.de\/shop\/grosses-messer\/#primaryimage\"},\"image\":{\"@id\":\"https:\/\/www.rontool.de\/shop\/grosses-messer\/#primaryimage\"},\"thumbnailUrl\":\"https:\/\/www.rontool.de\/wp-content\/uploads\/2018\/09\/rontool-spielzeug-aus-holz-holzspielzeug-deutschland-werkzeug-grosses-messer.jpg\",\"datePublished\":\"2018-09-14T17:15:32+00:00\",\"dateModified\":\"2021-06-18T13:50:50+00:00\",\"description\":\"Das gro\u00dfe Messer ist f\u00fcr Kinder so vielseitig einsetzbar, wie es es Berufe gibt. Eine Anregung zu erschaffen statt zu zerst\u00f6ren ;)\",\"breadcrumb\":{\"@id\":\"https:\/\/www.rontool.de\/shop\/grosses-messer\/#breadcrumb\"},\"inLanguage\":\"en-GB\",\"potentialAction\":[{\"@type\":\"ReadAction\",\"target\":[\"https:\/\/www.rontool.de\/shop\/grosses-messer\/\"]}]},{\"@type\":\"ImageObject\",\"inLanguage\":\"en-GB\",\"@id\":\"https:\/\/www.rontool.de\/shop\/grosses-messer\/#primaryimage\",\"url\":\"https:\/\/www.rontool.de\/wp-content\/uploads\/2018\/09\/rontool-spielzeug-aus-holz-holzspielzeug-deutschland-werkzeug-grosses-messer.jpg\",\"contentUrl\":\"https:\/\/www.rontool.de\/wp-content\/uploads\/2018\/09\/rontool-spielzeug-aus-holz-holzspielzeug-deutschland-werkzeug-grosses-messer.jpg\",\"width\":1000,\"height\":1000,\"caption\":\"Rontool - Spielzeug aus Holz - spielen - Holzspielzeug - Werkzeug Werkzeuge - grosses Messer Spielzeugmesser\"},{\"@type\":\"BreadcrumbList\",\"@id\":\"https:\/\/www.rontool.de\/shop\/grosses-messer\/#breadcrumb\",\"itemListElement\":[{\"@type\":\"ListItem\",\"position\":1,\"name\":\"Shop\",\"item\":\"https:\/\/www.rontool.de\/shop\/\"},{\"@type\":\"ListItem\",\"position\":2,\"name\":\"gro\u00dfes Messer\"}]},{\"@type\":\"WebSite\",\"@id\":\"https:\/\/rontool.de\/#website\",\"url\":\"https:\/\/rontool.de\/\",\"name\":\"RONTOOL\",\"description\":\"Holzspielzeug aus Berlin f\u00fcr Kinder und Erwachsene\",\"potentialAction\":[{\"@type\":\"SearchAction\",\"target\":{\"@type\":\"EntryPoint\",\"urlTemplate\":\"https:\/\/rontool.de\/?s={search_term_string}\"},\"query-input\":{\"@type\":\"PropertyValueSpecification\",\"valueRequired\":true,\"valueName\":\"search_term_string\"}}],\"inLanguage\":\"en-GB\"}]}<\/script>\n<!-- \/ Yoast SEO plugin. -->","yoast_head_json":{"title":"Gro\u00dfes Messer f\u00fcr kleine Indianer, Holzmesser, Holzspielzeugmesser","description":"Das gro\u00dfe Messer ist f\u00fcr Kinder so vielseitig einsetzbar, wie es es Berufe gibt. Eine Anregung zu erschaffen statt zu zerst\u00f6ren ;)","robots":{"index":"index","follow":"follow","max-snippet":"max-snippet:-1","max-image-preview":"max-image-preview:large","max-video-preview":"max-video-preview:-1"},"canonical":"https:\/\/www.rontool.de\/en\/shop\/grosses-messer\/","og_locale":"en_GB","og_type":"article","og_title":"Gro\u00dfes Messer f\u00fcr kleine Indianer, Holzmesser, Holzspielzeugmesser","og_description":"Das gro\u00dfe Messer ist f\u00fcr Kinder so vielseitig einsetzbar, wie es es Berufe gibt. Eine Anregung zu erschaffen statt zu zerst\u00f6ren ;)","og_url":"https:\/\/www.rontool.de\/en\/shop\/grosses-messer\/","og_site_name":"RONTOOL","article_modified_time":"2021-06-18T13:50:50+00:00","og_image":[{"width":1000,"height":1000,"url":"https:\/\/www.rontool.de\/wp-content\/uploads\/2018\/09\/rontool-spielzeug-aus-holz-holzspielzeug-deutschland-werkzeug-grosses-messer.jpg","type":"image\/jpeg"}],"twitter_card":"summary_large_image","twitter_misc":{"Estimated reading time":"2 minutes"},"schema":{"@context":"https:\/\/schema.org","@graph":[{"@type":"WebPage","@id":"https:\/\/www.rontool.de\/shop\/grosses-messer\/","url":"https:\/\/www.rontool.de\/shop\/grosses-messer\/","name":"Gro\u00dfes Messer f\u00fcr kleine Indianer, Holzmesser, Holzspielzeugmesser","isPartOf":{"@id":"https:\/\/rontool.de\/#website"},"primaryImageOfPage":{"@id":"https:\/\/www.rontool.de\/shop\/grosses-messer\/#primaryimage"},"image":{"@id":"https:\/\/www.rontool.de\/shop\/grosses-messer\/#primaryimage"},"thumbnailUrl":"https:\/\/www.rontool.de\/wp-content\/uploads\/2018\/09\/rontool-spielzeug-aus-holz-holzspielzeug-deutschland-werkzeug-grosses-messer.jpg","datePublished":"2018-09-14T17:15:32+00:00","dateModified":"2021-06-18T13:50:50+00:00","description":"Das gro\u00dfe Messer ist f\u00fcr Kinder so vielseitig einsetzbar, wie es es Berufe gibt. Eine Anregung zu erschaffen statt zu zerst\u00f6ren ;)","breadcrumb":{"@id":"https:\/\/www.rontool.de\/shop\/grosses-messer\/#breadcrumb"},"inLanguage":"en-GB","potentialAction":[{"@type":"ReadAction","target":["https:\/\/www.rontool.de\/shop\/grosses-messer\/"]}]},{"@type":"ImageObject","inLanguage":"en-GB","@id":"https:\/\/www.rontool.de\/shop\/grosses-messer\/#primaryimage","url":"https:\/\/www.rontool.de\/wp-content\/uploads\/2018\/09\/rontool-spielzeug-aus-holz-holzspielzeug-deutschland-werkzeug-grosses-messer.jpg","contentUrl":"https:\/\/www.rontool.de\/wp-content\/uploads\/2018\/09\/rontool-spielzeug-aus-holz-holzspielzeug-deutschland-werkzeug-grosses-messer.jpg","width":1000,"height":1000,"caption":"Rontool - Spielzeug aus Holz - spielen - Holzspielzeug - Werkzeug Werkzeuge - grosses Messer Spielzeugmesser"},{"@type":"BreadcrumbList","@id":"https:\/\/www.rontool.de\/shop\/grosses-messer\/#breadcrumb","itemListElement":[{"@type":"ListItem","position":1,"name":"Shop","item":"https:\/\/www.rontool.de\/shop\/"},{"@type":"ListItem","position":2,"name":"gro\u00dfes Messer"}]},{"@type":"WebSite","@id":"https:\/\/rontool.de\/#website","url":"https:\/\/rontool.de\/","name":"RONTOOL","description":"Holzspielzeug aus Berlin f\u00fcr Kinder und Erwachsene","potentialAction":[{"@type":"SearchAction","target":{"@type":"EntryPoint","urlTemplate":"https:\/\/rontool.de\/?s={search_term_string}"},"query-input":{"@type":"PropertyValueSpecification","valueRequired":true,"valueName":"search_term_string"}}],"inLanguage":"en-GB"}]}},"_links":{"self":[{"href":"https:\/\/www.rontool.de\/en\/wp-json\/wp\/v2\/product\/997","targetHints":{"allow":["GET"]}}],"collection":[{"href":"https:\/\/www.rontool.de\/en\/wp-json\/wp\/v2\/product"}],"about":[{"href":"https:\/\/www.rontool.de\/en\/wp-json\/wp\/v2\/types\/product"}],"wp:featuredmedia":[{"embeddable":true,"href":"https:\/\/www.rontool.de\/en\/wp-json\/wp\/v2\/media\/8982"}],"wp:attachment":[{"href":"https:\/\/www.rontool.de\/en\/wp-json\/wp\/v2\/media?parent=997"}],"wp:term":[{"taxonomy":"product_brand","embeddable":true,"href":"https:\/\/www.rontool.de\/en\/wp-json\/wp\/v2\/product_brand?post=997"},{"taxonomy":"product_cat","embeddable":true,"href":"https:\/\/www.rontool.de\/en\/wp-json\/wp\/v2\/product_cat?post=997"},{"taxonomy":"product_tag","embeddable":true,"href":"https:\/\/www.rontool.de\/en\/wp-json\/wp\/v2\/product_tag?post=997"}],"curies":[{"name":"wp","href":"https:\/\/api.w.org\/{rel}","templated":true}]}}