{"id":999,"date":"2018-09-14T17:23:24","date_gmt":"2018-09-14T17:23:24","guid":{"rendered":"http:\/\/testzone-2018.rontool.de\/?post_type=product&#038;p=999"},"modified":"2026-04-16T07:08:11","modified_gmt":"2026-04-16T07:08:11","slug":"beil","status":"publish","type":"product","link":"https:\/\/www.rontool.de\/en\/shop\/beil\/","title":{"rendered":"Hatchet \/ tomahawk"},"content":{"rendered":"<p>The small hatchet has a long handle with a rounded end and is therefore ideal for small children's hands. The hole in the handle allows it to be easily stowed away on hooks. The knife is softly rounded. For real Indians, pirates, butchers and circus performers ...<\/p>\n<p>L \/ W 25cm x 11.5cm<br \/>\nHeight - 1.8cm<br \/>\nWeight - 100g<\/p>","protected":false},"excerpt":{"rendered":"<p>Das kleine Beil hat einen langen Griff mit gerundetem Abschluss und liegt damit optimal in kleinen Kinderh\u00e4nden. Das Loch im Griff erm\u00f6glich ein gutes Verstauen an Haken. Das Messer ist weich abgerundet. F\u00fcr echte Indianer, Piraten, Fleischer und Zirkusartisten&#8230; L\/B 25cm x 11,5cm H\u00f6he &#8211; 1,8cm Gewicht &#8211; 100g<\/p>","protected":false},"featured_media":8965,"template":"","meta":[],"product_brand":[],"product_cat":[34,37],"product_tag":[123,75,56,69,72,80],"class_list":{"0":"post-999","1":"product","2":"type-product","3":"status-publish","4":"has-post-thumbnail","6":"product_cat-abenteuer","7":"product_cat-werkzeuge","8":"product_tag-dedraufhauen","9":"product_tag-haushalt","10":"product_tag-jungsspielzeug","11":"product_tag-motorikspielzeug","12":"product_tag-outdoorspielzeug","13":"product_tag-zersplittern-und-zersaegen","15":"first","16":"instock","17":"taxable","18":"shipping-taxable","19":"purchasable","20":"product-type-simple"},"yoast_head":"<!-- This site is optimized with the Yoast SEO plugin v27.2 - https:\/\/yoast.com\/product\/yoast-seo-wordpress\/ -->\n<title>Beil \/ Tomahawk - RONTOOL<\/title>\n<meta name=\"description\" content=\"Kleines Beil aus Holz f\u00fcr kleine Menschen, die gerne in die Rolle von Piraten, Fleischer und Zirkusartisten schl\u00fcpfen wollen.\" \/>\n<meta name=\"robots\" content=\"index, follow, max-snippet:-1, max-image-preview:large, max-video-preview:-1\" \/>\n<link rel=\"canonical\" href=\"https:\/\/www.rontool.de\/en\/shop\/beil\/\" \/>\n<meta property=\"og:locale\" content=\"en_GB\" \/>\n<meta property=\"og:type\" content=\"article\" \/>\n<meta property=\"og:title\" content=\"Beil \/ Tomahawk - RONTOOL\" \/>\n<meta property=\"og:description\" content=\"Kleines Beil aus Holz f\u00fcr kleine Menschen, die gerne in die Rolle von Piraten, Fleischer und Zirkusartisten schl\u00fcpfen wollen.\" \/>\n<meta property=\"og:url\" content=\"https:\/\/www.rontool.de\/en\/shop\/beil\/\" \/>\n<meta property=\"og:site_name\" content=\"RONTOOL\" \/>\n<meta property=\"article:modified_time\" content=\"2026-04-16T07:08:11+00:00\" \/>\n<meta property=\"og:image\" content=\"https:\/\/www.rontool.de\/wp-content\/uploads\/2018\/09\/rontool-spielzeug-aus-holz-holzspielzeug-deutschland-werkzeug-beil-axt.jpg\" \/>\n\t<meta property=\"og:image:width\" content=\"1000\" \/>\n\t<meta property=\"og:image:height\" content=\"1000\" \/>\n\t<meta property=\"og:image:type\" content=\"image\/jpeg\" \/>\n<meta name=\"twitter:card\" content=\"summary_large_image\" \/>\n<meta name=\"twitter:label1\" content=\"Estimated reading time\" \/>\n\t<meta name=\"twitter:data1\" content=\"1 minute\" \/>\n<script type=\"application\/ld+json\" class=\"yoast-schema-graph\">{\"@context\":\"https:\/\/schema.org\",\"@graph\":[{\"@type\":\"WebPage\",\"@id\":\"https:\/\/www.rontool.de\/shop\/beil\/\",\"url\":\"https:\/\/www.rontool.de\/shop\/beil\/\",\"name\":\"Beil \/ Tomahawk - RONTOOL\",\"isPartOf\":{\"@id\":\"https:\/\/rontool.de\/#website\"},\"primaryImageOfPage\":{\"@id\":\"https:\/\/www.rontool.de\/shop\/beil\/#primaryimage\"},\"image\":{\"@id\":\"https:\/\/www.rontool.de\/shop\/beil\/#primaryimage\"},\"thumbnailUrl\":\"https:\/\/www.rontool.de\/wp-content\/uploads\/2018\/09\/rontool-spielzeug-aus-holz-holzspielzeug-deutschland-werkzeug-beil-axt.jpg\",\"datePublished\":\"2018-09-14T17:23:24+00:00\",\"dateModified\":\"2026-04-16T07:08:11+00:00\",\"description\":\"Kleines Beil aus Holz f\u00fcr kleine Menschen, die gerne in die Rolle von Piraten, Fleischer und Zirkusartisten schl\u00fcpfen wollen.\",\"breadcrumb\":{\"@id\":\"https:\/\/www.rontool.de\/shop\/beil\/#breadcrumb\"},\"inLanguage\":\"en-GB\",\"potentialAction\":[{\"@type\":\"ReadAction\",\"target\":[\"https:\/\/www.rontool.de\/shop\/beil\/\"]}]},{\"@type\":\"ImageObject\",\"inLanguage\":\"en-GB\",\"@id\":\"https:\/\/www.rontool.de\/shop\/beil\/#primaryimage\",\"url\":\"https:\/\/www.rontool.de\/wp-content\/uploads\/2018\/09\/rontool-spielzeug-aus-holz-holzspielzeug-deutschland-werkzeug-beil-axt.jpg\",\"contentUrl\":\"https:\/\/www.rontool.de\/wp-content\/uploads\/2018\/09\/rontool-spielzeug-aus-holz-holzspielzeug-deutschland-werkzeug-beil-axt.jpg\",\"width\":1000,\"height\":1000,\"caption\":\"Rontool - Spielzeug aus Holz - spielen - Holzspielzeug - Werkzeug Werkzeuge - Indianer Beil Axt Tomahawk\"},{\"@type\":\"BreadcrumbList\",\"@id\":\"https:\/\/www.rontool.de\/shop\/beil\/#breadcrumb\",\"itemListElement\":[{\"@type\":\"ListItem\",\"position\":1,\"name\":\"Shop\",\"item\":\"https:\/\/www.rontool.de\/shop\/\"},{\"@type\":\"ListItem\",\"position\":2,\"name\":\"Beil \/ Tomahawk\"}]},{\"@type\":\"WebSite\",\"@id\":\"https:\/\/rontool.de\/#website\",\"url\":\"https:\/\/rontool.de\/\",\"name\":\"RONTOOL\",\"description\":\"Holzspielzeug aus Berlin f\u00fcr Kinder und Erwachsene\",\"potentialAction\":[{\"@type\":\"SearchAction\",\"target\":{\"@type\":\"EntryPoint\",\"urlTemplate\":\"https:\/\/rontool.de\/?s={search_term_string}\"},\"query-input\":{\"@type\":\"PropertyValueSpecification\",\"valueRequired\":true,\"valueName\":\"search_term_string\"}}],\"inLanguage\":\"en-GB\"}]}<\/script>\n<!-- \/ Yoast SEO plugin. -->","yoast_head_json":{"title":"Beil \/ Tomahawk - RONTOOL","description":"Kleines Beil aus Holz f\u00fcr kleine Menschen, die gerne in die Rolle von Piraten, Fleischer und Zirkusartisten schl\u00fcpfen wollen.","robots":{"index":"index","follow":"follow","max-snippet":"max-snippet:-1","max-image-preview":"max-image-preview:large","max-video-preview":"max-video-preview:-1"},"canonical":"https:\/\/www.rontool.de\/en\/shop\/beil\/","og_locale":"en_GB","og_type":"article","og_title":"Beil \/ Tomahawk - RONTOOL","og_description":"Kleines Beil aus Holz f\u00fcr kleine Menschen, die gerne in die Rolle von Piraten, Fleischer und Zirkusartisten schl\u00fcpfen wollen.","og_url":"https:\/\/www.rontool.de\/en\/shop\/beil\/","og_site_name":"RONTOOL","article_modified_time":"2026-04-16T07:08:11+00:00","og_image":[{"width":1000,"height":1000,"url":"https:\/\/www.rontool.de\/wp-content\/uploads\/2018\/09\/rontool-spielzeug-aus-holz-holzspielzeug-deutschland-werkzeug-beil-axt.jpg","type":"image\/jpeg"}],"twitter_card":"summary_large_image","twitter_misc":{"Estimated reading time":"1 minute"},"schema":{"@context":"https:\/\/schema.org","@graph":[{"@type":"WebPage","@id":"https:\/\/www.rontool.de\/shop\/beil\/","url":"https:\/\/www.rontool.de\/shop\/beil\/","name":"Beil \/ Tomahawk - RONTOOL","isPartOf":{"@id":"https:\/\/rontool.de\/#website"},"primaryImageOfPage":{"@id":"https:\/\/www.rontool.de\/shop\/beil\/#primaryimage"},"image":{"@id":"https:\/\/www.rontool.de\/shop\/beil\/#primaryimage"},"thumbnailUrl":"https:\/\/www.rontool.de\/wp-content\/uploads\/2018\/09\/rontool-spielzeug-aus-holz-holzspielzeug-deutschland-werkzeug-beil-axt.jpg","datePublished":"2018-09-14T17:23:24+00:00","dateModified":"2026-04-16T07:08:11+00:00","description":"Kleines Beil aus Holz f\u00fcr kleine Menschen, die gerne in die Rolle von Piraten, Fleischer und Zirkusartisten schl\u00fcpfen wollen.","breadcrumb":{"@id":"https:\/\/www.rontool.de\/shop\/beil\/#breadcrumb"},"inLanguage":"en-GB","potentialAction":[{"@type":"ReadAction","target":["https:\/\/www.rontool.de\/shop\/beil\/"]}]},{"@type":"ImageObject","inLanguage":"en-GB","@id":"https:\/\/www.rontool.de\/shop\/beil\/#primaryimage","url":"https:\/\/www.rontool.de\/wp-content\/uploads\/2018\/09\/rontool-spielzeug-aus-holz-holzspielzeug-deutschland-werkzeug-beil-axt.jpg","contentUrl":"https:\/\/www.rontool.de\/wp-content\/uploads\/2018\/09\/rontool-spielzeug-aus-holz-holzspielzeug-deutschland-werkzeug-beil-axt.jpg","width":1000,"height":1000,"caption":"Rontool - Spielzeug aus Holz - spielen - Holzspielzeug - Werkzeug Werkzeuge - Indianer Beil Axt Tomahawk"},{"@type":"BreadcrumbList","@id":"https:\/\/www.rontool.de\/shop\/beil\/#breadcrumb","itemListElement":[{"@type":"ListItem","position":1,"name":"Shop","item":"https:\/\/www.rontool.de\/shop\/"},{"@type":"ListItem","position":2,"name":"Beil \/ Tomahawk"}]},{"@type":"WebSite","@id":"https:\/\/rontool.de\/#website","url":"https:\/\/rontool.de\/","name":"RONTOOL","description":"Holzspielzeug aus Berlin f\u00fcr Kinder und Erwachsene","potentialAction":[{"@type":"SearchAction","target":{"@type":"EntryPoint","urlTemplate":"https:\/\/rontool.de\/?s={search_term_string}"},"query-input":{"@type":"PropertyValueSpecification","valueRequired":true,"valueName":"search_term_string"}}],"inLanguage":"en-GB"}]}},"_links":{"self":[{"href":"https:\/\/www.rontool.de\/en\/wp-json\/wp\/v2\/product\/999","targetHints":{"allow":["GET"]}}],"collection":[{"href":"https:\/\/www.rontool.de\/en\/wp-json\/wp\/v2\/product"}],"about":[{"href":"https:\/\/www.rontool.de\/en\/wp-json\/wp\/v2\/types\/product"}],"wp:featuredmedia":[{"embeddable":true,"href":"https:\/\/www.rontool.de\/en\/wp-json\/wp\/v2\/media\/8965"}],"wp:attachment":[{"href":"https:\/\/www.rontool.de\/en\/wp-json\/wp\/v2\/media?parent=999"}],"wp:term":[{"taxonomy":"product_brand","embeddable":true,"href":"https:\/\/www.rontool.de\/en\/wp-json\/wp\/v2\/product_brand?post=999"},{"taxonomy":"product_cat","embeddable":true,"href":"https:\/\/www.rontool.de\/en\/wp-json\/wp\/v2\/product_cat?post=999"},{"taxonomy":"product_tag","embeddable":true,"href":"https:\/\/www.rontool.de\/en\/wp-json\/wp\/v2\/product_tag?post=999"}],"curies":[{"name":"wp","href":"https:\/\/api.w.org\/{rel}","templated":true}]}}